{"id":30117,"date":"2020-02-27T19:31:11","date_gmt":"2020-02-27T18:31:11","guid":{"rendered":"https:\/\/neocatechumenaleiter.org\/kontakt\/"},"modified":"2024-02-09T12:22:33","modified_gmt":"2024-02-09T11:22:33","slug":"kontakt","status":"publish","type":"page","link":"https:\/\/neocatechumenaleiter.org\/da\/kontakt\/","title":{"rendered":"Kontakt"},"content":{"rendered":"\n<h2 class=\"wp-block-heading has-text-align-center\">Kontakt os<\/h2>\n\n<div style=\"height:20px\" aria-hidden=\"true\" class=\"wp-block-spacer\"><\/div>\n\n<h5 class=\"wp-block-heading has-text-align-center\">Man kan bruge den f\u00f8lgende information for at s\u00e6tte sig i kontakt med Det Neokatekumenale Centrum i Madrid &#8211; Spanien<\/h5>\n\n<div class=\"datacontacto\">\r\n        <div class=\"container\">\r\n            <div class=\"datatel columna\">\r\n                <a href=\"tel:+34914473037\">\r\n                    <span class=\"icon-phone\"><\/span>\r\n                    +34 914 47 30 37<\/a>\r\n            <\/div>\r\n            <div class=\"datadir columna\">\r\n                <a href=\"https:\/\/goo.gl\/maps\/KPxr1nFHtudTj4S16\" target=\"_blank\" rel=\"noopener noreferrer\">                \r\n<span class=\"icon-map\"><\/span>\r\n                C\/ Blasco de Garay, 8<br\/>28015 Madrid &#8211; Espa\u00f1a<\/a>\r\n            <\/div>\r\n            <div class=\"datamail columna\">\r\n                <a href=\"mailto:information@neocatechumenaleiter.org\">\r\n                    <span class=\"icon-envelope\"><\/span>\r\n                    information@neocatechumenaleiter.org<\/a>\r\n            <\/div>\r\n        <\/div>\r\n    <\/div>\r\n\n<div style=\"height:20px\" aria-hidden=\"true\" class=\"wp-block-spacer\"><\/div>\n\n<hr class=\"wp-block-separator has-css-opacity\"\/>\n\n<div style=\"height:30px\" aria-hidden=\"true\" class=\"wp-block-spacer\"><\/div>\n\n<h5 class=\"wp-block-heading has-text-align-center\">Bes\u00f8g &#8211; Pilgrimsrejser<\/h5>\n\n<div style=\"height:20px\" aria-hidden=\"true\" class=\"wp-block-spacer\"><\/div>\n\n<h6 class=\"wp-block-heading has-text-align-center has-text-color\" style=\"color:#737373\">N\u00e5r man kontakter os, skal man efterlader de f\u00f8lgende oplysninger: Sogn, Kommunitet, antal br\u00f8dre, kontakt person, telefon nummer, bes\u00f8g dato, osv.<\/h6>\n\n<div style=\"height:30px\" aria-hidden=\"true\" class=\"wp-block-spacer\"><\/div>\n\n<div class=\"wp-block-columns are-vertically-aligned-center has-white-background-color has-background is-layout-flex wp-container-core-columns-is-layout-9d6595d7 wp-block-columns-is-layout-flex\">\n<div class=\"wp-block-column is-vertically-aligned-center is-layout-flow wp-block-column-is-layout-flow\">\n<h5 class=\"wp-block-heading has-text-align-center\"><strong>Det Neokatecumenale Centrum Madrid<\/strong><\/h5>\n<\/div>\n\n\n\n<div class=\"wp-block-column is-vertically-aligned-center is-layout-flow wp-block-column-is-layout-flow\">\n<div style=\"height:20px\" aria-hidden=\"true\" class=\"wp-block-spacer\"><\/div>\n\n\n\n<h6 class=\"wp-block-heading has-text-align-center contactar_visitas\"><a rel=\"noreferrer noopener\" href=\"mailto:visitas@cnc.madrid\" target=\"_blank\"><strong>visitas@cnc.madrid<\/strong><\/a><\/h6>\n\n\n\n<div style=\"height:20px\" aria-hidden=\"true\" class=\"wp-block-spacer\"><\/div>\n<\/div>\n\n\n\n<div class=\"wp-block-column is-vertically-aligned-center is-layout-flow wp-block-column-is-layout-flow\">\n<h6 class=\"wp-block-heading has-text-align-center\"><\/h6>\n<\/div>\n<\/div>\n\n<div style=\"height:30px\" aria-hidden=\"true\" class=\"wp-block-spacer\"><\/div>\n\n<div class=\"wp-block-columns are-vertically-aligned-center has-background is-layout-flex wp-container-core-columns-is-layout-9d6595d7 wp-block-columns-is-layout-flex\" style=\"background-color:#f5f5f5\">\n<div class=\"wp-block-column is-vertically-aligned-center is-layout-flow wp-block-column-is-layout-flow\">\n<h5 class=\"wp-block-heading has-text-align-center\"><strong>Carmen Hernandez&#8217; Grav<\/strong><\/h5>\n<\/div>\n\n\n\n<div class=\"wp-block-column is-vertically-aligned-center is-layout-flow wp-block-column-is-layout-flow\">\n<div style=\"height:20px\" aria-hidden=\"true\" class=\"wp-block-spacer\"><\/div>\n\n\n\n<h6 class=\"wp-block-heading has-text-align-center contactar_visitas\"><a href=\"mailto:visitas@carmenhernandez.info\"><strong>visitas@carmenhernandez.info<\/strong><\/a><\/h6>\n\n\n\n<div style=\"height:20px\" aria-hidden=\"true\" class=\"wp-block-spacer\"><\/div>\n<\/div>\n\n\n\n<div class=\"wp-block-column is-vertically-aligned-center is-layout-flow wp-block-column-is-layout-flow\">\n<h6 class=\"wp-block-heading has-text-align-center contactar_visitas\"><a href=\"https:\/\/carmenhernandez.org\/en\/contact\/\" target=\"_blank\" rel=\"noreferrer noopener\"><strong>N\u00e5degaver og fortjenester<\/strong><\/a><\/h6>\n<\/div>\n<\/div>\n\n<div style=\"height:20px\" aria-hidden=\"true\" class=\"wp-block-spacer\"><\/div>\n\n<div class=\"wp-block-columns are-vertically-aligned-center has-white-background-color has-background is-layout-flex wp-container-core-columns-is-layout-9d6595d7 wp-block-columns-is-layout-flex\">\n<div class=\"wp-block-column is-vertically-aligned-center is-layout-flow wp-block-column-is-layout-flow\">\n<h5 class=\"wp-block-heading has-text-align-center\"><strong>Tudela og Javier<\/strong><\/h5>\n<\/div>\n\n\n\n<div class=\"wp-block-column is-vertically-aligned-center is-layout-flow wp-block-column-is-layout-flow\">\n<div style=\"height:20px\" aria-hidden=\"true\" class=\"wp-block-spacer\"><\/div>\n\n\n\n<h6 class=\"wp-block-heading has-text-align-center contactar_visitas\"><strong><a rel=\"noreferrer noopener\" href=\"mailto:pamplona.tudela.cn@gmail.com\" target=\"_blank\">pamplona.tudela.cn@gmail.com<\/a><\/strong><\/h6>\n\n\n\n<div style=\"height:20px\" aria-hidden=\"true\" class=\"wp-block-spacer\"><\/div>\n<\/div>\n\n\n\n<div class=\"wp-block-column is-vertically-aligned-center is-layout-flow wp-block-column-is-layout-flow\">\n<h6 class=\"wp-block-heading has-text-align-center contactar_visitas\"><a href=\"https:\/\/carmenhernandez.org\/en\/carmen-hernandez-soria-and-navarra-spain\/\" target=\"_blank\" rel=\"noreferrer noopener\">Mere information<\/a><\/h6>\n<\/div>\n<\/div>\n\n<div style=\"height:30px\" aria-hidden=\"true\" class=\"wp-block-spacer\"><\/div>\n\n<div class=\"wp-block-columns are-vertically-aligned-center has-background is-layout-flex wp-container-core-columns-is-layout-9d6595d7 wp-block-columns-is-layout-flex\" style=\"background-color:#f5f5f5\">\n<div class=\"wp-block-column is-vertically-aligned-center is-layout-flow wp-block-column-is-layout-flow\">\n<h5 class=\"wp-block-heading has-text-align-center\"><strong>\u00d3lvega<\/strong><\/h5>\n<\/div>\n\n\n\n<div class=\"wp-block-column is-vertically-aligned-center is-layout-flow wp-block-column-is-layout-flow\">\n<div style=\"height:20px\" aria-hidden=\"true\" class=\"wp-block-spacer\"><\/div>\n\n\n\n<h6 class=\"wp-block-heading has-text-align-center contactar_visitas\"><a rel=\"noreferrer noopener\" href=\"mailto:carmen.hernandez.olvega@gmail.com\" target=\"_blank\">carmen.hernandez.olvega@gmail.com<\/a><\/h6>\n\n\n\n<div style=\"height:20px\" aria-hidden=\"true\" class=\"wp-block-spacer\"><\/div>\n<\/div>\n\n\n\n<div class=\"wp-block-column is-vertically-aligned-center is-layout-flow wp-block-column-is-layout-flow\">\n<h6 class=\"wp-block-heading has-text-align-center contactar_visitas\"><a href=\"https:\/\/carmenhernandez.org\/en\/carmen-hernandez-soria-and-navarra-spain\/\" target=\"_blank\" rel=\"noreferrer noopener\">Mere information<\/a><\/h6>\n<\/div>\n<\/div>\n\n<div style=\"height:30px\" aria-hidden=\"true\" class=\"wp-block-spacer\"><\/div>\n\n<div class=\"wp-block-columns are-vertically-aligned-center has-white-background-color has-background is-layout-flex wp-container-core-columns-is-layout-9d6595d7 wp-block-columns-is-layout-flex\">\n<div class=\"wp-block-column is-vertically-aligned-center is-layout-flow wp-block-column-is-layout-flow\">\n<h5 class=\"wp-block-heading has-text-align-center\"><strong>Barcelona<\/strong><\/h5>\n<\/div>\n\n\n\n<div class=\"wp-block-column is-vertically-aligned-center is-layout-flow wp-block-column-is-layout-flow\">\n<h6 class=\"wp-block-heading has-text-align-center contactar_visitas\"><a rel=\"noreferrer noopener\" href=\"mailto:f.xaviervila@gmail.com\" target=\"_blank\">f.xaviervila@gmail.com<\/a> <a rel=\"noreferrer noopener\" href=\"mailto:franciscopelufo@gmail.com\" target=\"_blank\">franciscopelufo@gmail.com<\/a><\/h6>\n<\/div>\n\n\n\n<div class=\"wp-block-column is-vertically-aligned-center is-layout-flow wp-block-column-is-layout-flow\">\n<h6 class=\"wp-block-heading has-text-align-center contactar_visitas\"><a href=\"https:\/\/carmenhernandez.org\/en\/carmen-hernandez-barcelona-spain\/\" target=\"_blank\" rel=\"noreferrer noopener\">Mere information<\/a><\/h6>\n<\/div>\n<\/div>\n\n<div style=\"height:30px\" aria-hidden=\"true\" class=\"wp-block-spacer\"><\/div>\n\n<div class=\"wp-block-columns are-vertically-aligned-center has-background is-layout-flex wp-container-core-columns-is-layout-9d6595d7 wp-block-columns-is-layout-flex\" style=\"background-color:#f5f5f5\">\n<div class=\"wp-block-column is-vertically-aligned-center is-layout-flow wp-block-column-is-layout-flow\">\n<h5 class=\"wp-block-heading has-text-align-center\"><strong>Zaragoza<\/strong><\/h5>\n<\/div>\n\n\n\n<div class=\"wp-block-column is-vertically-aligned-center is-layout-flow wp-block-column-is-layout-flow\">\n<div style=\"height:20px\" aria-hidden=\"true\" class=\"wp-block-spacer\"><\/div>\n\n\n\n<h6 class=\"wp-block-heading has-text-align-center contactar_visitas\"><a rel=\"noreferrer noopener\" href=\"mailto:peregrinacioneszaragoza.cn@gmail.com\" target=\"_blank\">peregrinacioneszaragoza.cn@gmail.com<\/a><\/h6>\n\n\n\n<div style=\"height:20px\" aria-hidden=\"true\" class=\"wp-block-spacer\"><\/div>\n<\/div>\n\n\n\n<div class=\"wp-block-column is-vertically-aligned-center is-layout-flow wp-block-column-is-layout-flow\">\n<h6 class=\"wp-block-heading has-text-align-center contactar_visitas has-background\" style=\"background-color:#f5f5f5\"><a href=\"https:\/\/neocatechumenaleiter.org\/da\/pilgrimsrejse-til-zaragoza-spanien\/\" data-type=\"post\" data-id=\"32512\">Mere information<\/a><\/h6>\n<\/div>\n<\/div>\n\n<div style=\"height:30px\" aria-hidden=\"true\" class=\"wp-block-spacer\"><\/div>\n\n<div class=\"wp-block-columns are-vertically-aligned-center has-white-background-color has-background is-layout-flex wp-container-core-columns-is-layout-9d6595d7 wp-block-columns-is-layout-flex\">\n<div class=\"wp-block-column is-vertically-aligned-center is-layout-flow wp-block-column-is-layout-flow\">\n<h5 class=\"wp-block-heading has-text-align-center\"><strong>Barbastro<\/strong><\/h5>\n<\/div>\n\n\n\n<div class=\"wp-block-column is-vertically-aligned-center is-layout-flow wp-block-column-is-layout-flow\">\n<div style=\"height:20px\" aria-hidden=\"true\" class=\"wp-block-spacer\"><\/div>\n\n\n\n<h6 class=\"wp-block-heading has-text-align-center contactar_visitas\"><a href=\"mailto:peregrinacionesbarbastro.cn@gmail.com\" target=\"_blank\" rel=\"noreferrer noopener\">peregrinacionesbarbastro.cn@gmail.com<\/a><\/h6>\n\n\n\n<div style=\"height:20px\" aria-hidden=\"true\" class=\"wp-block-spacer\"><\/div>\n<\/div>\n\n\n\n<div class=\"wp-block-column is-vertically-aligned-center is-layout-flow wp-block-column-is-layout-flow\">\n<h6 class=\"wp-block-heading has-text-align-center contactar_visitas\"><a href=\"https:\/\/neocatechumenaleiter.org\/da\/pilgrimsrejse-til-barbastro-huesca-spanien\/\" data-type=\"post\" data-id=\"31933\">Mere information<\/a><\/h6>\n<\/div>\n<\/div>\n\n<div style=\"height:30px\" aria-hidden=\"true\" class=\"wp-block-spacer\"><\/div>\n\n<div class=\"wp-block-columns are-vertically-aligned-center has-background is-layout-flex wp-container-core-columns-is-layout-9d6595d7 wp-block-columns-is-layout-flex\" style=\"background-color:#f5f5f5\">\n<div class=\"wp-block-column is-vertically-aligned-center is-layout-flow wp-block-column-is-layout-flow\">\n<h5 class=\"wp-block-heading has-text-align-center\"><strong>Farlete<\/strong><\/h5>\n<\/div>\n\n\n\n<div class=\"wp-block-column is-vertically-aligned-center is-layout-flow wp-block-column-is-layout-flow\">\n<div style=\"height:20px\" aria-hidden=\"true\" class=\"wp-block-spacer\"><\/div>\n\n\n\n<h6 class=\"wp-block-heading has-text-align-center contactar_visitas\"><a href=\"mailto:peregrinacionesfarlete.cn@gmail.com\" target=\"_blank\" rel=\"noreferrer noopener\">peregrinacionesfarlete.cn@gmail.com<\/a><\/h6>\n\n\n\n<div style=\"height:20px\" aria-hidden=\"true\" class=\"wp-block-spacer\"><\/div>\n<\/div>\n\n\n\n<div class=\"wp-block-column is-vertically-aligned-center is-layout-flow wp-block-column-is-layout-flow\">\n<h6 class=\"wp-block-heading has-text-align-center contactar_visitas\"><a href=\"https:\/\/neocatechumenaleiter.org\/da\/pilgrimsrejse-til-farlete-zaragoza-spanien\/\" rel=\"noreferrer noopener\">Mere information<\/a><\/h6>\n<\/div>\n<\/div>\n\n<div style=\"height:30px\" aria-hidden=\"true\" class=\"wp-block-spacer\"><\/div>\n\n<div class=\"wp-block-columns are-vertically-aligned-center has-white-background-color has-background is-layout-flex wp-container-core-columns-is-layout-9d6595d7 wp-block-columns-is-layout-flex\">\n<div class=\"wp-block-column is-vertically-aligned-center has-white-background-color has-background is-layout-flow wp-block-column-is-layout-flow\">\n<h5 class=\"wp-block-heading has-text-align-center\"><strong>Fuentes<\/strong><\/h5>\n<\/div>\n\n\n\n<div class=\"wp-block-column is-vertically-aligned-center is-layout-flow wp-block-column-is-layout-flow\">\n<div style=\"height:20px\" aria-hidden=\"true\" class=\"wp-block-spacer\"><\/div>\n\n\n\n<h6 class=\"wp-block-heading has-text-align-center contactar_visitas\"><a href=\"mailto:fuentesdecarbonero@gmail.com\" target=\"_blank\" rel=\"noreferrer noopener\">fuentesdecarbonero@gmail.com<\/a><\/h6>\n\n\n\n<div style=\"height:20px\" aria-hidden=\"true\" class=\"wp-block-spacer\"><\/div>\n<\/div>\n\n\n\n<div class=\"wp-block-column is-vertically-aligned-center is-layout-flow wp-block-column-is-layout-flow\">\n<h6 class=\"wp-block-heading has-text-align-center contactar_visitas\"><a href=\"https:\/\/neocatechumenaleiter.org\/da\/pilgrimsrejse-til-fuentes-af-carbonero-den-store-segovia-spanien\/\" data-type=\"post\" data-id=\"30082\">Mere information<\/a><\/h6>\n<\/div>\n<\/div>\n\n<div style=\"height:30px\" aria-hidden=\"true\" class=\"wp-block-spacer\"><\/div>\n\n<div class=\"wp-block-columns are-vertically-aligned-center has-background is-layout-flex wp-container-core-columns-is-layout-9d6595d7 wp-block-columns-is-layout-flex\" style=\"background-color:#f5f5f5\">\n<div class=\"wp-block-column is-vertically-aligned-center is-layout-flow wp-block-column-is-layout-flow\">\n<h5 class=\"wp-block-heading has-text-align-center\"><strong>Valencia<\/strong><\/h5>\n<\/div>\n\n\n\n<div class=\"wp-block-column is-vertically-aligned-center is-layout-flow wp-block-column-is-layout-flow\">\n<div style=\"height:20px\" aria-hidden=\"true\" class=\"wp-block-spacer\"><\/div>\n\n\n\n<h6 class=\"wp-block-heading has-text-align-center contactar_visitas\"><a href=\"mailto:carmenhernandezvalencia1956@gmail.com\" target=\"_blank\" rel=\"noreferrer noopener\">carmenhernandezvalencia1956@gmail.com<\/a><\/h6>\n\n\n\n<div style=\"height:20px\" aria-hidden=\"true\" class=\"wp-block-spacer\"><\/div>\n<\/div>\n\n\n\n<div class=\"wp-block-column is-vertically-aligned-center is-layout-flow wp-block-column-is-layout-flow\">\n<h6 class=\"wp-block-heading has-text-align-center contactar_visitas\"><a href=\"https:\/\/carmenhernandez.org\/en\/carmen-hernandez-valencia-spain\/\" target=\"_blank\" rel=\"noreferrer noopener\">Mere information<\/a><\/h6>\n<\/div>\n<\/div>\n\n<div style=\"height:20px\" aria-hidden=\"true\" class=\"wp-block-spacer\"><\/div>\n\n<hr class=\"wp-block-separator has-css-opacity is-style-wide\"\/>\n\n<div style=\"height:20px\" aria-hidden=\"true\" class=\"wp-block-spacer\"><\/div>\n\n<h5 class=\"wp-block-heading has-text-align-center\"><a href=\"https:\/\/neocatechumenaleiter.org\/privacy-policy\/\" data-type=\"page\" data-id=\"3\">Privacy Policy<\/a><\/h5>\n","protected":false},"excerpt":{"rendered":"<p>Kontakt os Man kan bruge den f\u00f8lgende information for at s\u00e6tte sig i kontakt med Det Neokatekumenale Centrum i Madrid &#8211; Spanien +34 914 47 30 37 C\/ Blasco de Garay, 828015 Madrid &#8211; Espa\u00f1a information@neocatechumenaleiter.org Bes\u00f8g &#8211; Pilgrimsrejser N\u00e5r man kontakter os, skal man efterlader de f\u00f8lgende oplysninger: Sogn, Kommunitet, antal br\u00f8dre, kontakt person, telefon nummer, bes\u00f8g dato, osv. Det Neokatecumenale Centrum Madrid visitas@cnc.madrid Carmen Hernandez&#8217; Grav visitas@carmenhernandez.info N\u00e5degaver<\/p>\n<div class=\"read-more\"><a class=\"btn read-more-btn\" href=\"https:\/\/neocatechumenaleiter.org\/da\/kontakt\/\">L\u00e6s mere<\/a><\/div>\n","protected":false},"author":2,"featured_media":0,"parent":0,"menu_order":0,"comment_status":"closed","ping_status":"closed","template":"","meta":{"footnotes":""},"class_list":["post-30117","page","type-page","status-publish","hentry"],"_links":{"self":[{"href":"https:\/\/neocatechumenaleiter.org\/da\/wp-json\/wp\/v2\/pages\/30117","targetHints":{"allow":["GET"]}}],"collection":[{"href":"https:\/\/neocatechumenaleiter.org\/da\/wp-json\/wp\/v2\/pages"}],"about":[{"href":"https:\/\/neocatechumenaleiter.org\/da\/wp-json\/wp\/v2\/types\/page"}],"author":[{"embeddable":true,"href":"https:\/\/neocatechumenaleiter.org\/da\/wp-json\/wp\/v2\/users\/2"}],"replies":[{"embeddable":true,"href":"https:\/\/neocatechumenaleiter.org\/da\/wp-json\/wp\/v2\/comments?post=30117"}],"version-history":[{"count":6,"href":"https:\/\/neocatechumenaleiter.org\/da\/wp-json\/wp\/v2\/pages\/30117\/revisions"}],"predecessor-version":[{"id":37291,"href":"https:\/\/neocatechumenaleiter.org\/da\/wp-json\/wp\/v2\/pages\/30117\/revisions\/37291"}],"wp:attachment":[{"href":"https:\/\/neocatechumenaleiter.org\/da\/wp-json\/wp\/v2\/media?parent=30117"}],"curies":[{"name":"wp","href":"https:\/\/api.w.org\/{rel}","templated":true}]}}