{"id":35527,"date":"2020-02-25T03:14:42","date_gmt":"2020-02-25T02:14:42","guid":{"rendered":"https:\/\/neocatechumenaleiter.org\/historie\/kiko-arguello\/"},"modified":"2023-09-26T11:30:20","modified_gmt":"2023-09-26T10:30:20","slug":"kiko-arguello","status":"publish","type":"page","link":"https:\/\/neocatechumenaleiter.org\/da\/historie\/kiko-arguello\/","title":{"rendered":"Kiko Arg\u00fcello"},"content":{"rendered":"\n<h1 class=\"wp-block-heading\"><strong>KIKO ARG\u00dcELLO<\/strong><\/h1>\n\n<div class=\"wp-block-image is-style-circle-mask\"><figure class=\"alignleft size-medium\"><img loading=\"lazy\" decoding=\"async\" width=\"245\" height=\"300\" src=\"https:\/\/neocatechumenaleiter.org\/wp-content\/uploads\/2020\/02\/Camino_Neocatecumenal_Kiko_Arguello-245x300.jpg\" alt=\"Kiko Arg&#xFC;ello\" class=\"wp-image-220\"\/><\/figure><\/div>\n\n<p>Fransisco Jos\u00e9 G\u00f3mez de Arg\u00fcello Wirtz blev f\u00f8dt den 9. januar 1939. Han l\u00e6ste billedkunst i Hellige Fernando Akademiet i Madrid og i 1959 vandt han en national pr\u00e6mie i billedkunst (Premio Nacional de Pintura). Efter en dyb eksistentielle krise, oplevede han en oprigtig omvendelse som f\u00f8rte ham til at vie sit liv til Kristus Jesus og Kirken.<\/p>\n\n<p>I 1960, sammen med en billedhugger, Coomontes, og en glarmester, Mu\u00f1os de Pablos, grundl\u00e6gger han gruppen \u201dGremio 62\u201d som har til opgave unders\u00f8ge og udvikle hellig kunst. Han lavede udstillinger i Madrid (National Bibliotek), og i 1964 var han Spaniens repr\u00e6sentant, udsendt af Kulturministeriet, i den Internationale Hellige Kunst Udstilling i Royan (Frankrig). I Holland (1965) kunne han udstille nogle af sine v\u00e6rker (\u201dNouvelles imagines\u201d Galleri).<\/p>\n\n<p>Overbevist om at Kristus er tilstede i de fattige og uskyldiges lidelse, i 1964 flyttede han ind i en barak til at bo hos de fattige i Palomeras Altas, et slumkvarter i Madrid. D\u00e9r kender han Carmen Hern\u00e1ndez, og begge to, draget af  den oplevelse med de fattige, fandt frem til en pr\u00e6dikerings metode, en kerygmatisk-kateketisk syntese, som var starten af de sm\u00e5 kristne kommuniteter. I disse kommuniteter kunne man se den korsf\u00e6stede Kristi k\u00e6rlighed, og de blev til en fr\u00f8, som, takkede Mons. Casimiro Morcillo, blev s\u00e5et i Madrids sogn, senere i Rom og mange andre lande.<\/p>\n\n<p>Efter hans omvendelse valgt Kiko at bruge hans kunst som en tjeneste til Kirken. P\u00e5 en konkret m\u00e5de blev malerier, musik, arkitektur og skulptur, s\u00e6rlig de to sidste n\u00e6vnt, brugt til at fremme den \u201dny \u00e6stetik\u201d som f\u00f8rer mennesker til troen. <\/p>\n\n<p>Som kunstner har han haft en fremtr\u00e6dende stilling i hele verden. I Spanien, specielt i Madrid, fremh\u00e6vede Domkirkens mysterisk krone, og ogs\u00e5 i Murcia. Han har for nyligt malede en stor v\u00e6gmaleri i Redemptoris Mater i Rom (Italien). Der findes ogs\u00e5 noget af hans kunst i flere romerske sogne, eksempelvis i Martiri Canadesi, og i byer som Piacenza og Perugia. En anden eksemplar er en stor v\u00e6gmaleri om \u201dDen endelige dom\u201d i Domus Galil\u00e6a (Israel), et sted som ligger p\u00e5 Saligprisningens Bjerg som, efter befaling fra Hellige Johannes Paul II, er brugt ogs\u00e5 til at knytte b\u00e5nd med den j\u00f8disk folk.<\/p>\n\n<p>Som arkitekt har Kiko udviklede en ny sogn model og seminarie baseret i den ny \u00e6stetik, hvor man ogs\u00e5 kan se glasmalerier som han har kreeret. Der er eksemplar i Spanien, Italien, Nicaragua, USA, Finland, Dominikansk Republik, og lande i Asien og Afrika. Her er Domus Galil\u00e6a s\u00e6rlig markev\u00e6rdi.<\/p>\n\n<p>I l\u00f8bet af \u00e5rene har Kiko udviklede en musikalsk facet til den Neokatekumenale Vandring. Siden han flyttede til barakkerne i Palomeras Altas med en Bibel og en guitar, har han komponeret over 300 sange som er samlede i \u201dHan er opstanden \u2013 sange til de neokatekumenale kommuniteter\u201d sange h\u00e6ft. Flere af dem bliver sunget i dag i sogne omkring verden, og mange af dem er blevet sunget foran forskellige paver til diverse lejligheder. Til disse fremvisninger har Kiko t\u00e6nkt p\u00e5 arrangementer til mange instrumenter.<\/p>\n\n<p>I 2010, startede Arg\u00fcello den Neokatekumenale Vandrings Symfoniorkester og komponerede v\u00e6rket \u201dDe uskyldiges lidelse\u201d som beskriver, gennem musik, Jomfru Marias smerte ved korset. Efter at den blev fremstillet i Israel foran mange autoriteter og 200 biskopper, sagde j\u00f8derne tilstede at de blev dybt imponeret og f\u00f8lte sig forst\u00e5et og elskede af Kirken i deres smerte ved Shoah (holocausten). Sidenhen bruges den som en bro til dialog mellem den j\u00f8disk folk og den Katolsk Kirke. Fra da den blev komponeret, har symfonien blevet fremf\u00f8rte i mange steder s\u00e5som Vatikanet \u2013 i en lejlighed for paven Benedikt XVI -, Jerusalem, Betlehem, Madrid, Paris, Tokyo, New York, Chicago, Boston, D\u00fcsseldorf og Auschwitz, bland andre.<\/p>\n\n<p>Kiko Arg\u00fcello er ogs\u00e5 forfatter. Han udgav \u201dKerygmaen, i barakkerne med de fattige\u201d i 2012 og i 2016 \u201dNotater: 1988-2014\u201d.<\/p>\n","protected":false},"excerpt":{"rendered":"<p>KIKO ARG\u00dcELLO Fransisco Jos\u00e9 G\u00f3mez de Arg\u00fcello Wirtz blev f\u00f8dt den 9. januar 1939. Han l\u00e6ste billedkunst i Hellige Fernando Akademiet i Madrid og i 1959 vandt han en national pr\u00e6mie i billedkunst (Premio Nacional de Pintura). Efter en dyb eksistentielle krise, oplevede han en oprigtig omvendelse som f\u00f8rte ham til at vie sit liv til Kristus Jesus og Kirken. I 1960, sammen med en billedhugger, Coomontes, og en glarmester,<\/p>\n<div class=\"read-more\"><a class=\"btn read-more-btn\" href=\"https:\/\/neocatechumenaleiter.org\/da\/historie\/kiko-arguello\/\">L\u00e6s mere<\/a><\/div>\n","protected":false},"author":2,"featured_media":0,"parent":35525,"menu_order":0,"comment_status":"closed","ping_status":"closed","template":"","meta":{"footnotes":""},"class_list":["post-35527","page","type-page","status-publish","hentry"],"_links":{"self":[{"href":"https:\/\/neocatechumenaleiter.org\/da\/wp-json\/wp\/v2\/pages\/35527","targetHints":{"allow":["GET"]}}],"collection":[{"href":"https:\/\/neocatechumenaleiter.org\/da\/wp-json\/wp\/v2\/pages"}],"about":[{"href":"https:\/\/neocatechumenaleiter.org\/da\/wp-json\/wp\/v2\/types\/page"}],"author":[{"embeddable":true,"href":"https:\/\/neocatechumenaleiter.org\/da\/wp-json\/wp\/v2\/users\/2"}],"replies":[{"embeddable":true,"href":"https:\/\/neocatechumenaleiter.org\/da\/wp-json\/wp\/v2\/comments?post=35527"}],"version-history":[{"count":3,"href":"https:\/\/neocatechumenaleiter.org\/da\/wp-json\/wp\/v2\/pages\/35527\/revisions"}],"predecessor-version":[{"id":35557,"href":"https:\/\/neocatechumenaleiter.org\/da\/wp-json\/wp\/v2\/pages\/35527\/revisions\/35557"}],"up":[{"embeddable":true,"href":"https:\/\/neocatechumenaleiter.org\/da\/wp-json\/wp\/v2\/pages\/35525"}],"wp:attachment":[{"href":"https:\/\/neocatechumenaleiter.org\/da\/wp-json\/wp\/v2\/media?parent=35527"}],"curies":[{"name":"wp","href":"https:\/\/api.w.org\/{rel}","templated":true}]}}