{"id":35529,"date":"2020-02-25T03:16:52","date_gmt":"2020-02-25T02:16:52","guid":{"rendered":"https:\/\/neocatechumenaleiter.org\/historie\/carmen-hernandez\/"},"modified":"2023-09-26T11:29:56","modified_gmt":"2023-09-26T10:29:56","slug":"carmen-hernandez","status":"publish","type":"page","link":"https:\/\/neocatechumenaleiter.org\/da\/historie\/carmen-hernandez\/","title":{"rendered":"Carmen Hern\u00e1ndez"},"content":{"rendered":"\n<h1 class=\"wp-block-heading\"><strong>CARMEN HERN\u00c1NDEZ<\/strong><\/h1>\n\n<div class=\"wp-block-image is-style-default\"><figure class=\"alignleft size-medium\"><img loading=\"lazy\" decoding=\"async\" width=\"245\" height=\"300\" src=\"https:\/\/neocatechumenaleiter.org\/wp-content\/uploads\/2020\/02\/Camino_Neocatecumenal_Carmen_Hernandez_psg-245x300.jpg\" alt=\"Carmen Hern&#xE1;ndez\" class=\"wp-image-225\" srcset=\"https:\/\/neocatechumenaleiter.org\/wp-content\/uploads\/2020\/02\/Camino_Neocatecumenal_Carmen_Hernandez_psg-245x300.jpg 245w, https:\/\/neocatechumenaleiter.org\/wp-content\/uploads\/2020\/02\/Camino_Neocatecumenal_Carmen_Hernandez_psg.jpg 327w\" sizes=\"auto, (max-width: 245px) 100vw, 245px\" \/><\/figure><\/div>\n\n<h4 class=\"wp-block-heading\">24. november 1930 \u2013 Madrid, 19. juli 2016<\/h4>\n\n<p>Carmen var, sammen med Kiko, en af initiativtagerne for Vandringen. Hun blev f\u00f8dt i \u00d3lvega (Soria, Spanien) d. 24. november 1930. Hun var den femte barn ud af ni s\u00f8skende \u2013 fire m\u00e6nd og fem kvinder \u2013 og levede hele hendes barndom i Tuleda (Navarra, Spanien).<\/p>\n\n<p>I Tuleda l\u00e6ste hun i Marias Selskab (Compa\u00f1\u00eda de Mar\u00eda) og kom i kontakt med Jesu Selskab (Compa\u00f1\u00eda de Jesus) \u2013 Jesuitordenen. Inspirerede af Hellige Frans Xaviers mission\u00e6rende \u00e5nd, f\u00f8lte hun fra en ung alder kaldet til at g\u00e5r p\u00e5 mission til Indien. If\u00f8lge hendes fars \u00f8nske, i 1984 startede hun p\u00e5 en kemi uddannelse i Madrid, som hun gjorde f\u00e6rdig med de h\u00f8jeste karakter i 1954.<\/p>\n\n<p>Carmen arbejdede en stykke tid med hendes far i madindustrien, i en fabrik deres familie ejede i And\u00fajar (Ja\u00e9n), men besluttede sig for at forlade arbejdet for at flytte til Javier og tage del i en ny mission\u00e6r institut: Kristus Jesus Mission\u00e6r. Efter noviciatet, l\u00e6ste hun teologi i en teologi uddannelse sted i Valencia. I 1960 blev hun valgt til at rejse til Indien, og til denne form\u00e5l skulle hun videreuddanne sig et \u00e5r i London (p\u00e5 det tidspunkt var den asiatisk land stadigv\u00e6k en del af Commonwealth). I l\u00f8bet af det \u00e5r var der en \u00e6ndring i den retning Kristus Jesus Mission\u00e6r tog, som begr\u00e6nsede deres \u00e5benhed til missionen, og derfor valgt Carmen at rejse tilbage til Barcelona. D\u00e9r m\u00f8der hun f. Pedro Farn\u00e9s Scherer som var blevet f\u00e6rdig med sine studier i Liturgi Instituttet af Paris, lige f\u00f8r det Andet Vatikankoncil og tog derefter aktiv del i r\u00e5det for dets realisering.<\/p>\n\n<p>I hans undervisning pr\u00e6senterede p. Farn\u00e9s Eukaristiens P\u00e5ske kilder og et fornyet eskatologi som vidste Kirken som et lys for nationerne. Denne levende kontakt som Carmen fik med dem som var forrest i konciliets fornyelse havde stor indflydelse p\u00e5 hende, senere afspejlede i oprettelsen af den Neokatekumenale Vandrings katekeser.<\/p>\n\n<p>Fra midt-1963 indtil midt-1964 rejste Carmen gennem den Hellig Land med sin Bibel, p\u00e5 bes\u00f8g i de Hellige steder. N\u00e5r hun var tilbage i Madrid begyndte hun at arbejde i barakkerne fra slumkvarterne, mens hun havde planer om at rejse til Bolivia p\u00e5 mission sammen med andre c\u00f8libat l\u00e6gfolk. D\u00e9r m\u00f8dte hun dog Kiko Arg\u00fcello, som allerede boede i barakkerne af Palomers Altas, og hun beslutter sig for at blive i omr\u00e5det. Bland de fattige opdager de P\u00e5skemysteriets kraft og Kerygmas forkyndelse (det gode budskab af Kristi d\u00f8d og opstandelse) og de s\u00e5 den f\u00f8rste kommunitet blive f\u00f8dt. Takket v\u00e6re at denne nye realitet blev bekr\u00e6ftede af den dav\u00e6rende \u00e6rkebiskop af Madrid, Mons. Casimiro Morcillo, kunne Carmen samarbejde med Kiko med at bringe denne v\u00e6rk af Kirkens fornyelse videre, f\u00f8rst til Madrid, senere til Rom, og bagefter til andre byer og lande.<\/p>\n\n<p>Carmen Hern\u00e1ndez d\u00f8de den 19. juli 2016 i Madrid. Ved sin begravelse, som blev ledet af Kardinal \u00c6rkebiskop af Madrid, Carlos Osoro Sierra, og som tusindvis af mennesker deltog i, p Mario Pezzi understregede at gennem Vandringen var det \u201dden f\u00f8rste gang som en kirkelig realitet blev til gennem en mand og en kvinde som samarbejdede konstant i l\u00f8bet af mere end 50 \u00e5r\u201d. Ogs\u00e5 Paven sendte en besked hvor han beskrev sin medf\u00f8lelse fra nyheden af Carmens d\u00f8d og fremh\u00e6v hendes \u201dlang eksistens pr\u00e6get af sin k\u00e6rlighed for Jesus og hendes stor mission\u00e6r iver\u201d. S\u00e5dan skrev Pave Frans: \u201dJeg takker Gud for denne kvindes vidnesbyrd, opmuntrede af en oprigtig k\u00e6rlighed for Kirken, som brugte sit liv p\u00e5 at forkynde det Gode Budskab alle vegne, ogs\u00e5 til dem l\u00e6ngst v\u00e6k, uden at glemme de mest udst\u00e5ende mennesker\u201d.<\/p>\n","protected":false},"excerpt":{"rendered":"<p>CARMEN HERN\u00c1NDEZ 24. november 1930 \u2013 Madrid, 19. juli 2016 Carmen var, sammen med Kiko, en af initiativtagerne for Vandringen. Hun blev f\u00f8dt i \u00d3lvega (Soria, Spanien) d. 24. november 1930. Hun var den femte barn ud af ni s\u00f8skende \u2013 fire m\u00e6nd og fem kvinder \u2013 og levede hele hendes barndom i Tuleda (Navarra, Spanien). I Tuleda l\u00e6ste hun i Marias Selskab (Compa\u00f1\u00eda de Mar\u00eda) og kom i kontakt<\/p>\n<div class=\"read-more\"><a class=\"btn read-more-btn\" href=\"https:\/\/neocatechumenaleiter.org\/da\/historie\/carmen-hernandez\/\">L\u00e6s mere<\/a><\/div>\n","protected":false},"author":2,"featured_media":0,"parent":35525,"menu_order":0,"comment_status":"closed","ping_status":"closed","template":"","meta":{"footnotes":""},"class_list":["post-35529","page","type-page","status-publish","hentry"],"_links":{"self":[{"href":"https:\/\/neocatechumenaleiter.org\/da\/wp-json\/wp\/v2\/pages\/35529","targetHints":{"allow":["GET"]}}],"collection":[{"href":"https:\/\/neocatechumenaleiter.org\/da\/wp-json\/wp\/v2\/pages"}],"about":[{"href":"https:\/\/neocatechumenaleiter.org\/da\/wp-json\/wp\/v2\/types\/page"}],"author":[{"embeddable":true,"href":"https:\/\/neocatechumenaleiter.org\/da\/wp-json\/wp\/v2\/users\/2"}],"replies":[{"embeddable":true,"href":"https:\/\/neocatechumenaleiter.org\/da\/wp-json\/wp\/v2\/comments?post=35529"}],"version-history":[{"count":3,"href":"https:\/\/neocatechumenaleiter.org\/da\/wp-json\/wp\/v2\/pages\/35529\/revisions"}],"predecessor-version":[{"id":35555,"href":"https:\/\/neocatechumenaleiter.org\/da\/wp-json\/wp\/v2\/pages\/35529\/revisions\/35555"}],"up":[{"embeddable":true,"href":"https:\/\/neocatechumenaleiter.org\/da\/wp-json\/wp\/v2\/pages\/35525"}],"wp:attachment":[{"href":"https:\/\/neocatechumenaleiter.org\/da\/wp-json\/wp\/v2\/media?parent=35529"}],"curies":[{"name":"wp","href":"https:\/\/api.w.org\/{rel}","templated":true}]}}