{"id":35531,"date":"2020-02-25T03:18:03","date_gmt":"2020-02-25T02:18:03","guid":{"rendered":"https:\/\/neocatechumenaleiter.org\/historie\/mario-pezzi\/"},"modified":"2023-09-26T11:31:15","modified_gmt":"2023-09-26T10:31:15","slug":"mario-pezzi","status":"publish","type":"page","link":"https:\/\/neocatechumenaleiter.org\/da\/historie\/mario-pezzi\/","title":{"rendered":"Mario Pezzi"},"content":{"rendered":"\n<h1 class=\"wp-block-heading\"><strong>MARIO PEZZI<\/strong><\/h1>\n\n<div class=\"wp-block-image is-style-circle-mask\"><figure class=\"alignleft size-medium\"><img loading=\"lazy\" decoding=\"async\" width=\"245\" height=\"300\" src=\"https:\/\/neocatechumenaleiter.org\/wp-content\/uploads\/2020\/02\/Camino_Neocatecumenal_Mario_Pezzi-245x300.jpg\" alt=\"Mario Pezzi\" class=\"wp-image-230\" srcset=\"https:\/\/neocatechumenaleiter.org\/wp-content\/uploads\/2020\/02\/Camino_Neocatecumenal_Mario_Pezzi-245x300.jpg 245w, https:\/\/neocatechumenaleiter.org\/wp-content\/uploads\/2020\/02\/Camino_Neocatecumenal_Mario_Pezzi-837x1024.jpg 837w, https:\/\/neocatechumenaleiter.org\/wp-content\/uploads\/2020\/02\/Camino_Neocatecumenal_Mario_Pezzi-768x940.jpg 768w, https:\/\/neocatechumenaleiter.org\/wp-content\/uploads\/2020\/02\/Camino_Neocatecumenal_Mario_Pezzi.jpg 994w\" sizes=\"auto, (max-width: 245px) 100vw, 245px\" \/><\/figure><\/div>\n\n<p>Mario Pezzi blev f\u00f8dt i Gottolengo (Brescia, Italien) den 19. september 1942, og han er den tredje af fem s\u00f8skende. Han kom ind p\u00e5 Comboni Mission\u00e6r pr\u00e6steseminariet da han var ti \u00e5r gammel. Efter noviciatet sendte hans overordnede ham til Rom til den International Skolastiker og l\u00e6ste teologi i den pavelig Urbanian universitet. Han blev pr\u00e6steviet den 19. marts 1969 og startede hans doktorgrad i Dogmatisk Teologi i den pavelig Gregoriansk universitet med professor p. Zoltan Alszeghy.<\/p>\n\n<p>Samme \u00e5r m\u00f8dte han Kiko og Carmen, den Neokatekumenale Vandringens initiativtager, og deltog i de sidste katekeser i Nativit\u00e0s sogn i Rom. I januar 1970 modtog han Vandringens katekeser i San Giovanni di Dio sogn, hvor han havde en pastoral arbejde, og blev en del af den f\u00f8rste kommunitet i sognet. Han s\u00e5 i Vandring et h\u00e5b for katekumenatet i missionerne i Afrika, specielt efter den tragisk oplevelse af massakrerne blandt de kristne fra Burundi, og bed om tilladelse fra sine overordnede til at lave en erfaring som vandrende katekist for Vandringen med nogle bes\u00f8g til missionen i Afrika. I september 1970 afbryd han sine studie til doktorgrad og blev sendt af Kiko og Carmen til at starte Vandringen i to sogn fra Brescia og Milan bispedomme, og i januar 1971 i San Leone sogn i Catania.<\/p>\n\n<p>I juni 1971 blev han inviteret af Kiko og Carmen til at erstatte p. Francesco Cuppini, pr\u00e6sten som var sammen med dem siden 1968, og blev s\u00e5ledes en del af teamet n\u00e5r de skulle evangeliser i Italien, is\u00e6r i Rom, Firenze og Ivrea. I perioderne n\u00e5r Kiko og Carmen var i Spanien, fulgt af p. Jes\u00fas Bl\u00e1zquez som pr\u00e6st, blev p. Mario sent til Lombardien og bagefter til Portugal. I december 1981, med et brev fra Comboni-mission\u00e6rernes overordnede, blev han sendt som vandrende Comboni-mission\u00e6r til at \u00e5bne Vandringen i Khartoum (Sudan), hjertet for de Comboni missioner, og efterf\u00f8lgende, i marts 1982, til Kampala (Uganda). Siden hed fortog han mange rejser til Afrika hvor han bes\u00f8gte flere biskopper i Kenya, og familier i mission fra Vandringen i Elfenbenskysten, Cameron, Zambia, og Redemptoris Mater pr\u00e6steseminarier i Kitwe (Zambia), Douala (Cameron), Dar es Salaam (Tanzania), Goma (Kongo) og Morondava (Madagaskar). Han bes\u00f8gte ogs\u00e5 mange biskopper, f\u00f8rst i Angola og, bagefter, i Mozambique til at \u00e5bne Vandringen. Han var i Bangui (Den Centralafrikanske Republik) og i Buyumbura (Burundi).<\/p>\n\n<p>Siden 1982 har han v\u00e6ret en permanent del af det Neokatekumenale Vandringens Internationalt Ansvarlige Team sammen med Kiko og Carmen, ved at f\u00f8lge med dem i deres forhold med Paven, den Hellige Stol, biskopper, i etaperne, i vandrene katekisternes verdensm\u00f8der, rejser og internationale m\u00f8der, indtil i dag. I 1992 blev han inviteret af den ny ledelse af den Comboni Mission til at v\u00e6re en del af deres nye Institut eller blive inkardineret til Roms bispedom. Da han forlod Instituttet, blev han udtaget som vandrende katekist pr\u00e6st af kardinalvikaret, Mons. Camilo Ruini.<\/p>\n\n<p>Med Statutternes godkendelse ad experimentum i 2002, og i definitiv form i 2008, blev han n\u00e6vnt af Hellig Stolen som det Internationale Teams pr\u00e6st, sammen med Kiko og Carmen (inden hendes d\u00f8d).<\/p>\n","protected":false},"excerpt":{"rendered":"<p>MARIO PEZZI Mario Pezzi blev f\u00f8dt i Gottolengo (Brescia, Italien) den 19. september 1942, og han er den tredje af fem s\u00f8skende. Han kom ind p\u00e5 Comboni Mission\u00e6r pr\u00e6steseminariet da han var ti \u00e5r gammel. Efter noviciatet sendte hans overordnede ham til Rom til den International Skolastiker og l\u00e6ste teologi i den pavelig Urbanian universitet. Han blev pr\u00e6steviet den 19. marts 1969 og startede hans doktorgrad i Dogmatisk Teologi i<\/p>\n<div class=\"read-more\"><a class=\"btn read-more-btn\" href=\"https:\/\/neocatechumenaleiter.org\/da\/historie\/mario-pezzi\/\">L\u00e6s mere<\/a><\/div>\n","protected":false},"author":2,"featured_media":0,"parent":35525,"menu_order":0,"comment_status":"closed","ping_status":"closed","template":"","meta":{"footnotes":""},"class_list":["post-35531","page","type-page","status-publish","hentry"],"_links":{"self":[{"href":"https:\/\/neocatechumenaleiter.org\/da\/wp-json\/wp\/v2\/pages\/35531","targetHints":{"allow":["GET"]}}],"collection":[{"href":"https:\/\/neocatechumenaleiter.org\/da\/wp-json\/wp\/v2\/pages"}],"about":[{"href":"https:\/\/neocatechumenaleiter.org\/da\/wp-json\/wp\/v2\/types\/page"}],"author":[{"embeddable":true,"href":"https:\/\/neocatechumenaleiter.org\/da\/wp-json\/wp\/v2\/users\/2"}],"replies":[{"embeddable":true,"href":"https:\/\/neocatechumenaleiter.org\/da\/wp-json\/wp\/v2\/comments?post=35531"}],"version-history":[{"count":3,"href":"https:\/\/neocatechumenaleiter.org\/da\/wp-json\/wp\/v2\/pages\/35531\/revisions"}],"predecessor-version":[{"id":35561,"href":"https:\/\/neocatechumenaleiter.org\/da\/wp-json\/wp\/v2\/pages\/35531\/revisions\/35561"}],"up":[{"embeddable":true,"href":"https:\/\/neocatechumenaleiter.org\/da\/wp-json\/wp\/v2\/pages\/35525"}],"wp:attachment":[{"href":"https:\/\/neocatechumenaleiter.org\/da\/wp-json\/wp\/v2\/media?parent=35531"}],"curies":[{"name":"wp","href":"https:\/\/api.w.org\/{rel}","templated":true}]}}