{"id":35533,"date":"2020-02-25T03:20:35","date_gmt":"2020-02-25T02:20:35","guid":{"rendered":"https:\/\/neocatechumenaleiter.org\/historie\/maria-ascension\/"},"modified":"2026-03-12T16:50:44","modified_gmt":"2026-03-12T15:50:44","slug":"maria-ascension","status":"publish","type":"page","link":"https:\/\/neocatechumenaleiter.org\/da\/historie\/maria-ascension\/","title":{"rendered":"Mar\u00eda Ascensi\u00f3n"},"content":{"rendered":"\n<h1 class=\"wp-block-heading\"><strong>MAR\u00cdA ASCENSI\u00d3N ROMERO<\/strong><\/h1>\n<div class=\"wp-block-image is-style-circle-mask\">\n<figure class=\"alignleft size-medium\"><img loading=\"lazy\" decoding=\"async\" width=\"245\" height=\"300\" src=\"https:\/\/neocatechumenaleiter.org\/wp-content\/uploads\/2020\/02\/Camino_Neocatecumenal_Maria_Ascension_Romero-245x300.jpg\" alt=\"Mar&#xED;a Ascensi&#xF3;n Romero\" class=\"wp-image-235\" srcset=\"https:\/\/neocatechumenaleiter.org\/wp-content\/uploads\/2020\/02\/Camino_Neocatecumenal_Maria_Ascension_Romero-245x300.jpg 245w, https:\/\/neocatechumenaleiter.org\/wp-content\/uploads\/2020\/02\/Camino_Neocatecumenal_Maria_Ascension_Romero-837x1024.jpg 837w, https:\/\/neocatechumenaleiter.org\/wp-content\/uploads\/2020\/02\/Camino_Neocatecumenal_Maria_Ascension_Romero-768x940.jpg 768w, https:\/\/neocatechumenaleiter.org\/wp-content\/uploads\/2020\/02\/Camino_Neocatecumenal_Maria_Ascension_Romero.jpg 994w\" sizes=\"auto, (max-width: 245px) 100vw, 245px\" \/><\/figure><\/div>\n<p>Mar\u00eda Ascensi\u00f3n Romero Ant\u00f3n blev en del af det Neokatekumenale Vandrings Internationale Team i januar 2018, efter befaling fra den Hellige Stols Embedsv\u00e6rk for L\u00e6gfolk, Familie og Liv if\u00f8lge Vandringens Statutter.<\/p>\n\n<p>Mar\u00eda Ascensi\u00f3n blev f\u00f8dt den 27. maj 1960 i Tudela, Navarra (Spanien). Hun er den tredje blandt fire s\u00f8skende, og l\u00e6ste p\u00e5 Marias Selskab skole (den sammen som Carmen gik p\u00e5). Senere flyttede hun til Soria til at g\u00e5 p\u00e5 en l\u00e6reruddannelse og der, da hun var 19 \u00e5r gammel, kendte hun den Neokatekumenale Vandringen.<\/p>\n\n<p>Hun vandrede flere \u00e5r i en neokatekumenale kommunitet i Tudela indtil hun flyttede til Madrid til at arbejde som l\u00e6rer, hvor hun s\u00e5 fortsat sin vandring i Hellig Katerina af Siena sogn.<\/p>\n\n<p>I VUD (Verdens Ungdoms Dag) i Santiago de Compostela med Hellige Johannes Paulus II f\u00f8lte hun et kald til evangelisering, som hun bagefter bekr\u00e6ftede i et Kaldelses M\u00f8de i Zaragoza med Vandringens initiativtager.<\/p>\n\n<p>I 1991 fik hun sin f\u00f8rste vandrende mission i Ciudad Real bispedomme (Spanien). I 1992 tog hun afsted til missionen i den tidligere Sovjetunion, hvor hun evangeliserede i over 25 \u00e5r i flere lande: Hviderusland, Kasakhstan og Rusland.<\/p>\n\n<p>Den 2. februar 2018 blev hun officielt n\u00e6vnt en medlem af det Neokatekumenale Vandrings Internationale Team.<\/p>\n","protected":false},"excerpt":{"rendered":"<p>MAR\u00cdA ASCENSI\u00d3N ROMERO Mar\u00eda Ascensi\u00f3n Romero Ant\u00f3n blev en del af det Neokatekumenale Vandrings Internationale Team i januar 2018, efter befaling fra den Hellige Stols Embedsv\u00e6rk for L\u00e6gfolk, Familie og Liv if\u00f8lge Vandringens Statutter. Mar\u00eda Ascensi\u00f3n blev f\u00f8dt den 27. maj 1960 i Tudela, Navarra (Spanien). Hun er den tredje blandt fire s\u00f8skende, og l\u00e6ste p\u00e5 Marias Selskab skole (den sammen som Carmen gik p\u00e5). Senere flyttede hun til Soria<\/p>\n<div class=\"read-more\"><a class=\"btn read-more-btn\" href=\"https:\/\/neocatechumenaleiter.org\/da\/historie\/maria-ascension\/\">L\u00e6s mere<\/a><\/div>\n","protected":false},"author":2,"featured_media":0,"parent":35525,"menu_order":0,"comment_status":"closed","ping_status":"closed","template":"","meta":{"footnotes":""},"class_list":["post-35533","page","type-page","status-publish","hentry"],"_links":{"self":[{"href":"https:\/\/neocatechumenaleiter.org\/da\/wp-json\/wp\/v2\/pages\/35533","targetHints":{"allow":["GET"]}}],"collection":[{"href":"https:\/\/neocatechumenaleiter.org\/da\/wp-json\/wp\/v2\/pages"}],"about":[{"href":"https:\/\/neocatechumenaleiter.org\/da\/wp-json\/wp\/v2\/types\/page"}],"author":[{"embeddable":true,"href":"https:\/\/neocatechumenaleiter.org\/da\/wp-json\/wp\/v2\/users\/2"}],"replies":[{"embeddable":true,"href":"https:\/\/neocatechumenaleiter.org\/da\/wp-json\/wp\/v2\/comments?post=35533"}],"version-history":[{"count":4,"href":"https:\/\/neocatechumenaleiter.org\/da\/wp-json\/wp\/v2\/pages\/35533\/revisions"}],"predecessor-version":[{"id":48082,"href":"https:\/\/neocatechumenaleiter.org\/da\/wp-json\/wp\/v2\/pages\/35533\/revisions\/48082"}],"up":[{"embeddable":true,"href":"https:\/\/neocatechumenaleiter.org\/da\/wp-json\/wp\/v2\/pages\/35525"}],"wp:attachment":[{"href":"https:\/\/neocatechumenaleiter.org\/da\/wp-json\/wp\/v2\/media?parent=35533"}],"curies":[{"name":"wp","href":"https:\/\/api.w.org\/{rel}","templated":true}]}}