{"id":37260,"date":"2020-02-27T23:27:17","date_gmt":"2020-02-27T22:27:17","guid":{"rendered":"https:\/\/neocatechumenaleiter.org\/pavernes-ord\/"},"modified":"2026-04-13T12:47:14","modified_gmt":"2026-04-13T11:47:14","slug":"pavernes-ord","status":"publish","type":"page","link":"https:\/\/neocatechumenaleiter.org\/da\/pavernes-ord\/","title":{"rendered":"PAVERNES ORD"},"content":{"rendered":"\n<h1 class=\"wp-block-heading has-text-align-center\">PAVERNES ORD<\/h1>\n\n<h4 class=\"wp-block-heading has-text-align-center\">DEN NEOKATEKUMENALE VANDRING I PAVERNES ORD: TALER, AUDIENSER, FORMANINGER, ANERKENDELSER, GODKENDELSER&#8230;&#013;\n<\/h4>\n\n<div style=\"height:20px\" aria-hidden=\"true\" class=\"wp-block-spacer\"><\/div>\n\n<p>S. Paul VI (4. august 1976): &#8220;Vores tid har brug for igen at opbygge Kirken, n\u00e6sten, psykologisk og pastoralt, som om den begyndte forfra, fra bunden, s\u00e5 at sige, for at regenerere sig selv&#8221;.&#013;\n<\/p>\n\n<p>Los primeros ap\u00f3stoles, en peque\u00f1os equipos de evangelizaci\u00f3n, recorr\u00edan las sinagogas anunciando la Buena Noticia: Dios ha resucitado a su siervo Jes\u00fas, aquel del cual nosotros hemos renegado, pidiendo gracia de un asesino; aquel que muri\u00f3 sin oponer resistencia, sin resistirse al mal, amando a sus enemigos, excus\u00e1ndoles (&#8220;perd\u00f3nales porque no saben lo que hacen&#8221;); aquel que ofreci\u00f3 el mal que le inflig\u00edan -la tortura y la cruz- como prueba de que su amor era m\u00e1s grande que la muerte y que no cesaba de amarles, aunque le quitasen la vida: Dios lo ha resucitado de la muerte y hoy \u00c9l est\u00e1 vivo, para perdonar este y cualquier otro delito.<\/p>\n\n<h6 class=\"wp-block-heading has-text-align-right\">Kiko Arg\u00fcello<\/h6>\n\n<div style=\"height:30px\" aria-hidden=\"true\" class=\"wp-block-spacer\"><\/div>\n\n<hr class=\"wp-block-separator aligncenter has-alpha-channel-opacity is-style-wide\" \/>\n\n<div style=\"height:30px\" aria-hidden=\"true\" class=\"wp-block-spacer\"><\/div>\n\n<div class=\"wp-block-columns are-vertically-aligned-center is-layout-flex wp-container-core-columns-is-layout-9d6595d7 wp-block-columns-is-layout-flex\">\n<div class=\"wp-block-column is-vertically-aligned-center is-layout-flow wp-block-column-is-layout-flow\"><div class=\"wp-block-image\">\n<figure class=\"aligncenter size-medium\"><a href=\"https:\/\/neocatechumenaleiter.org\/da\/pavernes-ord\/hellig-paul-vi\/\"><img loading=\"lazy\" decoding=\"async\" width=\"250\" height=\"300\" src=\"https:\/\/neocatechumenaleiter.org\/wp-content\/uploads\/2020\/02\/Camino_Neocatecumenal_S_Pablo_VI-250x300.jpg\" alt=\"S. Pablo VI, Kiko Arg&#xFC;ello y Carmen Hern&#xE1;ndez\" class=\"wp-image-7883\" srcset=\"https:\/\/neocatechumenaleiter.org\/wp-content\/uploads\/2020\/02\/Camino_Neocatecumenal_S_Pablo_VI-250x300.jpg 250w, https:\/\/neocatechumenaleiter.org\/wp-content\/uploads\/2020\/02\/Camino_Neocatecumenal_S_Pablo_VI.jpg 500w\" sizes=\"auto, (max-width: 250px) 100vw, 250px\" \/><\/a><figcaption class=\"wp-element-caption\"><strong>S. Pablo VI<\/strong><\/figcaption><\/figure><\/div><\/div>\n\n\n\n<div class=\"wp-block-column is-vertically-aligned-center is-layout-flow wp-block-column-is-layout-flow\"><div class=\"wp-block-image\">\n<figure class=\"aligncenter size-medium\"><a href=\"https:\/\/neocatechumenaleiter.org\/da\/pavernes-ord\/hellig-johannes-paul-ii\/\"><img loading=\"lazy\" decoding=\"async\" width=\"250\" height=\"300\" src=\"https:\/\/neocatechumenaleiter.org\/wp-content\/uploads\/2020\/02\/Camino_Neocatecumenal_S_Juan_Pablo_II-250x300.jpg\" alt=\"S. Juan Pablo II\" class=\"wp-image-7882\" srcset=\"https:\/\/neocatechumenaleiter.org\/wp-content\/uploads\/2020\/02\/Camino_Neocatecumenal_S_Juan_Pablo_II-250x300.jpg 250w, https:\/\/neocatechumenaleiter.org\/wp-content\/uploads\/2020\/02\/Camino_Neocatecumenal_S_Juan_Pablo_II.jpg 500w\" sizes=\"auto, (max-width: 250px) 100vw, 250px\" \/><\/a><figcaption class=\"wp-element-caption\"><strong>S. Juan Pablo II<\/strong><\/figcaption><\/figure><\/div><\/div>\n\n\n\n<div class=\"wp-block-column is-vertically-aligned-center is-layout-flow wp-block-column-is-layout-flow\"><div class=\"wp-block-image\">\n<figure class=\"aligncenter size-medium\"><a href=\"https:\/\/neocatechumenaleiter.org\/da\/pavernes-ord\/benedikt-xvi\/\"><img loading=\"lazy\" decoding=\"async\" width=\"250\" height=\"300\" src=\"https:\/\/neocatechumenaleiter.org\/wp-content\/uploads\/2020\/02\/Camino_Neocatecumenal_Papa_Benedicto_XVI-250x300.jpg\" alt=\"Papa em&#xE9;rito Benedicto XVI\" class=\"wp-image-7880\" srcset=\"https:\/\/neocatechumenaleiter.org\/wp-content\/uploads\/2020\/02\/Camino_Neocatecumenal_Papa_Benedicto_XVI-250x300.jpg 250w, https:\/\/neocatechumenaleiter.org\/wp-content\/uploads\/2020\/02\/Camino_Neocatecumenal_Papa_Benedicto_XVI.jpg 500w\" sizes=\"auto, (max-width: 250px) 100vw, 250px\" \/><\/a><figcaption class=\"wp-element-caption\"><strong>Benedicto XVI<\/strong><\/figcaption><\/figure><\/div><\/div>\n<\/div>\n\n<div class=\"wp-block-columns are-vertically-aligned-center is-layout-flex wp-container-core-columns-is-layout-9d6595d7 wp-block-columns-is-layout-flex\">\n<div class=\"wp-block-column is-vertically-aligned-center is-layout-flow wp-block-column-is-layout-flow\"><div class=\"wp-block-image\">\n<figure class=\"aligncenter size-medium\"><a href=\"https:\/\/neocatechumenaleiter.org\/da\/pavernes-ord\/frans\/\"><img loading=\"lazy\" decoding=\"async\" width=\"250\" height=\"300\" src=\"https:\/\/neocatechumenaleiter.org\/wp-content\/uploads\/2020\/02\/Camino_Neocatecumenal_Papa_Francisco-250x300.jpg\" alt=\"Papa Francisco\" class=\"wp-image-7881\" srcset=\"https:\/\/neocatechumenaleiter.org\/wp-content\/uploads\/2020\/02\/Camino_Neocatecumenal_Papa_Francisco-250x300.jpg 250w, https:\/\/neocatechumenaleiter.org\/wp-content\/uploads\/2020\/02\/Camino_Neocatecumenal_Papa_Francisco.jpg 500w\" sizes=\"auto, (max-width: 250px) 100vw, 250px\" \/><\/a><figcaption class=\"wp-element-caption\"><strong>Francisco<\/strong><\/figcaption><\/figure><\/div><\/div>\n\n\n\n<div class=\"wp-block-column is-vertically-aligned-center is-layout-flow wp-block-column-is-layout-flow\"><div class=\"wp-block-image\">\n<figure class=\"aligncenter size-medium\"><a href=\"https:\/\/neocatechumenaleiter.org\/da\/pavernes-ord\/leo-xiv\/\"><img loading=\"lazy\" decoding=\"async\" width=\"250\" height=\"300\" src=\"https:\/\/neocatechumenaleiter.org\/wp-content\/uploads\/2025\/12\/Papa-Leone-XIV-foto-ufficiale_Copyright-VATICAN-MEDIA-500x600-1-250x300.jpg\" alt=\"Papa Le&#xF3;n XIV\" class=\"wp-image-46079\" srcset=\"https:\/\/neocatechumenaleiter.org\/wp-content\/uploads\/2025\/12\/Papa-Leone-XIV-foto-ufficiale_Copyright-VATICAN-MEDIA-500x600-1-250x300.jpg 250w, https:\/\/neocatechumenaleiter.org\/wp-content\/uploads\/2025\/12\/Papa-Leone-XIV-foto-ufficiale_Copyright-VATICAN-MEDIA-500x600-1.jpg 500w\" sizes=\"auto, (max-width: 250px) 100vw, 250px\" \/><\/a><figcaption class=\"wp-element-caption\"><strong>Le\u00f3n XIV<\/strong><\/figcaption><\/figure><\/div><\/div>\n\n\n\n<div class=\"wp-block-column is-vertically-aligned-center is-layout-flow wp-block-column-is-layout-flow\"><\/div>\n<\/div>\n","protected":false},"excerpt":{"rendered":"<p>PAVERNES ORD DEN NEOKATEKUMENALE VANDRING I PAVERNES ORD: TALER, AUDIENSER, FORMANINGER, ANERKENDELSER, GODKENDELSER&#8230;&#013; S. Paul VI (4. august 1976): &#8220;Vores tid har brug for igen at opbygge Kirken, n\u00e6sten, psykologisk og pastoralt, som om den begyndte forfra, fra bunden, s\u00e5 at sige, for at regenerere sig selv&#8221;.&#013; Los primeros ap\u00f3stoles, en peque\u00f1os equipos de evangelizaci\u00f3n, recorr\u00edan las sinagogas anunciando la Buena Noticia: Dios ha resucitado a su siervo Jes\u00fas, aquel<\/p>\n<div class=\"read-more\"><a class=\"btn read-more-btn\" href=\"https:\/\/neocatechumenaleiter.org\/da\/pavernes-ord\/\">L\u00e6s mere<\/a><\/div>\n","protected":false},"author":2,"featured_media":0,"parent":0,"menu_order":0,"comment_status":"closed","ping_status":"closed","template":"","meta":{"footnotes":""},"class_list":["post-37260","page","type-page","status-publish","hentry"],"_links":{"self":[{"href":"https:\/\/neocatechumenaleiter.org\/da\/wp-json\/wp\/v2\/pages\/37260","targetHints":{"allow":["GET"]}}],"collection":[{"href":"https:\/\/neocatechumenaleiter.org\/da\/wp-json\/wp\/v2\/pages"}],"about":[{"href":"https:\/\/neocatechumenaleiter.org\/da\/wp-json\/wp\/v2\/types\/page"}],"author":[{"embeddable":true,"href":"https:\/\/neocatechumenaleiter.org\/da\/wp-json\/wp\/v2\/users\/2"}],"replies":[{"embeddable":true,"href":"https:\/\/neocatechumenaleiter.org\/da\/wp-json\/wp\/v2\/comments?post=37260"}],"version-history":[{"count":4,"href":"https:\/\/neocatechumenaleiter.org\/da\/wp-json\/wp\/v2\/pages\/37260\/revisions"}],"predecessor-version":[{"id":48630,"href":"https:\/\/neocatechumenaleiter.org\/da\/wp-json\/wp\/v2\/pages\/37260\/revisions\/48630"}],"wp:attachment":[{"href":"https:\/\/neocatechumenaleiter.org\/da\/wp-json\/wp\/v2\/media?parent=37260"}],"curies":[{"name":"wp","href":"https:\/\/api.w.org\/{rel}","templated":true}]}}