{"id":37262,"date":"2020-02-28T05:58:40","date_gmt":"2020-02-28T04:58:40","guid":{"rendered":"https:\/\/neocatechumenaleiter.org\/pavernes-ord\/hellig-paul-vi\/"},"modified":"2024-02-09T02:59:51","modified_gmt":"2024-02-09T01:59:51","slug":"hellig-paul-vi","status":"publish","type":"page","link":"https:\/\/neocatechumenaleiter.org\/da\/pavernes-ord\/hellig-paul-vi\/","title":{"rendered":"Hellig Paul VI"},"content":{"rendered":"\n<h1 class=\"has-text-align-center wp-block-heading\">Hellig Paul VI<\/h1>\n\n<div style=\"height:20px\" aria-hidden=\"true\" class=\"wp-block-spacer\"><\/div>\n\n<h4 class=\"has-text-align-center wp-block-heading\">Biografi<\/h4>\n\n<div style=\"height:20px\" aria-hidden=\"true\" class=\"wp-block-spacer\"><\/div>\n\n<div class=\"wp-block-image is-style-default\"><figure class=\"alignleft size-medium is-resized\"><img loading=\"lazy\" decoding=\"async\" src=\"https:\/\/neocatechumenaleiter.org\/wp-content\/uploads\/2020\/02\/Camino_Neocatecumenal_S_Pablo_VI-250x300.jpg\" alt=\"\" class=\"wp-image-891\" width=\"250\" height=\"300\" srcset=\"https:\/\/neocatechumenaleiter.org\/wp-content\/uploads\/2020\/02\/Camino_Neocatecumenal_S_Pablo_VI-250x300.jpg 250w, https:\/\/neocatechumenaleiter.org\/wp-content\/uploads\/2020\/02\/Camino_Neocatecumenal_S_Pablo_VI.jpg 500w\" sizes=\"auto, (max-width: 250px) 100vw, 250px\" \/><\/figure><\/div>\n\n<p>Giovanni Battista Enrico Antonio Maria Montini blev f\u00f8dt i Lombardiet (Italien) den 26. september 1897.<\/p>\n\n<p>Han blev ordineret til pr\u00e6st den 29. maj 1920.<\/p>\n\n<p>I 1954 blev han biskop, og i 1958 blev han udn\u00e6vnt til kardinal af Johannes XXIII.<\/p>\n\n<p>Den 21. juni 1963 blev han valgt til Pave for den Katolske Kirke og tog navnet Paul VI.<\/p>\n\n<p>I 1965 oprettede han synoden af biskopper og koncilf\u00e6dre.<\/p>\n\n<p>Forsvarer af livet og familien med sin encyklika <em>Humanae Vitae<\/em>, som han skrev i 1968. Han afsluttede Det andet Vatikankoncil.<\/p>\n\n<p>Paul VI d\u00f8de i Castel Gandolfo den 6. august 1978 efter et 15-\u00e5rigt pontifikat.<\/p>\n\n<p>Han blev saligk\u00e5ret den 19. oktober 2014 og kanoniseret den 14. oktober 2018 af Pave Frans.<\/p>\n\n<div style=\"height:20px\" aria-hidden=\"true\" class=\"wp-block-spacer\"><\/div>\n\n<hr class=\"wp-block-separator\"\/>\n\n<div style=\"height:20px\" aria-hidden=\"true\" class=\"wp-block-spacer\"><\/div>\n\n<h3 class=\"has-text-align-center wp-block-heading\">Dokumenter<\/h3>\n\n<div style=\"height:20px\" aria-hidden=\"true\" class=\"wp-block-spacer\"><\/div>\n\n<div class=\"columna-papas\">\r\n    <h4 class=\"has-text-align-center\">Year 1974<\/h4>\r\n    <div style=\"height:20px\" aria-hidden=\"true\" class=\"wp-block-spacer\"><\/div>\r\n    <a href=\"https:\/\/neocatechumenaleiter.org\/en\/words-of-the-popes\/saint-paul-vi\/general-audience-5-8-1974\/\"><h6 class=\"has-text-align-center\">General audience 8-V-1974<\/h6><\/a>\r\n<\/div>\r\n<div class=\"columna-papas\" style=\"background: #f7f7f7;\">\r\n    <h4 class=\"has-text-align-center\">Year 1977<\/h4>\r\n    <div style=\"height:20px\" aria-hidden=\"true\" class=\"wp-block-spacer\"><\/div>\r\n    <a href=\"https:\/\/neocatechumenaleiter.org\/en\/words-of-the-popes\/saint-paul-vi\/general-audience-1-12-1977\/\"><h6 class=\"has-text-align-center\">General audience 12-I-1977<\/h6><\/a>\r\n<\/div>\n","protected":false},"excerpt":{"rendered":"<p>Hellig Paul VI Biografi Giovanni Battista Enrico Antonio Maria Montini blev f\u00f8dt i Lombardiet (Italien) den 26. september 1897. Han blev ordineret til pr\u00e6st den 29. maj 1920. I 1954 blev han biskop, og i 1958 blev han udn\u00e6vnt til kardinal af Johannes XXIII. Den 21. juni 1963 blev han valgt til Pave for den Katolske Kirke og tog navnet Paul VI. I 1965 oprettede han synoden af biskopper og<\/p>\n<div class=\"read-more\"><a class=\"btn read-more-btn\" href=\"https:\/\/neocatechumenaleiter.org\/da\/pavernes-ord\/hellig-paul-vi\/\">L\u00e6s mere<\/a><\/div>\n","protected":false},"author":2,"featured_media":0,"parent":37260,"menu_order":0,"comment_status":"closed","ping_status":"closed","template":"","meta":{"footnotes":""},"class_list":["post-37262","page","type-page","status-publish","hentry"],"_links":{"self":[{"href":"https:\/\/neocatechumenaleiter.org\/da\/wp-json\/wp\/v2\/pages\/37262","targetHints":{"allow":["GET"]}}],"collection":[{"href":"https:\/\/neocatechumenaleiter.org\/da\/wp-json\/wp\/v2\/pages"}],"about":[{"href":"https:\/\/neocatechumenaleiter.org\/da\/wp-json\/wp\/v2\/types\/page"}],"author":[{"embeddable":true,"href":"https:\/\/neocatechumenaleiter.org\/da\/wp-json\/wp\/v2\/users\/2"}],"replies":[{"embeddable":true,"href":"https:\/\/neocatechumenaleiter.org\/da\/wp-json\/wp\/v2\/comments?post=37262"}],"version-history":[{"count":3,"href":"https:\/\/neocatechumenaleiter.org\/da\/wp-json\/wp\/v2\/pages\/37262\/revisions"}],"predecessor-version":[{"id":37278,"href":"https:\/\/neocatechumenaleiter.org\/da\/wp-json\/wp\/v2\/pages\/37262\/revisions\/37278"}],"up":[{"embeddable":true,"href":"https:\/\/neocatechumenaleiter.org\/da\/wp-json\/wp\/v2\/pages\/37260"}],"wp:attachment":[{"href":"https:\/\/neocatechumenaleiter.org\/da\/wp-json\/wp\/v2\/media?parent=37262"}],"curies":[{"name":"wp","href":"https:\/\/api.w.org\/{rel}","templated":true}]}}