{"id":37266,"date":"2020-02-29T19:59:09","date_gmt":"2020-02-29T18:59:09","guid":{"rendered":"https:\/\/neocatechumenaleiter.org\/pavernes-ord\/benedikt-xvi\/"},"modified":"2024-02-09T03:04:01","modified_gmt":"2024-02-09T02:04:01","slug":"benedikt-xvi","status":"publish","type":"page","link":"https:\/\/neocatechumenaleiter.org\/da\/pavernes-ord\/benedikt-xvi\/","title":{"rendered":"Benedikt XVI"},"content":{"rendered":"\n<h1 class=\"has-text-align-center wp-block-heading\">Benedikt XVI<\/h1>\n\n<div style=\"height:21px\" aria-hidden=\"true\" class=\"wp-block-spacer\"><\/div>\n\n<h4 class=\"has-text-align-center wp-block-heading\">Biografi<\/h4>\n\n<div style=\"height:20px\" aria-hidden=\"true\" class=\"wp-block-spacer\"><\/div>\n\n<div class=\"wp-block-image is-style-default\"><figure class=\"alignleft size-medium\"><img loading=\"lazy\" decoding=\"async\" width=\"250\" height=\"300\" src=\"https:\/\/neocatechumenaleiter.org\/wp-content\/uploads\/2020\/02\/Camino_Neocatecumenal_Papa_Benedicto_XVI-250x300.jpg\" alt=\"Pave emeritus Benedikt XVI\" class=\"wp-image-873\" srcset=\"https:\/\/neocatechumenaleiter.org\/wp-content\/uploads\/2020\/02\/Camino_Neocatecumenal_Papa_Benedicto_XVI-250x300.jpg 250w, https:\/\/neocatechumenaleiter.org\/wp-content\/uploads\/2020\/02\/Camino_Neocatecumenal_Papa_Benedicto_XVI.jpg 500w\" sizes=\"auto, (max-width: 250px) 100vw, 250px\" \/><\/figure><\/div>\n\n<p>Joseph Ratzinger blev f\u00f8dt i Marktl am Inn (Tyskland) den 16. april 1927. <\/p>\n\n<p>Den 29. juni 1951 blev han ordineret til pr\u00e6st i M\u00fcnchen. I 1953 fik han sin doktorgrad i teologi. <\/p>\n\n<p>I 1977 blev han udn\u00e6vnt til \u00e6rkebiskop af M\u00fcnchen og Freising, og i 1977 blev han gjort til kardinal af Paul VI. <\/p>\n\n<p>I 1981 blev han udn\u00e6vnt til pr\u00e6fekt for Trosl\u00e6rekongregationen af Johannes Paul II; pr\u00e6sident for den pavelige bibelkommission og for den pavelige internationale teologiske kommission. Han var formand for kommissionen til forberedelse af Den Katolske Kirkes Katekismus, som han pr\u00e6senterede for Den Hellige Fader. Den 3. juli 2015 blev han udn\u00e6vnt til \u00e6resdoktor. <\/p>\n\n<p>Den 19. april 2005 blev han valgt til Pave for den Katolske Kirke og tog navnet Benedikt XVI.<\/p>\n\n<p>Den 11. februar 2013 trak han sig tilbage fra den Katolske Kirkes pontifikat og blev Pave Emeritus.<\/p>\n\n<div style=\"height:20px\" aria-hidden=\"true\" class=\"wp-block-spacer\"><\/div>\n\n<hr class=\"wp-block-separator\"\/>\n\n<div style=\"height:20px\" aria-hidden=\"true\" class=\"wp-block-spacer\"><\/div>\n\n<h3 class=\"has-text-align-center wp-block-heading\">Dokumenter<\/h3>\n\n<div style=\"height:20px\" aria-hidden=\"true\" class=\"wp-block-spacer\"><\/div>\n\n<section id=\"search-2\" class=\"widget widget_search\"><form role=\"search\" method=\"get\" class=\"search-form\" action=\"https:\/\/neocatechumenaleiter.org\/en\/\">\r\n<label for=\"search-form-5e59be1dc1b02\">\r\n<span class=\"screen-reader-text\">Search><\/span>\r\n<input type=\"search\" id=\"search-form-5e59be1dc1b02\" class=\"search-field\" placeholder=\"Search \u2026\" value=\"\" name=\"s\"\/><\/label>\r\n<button class=\"search-submit\" type=\"submit\">\r\n<span class=\"screen-reader-text\">Search<\/span>\r\n<i class=\"icon-magnifier\"><\/i>\r\n<\/button>\r\n<\/form>\r\n<\/section>\n<div style=\"height:20px\" aria-hidden=\"true\" class=\"wp-block-spacer\"><\/div>\n\n<div class=\"columna-papas\">\r\n    <h4 class=\"has-text-align-center\">Year 2005<\/h4>\r\n    <div style=\"height:20px\" aria-hidden=\"true\" class=\"wp-block-spacer\"><\/div>\r\n    <a href=\"https:\/\/neocatechumenaleiter.org\/en\/words-of-the-popes\/benedict-xvi\/private-audience-with-the-initiators-of-the-neocatechumenal-way-11-19-2005\/\"><h6 class=\"has-text-align-left\">Private audience for the initiators of the Neocatechumenal Way 19-XI-2005<\/h6><\/a>\r\n<\/div>\r\n<div class=\"columna-papas\" style=\"background: #f7f7f7;\">\r\n    <h4 class=\"has-text-align-center\">Year 2006<\/h4>\r\n    <div style=\"height:20px\" aria-hidden=\"true\" class=\"wp-block-spacer\"><\/div>\r\n    <a href=\"https:\/\/neocatechumenaleiter.org\/en\/words-of-the-popes\/benedict-xvi\/speech-to-the-neocatechumenal-way-1-12-2006\/\"><h6 class=\"has-text-align-left\">Discourse to the Neocatechumenal Way 12-I-2006<\/h6><\/a>\r\n    <hr class=\"wp-block-separator\"\/><a href=\"https:\/\/neocatechumenaleiter.org\/en\/words-of-the-popes\/benedict-xvi\/angelus-in-st-peters-square-10-29-2006\/\"><h6 class=\"has-text-align-left\">Angelus in Saint Peter&#8217;s Square 29-X-2006<\/h6><\/a>\r\n    <hr class=\"wp-block-separator\"\/><a href=\"https:\/\/neocatechumenaleiter.org\/en\/words-of-the-popes\/benedict-xvi\/convivence-of-bishops-of-asia-and-australia-in-the-domus-galilaeae-11-18-2006\/\"><h6 class=\"has-text-align-left\">Convivence of bishops of Asia and Australia in the Domus Galilaeae 18-XI-2006<\/h6><\/a>\r\n<\/div>\n\n<div style=\"height:20px\" aria-hidden=\"true\" class=\"wp-block-spacer\"><\/div>\n\n<div class=\"columna-papas\">\r\n    <h4 class=\"has-text-align-center\">Year 2007<\/h4>\r\n    <div style=\"height:20px\" aria-hidden=\"true\" class=\"wp-block-spacer\"><\/div>\r\n    <a href=\"https:\/\/neocatechumenaleiter.org\/en\/words-of-the-popes\/benedict-xvi\/meeting-of-parish-priests-and-clergy-of-rome-2-22-2007\/\"><h6 class=\"has-text-align-left\">Meeting of parish priests and clergy of Rome II-22-2007<\/h6><\/a>\r\n    <hr class=\"wp-block-separator\"\/><a href=\"https:\/\/neocatechumenaleiter.org\/en\/words-of-the-popes\/benedict-xvi\/private-audience-for-initiators-of-the-way-5-26-2007\/\"><h6 class=\"has-text-align-left\">Private audience for initiators of the Way 26-V-2007<\/h6><\/a>\r\n<\/div>\r\n<div class=\"columna-papas\" style=\"background: #f7f7f7;\">\r\n    <h4 class=\"has-text-align-center\">Year 2008<\/h4>\r\n    <div style=\"height:20px\" aria-hidden=\"true\" class=\"wp-block-spacer\"><\/div>\r\n    <a href=\"https:\/\/neocatechumenaleiter.org\/en\/words-of-the-popes\/benedict-xvi\/convivence-of-bishops-from-europe-in-the-domus-galilaeae-03-24-2008\/\"><h6 class=\"has-text-align-left\">Convivence of bishops of Europe in the Domus Galilaeae 24-III-2008<\/h6><\/a>\r\n<\/div>\n\n<div style=\"height:20px\" aria-hidden=\"true\" class=\"wp-block-spacer\"><\/div>\n\n<div class=\"columna-papas\">\r\n    <h4 class=\"has-text-align-center\">Year 2009<\/h4>\r\n    <div style=\"height:20px\" aria-hidden=\"true\" class=\"wp-block-spacer\"><\/div>\r\n    <a href=\"https:\/\/neocatechumenaleiter.org\/en\/words-of-the-popes\/benedict-xvi\/speech-for-the-forty-years-since-the-beginning-of-the-way-01-10-2009\/\"><h6 class=\"has-text-align-left\">Speech for the Forty Years since the beginning of the Way 10-I-2009<\/h6><\/a>\r\n<\/div>\r\n<div class=\"columna-papas\" style=\"background: #f7f7f7;\">\r\n    <h4 class=\"has-text-align-center\">Year 2010<\/h4>\r\n    <div style=\"height:20px\" aria-hidden=\"true\" class=\"wp-block-spacer\"><\/div>\r\n    <a href=\"https:\/\/neocatechumenaleiter.org\/en\/words-of-the-popes\/benedict-xvi\/audience-with-the-initiators-of-the-neocatechumenal-way-11-13-2010\/\"><h6 class=\"has-text-align-left\">Audience with the initiators of the Neocatechumenal Way 13-XI-2010<\/h6><\/a>\r\n<\/div>\n\n<div style=\"height:20px\" aria-hidden=\"true\" class=\"wp-block-spacer\"><\/div>\n\n<div class=\"columna-papas\">\r\n    <h4 class=\"has-text-align-center\">Year 2011<\/h4>\r\n    <div style=\"height:20px\" aria-hidden=\"true\" class=\"wp-block-spacer\"><\/div>\r\n    <a href=\"https:\/\/neocatechumenaleiter.org\/en\/words-of-the-popes\/benedict-xvi\/audience-of-sending-of-families-in-missio-ad-gentes-jan-17-2011\/\"><h6 class=\"has-text-align-left\">Audience sending families in \u201cMissio ad gentes\u201d 17-I-2011<\/h6><\/a>\r\n    <hr class=\"wp-block-separator\"\/><a href=\"https:\/\/neocatechumenaleiter.org\/en\/words-of-the-popes\/benedict-xvi\/regina-coeli-visit-to-aquileia-and-venice-may-8-2011\/\"><h6 class=\"has-text-align-left\">\u00abRegina Coeli\u00bb visit to Aquileia and Venice May 8, 2011<\/h6><\/a>\r\n<\/div>\r\n<div class=\"columna-papas\" style=\"background: #f7f7f7;\">\r\n    <h4 class=\"has-text-align-center\">Year 2012<\/h4>\r\n    <div style=\"height:20px\" aria-hidden=\"true\" class=\"wp-block-spacer\"><\/div>\r\n    <a href=\"https:\/\/neocatechumenaleiter.org\/en\/words-of-the-popes\/benedict-xvi\/audience-sending-missio-ad-gentes-1-20-2012\/\"><h6 class=\"has-text-align-left\">Audience sending \u201cMissio ad gentes\u201d 20-I-2012<\/h6><\/a>\r\n<\/div>\n","protected":false},"excerpt":{"rendered":"<p>Benedikt XVI Biografi Joseph Ratzinger blev f\u00f8dt i Marktl am Inn (Tyskland) den 16. april 1927. Den 29. juni 1951 blev han ordineret til pr\u00e6st i M\u00fcnchen. I 1953 fik han sin doktorgrad i teologi. I 1977 blev han udn\u00e6vnt til \u00e6rkebiskop af M\u00fcnchen og Freising, og i 1977 blev han gjort til kardinal af Paul VI. I 1981 blev han udn\u00e6vnt til pr\u00e6fekt for Trosl\u00e6rekongregationen af Johannes Paul II;<\/p>\n<div class=\"read-more\"><a class=\"btn read-more-btn\" href=\"https:\/\/neocatechumenaleiter.org\/da\/pavernes-ord\/benedikt-xvi\/\">L\u00e6s mere<\/a><\/div>\n","protected":false},"author":2,"featured_media":0,"parent":37260,"menu_order":2,"comment_status":"closed","ping_status":"closed","template":"","meta":{"footnotes":""},"class_list":["post-37266","page","type-page","status-publish","hentry"],"_links":{"self":[{"href":"https:\/\/neocatechumenaleiter.org\/da\/wp-json\/wp\/v2\/pages\/37266","targetHints":{"allow":["GET"]}}],"collection":[{"href":"https:\/\/neocatechumenaleiter.org\/da\/wp-json\/wp\/v2\/pages"}],"about":[{"href":"https:\/\/neocatechumenaleiter.org\/da\/wp-json\/wp\/v2\/types\/page"}],"author":[{"embeddable":true,"href":"https:\/\/neocatechumenaleiter.org\/da\/wp-json\/wp\/v2\/users\/2"}],"replies":[{"embeddable":true,"href":"https:\/\/neocatechumenaleiter.org\/da\/wp-json\/wp\/v2\/comments?post=37266"}],"version-history":[{"count":3,"href":"https:\/\/neocatechumenaleiter.org\/da\/wp-json\/wp\/v2\/pages\/37266\/revisions"}],"predecessor-version":[{"id":37282,"href":"https:\/\/neocatechumenaleiter.org\/da\/wp-json\/wp\/v2\/pages\/37266\/revisions\/37282"}],"up":[{"embeddable":true,"href":"https:\/\/neocatechumenaleiter.org\/da\/wp-json\/wp\/v2\/pages\/37260"}],"wp:attachment":[{"href":"https:\/\/neocatechumenaleiter.org\/da\/wp-json\/wp\/v2\/media?parent=37266"}],"curies":[{"name":"wp","href":"https:\/\/api.w.org\/{rel}","templated":true}]}}