{"id":48627,"date":"2025-12-10T03:10:12","date_gmt":"2025-12-10T02:10:12","guid":{"rendered":"https:\/\/neocatechumenaleiter.org\/pavernes-ord\/leo-xiv\/"},"modified":"2026-04-13T12:47:14","modified_gmt":"2026-04-13T11:47:14","slug":"leo-xiv","status":"publish","type":"page","link":"https:\/\/neocatechumenaleiter.org\/da\/pavernes-ord\/leo-xiv\/","title":{"rendered":"Leo XIV"},"content":{"rendered":"\n<h1 class=\"wp-block-heading has-text-align-center\">Leo XIV<\/h1>\n\n<div style=\"height:20px\" aria-hidden=\"true\" class=\"wp-block-spacer\"><\/div>\n\n<h4 class=\"wp-block-heading has-text-align-center\">Biografi<\/h4>\n\n<div style=\"height:20px\" aria-hidden=\"true\" class=\"wp-block-spacer\"><\/div>\n<div class=\"wp-block-image is-style-default\">\n<figure data-wp-context=\"{&quot;imageId&quot;:&quot;69dd0b1ea00e0&quot;}\" data-wp-interactive=\"core\/image\" data-wp-key=\"69dd0b1ea00e0\" class=\"alignleft size-medium wp-lightbox-container\"><img loading=\"lazy\" decoding=\"async\" width=\"250\" height=\"300\" data-wp-class--hide=\"state.isContentHidden\" data-wp-class--show=\"state.isContentVisible\" data-wp-init=\"callbacks.setButtonStyles\" data-wp-on--click=\"actions.showLightbox\" data-wp-on--load=\"callbacks.setButtonStyles\" data-wp-on-window--resize=\"callbacks.setButtonStyles\" src=\"https:\/\/neocatechumenaleiter.org\/wp-content\/uploads\/2025\/12\/Papa-Leone-XIV-foto-ufficiale_Copyright-VATICAN-MEDIA-500x600-2-250x300.jpg\" alt=\"Pave Leo XIV\" class=\"wp-image-46111\" srcset=\"https:\/\/neocatechumenaleiter.org\/wp-content\/uploads\/2025\/12\/Papa-Leone-XIV-foto-ufficiale_Copyright-VATICAN-MEDIA-500x600-2-250x300.jpg 250w, https:\/\/neocatechumenaleiter.org\/wp-content\/uploads\/2025\/12\/Papa-Leone-XIV-foto-ufficiale_Copyright-VATICAN-MEDIA-500x600-2.jpg 500w\" sizes=\"auto, (max-width: 250px) 100vw, 250px\" \/><button\n\t\t\tclass=\"lightbox-trigger\"\n\t\t\ttype=\"button\"\n\t\t\taria-haspopup=\"dialog\"\n\t\t\taria-label=\"Forst\u00f8r\"\n\t\t\tdata-wp-init=\"callbacks.initTriggerButton\"\n\t\t\tdata-wp-on--click=\"actions.showLightbox\"\n\t\t\tdata-wp-style--right=\"state.imageButtonRight\"\n\t\t\tdata-wp-style--top=\"state.imageButtonTop\"\n\t\t>\n\t\t\t<svg xmlns=\"http:\/\/www.w3.org\/2000\/svg\" width=\"12\" height=\"12\" fill=\"none\" viewBox=\"0 0 12 12\">\n\t\t\t\t<path fill=\"#fff\" d=\"M2 0a2 2 0 0 0-2 2v2h1.5V2a.5.5 0 0 1 .5-.5h2V0H2Zm2 10.5H2a.5.5 0 0 1-.5-.5V8H0v2a2 2 0 0 0 2 2h2v-1.5ZM8 12v-1.5h2a.5.5 0 0 0 .5-.5V8H12v2a2 2 0 0 1-2 2H8Zm2-12a2 2 0 0 1 2 2v2h-1.5V2a.5.5 0 0 0-.5-.5H8V0h2Z\" \/>\n\t\t\t<\/svg>\n\t\t<\/button><figcaption class=\"wp-element-caption\"><strong>\u00a9<\/strong>Vatican media<\/figcaption><\/figure><\/div>\n<p><p style=\"font-weight: 400\">Robert Francis Prevost blev f\u00f8dt den 14. september 1955 i Chicago, Illinois (USA).<\/p><\/p>\n\n<p><p style=\"font-weight: 400\">Allerede som ung tr\u00e5dte han ind i Augustinerordenen (OSA), hvor han aflagde sine h\u00f8jtidelige l\u00f8fter den 29. august 1981 og blev ordineret til pr\u00e6st den 19. juni 1982.<\/p><\/p>\n\n<p><p style=\"font-weight: 400\">Han har gennemf\u00f8rt videreg\u00e5ende studier ved flere institutioner: en master i teologi fra Catholic Theological Union i Chicago og en doktorgrad i kanonisk ret fra Det P\u00e6pstlige Universitet Santo Tom\u00e1s de Aquino i Rom (Angelicum).<\/p><\/p>\n\n<p>I 1985 blev han udsendt som augustiner-mission\u00e6r til Peru. Han tjente i Chulucanas. I 1988 skiftede han mission til Trujillo. Der varetog han embedet som prior for menigheden (1988-1992). I 1999 blev han valgt til provinsprior for provinsen \u201dMother of Good Counsel\u201d i Chicago.<\/p>\n\n<p><p style=\"font-weight: 400\">I \u00e5rene 2001 til 2013 var han generalprior for Augustinerordenen.<\/p><\/p>\n\n<p><p style=\"font-weight: 400\">I 2014 blev han udn\u00e6vnt til apostolisk administrator for bisped\u00f8mmet Chiclayo. Han blev bispeviet den 12. december, p\u00e5 festdagen for Vor Frue af Guadalupe. Han har v\u00e6ret biskop af Chiclayo siden den 26. november 2015. Han var n\u00e6stformand for den peruvianske bispekonference mellem 2018 og 2023.<\/p><\/p>\n\n<p>Medlem af Kongregationen for Pr\u00e6ster i 2019 og medlem af Kongregationen for Biskopper i 2020. Den 15. april samme \u00e5r udn\u00e6vnte paven ham til apostolisk administrator for bisped\u00f8mmet Callao.<\/p>\n\n<p><p style=\"font-weight: 400\">Den 30. januar 2023 udn\u00e6vnte pave Frans ham til pr\u00e6fekt for Dikasteriet for Biskopper. Samme \u00e5r blev han udn\u00e6vnt til kardinal og formand for Den P\u00e6pstlige Kommission for Latinamerika.<\/p><\/p>\n\n<p><p style=\"font-weight: 400\">Efter pave Frans&#8217; d\u00f8d valgte konklavet, der var samlet i Rom, Robert Prevost som ny pave den 8. maj 2025, p\u00e5 festdagen for Jomfruen af Pompeji.<\/p><br \/><p style=\"font-weight: 400\"><\/p><\/p>\n\n<p><p style=\"font-weight: 400\">Pave Leo XIV&#8217;s motto er \u00abIn Illo uno unum\u00bb, som p\u00e5 latin betyder \u00abI Den Ene er vi \u00e9t\u00bb eller \u00abI Ham, den Ene\u00bb. Denne s\u00e6tning, der er hentet fra en udl\u00e6gning af Augustinus over Salme 127, understreger hans fokus p\u00e5 enhed og f\u00e6llesskab blandt de kristne i Kristus.<\/p><\/p>\n\n<div style=\"height:20px\" aria-hidden=\"true\" class=\"wp-block-spacer\"><\/div>\n\n<hr class=\"wp-block-separator aligncenter has-alpha-channel-opacity is-style-wide\" \/>\n\n<div style=\"height:20px\" aria-hidden=\"true\" class=\"wp-block-spacer\"><\/div>\n\n<h3 class=\"wp-block-heading has-text-align-center\">Dokumenter<\/h3>\n\n<div style=\"height:40px\" aria-hidden=\"true\" class=\"wp-block-spacer\"><\/div>\n\n<section id=\"search-2\" class=\"widget widget_search\">\r\n\t<label for=\"search-form-5e59be1dc1b02\">\r\n\t\t<span class=\"screen-reader-text\">Buscar:<\/span>\r\n        <\/label>\r\n\t<button type=\"submit\" class=\"search-submit\">\r\n    \t<span class=\"screen-reader-text\">Buscar<\/span>\r\n        <i class=\"icon-magnifier\"><\/i>\r\n    <\/button>\r\n\r\n<\/section>\n<div style=\"height:40px\" aria-hidden=\"true\" class=\"wp-block-spacer\"><\/div>\n\n<div class=\"wp-block-columns are-vertically-aligned-center is-layout-flex wp-container-core-columns-is-layout-9d6595d7 wp-block-columns-is-layout-flex\">\n<div class=\"wp-block-column is-vertically-aligned-center is-layout-flow wp-block-column-is-layout-flow\">\n<h4 class=\"wp-block-heading has-text-align-center\">\u00c5r 2025<\/h4>\n\n\n\n<div style=\"height:20px\" aria-hidden=\"true\" class=\"wp-block-spacer\"><\/div>\n\n\n\n<figure class=\"wp-block-embed aligncenter is-type-wp-embed is-provider-camino-neocatecumenal wp-block-embed-camino-neocatecumenal\"><div class=\"wp-block-embed__wrapper\">\r\n<blockquote class=\"wp-embedded-content\" data-secret=\"o6PytApl43\"><a href=\"https:\/\/neocatechumenaleiter.org\/da\/pave-leo-xiv-modtager-kiko-arguello-initiativtager-til-den-neokatekumenale-vandring\/\">El Papa Le\u00f3n XIV recibe a Kiko Arguello, iniciador del Camino\u00a0Neocatecumenal<\/a><\/blockquote><iframe loading=\"lazy\" class=\"wp-embedded-content\" sandbox=\"allow-scripts\" security=\"restricted\" style=\"position: absolute; visibility: hidden;\" title=\"&#8220;El Papa Le\u00f3n XIV recibe a Kiko Arguello, iniciador del Camino\u00a0Neocatecumenal&#8221; &#8211; Den Neokatekumenale vandring\" src=\"https:\/\/neocatechumenaleiter.org\/da\/pave-leo-xiv-modtager-kiko-arguello-initiativtager-til-den-neokatekumenale-vandring\/embed\/#?secret=ghJJpqP5Q3#?secret=o6PytApl43\" data-secret=\"o6PytApl43\" width=\"600\" height=\"338\" frameborder=\"0\" marginwidth=\"0\" marginheight=\"0\" scrolling=\"no\"><\/iframe>\r\n<\/div><\/figure><br>\n<\/div>\n\n\n\n<div class=\"wp-block-column is-vertically-aligned-center is-layout-flow wp-block-column-is-layout-flow\">\n<h4 class=\"wp-block-heading has-text-align-center\">\u00c5r 2026<\/h4>\n\n\n\n<div style=\"height:20px\" aria-hidden=\"true\" class=\"wp-block-spacer\"><\/div>\n\n\n\n<figure class=\"wp-block-embed aligncenter is-type-wp-embed is-provider-camino-neocatecumenal wp-block-embed-camino-neocatecumenal\"><div class=\"wp-block-embed__wrapper\">\r\n<blockquote class=\"wp-embedded-content\" data-secret=\"DU9zaC7WBn\"><a href=\"https:\/\/neocatechumenaleiter.org\/da\/den-neokatekumenale-vandring-et-vaerdifuldt-bidrag-til-kirkens-liv\/\">El Camino Neocatecumenal: &#8220;Una preciosa contribuci\u00f3n para la vida de la Iglesia&#8221;<\/a><\/blockquote><iframe loading=\"lazy\" class=\"wp-embedded-content\" sandbox=\"allow-scripts\" security=\"restricted\" style=\"position: absolute; visibility: hidden;\" title=\"&#8220;El Camino Neocatecumenal: &#8220;Una preciosa contribuci\u00f3n para la vida de la Iglesia&#8221;&#8221; &#8211; Den Neokatekumenale vandring\" src=\"https:\/\/neocatechumenaleiter.org\/da\/den-neokatekumenale-vandring-et-vaerdifuldt-bidrag-til-kirkens-liv\/embed\/#?secret=8LjcDCBBCu#?secret=DU9zaC7WBn\" data-secret=\"DU9zaC7WBn\" width=\"600\" height=\"338\" frameborder=\"0\" marginwidth=\"0\" marginheight=\"0\" scrolling=\"no\"><\/iframe>\r\n<\/div><\/figure><br>\n<\/div>\n<\/div>\n\n<div style=\"height:40px\" aria-hidden=\"true\" class=\"wp-block-spacer\"><\/div>\n","protected":false},"excerpt":{"rendered":"<p>Leo XIV Biografi Robert Francis Prevost blev f\u00f8dt den 14. september 1955 i Chicago, Illinois (USA). Allerede som ung tr\u00e5dte han ind i Augustinerordenen (OSA), hvor han aflagde sine h\u00f8jtidelige l\u00f8fter den 29. august 1981 og blev ordineret til pr\u00e6st den 19. juni 1982. Han har gennemf\u00f8rt videreg\u00e5ende studier ved flere institutioner: en master i teologi fra Catholic Theological Union i Chicago og en doktorgrad i kanonisk ret fra Det<\/p>\n<div class=\"read-more\"><a class=\"btn read-more-btn\" href=\"https:\/\/neocatechumenaleiter.org\/da\/pavernes-ord\/leo-xiv\/\">L\u00e6s mere<\/a><\/div>\n","protected":false},"author":2,"featured_media":0,"parent":37260,"menu_order":0,"comment_status":"closed","ping_status":"closed","template":"","meta":{"footnotes":""},"class_list":["post-48627","page","type-page","status-publish","hentry"],"_links":{"self":[{"href":"https:\/\/neocatechumenaleiter.org\/da\/wp-json\/wp\/v2\/pages\/48627","targetHints":{"allow":["GET"]}}],"collection":[{"href":"https:\/\/neocatechumenaleiter.org\/da\/wp-json\/wp\/v2\/pages"}],"about":[{"href":"https:\/\/neocatechumenaleiter.org\/da\/wp-json\/wp\/v2\/types\/page"}],"author":[{"embeddable":true,"href":"https:\/\/neocatechumenaleiter.org\/da\/wp-json\/wp\/v2\/users\/2"}],"replies":[{"embeddable":true,"href":"https:\/\/neocatechumenaleiter.org\/da\/wp-json\/wp\/v2\/comments?post=48627"}],"version-history":[{"count":1,"href":"https:\/\/neocatechumenaleiter.org\/da\/wp-json\/wp\/v2\/pages\/48627\/revisions"}],"predecessor-version":[{"id":48629,"href":"https:\/\/neocatechumenaleiter.org\/da\/wp-json\/wp\/v2\/pages\/48627\/revisions\/48629"}],"up":[{"embeddable":true,"href":"https:\/\/neocatechumenaleiter.org\/da\/wp-json\/wp\/v2\/pages\/37260"}],"wp:attachment":[{"href":"https:\/\/neocatechumenaleiter.org\/da\/wp-json\/wp\/v2\/media?parent=48627"}],"curies":[{"name":"wp","href":"https:\/\/api.w.org\/{rel}","templated":true}]}}