{"id":10096,"date":"2020-02-25T03:18:03","date_gmt":"2020-02-25T02:18:03","guid":{"rendered":"https:\/\/neocatechumenaleiter.org\/mario-pezzi\/"},"modified":"2021-08-10T10:56:27","modified_gmt":"2021-08-10T09:56:27","slug":"mario-pezzi","status":"publish","type":"page","link":"https:\/\/neocatechumenaleiter.org\/de\/geschichte\/mario-pezzi\/","title":{"rendered":"Mario Pezzi"},"content":{"rendered":"\n<h1 class=\"wp-block-heading\"><strong>Mario Pezzi<\/strong><\/h1>\n\n<div class=\"wp-block-image is-style-circle-mask\"><figure class=\"alignleft size-medium\"><img loading=\"lazy\" decoding=\"async\" width=\"245\" height=\"300\" src=\"https:\/\/neocatechumenaleiter.org\/wp-content\/uploads\/2020\/02\/Camino_Neocatecumenal_Mario_Pezzi-245x300.jpg\" alt=\"Mario Pezzi\" class=\"wp-image-230\" srcset=\"https:\/\/neocatechumenaleiter.org\/wp-content\/uploads\/2020\/02\/Camino_Neocatecumenal_Mario_Pezzi-245x300.jpg 245w, https:\/\/neocatechumenaleiter.org\/wp-content\/uploads\/2020\/02\/Camino_Neocatecumenal_Mario_Pezzi-837x1024.jpg 837w, https:\/\/neocatechumenaleiter.org\/wp-content\/uploads\/2020\/02\/Camino_Neocatecumenal_Mario_Pezzi-768x940.jpg 768w, https:\/\/neocatechumenaleiter.org\/wp-content\/uploads\/2020\/02\/Camino_Neocatecumenal_Mario_Pezzi.jpg 994w\" sizes=\"auto, (max-width: 245px) 100vw, 245px\" \/><\/figure><\/div>\n\n<p>Mario Pezzi wurde am 19. September 1942 in Gottolengo (Brescia, Italien) als drittes von f\u00fcnf Geschwistern geboren. Mit zehn Jahren trat er in das Seminar der Comboni-Missionare ein. Nach dem Noviziat wurde er von den Vorgesetzten nach Rom zum Internationalen Scholastikat geschickt und studierte Theologie an der P\u00e4pstlichen Urbaniana-Universit\u00e4t. Er wurde am 19. M\u00e4rz 1969 zum Priester geweiht und promovierte in dogmatischer Theologie an der P\u00e4pstlichen Gregorianischen Universit\u00e4t bei Professor Pater Zoltan Alszeghy.<\/p>\n\n<p>Im selben Jahr traf er Kiko und Carmen, die Initiatoren des Neokatechumenalen Wegs, und besuchte in der Pfarrei Nativit\u00e0 in Rom die letzten Abende der Anfangskatechese. Im Januar 1970 h\u00f6rte er noch einmal die gesamte Katechese in der Pfarrei Hl. Johannes von Gott, wo er als Seelsorger t\u00e4tig war. So wurde er Teil der ersten neokatechumenalen Gemeinschaft dieser Pfarrei. Im Weg sah er eine Hoffnung f\u00fcr das Katechumenat der Afrika-Missionen seiner Ordensgemeinschaft, insbesondere nach der tragischen Erfahrung der Massaker, die sich in Burundi unter den Christen ereignet hatten. F\u00fcr die Vorbereitung auf die Afrika-Mission erhielt er von den Vorgesetzen die Erlaubnis, eine Erfahrung als Itinerant des Weges zu machen. Im September 1970 unterbrach er die Arbeit an seiner Promotion und wurde von Kiko und Carmen ausgesandt, den Weg in zwei Pfarreien der Di\u00f6zesen Brescia und Mailand sowie im Januar 1971 in der Pfarrei Sankt Leo in Catania zu beginnen.<\/p>\n\n<p>Im Juni 1971 luden ihn Kiko und Carmen ein, Don Francesco Cuppini zu ersetzen, den Priester, der sie seit 1968 begleitete. So wurde P. Mario zu einer Zeit Teil ihres Teams, als sie in Italien evangelisierten, vor allem in Rom, Florenz und Ivrea. Wenn Kiko und Carmen in Spanien t\u00e4tig waren, begleitete sie Pater Jes\u00fas Bl\u00e1zquez \u2013 so wurde Pater Mario in die Lombardei und sp\u00e4ter nach Portugal entsandt, um dort zu evangelisieren. Im Dezember 1981 wurde er mit einem Brief des Generaloberen der Comboni-Missionare als Itinerant seines Ordens in die sudanesische Hauptstadt Khartum geschickt \u2013 ins Herz der Comboni-Missionen \u2013 und im M\u00e4rz 1982 ins ugandische Kampala. Danach unternahm er noch weitere Reisen in Afrika: Er besuchte mehrere Bisch\u00f6fe in Kenia, die Familien in Mission des Weges an der Elfenbeink\u00fcste, in Kamerun und Sambia, sowie die Seminare \u201eRedemptoris Mater\u201c in Kitwe (Sambia), Douala (Kamerun), Daressalam (Tansania), Goma (Kongo) und Morondava (Madagaskar). Um den Weg zu verbreiten reiste er au\u00dferdem zu Bisch\u00f6fen in Angola und Mosambik und nach Bangui (Zentralafrikanische Republik) und Bujumbura (Burundi).<\/p>\n\n<p>Seit 1982 ist Pater Mario Vollmitglied des Verantwortlichen-Teams f\u00fcr den Neokatechumenalen Weg zusammen mit Kiko und Carmen. Bis heute begleitet er sie in den Beziehungen zu den P\u00e4psten, dem Heiligen Stuhl und den Bisch\u00f6fen sowie bei Etappen, Itineranten-Weltgemeinschaftstagen, internationale Reisen und Treffen, sowie bei internationalen Reisen und Tagungen. Im Jahr 1992 forderte ihn die neue Leitung der Comboni-Missionare auf, sich erneut dem Institut anzuschlie\u00dfen oder sich in der Di\u00f6zese Rom zu inkardinieren. So verlie\u00df er das Institut und wurde vom Kardinalvikar Msgr. Camilo Ruini als Itineranten-Priester aufgenommen.<\/p>\n\n<p>Mit der Genehmigung der Statuten \u2013 2002 ad experimentum und dann 2008 endg\u00fcltig \u2013 wurde Pater Mario vom Heiligen Stuhl zum Priester des Internationalen Teams ernannt, um mit Kiko und Carmen zusammenzuarbeiten.<\/p>\n","protected":false},"excerpt":{"rendered":"<p>Mario Pezzi Mario Pezzi wurde am 19. September 1942 in Gottolengo (Brescia, Italien) als drittes von f\u00fcnf Geschwistern geboren. Mit zehn Jahren trat er in das Seminar der Comboni-Missionare ein. Nach dem Noviziat wurde er von den Vorgesetzten nach Rom zum Internationalen Scholastikat geschickt und studierte Theologie an der P\u00e4pstlichen Urbaniana-Universit\u00e4t. Er wurde am 19. M\u00e4rz 1969 zum Priester geweiht und promovierte in dogmatischer Theologie an der P\u00e4pstlichen Gregorianischen Universit\u00e4t<\/p>\n<div class=\"read-more\"><a class=\"btn read-more-btn\" href=\"https:\/\/neocatechumenaleiter.org\/de\/geschichte\/mario-pezzi\/\">Mehr lesen<\/a><\/div>\n","protected":false},"author":2,"featured_media":0,"parent":10100,"menu_order":0,"comment_status":"closed","ping_status":"closed","template":"","meta":{"footnotes":""},"class_list":["post-10096","page","type-page","status-publish","hentry"],"_links":{"self":[{"href":"https:\/\/neocatechumenaleiter.org\/de\/wp-json\/wp\/v2\/pages\/10096","targetHints":{"allow":["GET"]}}],"collection":[{"href":"https:\/\/neocatechumenaleiter.org\/de\/wp-json\/wp\/v2\/pages"}],"about":[{"href":"https:\/\/neocatechumenaleiter.org\/de\/wp-json\/wp\/v2\/types\/page"}],"author":[{"embeddable":true,"href":"https:\/\/neocatechumenaleiter.org\/de\/wp-json\/wp\/v2\/users\/2"}],"replies":[{"embeddable":true,"href":"https:\/\/neocatechumenaleiter.org\/de\/wp-json\/wp\/v2\/comments?post=10096"}],"version-history":[{"count":2,"href":"https:\/\/neocatechumenaleiter.org\/de\/wp-json\/wp\/v2\/pages\/10096\/revisions"}],"predecessor-version":[{"id":23775,"href":"https:\/\/neocatechumenaleiter.org\/de\/wp-json\/wp\/v2\/pages\/10096\/revisions\/23775"}],"up":[{"embeddable":true,"href":"https:\/\/neocatechumenaleiter.org\/de\/wp-json\/wp\/v2\/pages\/10100"}],"wp:attachment":[{"href":"https:\/\/neocatechumenaleiter.org\/de\/wp-json\/wp\/v2\/media?parent=10096"}],"curies":[{"name":"wp","href":"https:\/\/api.w.org\/{rel}","templated":true}]}}