{"id":10098,"date":"2020-02-25T03:20:35","date_gmt":"2020-02-25T02:20:35","guid":{"rendered":"https:\/\/neocatechumenaleiter.org\/maria-ascension\/"},"modified":"2026-03-12T17:02:12","modified_gmt":"2026-03-12T16:02:12","slug":"maria-ascension","status":"publish","type":"page","link":"https:\/\/neocatechumenaleiter.org\/de\/geschichte\/maria-ascension\/","title":{"rendered":"Mar\u00eda Ascensi\u00f3n"},"content":{"rendered":"\n<h1 class=\"wp-block-heading\"><strong>Mar\u00eda Ascensi\u00f3n Romero<\/strong><\/h1>\n<div class=\"wp-block-image is-style-circle-mask\">\n<figure class=\"alignleft size-medium\"><img loading=\"lazy\" decoding=\"async\" width=\"245\" height=\"300\" src=\"https:\/\/neocatechumenaleiter.org\/wp-content\/uploads\/2020\/02\/Camino_Neocatecumenal_Maria_Ascension_Romero-245x300.jpg\" alt=\"Mar&#xED;a Ascensi&#xF3;n Romero\" class=\"wp-image-235\" srcset=\"https:\/\/neocatechumenaleiter.org\/wp-content\/uploads\/2020\/02\/Camino_Neocatecumenal_Maria_Ascension_Romero-245x300.jpg 245w, https:\/\/neocatechumenaleiter.org\/wp-content\/uploads\/2020\/02\/Camino_Neocatecumenal_Maria_Ascension_Romero-837x1024.jpg 837w, https:\/\/neocatechumenaleiter.org\/wp-content\/uploads\/2020\/02\/Camino_Neocatecumenal_Maria_Ascension_Romero-768x940.jpg 768w, https:\/\/neocatechumenaleiter.org\/wp-content\/uploads\/2020\/02\/Camino_Neocatecumenal_Maria_Ascension_Romero.jpg 994w\" sizes=\"auto, (max-width: 245px) 100vw, 245px\" \/><\/figure><\/div>\n<p>Mar\u00eda Ascensi\u00f3n Romero Ant\u00f3n trat im Januar 2018 dem internationalen Team des Neokatechumenalen Weges bei, nachdem das vatikanische Dikasterium f\u00fcr Laien, die Familie und das Leben dies gem\u00e4\u00df den Statuten des Weges beantragt hatte.<\/p>\n\n<p>Mar\u00eda Ascensi\u00f3n wurde am 27. Mai 1960 in Tudela, Navarra (Spanien) geboren. Sie ist das dritte von vier Geschwistern und studierte an der Schule \u201eCompa\u00f1\u00eda de Mar\u00eda\u201c (dieselbe, an der Carmen Hern\u00e1ndez ausgebildet wurde). Sp\u00e4ter zog sie nach Soria, um Lehramt zu studieren. Dort traf sie im Alter von 19 Jahren auf den Neokatechumenalen Weg.<\/p>\n\n<p>Sie ging den Weg mehrere Jahre in einer neokatechumenalen Gemeinschaft in Tudela, bis sie nach Madrid zog, um als Lehrerin zu arbeiten. Dort setzte sie den Weg in der Pfarrei Santa Catalina de Siena fort.<\/p>\n\n<p>Beim WJT in Santiago de Compostela mit Johannes Paul II. sp\u00fcrte sie den Ruf zur Evangelisierung, den sie sp\u00e4ter bei dem Berufstreffen mit den Initiatoren des Wegs in Saragossa best\u00e4tigte.<\/p>\n\n<p>Im Jahr 1991 ging sie auf ihre erste Mission als Itinerantin in der Di\u00f6zese Ciudad Real (Spanien). Im darauffolgenden Jahr reiste sie zur Mission in die ehemalige Sowjetunion, wo sie 25 Jahre lang in Wei\u00dfrussland, Kasachstan und Russland in der Evangelisierung t\u00e4tig war.<\/p>\n\n<p>Am 2. Februar 2018 wurde sie offiziell zum Mitglied des Internationalen Teams f\u00fcr den Neokatechumenalen Weg ernannt.<\/p>\n","protected":false},"excerpt":{"rendered":"<p>Mar\u00eda Ascensi\u00f3n Romero Mar\u00eda Ascensi\u00f3n Romero Ant\u00f3n trat im Januar 2018 dem internationalen Team des Neokatechumenalen Weges bei, nachdem das vatikanische Dikasterium f\u00fcr Laien, die Familie und das Leben dies gem\u00e4\u00df den Statuten des Weges beantragt hatte. Mar\u00eda Ascensi\u00f3n wurde am 27. Mai 1960 in Tudela, Navarra (Spanien) geboren. Sie ist das dritte von vier Geschwistern und studierte an der Schule \u201eCompa\u00f1\u00eda de Mar\u00eda\u201c (dieselbe, an der Carmen Hern\u00e1ndez ausgebildet<\/p>\n<div class=\"read-more\"><a class=\"btn read-more-btn\" href=\"https:\/\/neocatechumenaleiter.org\/de\/geschichte\/maria-ascension\/\">Mehr lesen<\/a><\/div>\n","protected":false},"author":2,"featured_media":0,"parent":10100,"menu_order":0,"comment_status":"closed","ping_status":"closed","template":"","meta":{"footnotes":""},"class_list":["post-10098","page","type-page","status-publish","hentry"],"_links":{"self":[{"href":"https:\/\/neocatechumenaleiter.org\/de\/wp-json\/wp\/v2\/pages\/10098","targetHints":{"allow":["GET"]}}],"collection":[{"href":"https:\/\/neocatechumenaleiter.org\/de\/wp-json\/wp\/v2\/pages"}],"about":[{"href":"https:\/\/neocatechumenaleiter.org\/de\/wp-json\/wp\/v2\/types\/page"}],"author":[{"embeddable":true,"href":"https:\/\/neocatechumenaleiter.org\/de\/wp-json\/wp\/v2\/users\/2"}],"replies":[{"embeddable":true,"href":"https:\/\/neocatechumenaleiter.org\/de\/wp-json\/wp\/v2\/comments?post=10098"}],"version-history":[{"count":3,"href":"https:\/\/neocatechumenaleiter.org\/de\/wp-json\/wp\/v2\/pages\/10098\/revisions"}],"predecessor-version":[{"id":48103,"href":"https:\/\/neocatechumenaleiter.org\/de\/wp-json\/wp\/v2\/pages\/10098\/revisions\/48103"}],"up":[{"embeddable":true,"href":"https:\/\/neocatechumenaleiter.org\/de\/wp-json\/wp\/v2\/pages\/10100"}],"wp:attachment":[{"href":"https:\/\/neocatechumenaleiter.org\/de\/wp-json\/wp\/v2\/media?parent=10098"}],"curies":[{"name":"wp","href":"https:\/\/api.w.org\/{rel}","templated":true}]}}