{"id":10102,"date":"2020-02-25T03:14:42","date_gmt":"2020-02-25T02:14:42","guid":{"rendered":"https:\/\/neocatechumenaleiter.org\/geschichte\/kiko-argueello\/"},"modified":"2021-08-10T10:56:15","modified_gmt":"2021-08-10T09:56:15","slug":"kiko-argueello","status":"publish","type":"page","link":"https:\/\/neocatechumenaleiter.org\/de\/geschichte\/kiko-argueello\/","title":{"rendered":"Kiko Arg\u00fcello"},"content":{"rendered":"\n<h1 class=\"wp-block-heading\"><strong>Kiko Arg\u00fcello<\/strong><\/h1>\n\n<div class=\"wp-block-image is-style-circle-mask\"><figure class=\"alignleft size-medium\"><img loading=\"lazy\" decoding=\"async\" width=\"245\" height=\"300\" src=\"https:\/\/neocatechumenaleiter.org\/wp-content\/uploads\/2020\/02\/Camino_Neocatecumenal_Kiko_Arguello-245x300.jpg\" alt=\"Kiko Arg&#xFC;ello\" class=\"wp-image-220\"\/><\/figure><\/div>\n\n<p>Francisco Jos\u00e9 G\u00f3mez de Arg\u00fcello Wirtz ist am 9. Januar 1939 in Le\u00f3n (Spanien) geboren. Er hat Bildende Kunst an der San Fernando Akademie in Madrid studiert und 1959 den au\u00dferordentlichen Nationalen Preis f\u00fcr Malerei erhalten. Nach einer tiefen existenziellen Krise erlebte er eine ernsthafte Bekehrung, die ihn dazu bringt, sein Leben Jesus Christus und der Kirche zu widmen.<\/p>\n\n<p>Im Jahr 1960 gr\u00fcndete er zusammen mit dem Bildhauer Coomontes und dem Glasmacher Mu\u00f1oz de Pablos die Forschungs- und Entwicklungsgruppe f\u00fcr Sakralkunst \u201eGremio 62\u201c. Er organisierte Ausstellungen in Madrid (Biblioteca Nacional) und vertrat 1964, vom Kulturministerium benannt, Spanien bei der Weltausstellung f\u00fcr sakrale Kunst in Royan (Frankreich). In den Niederlanden (1965) stellte er einige seiner Werke aus (Galerie Nouvelles Images).<\/p>\n\n<p>In der \u00dcberzeugung, dass Christus im Leiden der Unschuldigen und der Letzten der Erde gegenw\u00e4rtig ist, zog Kiko 1964 zu den Armen in eine Baracke in Palomeras Altas am Stadtrand Madrids. Dort lernte er Carmen Hern\u00e1ndez kennen. In der Lebensrealit\u00e4t der Armen entdecken beide eine neue Weise der Verk\u00fcndigung in Form einer kerygmatisch-katechetischen Synthese, die zur Bildung einer kleinen christlichen Gemeinschaft f\u00fchrt. Diese Gemeinschaft, in der die Liebe zum gekreuzigten Christus sichtbar ist, wird zum Saatkorn: Dank des damaligen Erzbischofs von Madrid, Mons. Casimiro Morcillo, kann dieser Same auch in den Pfarreien von Madrid und sp\u00e4ter in denen von Rom und andere Nationen aufgehen.<\/p>\n\n<p>Nach seiner Bekehrung hat Kiko seine k\u00fcnstlerischen F\u00e4higkeiten in den Dienst der Kirche stellen wollen. Durch Malerei, Musik und vor allem durch Architektur und Bildhauerei m\u00f6chte er eine \u201eneue \u00c4sthetik\u201c f\u00f6rdern, die den Menschen den Zugang zum Glauben erleichtert.<\/p>\n\n<p>Als Maler hat er wichtige Werke auf der ganzen Welt realisiert. Bemerkenswert sind namentlich seine Werke in Murcia und Madrid, wo er in der Kathedrale den Ikonenzyklus des Lebens Christi gemalt hat. In Italien hat er vor kurzem ein gro\u00dfes Fresko im Priesterseminar Redemptoris Mater in Rom ausgef\u00fchrt. Seine Werke sind in mehreren r\u00f6mischen Pfarreien zu finden, darunter die Kanadischen M\u00e4rtyrer, sowie in St\u00e4dten wie Piacenza und Perugia. Ein weiteres Beispiel f\u00fcr seine Arbeit ist ein gro\u00dfes Fresko vom J\u00fcngsten Gericht im Domus Galilaeae (Israel) \u2013  ein Begegnungszentrum, das auf dem Berg der Seligpreisungen entstanden ist und nach dem ausdr\u00fccklichen Wunsch des Hl. Johannes Paul II. auch dazu dienen soll, den Dialog mit dem j\u00fcdischen Volk zu f\u00f6rdern.<\/p>\n\n<p>Als Architekt hat er eine neue \u00c4sthetik f\u00fcr Pfarreien und Seminare entwickelt, wof\u00fcr er auch besondere Kirchenfenster entworfen hat. Beispiele daf\u00fcr finden sich in Spanien, Italien, Nicaragua, den USA, Finnland, der Dominikanischen Republik und in einigen asiatischen und afrikanischen L\u00e4ndern. Als bedeutendstes Werk, das diese neue \u00c4sthetik zum Ausdruck bringt, darf sicher das Domus Galilaeae gelten.<\/p>\n\n<p>Im Laufe der Jahre hat Kiko f\u00fcr den Neokatechumenalen Weg verschiedene Musikkompositionen und Lieder geschaffen. Seit seiner Zeit mit Bibel und Gitarre in den Baracken von Palomeras Altas hat er mehr als 300 Lieder komponiert, die im Liederbuch \u201eCHRISTUS ERSTAND \u2013 Lieder f\u00fcr die Neokatechumenalen Gemeinschaften\u201c gesammelt sind. Einige werden aktuell in zahlreichen Pfarreien auf der ganzen Welt gesungen und wurden mehrfach in Anwesenheit der verschiedenen P\u00e4pste vorgetragen. Kiko hat f\u00fcr sie auch die musikalische Begleitung f\u00fcr eine Vielzahl von Instrumenten geschrieben.<\/p>\n\n<p>Im Jahr 2010 gr\u00fcndete Arg\u00fcello das Symphonieorchester des Neokatechumenalen Wegs und komponierte das Werk \u201eDas Leiden der Unschuldigen\u201c, das den Schmerz der Jungfrau am Fu\u00dfe des Kreuzes thematisiert. Nach der Auff\u00fchrung der Symphonie vor zahlreichen W\u00fcrdentr\u00e4gern und 200 Bisch\u00f6fen in Israel, zeigten sich viele j\u00fcdische Zuh\u00f6rer tief beeindruckt. Sie erkl\u00e4rten, dass sie sich mit dieser Komposition im Schmerz der Shoah von der Kirche verstanden und geliebt gef\u00fchlt h\u00e4tten. Seitdem ist die Symphonie zu einer Br\u00fccke des Dialogs zwischen dem j\u00fcdischen Volk und der katholischen Kirche geworden. Sie wurde an zahlreichen Orten aufgef\u00fchrt, unter anderem im Vatikan und einmal in Anwesenheit von Benedikt XVI., sowie in Jerusalem, Bethlehem, Madrid, Paris, Tokio, New York, Chicago, Boston, D\u00fcsseldorf und Auschwitz.<\/p>\n\n<p>Kiko Arg\u00fcello ist auch Autor von zwei B\u00fcchern: Er ver\u00f6ffentlichte 2012 \u201eDas Kerygma, in den Baracken mit den Armen\u201c und 2016 die Sammlung \u201eAnotaciones, 1988-2014\u201c.<\/p>\n","protected":false},"excerpt":{"rendered":"<p>Kiko Arg\u00fcello Francisco Jos\u00e9 G\u00f3mez de Arg\u00fcello Wirtz ist am 9. Januar 1939 in Le\u00f3n (Spanien) geboren. Er hat Bildende Kunst an der San Fernando Akademie in Madrid studiert und 1959 den au\u00dferordentlichen Nationalen Preis f\u00fcr Malerei erhalten. Nach einer tiefen existenziellen Krise erlebte er eine ernsthafte Bekehrung, die ihn dazu bringt, sein Leben Jesus Christus und der Kirche zu widmen. Im Jahr 1960 gr\u00fcndete er zusammen mit dem Bildhauer<\/p>\n<div class=\"read-more\"><a class=\"btn read-more-btn\" href=\"https:\/\/neocatechumenaleiter.org\/de\/geschichte\/kiko-argueello\/\">Mehr lesen<\/a><\/div>\n","protected":false},"author":2,"featured_media":0,"parent":10100,"menu_order":0,"comment_status":"closed","ping_status":"closed","template":"","meta":{"footnotes":""},"class_list":["post-10102","page","type-page","status-publish","hentry"],"_links":{"self":[{"href":"https:\/\/neocatechumenaleiter.org\/de\/wp-json\/wp\/v2\/pages\/10102","targetHints":{"allow":["GET"]}}],"collection":[{"href":"https:\/\/neocatechumenaleiter.org\/de\/wp-json\/wp\/v2\/pages"}],"about":[{"href":"https:\/\/neocatechumenaleiter.org\/de\/wp-json\/wp\/v2\/types\/page"}],"author":[{"embeddable":true,"href":"https:\/\/neocatechumenaleiter.org\/de\/wp-json\/wp\/v2\/users\/2"}],"replies":[{"embeddable":true,"href":"https:\/\/neocatechumenaleiter.org\/de\/wp-json\/wp\/v2\/comments?post=10102"}],"version-history":[{"count":3,"href":"https:\/\/neocatechumenaleiter.org\/de\/wp-json\/wp\/v2\/pages\/10102\/revisions"}],"predecessor-version":[{"id":20091,"href":"https:\/\/neocatechumenaleiter.org\/de\/wp-json\/wp\/v2\/pages\/10102\/revisions\/20091"}],"up":[{"embeddable":true,"href":"https:\/\/neocatechumenaleiter.org\/de\/wp-json\/wp\/v2\/pages\/10100"}],"wp:attachment":[{"href":"https:\/\/neocatechumenaleiter.org\/de\/wp-json\/wp\/v2\/media?parent=10102"}],"curies":[{"name":"wp","href":"https:\/\/api.w.org\/{rel}","templated":true}]}}