{"id":10106,"date":"2020-02-28T05:58:40","date_gmt":"2020-02-28T04:58:40","guid":{"rendered":"https:\/\/neocatechumenaleiter.org\/hl-paul-vi\/"},"modified":"2021-08-10T10:58:50","modified_gmt":"2021-08-10T09:58:50","slug":"hl-paul-vi","status":"publish","type":"page","link":"https:\/\/neocatechumenaleiter.org\/de\/worte-der-paepste\/hl-paul-vi\/","title":{"rendered":"Hl. Paul VI."},"content":{"rendered":"\n<h1 class=\"has-text-align-center wp-block-heading\">Hl. Paul VI.<\/h1>\n\n<div style=\"height:20px\" aria-hidden=\"true\" class=\"wp-block-spacer\"><\/div>\n\n<h4 class=\"has-text-align-center wp-block-heading\">Biografie<\/h4>\n\n<div style=\"height:20px\" aria-hidden=\"true\" class=\"wp-block-spacer\"><\/div>\n\n<div class=\"wp-block-image is-style-default\"><figure class=\"alignleft size-medium is-resized\"><img loading=\"lazy\" decoding=\"async\" src=\"https:\/\/neocatechumenaleiter.org\/wp-content\/uploads\/2020\/02\/Camino_Neocatecumenal_S_Pablo_VI-250x300.jpg\" alt=\"\" class=\"wp-image-891\" width=\"250\" height=\"300\" srcset=\"https:\/\/neocatechumenaleiter.org\/wp-content\/uploads\/2020\/02\/Camino_Neocatecumenal_S_Pablo_VI-250x300.jpg 250w, https:\/\/neocatechumenaleiter.org\/wp-content\/uploads\/2020\/02\/Camino_Neocatecumenal_S_Pablo_VI.jpg 500w\" sizes=\"auto, (max-width: 250px) 100vw, 250px\" \/><\/figure><\/div>\n\n<p>Giovanni Battista Enrico Antonio Maria Montini wurde am 26. September 1897 in der Lombardei (Italien) geboren.<\/p>\n\n<p>Am 29. Mai 1920 wurde er zum Priester geweiht.<\/p>\n\n<p>1954 wurde er zum Bischof und 1958 vom hl. Johannes XXIII. zum Kardinal ernannt.<\/p>\n\n<p>Am 21. Juni 1963 wurde er mit dem Namen Paul VI. zum Papst der katholischen Kirche gew\u00e4hlt.<\/p>\n\n<p>1965 gr\u00fcndete er die Synode der Bisch\u00f6fe und der Konzilsv\u00e4ter.<\/p>\n\n<p>Mit seiner im Jahr 1968 erschienenen Enzyklika <em>Humanae Vitae<\/em> verteidigte er das Leben und die Familie. Er schloss das Zweite Vatikanische Konzil ab.<\/p>\n\n<p>Paul VI. starb am 6. August 1978 in Castelgandolfo nach seinem 15\u2013j\u00e4hrigen Pontifikat.<\/p>\n\n<p>Er wurde am 19. Oktober 2014 seliggesprochen und am 14. Oktober 2018 von Papst Franziskus heiliggesprochen.<\/p>\n\n<div style=\"height:20px\" aria-hidden=\"true\" class=\"wp-block-spacer\"><\/div>\n\n<hr class=\"wp-block-separator\"\/>\n\n<div style=\"height:20px\" aria-hidden=\"true\" class=\"wp-block-spacer\"><\/div>\n\n<h3 class=\"has-text-align-center wp-block-heading\">Dokumente<\/h3>\n\n<div style=\"height:20px\" aria-hidden=\"true\" class=\"wp-block-spacer\"><\/div>\n<div class=\"columna-papas\">\r\n    <h4 class=\"has-text-align-center\">Jahr 1974<\/h4>\r\n    <div style=\"height:20px\" aria-hidden=\"true\" class=\"wp-block-spacer\"><\/div>\r\n    <a href=\"https:\/\/neocatechumenaleiter.org\/de\/worte-der-paepste\/hl-paul-vi\/generalaudienz-am-08-05-1974\/\"><h6 class=\"has-text-align-center\">Generalaudienz am 08.05.1974<\/h6><\/a>\r\n<\/div>\r\n<div class=\"columna-papas\" style=\"background: #f7f7f7;\">\r\n    <h4 class=\"has-text-align-center\">Jahr 1977<\/h4>\r\n    <div style=\"height:20px\" aria-hidden=\"true\" class=\"wp-block-spacer\"><\/div>\r\n    <a href=\"https:\/\/neocatechumenaleiter.org\/de\/worte-der-paepste\/hl-paul-vi\/generalaudienz-am-12-01-1977\/\"><h6 class=\"has-text-align-center\">Generalaudienz am 12.01.1977<\/h6><\/a>\r\n<\/div>","protected":false},"excerpt":{"rendered":"<p>Hl. Paul VI. Biografie Giovanni Battista Enrico Antonio Maria Montini wurde am 26. September 1897 in der Lombardei (Italien) geboren. Am 29. Mai 1920 wurde er zum Priester geweiht. 1954 wurde er zum Bischof und 1958 vom hl. Johannes XXIII. zum Kardinal ernannt. Am 21. Juni 1963 wurde er mit dem Namen Paul VI. zum Papst der katholischen Kirche gew\u00e4hlt. 1965 gr\u00fcndete er die Synode der Bisch\u00f6fe und der Konzilsv\u00e4ter.<\/p>\n<div class=\"read-more\"><a class=\"btn read-more-btn\" href=\"https:\/\/neocatechumenaleiter.org\/de\/worte-der-paepste\/hl-paul-vi\/\">Mehr lesen<\/a><\/div>\n","protected":false},"author":2,"featured_media":0,"parent":12055,"menu_order":0,"comment_status":"closed","ping_status":"closed","template":"","meta":{"footnotes":""},"class_list":["post-10106","page","type-page","status-publish","hentry"],"_links":{"self":[{"href":"https:\/\/neocatechumenaleiter.org\/de\/wp-json\/wp\/v2\/pages\/10106","targetHints":{"allow":["GET"]}}],"collection":[{"href":"https:\/\/neocatechumenaleiter.org\/de\/wp-json\/wp\/v2\/pages"}],"about":[{"href":"https:\/\/neocatechumenaleiter.org\/de\/wp-json\/wp\/v2\/types\/page"}],"author":[{"embeddable":true,"href":"https:\/\/neocatechumenaleiter.org\/de\/wp-json\/wp\/v2\/users\/2"}],"replies":[{"embeddable":true,"href":"https:\/\/neocatechumenaleiter.org\/de\/wp-json\/wp\/v2\/comments?post=10106"}],"version-history":[{"count":19,"href":"https:\/\/neocatechumenaleiter.org\/de\/wp-json\/wp\/v2\/pages\/10106\/revisions"}],"predecessor-version":[{"id":12904,"href":"https:\/\/neocatechumenaleiter.org\/de\/wp-json\/wp\/v2\/pages\/10106\/revisions\/12904"}],"up":[{"embeddable":true,"href":"https:\/\/neocatechumenaleiter.org\/de\/wp-json\/wp\/v2\/pages\/12055"}],"wp:attachment":[{"href":"https:\/\/neocatechumenaleiter.org\/de\/wp-json\/wp\/v2\/media?parent=10106"}],"curies":[{"name":"wp","href":"https:\/\/api.w.org\/{rel}","templated":true}]}}