{"id":10125,"date":"2020-02-29T19:59:09","date_gmt":"2020-02-29T18:59:09","guid":{"rendered":"https:\/\/neocatechumenaleiter.org\/benedikt-xvi\/"},"modified":"2021-08-10T11:05:17","modified_gmt":"2021-08-10T10:05:17","slug":"benedikt-xvi","status":"publish","type":"page","link":"https:\/\/neocatechumenaleiter.org\/de\/worte-der-paepste\/benedikt-xvi\/","title":{"rendered":"Benedikt XVI."},"content":{"rendered":"\n<h1 class=\"has-text-align-center wp-block-heading\">Benedikt XVI.<\/h1>\n\n<div style=\"height:21px\" aria-hidden=\"true\" class=\"wp-block-spacer\"><\/div>\n\n<h4 class=\"has-text-align-center wp-block-heading\">BIOGRAFIE<\/h4>\n\n<div style=\"height:20px\" aria-hidden=\"true\" class=\"wp-block-spacer\"><\/div>\n\n<div class=\"wp-block-image is-style-default\"><figure class=\"alignleft size-medium\"><img loading=\"lazy\" decoding=\"async\" width=\"250\" height=\"300\" src=\"https:\/\/neocatechumenaleiter.org\/wp-content\/uploads\/2020\/02\/Camino_Neocatecumenal_Papa_Benedicto_XVI-250x300.jpg\" alt=\"Emeritierter Papst Benedikt XVI.\" class=\"wp-image-873\" srcset=\"https:\/\/neocatechumenaleiter.org\/wp-content\/uploads\/2020\/02\/Camino_Neocatecumenal_Papa_Benedicto_XVI-250x300.jpg 250w, https:\/\/neocatechumenaleiter.org\/wp-content\/uploads\/2020\/02\/Camino_Neocatecumenal_Papa_Benedicto_XVI.jpg 500w\" sizes=\"auto, (max-width: 250px) 100vw, 250px\" \/><\/figure><\/div>\n\n<p>Joseph Ratzinger wurde am 16. April 1927 in Marktl am Inn (Deutschland) geboren.<\/p>\n\n<p>Am 29. Juni 1951 wurde er in M\u00fcnchen zum Priester geweiht. 1953 promovierte er in Theologie.<\/p>\n\n<p>Am 25. M\u00e4rz 1977 wurde er zum Erzbischof von M\u00fcnchen und Freising ernannt und drei Monate sp\u00e4ter, am 27. Juni, von Paul VI. zum Kardinal ernannt.<\/p>\n\n<p>1981 wurde er von Johannes Paul II. zum Pr\u00e4fekten der Glaubenskongregation, Pr\u00e4sidenten der P\u00e4pstlichen Biblischen Kommission und der P\u00e4pstlichen Internationalen Theologischen Kommission einberufen. Au\u00dferdem wurde er zum Pr\u00e4sidenten der Kommission zur Vorbereitung des Katechismus der katholischen Kirche ernannt. Am 3. Juli 2015 wurde ihm die Ehrendoktorw\u00fcrde verliehen.<\/p>\n\n<p>Am 19. April 2005 wurde er mit dem Namen Benedikt XVI. zum Papst der katholischen Kirche gew\u00e4hlt.<\/p>\n\n<p>Am 11. Februar 2013 verzichtete er auf das Papstamt und wurde emeritierter Papst.<\/p>\n\n<div style=\"height:20px\" aria-hidden=\"true\" class=\"wp-block-spacer\"><\/div>\n\n<hr class=\"wp-block-separator\"\/>\n\n<div style=\"height:20px\" aria-hidden=\"true\" class=\"wp-block-spacer\"><\/div>\n\n<h3 class=\"has-text-align-center wp-block-heading\">Dokumente<\/h3>\n\n<div style=\"height:20px\" aria-hidden=\"true\" class=\"wp-block-spacer\"><\/div>\n<section id=\"search-2\" class=\"widget widget_search\"><form role=\"search\" method=\"get\" class=\"search-form\" action=\"https:\/\/neocatechumenaleiter.org\/de\/\">\r\n<label for=\"search-form-5e59be1dc1b02\">\r\n<span class=\"screen-reader-text\">Suche><\/span>\r\n<input type=\"search\" id=\"search-form-5e59be1dc1b02\" class=\"search-field\" placeholder=\"Suche \u2026\" value=\"\" name=\"s\"\/><\/label>\r\n<button class=\"search-submit\" type=\"submit\">\r\n<span class=\"screen-reader-text\">Suche<\/span>\r\n<i class=\"icon-magnifier\"><\/i>\r\n<\/button>\r\n<\/form>\r\n<\/section>\n<div style=\"height:20px\" aria-hidden=\"true\" class=\"wp-block-spacer\"><\/div>\n<div class=\"columna-papas\">\r\n    <h4 class=\"has-text-align-center\">Jahr 2005<\/h4>\r\n    <div style=\"height:20px\" aria-hidden=\"true\" class=\"wp-block-spacer\"><\/div>\r\n    <a href=\"https:\/\/neocatechumenaleiter.org\/de\/worte-der-paepste\/benedikt-xvi\/privataudienz-fuer-die-initiatoren-des-weges-am-19-11-2005\/\"><h6 class=\"has-text-align-left\">PRIVATAUDIENZ F\u00dcR DIE INITIATOREN DES NEOKATECHUMENALEN WEGES am 19.11.2005<\/h6><\/a>\r\n<\/div>\r\n<div class=\"columna-papas style=\" background:=\"\">\r\n    <h4 class=\"has-text-align-center\">Jahr 2006<\/h4>\r\n    <div style=\"height:20px\" aria-hidden=\"true\" class=\"wp-block-spacer\"><\/div>\r\n    <a href=\"https:\/\/neocatechumenaleiter.org\/de\/worte-der-paepste\/benedikt-xvi\/ansprache-von-benedikt-xvi-an-die-mitglieder-des-neokatechumenalen-weges-vom-12-01-2006\/\"><h6 class=\"has-text-align-left\">ANSPRACHE VON BENEDIKT XVI. AN DIE MITGLIEDER DES NEOKATECHUMENALEN WEGES AM 12.01.2006<\/h6><\/a>\r\n    <hr class=\"wp-block-separator\"\/><a href=\"https:\/\/neocatechumenaleiter.org\/de\/worte-der-paepste\/benedikt-xvi\/angelus-auf-dem-petersplatz-am-29-10-2006\/\"><h6 class=\"has-text-align-left\">Angelus auf dem Petersplatz am 29.10.2006<\/h6><\/a>\r\n    <hr class=\"wp-block-separator\"\/><a href=\"https:\/\/neocatechumenaleiter.org\/de\/worte-der-paepste\/benedikt-xvi\/konvivenz-von-bischoefen-aus-asien-und-australien-in-der-domus-galilaeae-am-18-11-2006\/\"><h6 class=\"has-text-align-left\">KONVIVENZ VON BISCH\u00d6FEN AUS ASIEN UND AUSTRALIEN IN DER \u201eDOMUS GALILAEAE\u201c AM 18.11.2006<\/h6><\/a>\r\n<\/div>\n<div style=\"height:20px\" aria-hidden=\"true\" class=\"wp-block-spacer\"><\/div>\n<div class=\"columna-papas\">\r\n    <h4 class=\"has-text-align-center\">Jahr 2007<\/h4>\r\n    <div style=\"height:20px\" aria-hidden=\"true\" class=\"wp-block-spacer\"><\/div>\r\n    <a href=\"https:\/\/neocatechumenaleiter.org\/de\/worte-der-paepste\/benedikt-xvi\/begegnung-mit-den-priestern-der-dioezese-rom-am-22-02-2007\/\"><h6 class=\"has-text-align-left\">BEGEGNUNG MIT DEN PRIESTERN DER DI\u00d6ZESE ROM AM 22.02.2007<\/h6><\/a>\r\n    <hr class=\"wp-block-separator\"\/><a href=\"https:\/\/neocatechumenaleiter.org\/de\/worte-der-paepste\/benedikt-xvi\/privataudienz-mit-den-initiatoren-des-neokatechumenalen-weges-am-26-05-2007\/\"><h6 class=\"has-text-align-left\">PRIVATAUDIENZ MIT DEN INITIATOREN DES NEOKATECHUMENALEN WEGES AM 26.05.2007<\/h6><\/a>\r\n<\/div>\r\n<div class=\"columna-papas\" style=\"background: #f7f7f7;\">\r\n    <h4 class=\"has-text-align-center\">Jahr 2008<\/h4>\r\n    <div style=\"height:20px\" aria-hidden=\"true\" class=\"wp-block-spacer\"><\/div>\r\n    <a href=\"https:\/\/neocatechumenaleiter.org\/de\/worte-der-paepste\/benedikt-xvi\/konvivenz-von-mehr-als-200-bischoefen-und-neun-kardinaelen-europas-bei-der-domus-galilaeae-vom-24-bis-29-03-2008\/\"><h6 class=\"has-text-align-left\">KONVIVENZ VON BISCH\u00d6FEN AUS EUROPA IN DER \u201eDOMUS GALILAEAE\u201c VOM 24. BIS 29.03.2008<\/h6><\/a>\r\n<\/div>\n<div style=\"height:20px\" aria-hidden=\"true\" class=\"wp-block-spacer\"><\/div>\n<div class=\"columna-papas\">\r\n    <h4 class=\"has-text-align-center\">Jahr 2009<\/h4>\r\n    <div style=\"height:20px\" aria-hidden=\"true\" class=\"wp-block-spacer\"><\/div>\r\n    <a href=\"https:\/\/neocatechumenaleiter.org\/de\/worte-der-paepste\/benedikt-xvi\/begegnung-anlaesslich-des-40-jahrestages-des-beginns-des-neokatechumenalen-weges-in-rom-am-10-01-2009\/\"><h6 class=\"has-text-align-left\">Begegnung anl\u00e4sslich des 40. Jahrestages des Beginns des Neokatechumenalen Weges in Rom am 10.01.2009<\/h6><\/a>\r\n<\/div>\r\n<div class=\"columna-papas\" style=\"background: #f7f7f7;\">\r\n    <h4 class=\"has-text-align-center\">Jahr 2010<\/h4>\r\n    <div style=\"height:20px\" aria-hidden=\"true\" class=\"wp-block-spacer\"><\/div>\r\n    <a href=\"https:\/\/neocatechumenaleiter.org\/de\/worte-der-paepste\/benedikt-xvi\/privataudienz-von-benedikt-xvi-fuer-die-initiatoren-des-neokatechumenalen-weges-am-13-11-2010\/\"><h6 class=\"has-text-align-left\">PRIVATAUDIENZ F\u00dcR DIE INITIATOREN DES NEOKATECHUMENALEN WEGES AM 13.11.2010<\/h6><\/a>\r\n<\/div>\n<div style=\"height:20px\" aria-hidden=\"true\" class=\"wp-block-spacer\"><\/div>\n<div class=\"columna-papas\">\r\n    <h4 class=\"has-text-align-center\">Jahr 2011<\/h4>\r\n    <div style=\"height:20px\" aria-hidden=\"true\" class=\"wp-block-spacer\"><\/div>\r\n    <a href=\"https:\/\/neocatechumenaleiter.org\/de\/worte-der-paepste\/benedikt-xvi\/audienz-zur-sendung-von-familien-fuer-die-missio-ad-gentes-am-17-01-2011\/\"><h6 class=\"has-text-align-left\">Audienz zur Sendung von Familien f\u00fcr die \u201eMissio ad gentes\u201c am 17.01.2011<\/h6><\/a>\r\n    <hr class=\"wp-block-separator\"\/><a href=\"https:\/\/neocatechumenaleiter.org\/de\/worte-der-paepste\/benedikt-xvi\/regina-coeli-bei-den-pastoralen-besuch-in-aquileia-und-venedig-08-05-2011\/\"><h6 class=\"has-text-align-left\">\u00abRegina Coeli\u00bb beim Besuch in Aquileia und Venedig am 08.05.2011<\/h6><\/a>\r\n<\/div>\r\n<div class=\"columna-papas\" style=\"background: #f7f7f7;\">\r\n    <h4 class=\"has-text-align-center\">Jahr 2012<\/h4>\r\n    <div style=\"height:20px\" aria-hidden=\"true\" class=\"wp-block-spacer\"><\/div>\r\n    <a href=\"https:\/\/neocatechumenaleiter.org\/de\/worte-der-paepste\/benedikt-xvi\/audienz-und-aussendung-von-15-missio-ad-gentes-20-i-2012\/\"><h6 class=\"has-text-align-left\">Audienz zur Sendung von Familien f\u00fcr die \u201eMissio ad gentes\u201c am 20.01.2012<\/h6><\/a>\r\n<\/div>","protected":false},"excerpt":{"rendered":"<p>Benedikt XVI. BIOGRAFIE Joseph Ratzinger wurde am 16. April 1927 in Marktl am Inn (Deutschland) geboren. Am 29. Juni 1951 wurde er in M\u00fcnchen zum Priester geweiht. 1953 promovierte er in Theologie. Am 25. M\u00e4rz 1977 wurde er zum Erzbischof von M\u00fcnchen und Freising ernannt und drei Monate sp\u00e4ter, am 27. Juni, von Paul VI. zum Kardinal ernannt. 1981 wurde er von Johannes Paul II. zum Pr\u00e4fekten der Glaubenskongregation, Pr\u00e4sidenten<\/p>\n<div class=\"read-more\"><a class=\"btn read-more-btn\" href=\"https:\/\/neocatechumenaleiter.org\/de\/worte-der-paepste\/benedikt-xvi\/\">Mehr lesen<\/a><\/div>\n","protected":false},"author":2,"featured_media":0,"parent":12055,"menu_order":2,"comment_status":"closed","ping_status":"closed","template":"","meta":{"footnotes":""},"class_list":["post-10125","page","type-page","status-publish","hentry"],"_links":{"self":[{"href":"https:\/\/neocatechumenaleiter.org\/de\/wp-json\/wp\/v2\/pages\/10125","targetHints":{"allow":["GET"]}}],"collection":[{"href":"https:\/\/neocatechumenaleiter.org\/de\/wp-json\/wp\/v2\/pages"}],"about":[{"href":"https:\/\/neocatechumenaleiter.org\/de\/wp-json\/wp\/v2\/types\/page"}],"author":[{"embeddable":true,"href":"https:\/\/neocatechumenaleiter.org\/de\/wp-json\/wp\/v2\/users\/2"}],"replies":[{"embeddable":true,"href":"https:\/\/neocatechumenaleiter.org\/de\/wp-json\/wp\/v2\/comments?post=10125"}],"version-history":[{"count":27,"href":"https:\/\/neocatechumenaleiter.org\/de\/wp-json\/wp\/v2\/pages\/10125\/revisions"}],"predecessor-version":[{"id":18149,"href":"https:\/\/neocatechumenaleiter.org\/de\/wp-json\/wp\/v2\/pages\/10125\/revisions\/18149"}],"up":[{"embeddable":true,"href":"https:\/\/neocatechumenaleiter.org\/de\/wp-json\/wp\/v2\/pages\/12055"}],"wp:attachment":[{"href":"https:\/\/neocatechumenaleiter.org\/de\/wp-json\/wp\/v2\/media?parent=10125"}],"curies":[{"name":"wp","href":"https:\/\/api.w.org\/{rel}","templated":true}]}}