{"id":11423,"date":"2020-02-27T19:31:11","date_gmt":"2020-02-27T18:31:11","guid":{"rendered":"https:\/\/neocatechumenaleiter.org\/kontakt\/"},"modified":"2023-12-05T03:38:42","modified_gmt":"2023-12-05T02:38:42","slug":"kontakt","status":"publish","type":"page","link":"https:\/\/neocatechumenaleiter.org\/de\/kontakt\/","title":{"rendered":"Kontakt"},"content":{"rendered":"\n<h2 class=\"wp-block-heading has-text-align-center\">Kontaktieren Sie uns<\/h2>\n\n<div style=\"height:20px\" aria-hidden=\"true\" class=\"wp-block-spacer\"><\/div>\n\n<h5 class=\"wp-block-heading has-text-align-center\">Sie k\u00f6nnen uns unter den folgenden Adressen kontaktieren<\/h5>\n\n<div class=\"datacontacto\">\r\n    <div class=\"container\">\r\n        <div class=\"datamail columna\">\r\n            <a href=\"mailto:info@neokatechumenalerweg.de\">\r\n                <img decoding=\"async\" src=\"https:\/\/neocatechumenaleiter.org\/wp-content\/uploads\/2020\/05\/flag-alemania-48.png\" alt=\"\"\/><br\/>\r\n                info@neokatechumenalerweg.de<\/a>\r\n        <\/div>\r\n        <div class=\"datamail columna\">\r\n            <a href=\"mailto:zentrumnc@gmail.com\" target=\"_blank\" rel=\"noopener noreferrer\">                \r\n\t\t\t\t<img decoding=\"async\" src=\"https:\/\/neocatechumenaleiter.org\/wp-content\/uploads\/2020\/05\/flag-austria-48-1.png\" alt=\"\"\/><br\/>\r\n              \tzentrumnc@gmail.com<\/a>\r\n        <\/div>\r\n        <div class=\"datamail columna\">\r\n            <a href=\"mailto:info@cncschweiz.ch\">\r\n                <img decoding=\"async\" src=\"https:\/\/neocatechumenaleiter.org\/wp-content\/uploads\/2020\/05\/flag-suiza-48.png\" alt=\"\"\/><br\/>\r\n                info@cncschweiz.ch<\/a>\r\n        <\/div>\r\n    <\/div>\r\n<\/div>\n\n<div style=\"height:20px\" aria-hidden=\"true\" class=\"wp-block-spacer\"><\/div>\n\n<hr class=\"wp-block-separator has-css-opacity\"\/>\n\n<div style=\"height:30px\" aria-hidden=\"true\" class=\"wp-block-spacer\"><\/div>\n\n<h5 class=\"wp-block-heading has-text-align-center\">Besuche &#8211; Pilgerfahrten<\/h5>\n\n<div style=\"height:20px\" aria-hidden=\"true\" class=\"wp-block-spacer\"><\/div>\n\n<h6 class=\"wp-block-heading has-text-align-center has-text-color\" style=\"color:#737373\">Bei Kontaktaufnahme bitte folgende Daten angeben: Pfarrei, Gemeinschaft, Anzahl von Br\u00fcdern und Schwestern, Kontaktperson, Telefonnummer, Datum des Besuchs, usw.<\/h6>\n\n<div style=\"height:30px\" aria-hidden=\"true\" class=\"wp-block-spacer\"><\/div>\n\n<div class=\"wp-block-columns are-vertically-aligned-center has-white-background-color has-background is-layout-flex wp-container-core-columns-is-layout-9d6595d7 wp-block-columns-is-layout-flex\">\n<div class=\"wp-block-column is-vertically-aligned-center is-layout-flow wp-block-column-is-layout-flow\">\n<h5 class=\"wp-block-heading has-text-align-center\"><strong>Neokatechumenales Zentrum Madrid<\/strong><\/h5>\n<\/div>\n\n\n\n<div class=\"wp-block-column is-vertically-aligned-center is-layout-flow wp-block-column-is-layout-flow\">\n<div style=\"height:20px\" aria-hidden=\"true\" class=\"wp-block-spacer\"><\/div>\n\n\n\n<h6 class=\"wp-block-heading has-text-align-center contactar_visitas\"><a rel=\"noreferrer noopener\" href=\"mailto:visitas@cnc.madrid\" target=\"_blank\"><strong>visitas@cnc.madrid<\/strong><\/a><\/h6>\n\n\n\n<div style=\"height:20px\" aria-hidden=\"true\" class=\"wp-block-spacer\"><\/div>\n<\/div>\n\n\n\n<div class=\"wp-block-column is-vertically-aligned-center is-layout-flow wp-block-column-is-layout-flow\">\n<h6 class=\"wp-block-heading has-text-align-center\"><\/h6>\n<\/div>\n<\/div>\n\n<div style=\"height:30px\" aria-hidden=\"true\" class=\"wp-block-spacer\"><\/div>\n\n<div class=\"wp-block-columns are-vertically-aligned-center has-background is-layout-flex wp-container-core-columns-is-layout-9d6595d7 wp-block-columns-is-layout-flex\" style=\"background-color:#f5f5f5\">\n<div class=\"wp-block-column is-vertically-aligned-center is-layout-flow wp-block-column-is-layout-flow\">\n<h5 class=\"wp-block-heading has-text-align-center\"><strong>Grabst\u00e4tte von Carmen Hern\u00e1ndez<\/strong><\/h5>\n<\/div>\n\n\n\n<div class=\"wp-block-column is-vertically-aligned-center is-layout-flow wp-block-column-is-layout-flow\">\n<div style=\"height:20px\" aria-hidden=\"true\" class=\"wp-block-spacer\"><\/div>\n\n\n\n<h6 class=\"wp-block-heading has-text-align-center contactar_visitas\"><a href=\"mailto:visitas@carmenhernandez.info\"><strong>visitas@carmenhernandez.info<\/strong><\/a><\/h6>\n\n\n\n<div style=\"height:20px\" aria-hidden=\"true\" class=\"wp-block-spacer\"><\/div>\n<\/div>\n\n\n\n<div class=\"wp-block-column is-vertically-aligned-center is-layout-flow wp-block-column-is-layout-flow\">\n<h6 class=\"wp-block-heading has-text-align-center contactar_visitas\"><a rel=\"noreferrer noopener\" href=\"https:\/\/carmenhernandez.org\/de\/kontakt\/\" target=\"_blank\"><strong>Gnaden und Gunsterweisungen<\/strong><\/a><\/h6>\n<\/div>\n<\/div>\n\n<div style=\"height:20px\" aria-hidden=\"true\" class=\"wp-block-spacer\"><\/div>\n\n<div class=\"wp-block-columns are-vertically-aligned-center has-white-background-color has-background is-layout-flex wp-container-core-columns-is-layout-9d6595d7 wp-block-columns-is-layout-flex\">\n<div class=\"wp-block-column is-vertically-aligned-center is-layout-flow wp-block-column-is-layout-flow\">\n<h5 class=\"wp-block-heading has-text-align-center\"><strong>Tudela und Javier (St\u00e4dte in Spanien)<\/strong><\/h5>\n<\/div>\n\n\n\n<div class=\"wp-block-column is-vertically-aligned-center is-layout-flow wp-block-column-is-layout-flow\">\n<div style=\"height:20px\" aria-hidden=\"true\" class=\"wp-block-spacer\"><\/div>\n\n\n\n<h6 class=\"wp-block-heading has-text-align-center contactar_visitas\"><strong><a rel=\"noreferrer noopener\" href=\"mailto:pamplona.tudela.cn@gmail.com\" target=\"_blank\">pamplona.tudela.cn@gmail.com<\/a><\/strong><\/h6>\n\n\n\n<div style=\"height:20px\" aria-hidden=\"true\" class=\"wp-block-spacer\"><\/div>\n<\/div>\n\n\n\n<div class=\"wp-block-column is-vertically-aligned-center is-layout-flow wp-block-column-is-layout-flow\">\n<h6 class=\"wp-block-heading has-text-align-center contactar_visitas\"><a href=\"https:\/\/carmenhernandez.org\/de\/carmen-hernandez-soria-und-navarra\/\" target=\"_blank\" rel=\"noreferrer noopener\">Weitere Informationen<\/a><\/h6>\n<\/div>\n<\/div>\n\n<div style=\"height:30px\" aria-hidden=\"true\" class=\"wp-block-spacer\"><\/div>\n\n<div class=\"wp-block-columns are-vertically-aligned-center has-background is-layout-flex wp-container-core-columns-is-layout-9d6595d7 wp-block-columns-is-layout-flex\" style=\"background-color:#f5f5f5\">\n<div class=\"wp-block-column is-vertically-aligned-center is-layout-flow wp-block-column-is-layout-flow\">\n<h5 class=\"wp-block-heading has-text-align-center\"><strong>\u00d3lvega (Stadt in Spanien)<\/strong><\/h5>\n<\/div>\n\n\n\n<div class=\"wp-block-column is-vertically-aligned-center is-layout-flow wp-block-column-is-layout-flow\">\n<div style=\"height:20px\" aria-hidden=\"true\" class=\"wp-block-spacer\"><\/div>\n\n\n\n<h6 class=\"wp-block-heading has-text-align-center contactar_visitas\"><a rel=\"noreferrer noopener\" href=\"mailto:carmen.hernandez.olvega@gmail.com\" target=\"_blank\">carmen.hernandez.olvega@gmail.com<\/a><\/h6>\n\n\n\n<div style=\"height:20px\" aria-hidden=\"true\" class=\"wp-block-spacer\"><\/div>\n<\/div>\n\n\n\n<div class=\"wp-block-column is-vertically-aligned-center is-layout-flow wp-block-column-is-layout-flow\">\n<h6 class=\"wp-block-heading has-text-align-center contactar_visitas\"><a href=\"https:\/\/carmenhernandez.org\/de\/carmen-hernandez-soria-und-navarra\/\" target=\"_blank\" rel=\"noreferrer noopener\">Weitere Informationen<\/a><\/h6>\n<\/div>\n<\/div>\n\n<div style=\"height:30px\" aria-hidden=\"true\" class=\"wp-block-spacer\"><\/div>\n\n<div class=\"wp-block-columns are-vertically-aligned-center has-white-background-color has-background is-layout-flex wp-container-core-columns-is-layout-9d6595d7 wp-block-columns-is-layout-flex\">\n<div class=\"wp-block-column is-vertically-aligned-center is-layout-flow wp-block-column-is-layout-flow\">\n<h5 class=\"wp-block-heading has-text-align-center\"><strong>Barcelona (St\u00e4dte in Spanien)<\/strong><\/h5>\n<\/div>\n\n\n\n<div class=\"wp-block-column is-vertically-aligned-center is-layout-flow wp-block-column-is-layout-flow\">\n<h6 class=\"wp-block-heading has-text-align-center contactar_visitas\"><a rel=\"noreferrer noopener\" href=\"mailto:f.xaviervila@gmail.com\" target=\"_blank\">f.xaviervila@gmail.com<\/a><a href=\"mailto:franciscopelufo@gmail.com\" target=\"_blank\" rel=\"noreferrer noopener\">franciscopelufo@gmail.com<\/a><\/h6>\n<\/div>\n\n\n\n<div class=\"wp-block-column is-vertically-aligned-center is-layout-flow wp-block-column-is-layout-flow\">\n<h6 class=\"wp-block-heading has-text-align-center contactar_visitas\"><a href=\"https:\/\/carmenhernandez.org\/de\/carmen-hernandez-barcelona-spanien\/\" target=\"_blank\" rel=\"noreferrer noopener\">Weitere Informationen<\/a><\/h6>\n<\/div>\n<\/div>\n\n<div style=\"height:30px\" aria-hidden=\"true\" class=\"wp-block-spacer\"><\/div>\n\n<div class=\"wp-block-columns are-vertically-aligned-center has-background is-layout-flex wp-container-core-columns-is-layout-9d6595d7 wp-block-columns-is-layout-flex\" style=\"background-color:#f5f5f5\">\n<div class=\"wp-block-column is-vertically-aligned-center is-layout-flow wp-block-column-is-layout-flow\">\n<h5 class=\"wp-block-heading has-text-align-center\"><strong>Zaragoza (Stadt in Spanien)<\/strong><\/h5>\n<\/div>\n\n\n\n<div class=\"wp-block-column is-vertically-aligned-center is-layout-flow wp-block-column-is-layout-flow\">\n<div style=\"height:20px\" aria-hidden=\"true\" class=\"wp-block-spacer\"><\/div>\n\n\n\n<h6 class=\"wp-block-heading has-text-align-center contactar_visitas\"><a rel=\"noreferrer noopener\" href=\"mailto:peregrinacioneszaragoza.cn@gmail.com\" target=\"_blank\">peregrinacioneszaragoza.cn@gmail.com<\/a><\/h6>\n\n\n\n<div style=\"height:20px\" aria-hidden=\"true\" class=\"wp-block-spacer\"><\/div>\n<\/div>\n\n\n\n<div class=\"wp-block-column is-vertically-aligned-center is-layout-flow wp-block-column-is-layout-flow\">\n<h6 class=\"wp-block-heading has-text-align-center contactar_visitas has-background\" style=\"background-color:#f5f5f5\"><a href=\"https:\/\/neocatechumenaleiter.org\/de\/wallfahrten-nach-saragossa-spanien\/\" data-type=\"post\" data-id=\"32512\">Weitere Informationen<\/a><\/h6>\n<\/div>\n<\/div>\n\n<div style=\"height:30px\" aria-hidden=\"true\" class=\"wp-block-spacer\"><\/div>\n\n<div class=\"wp-block-columns are-vertically-aligned-center has-white-background-color has-background is-layout-flex wp-container-core-columns-is-layout-9d6595d7 wp-block-columns-is-layout-flex\">\n<div class=\"wp-block-column is-vertically-aligned-center is-layout-flow wp-block-column-is-layout-flow\">\n<h5 class=\"wp-block-heading has-text-align-center\"><strong>Barbastro (Stadt in Spanien)<\/strong><\/h5>\n<\/div>\n\n\n\n<div class=\"wp-block-column is-vertically-aligned-center is-layout-flow wp-block-column-is-layout-flow\">\n<div style=\"height:20px\" aria-hidden=\"true\" class=\"wp-block-spacer\"><\/div>\n\n\n\n<h6 class=\"wp-block-heading has-text-align-center contactar_visitas\"><a href=\"mailto:peregrinacionesbarbastro.cn@gmail.com\" target=\"_blank\" rel=\"noreferrer noopener\">peregrinacionesbarbastro.cn@gmail.com<\/a><\/h6>\n\n\n\n<div style=\"height:20px\" aria-hidden=\"true\" class=\"wp-block-spacer\"><\/div>\n<\/div>\n\n\n\n<div class=\"wp-block-column is-vertically-aligned-center is-layout-flow wp-block-column-is-layout-flow\">\n<h6 class=\"wp-block-heading has-text-align-center contactar_visitas\"><a href=\"https:\/\/neocatechumenaleiter.org\/de\/pilgerfahrten-nach-barbastro-huesca-spanien\/\" data-type=\"post\" data-id=\"31933\">Weitere Informationen<\/a><\/h6>\n<\/div>\n<\/div>\n\n<div style=\"height:30px\" aria-hidden=\"true\" class=\"wp-block-spacer\"><\/div>\n\n<div class=\"wp-block-columns are-vertically-aligned-center has-background is-layout-flex wp-container-core-columns-is-layout-9d6595d7 wp-block-columns-is-layout-flex\" style=\"background-color:#f5f5f5\">\n<div class=\"wp-block-column is-vertically-aligned-center is-layout-flow wp-block-column-is-layout-flow\">\n<h5 class=\"wp-block-heading has-text-align-center\"><strong>Farlete (Stadt in Spanien)<\/strong><\/h5>\n<\/div>\n\n\n\n<div class=\"wp-block-column is-vertically-aligned-center is-layout-flow wp-block-column-is-layout-flow\">\n<div style=\"height:20px\" aria-hidden=\"true\" class=\"wp-block-spacer\"><\/div>\n\n\n\n<h6 class=\"wp-block-heading has-text-align-center contactar_visitas\"><a href=\"mailto:peregrinacionesfarlete.cn@gmail.com\" target=\"_blank\" rel=\"noreferrer noopener\">peregrinacionesfarlete.cn@gmail.com<\/a><\/h6>\n\n\n\n<div style=\"height:20px\" aria-hidden=\"true\" class=\"wp-block-spacer\"><\/div>\n<\/div>\n\n\n\n<div class=\"wp-block-column is-vertically-aligned-center is-layout-flow wp-block-column-is-layout-flow\">\n<h6 class=\"wp-block-heading has-text-align-center contactar_visitas\"><a href=\"https:\/\/neocatechumenaleiter.org\/de\/wallfahrten-nach-farlete-saragossa-spanien\/\" target=\"_blank\" rel=\"noreferrer noopener\">Weitere Informationen<\/a><\/h6>\n<\/div>\n<\/div>\n\n<div style=\"height:30px\" aria-hidden=\"true\" class=\"wp-block-spacer\"><\/div>\n\n<div class=\"wp-block-columns are-vertically-aligned-center has-white-background-color has-background is-layout-flex wp-container-core-columns-is-layout-9d6595d7 wp-block-columns-is-layout-flex\">\n<div class=\"wp-block-column is-vertically-aligned-center has-white-background-color has-background is-layout-flow wp-block-column-is-layout-flow\">\n<h5 class=\"wp-block-heading has-text-align-center\"><strong>Fuentes (Stadt in Spanien)<\/strong><\/h5>\n<\/div>\n\n\n\n<div class=\"wp-block-column is-vertically-aligned-center is-layout-flow wp-block-column-is-layout-flow\">\n<div style=\"height:20px\" aria-hidden=\"true\" class=\"wp-block-spacer\"><\/div>\n\n\n\n<h6 class=\"wp-block-heading has-text-align-center contactar_visitas\"><a href=\"mailto:fuentesdecarbonero@gmail.com\" target=\"_blank\" rel=\"noreferrer noopener\">fuentesdecarbonero@gmail.com<\/a><\/h6>\n\n\n\n<div style=\"height:20px\" aria-hidden=\"true\" class=\"wp-block-spacer\"><\/div>\n<\/div>\n\n\n\n<div class=\"wp-block-column is-vertically-aligned-center is-layout-flow wp-block-column-is-layout-flow\">\n<h6 class=\"wp-block-heading has-text-align-center contactar_visitas\"><a href=\"https:\/\/neocatechumenaleiter.org\/de\/wallfahrten-nach-fuentes-de-carbonero-el-mayor-segovia-spanien\/\" data-type=\"post\" data-id=\"30082\">Weitere Informationen<\/a><\/h6>\n<\/div>\n<\/div>\n\n<div style=\"height:30px\" aria-hidden=\"true\" class=\"wp-block-spacer\"><\/div>\n\n<div class=\"wp-block-columns are-vertically-aligned-center has-background is-layout-flex wp-container-core-columns-is-layout-9d6595d7 wp-block-columns-is-layout-flex\" style=\"background-color:#f5f5f5\">\n<div class=\"wp-block-column is-vertically-aligned-center is-layout-flow wp-block-column-is-layout-flow\">\n<h5 class=\"wp-block-heading has-text-align-center\"><strong>Valencia (Stadt in Spanien)<\/strong><\/h5>\n<\/div>\n\n\n\n<div class=\"wp-block-column is-vertically-aligned-center is-layout-flow wp-block-column-is-layout-flow\">\n<div style=\"height:20px\" aria-hidden=\"true\" class=\"wp-block-spacer\"><\/div>\n\n\n\n<h6 class=\"wp-block-heading has-text-align-center contactar_visitas\"><a href=\"mailto:carmenhernandezvalencia1956@gmail.com\" target=\"_blank\" rel=\"noreferrer noopener\">carmenhernandezvalencia1956@gmail.com<\/a><\/h6>\n\n\n\n<div style=\"height:20px\" aria-hidden=\"true\" class=\"wp-block-spacer\"><\/div>\n<\/div>\n\n\n\n<div class=\"wp-block-column is-vertically-aligned-center is-layout-flow wp-block-column-is-layout-flow\">\n<h6 class=\"wp-block-heading has-text-align-center contactar_visitas\"><a href=\"https:\/\/carmenhernandez.org\/de\/carmen-hernandez-valencia-spanien\/\" target=\"_blank\" rel=\"noreferrer noopener\">Weitere Informationen<\/a><\/h6>\n<\/div>\n<\/div>\n\n<div style=\"height:20px\" aria-hidden=\"true\" class=\"wp-block-spacer\"><\/div>\n\n<hr class=\"wp-block-separator has-css-opacity is-style-wide\"\/>\n\n<div style=\"height:20px\" aria-hidden=\"true\" class=\"wp-block-spacer\"><\/div>\n\n<h5 class=\"wp-block-heading has-text-align-center\"><a href=\"https:\/\/neocatechumenaleiter.org\/en\/legal-notice\/\" data-type=\"page\" data-id=\"3\">Privacy Policy<\/a><\/h5>\n","protected":false},"excerpt":{"rendered":"<p>Kontaktieren Sie uns Sie k\u00f6nnen uns unter den folgenden Adressen kontaktieren info@neokatechumenalerweg.de zentrumnc@gmail.com info@cncschweiz.ch Besuche &#8211; Pilgerfahrten Bei Kontaktaufnahme bitte folgende Daten angeben: Pfarrei, Gemeinschaft, Anzahl von Br\u00fcdern und Schwestern, Kontaktperson, Telefonnummer, Datum des Besuchs, usw. Neokatechumenales Zentrum Madrid visitas@cnc.madrid Grabst\u00e4tte von Carmen Hern\u00e1ndez visitas@carmenhernandez.info Gnaden und Gunsterweisungen Tudela und Javier (St\u00e4dte in Spanien) pamplona.tudela.cn@gmail.com Weitere Informationen \u00d3lvega (Stadt in Spanien) carmen.hernandez.olvega@gmail.com Weitere Informationen Barcelona (St\u00e4dte in Spanien) f.xaviervila@gmail.comfranciscopelufo@gmail.com Weitere<\/p>\n<div class=\"read-more\"><a class=\"btn read-more-btn\" href=\"https:\/\/neocatechumenaleiter.org\/de\/kontakt\/\">Mehr lesen<\/a><\/div>\n","protected":false},"author":2,"featured_media":0,"parent":0,"menu_order":0,"comment_status":"closed","ping_status":"closed","template":"","meta":{"footnotes":""},"class_list":["post-11423","page","type-page","status-publish","hentry"],"_links":{"self":[{"href":"https:\/\/neocatechumenaleiter.org\/de\/wp-json\/wp\/v2\/pages\/11423","targetHints":{"allow":["GET"]}}],"collection":[{"href":"https:\/\/neocatechumenaleiter.org\/de\/wp-json\/wp\/v2\/pages"}],"about":[{"href":"https:\/\/neocatechumenaleiter.org\/de\/wp-json\/wp\/v2\/types\/page"}],"author":[{"embeddable":true,"href":"https:\/\/neocatechumenaleiter.org\/de\/wp-json\/wp\/v2\/users\/2"}],"replies":[{"embeddable":true,"href":"https:\/\/neocatechumenaleiter.org\/de\/wp-json\/wp\/v2\/comments?post=11423"}],"version-history":[{"count":24,"href":"https:\/\/neocatechumenaleiter.org\/de\/wp-json\/wp\/v2\/pages\/11423\/revisions"}],"predecessor-version":[{"id":36561,"href":"https:\/\/neocatechumenaleiter.org\/de\/wp-json\/wp\/v2\/pages\/11423\/revisions\/36561"}],"wp:attachment":[{"href":"https:\/\/neocatechumenaleiter.org\/de\/wp-json\/wp\/v2\/media?parent=11423"}],"curies":[{"name":"wp","href":"https:\/\/api.w.org\/{rel}","templated":true}]}}