{"id":12484,"date":"2020-02-29T04:17:59","date_gmt":"2020-02-29T03:17:59","guid":{"rendered":"https:\/\/neocatechumenaleiter.org\/worte-der-paepste\/franziskus\/regina-caeli-gruss-an-die-neokatechumenalen-gemeinschaften-roms-in-mission-auf-den-plaetzen-am-07-04-2013\/"},"modified":"2021-08-10T10:59:16","modified_gmt":"2021-08-10T09:59:16","slug":"regina-caeli-gruss-an-die-neokatechumenalen-gemeinschaften-roms-in-mission-auf-den-plaetzen-am-07-04-2013","status":"publish","type":"page","link":"https:\/\/neocatechumenaleiter.org\/de\/worte-der-paepste\/franziskus\/regina-caeli-gruss-an-die-neokatechumenalen-gemeinschaften-roms-in-mission-auf-den-plaetzen-am-07-04-2013\/","title":{"rendered":"\u00abREGINA COELI\u00bb: GRUSS AN DIE NEOKATECHUMENALEN GEMEINSCHAFTEN ROMS IN DER MISSION AUF DEN PL\u00c4TZEN AM 07.04.2013"},"content":{"rendered":"\n<h1 class=\"has-text-align-center wp-block-heading\">\u00abREGINA COELI\u00bb: GRUSS AN DIE NEOKATECHUMENALEN GEMEINSCHAFTEN ROMS IN DER MISSION AUF DEN PL\u00c4TZEN AM 07.04.2013<\/h1>\n\n<div style=\"height:20px\" aria-hidden=\"true\" class=\"wp-block-spacer\"><\/div>\n\n<h4 class=\"has-text-align-center wp-block-heading\">Franziskus<\/h4>\n\n<div style=\"height:20px\" aria-hidden=\"true\" class=\"wp-block-spacer\"><\/div>\n\n<p><strong>Petersplatz &#8211; II. \u00a0<\/strong><b>Sonntag in der Osterzeit oder Barmherzigkeitssonntag,\u00a0<\/b><strong>7. April 2013<\/strong><\/p>\n\n<p><em>Bei seinem Gru\u00df an die Gl\u00e4ubigen, die sich auf dem Petersplatz f\u00fcr das Gebet des Regina Coeli versammelt hatten, wandte sich der Papst den neokatechumenalen Gemeinschaften zu, die die Mission auf 100 Pl\u00e4tzen Roms begannen, und sagte folgendes:<\/em><br\/><br\/>&#13;\n&#13;\nEs freut mich dann, die zahlreichen Mitglieder von Bewegungen und Vereinigungen zu gr\u00fc\u00dfen, die bei diesem Moment des Gebets zugegen sind, besonders die neokatechumenalen Gemeinschaften Roms, die heute eine besondere Mission auf den Pl\u00e4tzen der Stadt beginnen. Ich lade alle ein, die Frohe Botschaft \u00bbbescheiden und ehrf\u00fcrchtig\u00ab (<i>1 Petr\u00a0<\/i>3,16) in jeden Bereich des Lebens zu tragen! Geht auf die Pl\u00e4tze und verk\u00fcndigt Jesus Christus, unseren Heiland.<\/p>\n\n<div class=\"wp-block-image is-style-default\"><figure class=\"aligncenter size-large\"><img loading=\"lazy\" decoding=\"async\" width=\"400\" height=\"274\" src=\"https:\/\/neocatechumenaleiter.org\/wp-content\/uploads\/2020\/02\/Camino_Neocatecumenal_Papa_Francisco_Kiko_Arguello_Carmen_Hernandez_Mario_Pezzi_audiencia.jpg\" alt=\"\" class=\"wp-image-8628\" srcset=\"https:\/\/neocatechumenaleiter.org\/wp-content\/uploads\/2020\/02\/Camino_Neocatecumenal_Papa_Francisco_Kiko_Arguello_Carmen_Hernandez_Mario_Pezzi_audiencia.jpg 400w, https:\/\/neocatechumenaleiter.org\/wp-content\/uploads\/2020\/02\/Camino_Neocatecumenal_Papa_Francisco_Kiko_Arguello_Carmen_Hernandez_Mario_Pezzi_audiencia-300x206.jpg 300w\" sizes=\"auto, (max-width: 400px) 100vw, 400px\" \/><\/figure><\/div>\n","protected":false},"excerpt":{"rendered":"<p>\u00abREGINA COELI\u00bb: GRUSS AN DIE NEOKATECHUMENALEN GEMEINSCHAFTEN ROMS IN DER MISSION AUF DEN PL\u00c4TZEN AM 07.04.2013 Franziskus Petersplatz &#8211; II. \u00a0Sonntag in der Osterzeit oder Barmherzigkeitssonntag,\u00a07. April 2013 Bei seinem Gru\u00df an die Gl\u00e4ubigen, die sich auf dem Petersplatz f\u00fcr das Gebet des Regina Coeli versammelt hatten, wandte sich der Papst den neokatechumenalen Gemeinschaften zu, die die Mission auf 100 Pl\u00e4tzen Roms begannen, und sagte folgendes: &#13; &#13; Es freut<\/p>\n<div class=\"read-more\"><a class=\"btn read-more-btn\" href=\"https:\/\/neocatechumenaleiter.org\/de\/worte-der-paepste\/franziskus\/regina-caeli-gruss-an-die-neokatechumenalen-gemeinschaften-roms-in-mission-auf-den-plaetzen-am-07-04-2013\/\">Mehr lesen<\/a><\/div>\n","protected":false},"author":2,"featured_media":0,"parent":10200,"menu_order":0,"comment_status":"closed","ping_status":"closed","template":"","meta":{"footnotes":""},"class_list":["post-12484","page","type-page","status-publish","hentry"],"_links":{"self":[{"href":"https:\/\/neocatechumenaleiter.org\/de\/wp-json\/wp\/v2\/pages\/12484","targetHints":{"allow":["GET"]}}],"collection":[{"href":"https:\/\/neocatechumenaleiter.org\/de\/wp-json\/wp\/v2\/pages"}],"about":[{"href":"https:\/\/neocatechumenaleiter.org\/de\/wp-json\/wp\/v2\/types\/page"}],"author":[{"embeddable":true,"href":"https:\/\/neocatechumenaleiter.org\/de\/wp-json\/wp\/v2\/users\/2"}],"replies":[{"embeddable":true,"href":"https:\/\/neocatechumenaleiter.org\/de\/wp-json\/wp\/v2\/comments?post=12484"}],"version-history":[{"count":6,"href":"https:\/\/neocatechumenaleiter.org\/de\/wp-json\/wp\/v2\/pages\/12484\/revisions"}],"predecessor-version":[{"id":23936,"href":"https:\/\/neocatechumenaleiter.org\/de\/wp-json\/wp\/v2\/pages\/12484\/revisions\/23936"}],"up":[{"embeddable":true,"href":"https:\/\/neocatechumenaleiter.org\/de\/wp-json\/wp\/v2\/pages\/10200"}],"wp:attachment":[{"href":"https:\/\/neocatechumenaleiter.org\/de\/wp-json\/wp\/v2\/media?parent=12484"}],"curies":[{"name":"wp","href":"https:\/\/api.w.org\/{rel}","templated":true}]}}