{"id":12490,"date":"2020-02-29T04:22:16","date_gmt":"2020-02-29T03:22:16","guid":{"rendered":"https:\/\/neocatechumenaleiter.org\/worte-der-paepste\/franziskus\/ansprache-an-die-gemeinschaften-des-neokatechumenalen-weges-am-01-02-2014\/"},"modified":"2021-08-10T10:59:21","modified_gmt":"2021-08-10T09:59:21","slug":"ansprache-an-die-gemeinschaften-des-neokatechumenalen-weges-am-01-02-2014","status":"publish","type":"page","link":"https:\/\/neocatechumenaleiter.org\/de\/worte-der-paepste\/franziskus\/ansprache-an-die-gemeinschaften-des-neokatechumenalen-weges-am-01-02-2014\/","title":{"rendered":"ANSPRACHE AN DIE GEMEINSCHAFTEN DES NEOKATECHUMENALEN WEGES AM  01.02.2014"},"content":{"rendered":"\n<h1 class=\"has-text-align-center wp-block-heading\">ANSPRACHE AN DIE GEMEINSCHAFTEN DES NEOKATECHUMENALEN WEGES AM  01.02.2014<\/h1>\n\n<div style=\"height:20px\" aria-hidden=\"true\" class=\"wp-block-spacer\"><\/div>\n\n<h4 class=\"has-text-align-center wp-block-heading\">Franziskus<\/h4>\n\n<div style=\"height:20px\" aria-hidden=\"true\" class=\"wp-block-spacer\"><\/div>\n\n<p><i>Liebe Br\u00fcder und Schwestern!<\/i><\/p>\n\n<p>Ich danke dem Herrn f\u00fcr die Freude eures Glaubens und f\u00fcr die Leidenschaft eures christlichen Zeugnisses, Dank sei Gott! Ich begr\u00fc\u00dfe euch alle sehr herzlich, angefangen beim Internationalen Verantwortlichen-Team des Neokatechumenalen Weges, zusammen mit den Priestern, den Seminaristen und den Katecheten. Einen sehr liebevollen Gru\u00df richte ich an die Kinder, die hier in gro\u00dfer Zahl anwesend sind. Mein Gru\u00df gilt insbesondere den Familien, die sich in verschiedene Teile der Welt begeben werden, um das Evangelium zu verk\u00fcndigen und zu bezeugen. Die Kirche ist euch dankbar f\u00fcr eure Gro\u00dfherzigkeit! Ich danke euch f\u00fcr alles, was ihr in der Kirche und in der Welt tut.<\/p>\n\n<p>Und im Namen der Kirche, unserer Mutter \u2013 unserer heiligen hierarchischen Mutter Kirche, wie der heilige Ignatius von Loyola gerne sagte \u2013, im Namen der Kirche m\u00f6chte ich euch einige einfache Empfehlungen geben. Die erste ist, gr\u00f6\u00dfte Sorgfalt darauf zu verwenden, innerhalb der Teilkirchen, in denen ihr t\u00e4tig sein werdet, die Gemeinschaft aufzubauen und zu bewahren. Der Neokatechumenale Weg hat ein eigenes Charisma, eine eigene Dynamik, eine Gabe, die wie alle Gaben des Geistes eine tiefe kirchliche Dimension hat: Das bedeutet, dem Leben der Kirchen, in die eure Verantwortlichen euch senden, Geh\u00f6r zu schenken, ihren Reichtum wertzusch\u00e4tzen, f\u00fcr die Schwachheiten zu leiden, wenn n\u00f6tig, und gemeinsam unterwegs zu sein als eine Herde unter der Leitung der Hirten der Ortskirchen. Die Gemeinschaft ist wesentlich: Manchmal kann es besser sein, darauf zu verzichten, in allen Einzelheiten das zu leben, was euer Weg verlangen w\u00fcrde, um die Einheit zwischen den Br\u00fcdern zu gew\u00e4hrleisten, die eine einzige kirchliche Gemeinschaft bilden, der ihr euch stets zugeh\u00f6rig f\u00fchlen m\u00fcsst.<\/p>\n\n<p>Ein weiterer Hinweis: Wohin ihr auch geht, wird es euch gut tun, daran zu denken, dass der Geist Gottes stets vor uns ankommt. Das ist wichtig: Der Herr geht uns immer voraus! Denkt an Philippus, als der Herr ihn auf jene Stra\u00dfe sendet, wo er einem Hofbeamten begegnet, der auf seinem Wagen sitzt (vgl.\u00a0<i>Apg\u00a0<\/i>8,27-28). Der Geist ist zuerst angekommen: Er las den Propheten Jesaja und verstand nicht, aber das Herz brannte. So ist er, als Philippus zu ihm kommt, auf die Katechese und die Taufe vorbereitet. Der Geist geht uns immer voraus: Gott kommt immer vor uns an! Auch an den fernsten Orten, auch in den unterschiedlichsten Kulturen s\u00e4t Gott \u00fcberall den Samen seines Wortes. Hieraus entspringt die Notwendigkeit einer besonderen Aufmerksamkeit gegen\u00fcber dem kulturellen Umfeld, in das ihr Familien gehen werdet, um dort t\u00e4tig zu sein: Oft handelt es sich um ein Umfeld, das sich sehr stark unterscheidet von dem Umfeld, aus dem ihr stammt.&#13;\n&#13;\nViele von euch werden die M\u00fche auf sich nehmen, die \u00f6rtliche Sprache zu lernen, die manchmal schwierig ist, und diese Bem\u00fchung ist anerkennenswert.\u00a0 Umso wichtiger wird euer Bem\u00fchen sein, die Kulturen zu \u00bberlernen\u00ab, denen ihr begegnen werdet, und das \u00fcberall vorhandene Bed\u00fcrfnis nach dem Evangelium zu erkennen, aber auch jenes Werk, das der Heilige Geist im Leben und in der Geschichte eines jeden Volkes vollbracht hat.<\/p>\n\n<p>Und abschlie\u00dfend ermahne ich euch, liebevoll f\u00fcreinander Sorge zu tragen, insbesondere f\u00fcr die Schw\u00e4chsten. Der Neokatechumenale Weg als Weg der Entdeckung der eigenen Taufe ist ein anspruchsvoller Weg, auf dem ein Bruder oder eine Schwester unvorhergesehenen Schwierigkeiten begegnen kann. In diesen F\u00e4llen ist die \u00dcbung der Geduld und der Barmherzigkeit von Seiten der Gemeinschaft ein Zeichen der Reife im Glauben. Die Freiheit eines jeden darf keinem Zwang unterworfen werden, und man muss auch die eventuelle Entscheidung dessen achten, der sich entschlie\u00dft, au\u00dferhalb des Neokatechumenalen Weges andere Formen christlichen Lebens zu suchen, die ihm helfen sollen, in der Antwort auf den Ruf des Herrn zu wachsen.<\/p>\n\n<p>Liebe Familien, liebe Br\u00fcder und Schwestern, ich ermutige euch, \u00fcberallhin, auch in die am meisten entchristlichten Umfelder, besonders in die existentiellen Randgebiete, das Evangelium Jesu Christi zu bringen. Evangelisiert mit Liebe, bringt allen die Liebe Gottes. Sagt allen, denen ihr auf den Wegen eurer Sendung begegnen werdet, dass Gott den Menschen so liebt, wie er ist, auch mit seinen Grenzen, mit seinen Fehlern, auch mit seinen S\u00fcnden. Daf\u00fcr hat er seinen Sohn gesandt, damit er unsere S\u00fcnden auf sich nimmt. Seid Botschafter und Zeugen der unendlichen G\u00fcte und der unersch\u00f6pflichen Barmherzigkeit des Vaters. <\/p>\n\n<p>Ich vertraue euch unserer Mutter, Maria, an, auf dass sie euer Apostolat stets inspirieren und st\u00fctzen m\u00f6ge. Seid in der Schule dieser z\u00e4rtlichen Mutter eifrige und freudige Missionare. Verliert nicht die Freude, geht voran!<\/p>\n","protected":false},"excerpt":{"rendered":"<p>ANSPRACHE AN DIE GEMEINSCHAFTEN DES NEOKATECHUMENALEN WEGES AM 01.02.2014 Franziskus Liebe Br\u00fcder und Schwestern! Ich danke dem Herrn f\u00fcr die Freude eures Glaubens und f\u00fcr die Leidenschaft eures christlichen Zeugnisses, Dank sei Gott! Ich begr\u00fc\u00dfe euch alle sehr herzlich, angefangen beim Internationalen Verantwortlichen-Team des Neokatechumenalen Weges, zusammen mit den Priestern, den Seminaristen und den Katecheten. Einen sehr liebevollen Gru\u00df richte ich an die Kinder, die hier in gro\u00dfer Zahl anwesend<\/p>\n<div class=\"read-more\"><a class=\"btn read-more-btn\" href=\"https:\/\/neocatechumenaleiter.org\/de\/worte-der-paepste\/franziskus\/ansprache-an-die-gemeinschaften-des-neokatechumenalen-weges-am-01-02-2014\/\">Mehr lesen<\/a><\/div>\n","protected":false},"author":2,"featured_media":0,"parent":10200,"menu_order":1,"comment_status":"closed","ping_status":"closed","template":"","meta":{"footnotes":""},"class_list":["post-12490","page","type-page","status-publish","hentry"],"_links":{"self":[{"href":"https:\/\/neocatechumenaleiter.org\/de\/wp-json\/wp\/v2\/pages\/12490","targetHints":{"allow":["GET"]}}],"collection":[{"href":"https:\/\/neocatechumenaleiter.org\/de\/wp-json\/wp\/v2\/pages"}],"about":[{"href":"https:\/\/neocatechumenaleiter.org\/de\/wp-json\/wp\/v2\/types\/page"}],"author":[{"embeddable":true,"href":"https:\/\/neocatechumenaleiter.org\/de\/wp-json\/wp\/v2\/users\/2"}],"replies":[{"embeddable":true,"href":"https:\/\/neocatechumenaleiter.org\/de\/wp-json\/wp\/v2\/comments?post=12490"}],"version-history":[{"count":2,"href":"https:\/\/neocatechumenaleiter.org\/de\/wp-json\/wp\/v2\/pages\/12490\/revisions"}],"predecessor-version":[{"id":23947,"href":"https:\/\/neocatechumenaleiter.org\/de\/wp-json\/wp\/v2\/pages\/12490\/revisions\/23947"}],"up":[{"embeddable":true,"href":"https:\/\/neocatechumenaleiter.org\/de\/wp-json\/wp\/v2\/pages\/10200"}],"wp:attachment":[{"href":"https:\/\/neocatechumenaleiter.org\/de\/wp-json\/wp\/v2\/media?parent=12490"}],"curies":[{"name":"wp","href":"https:\/\/api.w.org\/{rel}","templated":true}]}}