{"id":12492,"date":"2020-02-29T04:25:36","date_gmt":"2020-02-29T03:25:36","guid":{"rendered":"https:\/\/neocatechumenaleiter.org\/worte-der-paepste\/franziskus\/regina-coeli-von-papst-franziskus-am-11-05-2014\/"},"modified":"2021-08-10T10:59:25","modified_gmt":"2021-08-10T09:59:25","slug":"regina-coeli-von-papst-franziskus-am-11-05-2014","status":"publish","type":"page","link":"https:\/\/neocatechumenaleiter.org\/de\/worte-der-paepste\/franziskus\/regina-coeli-von-papst-franziskus-am-11-05-2014\/","title":{"rendered":"\u00abREGINA COELI\u00bb VON PAPST FRANZISKUS AM 11.05.2014"},"content":{"rendered":"\n<h1 class=\"has-text-align-center wp-block-heading\">\u00abREGINA COELI\u00bb VON PAPST FRANZISKUS AM 11.05.2014<\/h1>\n\n<div style=\"height:20px\" aria-hidden=\"true\" class=\"wp-block-spacer\"><\/div>\n\n<h4 class=\"has-text-align-center wp-block-heading\">Franziskus<\/h4>\n\n<div style=\"height:20px\" aria-hidden=\"true\" class=\"wp-block-spacer\"><\/div>\n\n<p><em>Liebe Br\u00fcder und Schwestern,&#13;\nguten Tag!<\/em><\/p>\n\n<p>Der Evangelist Johannes stellt uns am heutigen vierten Sonntag der Osterzeit das Bild Jesu als Guter Hirte vor Augen. Wenn wir diesen Abschnitt aus dem Evangelium betrachten, k\u00f6nnen wir die Art der Beziehung verstehen, die Jesus mit seinen J\u00fcngern hatte: eine Beziehung auf der Grundlage der Zuneigung, der Liebe, des gegenseitigen Kennens und der Verhei\u00dfung eines unermesslichen Geschenks: \u00bbIch bin gekommen, damit sie das Leben haben und es in F\u00fclle haben\u00ab (<i>Joh\u00a0<\/i>10,10). Diese Beziehung ist das Vorbild f\u00fcr die Beziehungen unter den Christen und f\u00fcr die menschlichen Beziehungen.<\/p>\n\n<p>Wie zur Zeit Jesu bieten sich auch heute viele als \u00bbHirten\u00ab unseres Lebens an; doch allein der Auferstandene ist der wahre Hirt, der uns das Leben in F\u00fclle schenkt. Ich lade alle ein, auf den Herrn zu vertrauen, der uns f\u00fchrt. Aber er f\u00fchrt uns nicht nur: er begleitet uns, er geht mit uns. Wir wollen offenen Sinns und Herzens sein Wort h\u00f6ren, um unseren Glauben zu n\u00e4hren, unser Gewissen zu erleuchten und den Lehren des Evangeliums zu folgen.<\/p>\n\n<p>Am heutigen Sonntag beten wir f\u00fcr die Hirten der Kirche, f\u00fcr alle Bisch\u00f6fe, einschlie\u00dflich des Bischofs von Rom, f\u00fcr alle Priester, f\u00fcr alle! Besonders beten wir f\u00fcr die Neupriester des Bistums Rom, die ich soeben in der Petersbasilika geweiht habe. Ein Gru\u00df an diese dreizehn Priester! Der Herr helfe uns Hirten, dem Meister immer treu zu bleiben und weise und erleuchtete F\u00fchrer des uns anvertrauten Gottesvolkes zu sein. Auch euch bitte ich, uns zu helfen: zu helfen, dass wir gute Hirten sind.&#13;\nEinmal habe ich etwas sehr Sch\u00f6nes dar\u00fcber gelesen, wie das Volk Gottes den Bisch\u00f6fen und Priestern hilft, gute Hirten zu sein. Es ist ein Text des heiligen Caesarius von Arles, eines Kirchenvaters der ersten Jahrhunderte der Kirche. Er erkl\u00e4rte, wie das Volk Gottes dem Hirten helfen muss, und er gebrauchte folgendes Beispiel: Wenn das Kalb Hunger hat, geht es zur Kuh, zur Mutter, um Milch zu trinken. Die Kuh aber gibt sie nicht sofort: es scheint, als halte sie die Milch f\u00fcr sich zur\u00fcck. Und was tut das K\u00e4lbchen? Es st\u00f6\u00dft mit seiner Nase gegen den Euter der Kuh, damit die Milch kommt. Das ist ein sch\u00f6nes Bild! \u00bbSo m\u00fcsst ihr mit den Hirten sein\u00ab, sagt der Heilige, \u00bbimmer an ihre T\u00fcr klopfen, an ihr Herz, damit sie euch die Milch der Lehre, die Milch der Gnade und die Milch der F\u00fchrung geben.\u00ab Und ich bitte euch, die Hirten zu bel\u00e4stigen, die Hirten zu st\u00f6ren, uns alle, die wir Hirten sind, damit wir euch die Milch der Gnade, der Lehre und der F\u00fchrung geben k\u00f6nnen. Bel\u00e4stigen! Denkt an dieses sch\u00f6ne Bild des K\u00e4lbchens, wie es die Mutter nicht in Ruhe l\u00e4sst, damit sie ihm zu trinken gibt.<\/p>\n\n<p>In der Nachfolge Jesu wird sich jeder Hirt \u00bbbisweilen an die Spitze stellen, um den Weg anzuzeigen und die Hoffnung des Volkes aufrecht zu erhalten\u00ab \u2013 manchmal muss der Hirte an der Spitze stehen \u2013, \u00bbandere Male wird er einfach inmitten aller sein mit seiner schlichten und barmherzigen N\u00e4he, und bei einigen Gelegenheiten wird er hinter dem Volk hergehen, um denen zu helfen, die zur\u00fcckgeblieben sind\u00ab (Apostolisches Schreiben\u00a0<i><u>Evangelii gaudium<\/u><\/i>, 31). Alle Hirten sollen so sein! Ihr aber: Bel\u00e4stigt die Hirten, damit sie die F\u00fchrung der Lehre und der Gnade geben.<\/p>\n\n<p>An diesem Sonntag wird\u00a0<em>der Weltgebetstag f\u00fcr geistliche Berufe\u00a0<\/em>begangen. In der diesj\u00e4hrigen Botschaft habe ich in Erinnerung gerufen, dass \u00bbjede Berufung stets ein Herausgehen aus sich selbst erfordert, um das eigene Dasein auf Christus und sein Evangelium auszurichten\u00ab (Nr. 2). Deshalb ist die Berufung zur Nachfolge Jesu gleichzeitig begeisternd und anspruchsvoll.&#13;\n&#13;\nDamit sie sich verwirklicht, ist es notwendig, immer in eine tiefe Freundschaft mit dem Herrn zu treten, um mit ihm und f\u00fcr ihn leben zu k\u00f6nnen.<\/p>\n\n<p>Beten wir, dass auch in dieser Zeit viele junge Menschen die Stimme des Herrn h\u00f6ren, die immer der Gefahr ausgesetzt ist, von den vielen anderen Stimmen gleichsam erstickt zu werden. Beten wir f\u00fcr die jungen Menschen: vielleicht ist hier auf dem Platz jemand, der diese Stimme des Herrn h\u00f6rt, die ihn zum Priestertum beruft; beten wir f\u00fcr ihn, wenn er hier ist, und f\u00fcr alle jungen Menschen, die berufen sind.<\/p>\n\n<hr class=\"wp-block-separator\"\/>\n\n<p><strong>Nach dem Regina Coeli:<\/strong><\/p>\n\n<p><i>Liebe Br\u00fcder und Schwestern!<\/i><\/p>\n\n<p>Ich gr\u00fc\u00dfe euch alle, die Familien, Pfarrgruppen, Vereinigungen und die einzelnen Gl\u00e4ubigen aus Italien und vielen anderen L\u00e4ndern (\u2026).<\/p>\n\n<p>Zudem gr\u00fc\u00dfe ich die neokatechumenalen Gemeinschaften, die an diesen Sonntagen der Osterzeit die Botschaft vom auferstandenen Jesus auf 100 Pl\u00e4tze Roms und vieler anderer St\u00e4dte der Welt bringen. Der Herr schenke euch die Freude des Evangeliums! Und geht vorw\u00e4rts, ihr, die ihr t\u00fcchtig seid!<\/p>\n\n<p>Einen besonderen Segen f\u00fcr die Jungen und M\u00e4dchen, die die Erstkommunion und die Firmung empfangen haben oder empfangen werden. Und auch f\u00fcr die Familienangeh\u00f6rigen und Freunde der neuen Priester des Bistums Rom, die ich heute Vormittag geweiht habe. <\/p>\n\n<p>Und heute lade ich euch ein, allen M\u00fcttern ein sch\u00f6nes Gedenken und ein Gebet zu widmen. Gr\u00fc\u00dfen wir die M\u00fctter! Indem wir sie der Mutter Jesu empfehlen, beten wir zur Gottesmutter f\u00fcr unsere M\u00fctter und f\u00fcr alle M\u00fctter: Gegr\u00fc\u00dfet seist du, Maria\u2026<\/p>\n\n<p>Einen herzlichen Gru\u00df an die M\u00fctter: einen herzlichen Gru\u00df!<\/p>\n\n<p>Einen sch\u00f6nen Sonntag euch allen! Gesegnete Mahlzeit und auf Wiedersehen!<\/p>\n","protected":false},"excerpt":{"rendered":"<p>\u00abREGINA COELI\u00bb VON PAPST FRANZISKUS AM 11.05.2014 Franziskus Liebe Br\u00fcder und Schwestern,&#13; guten Tag! Der Evangelist Johannes stellt uns am heutigen vierten Sonntag der Osterzeit das Bild Jesu als Guter Hirte vor Augen. Wenn wir diesen Abschnitt aus dem Evangelium betrachten, k\u00f6nnen wir die Art der Beziehung verstehen, die Jesus mit seinen J\u00fcngern hatte: eine Beziehung auf der Grundlage der Zuneigung, der Liebe, des gegenseitigen Kennens und der Verhei\u00dfung eines<\/p>\n<div class=\"read-more\"><a class=\"btn read-more-btn\" href=\"https:\/\/neocatechumenaleiter.org\/de\/worte-der-paepste\/franziskus\/regina-coeli-von-papst-franziskus-am-11-05-2014\/\">Mehr lesen<\/a><\/div>\n","protected":false},"author":2,"featured_media":0,"parent":10200,"menu_order":2,"comment_status":"closed","ping_status":"closed","template":"","meta":{"footnotes":""},"class_list":["post-12492","page","type-page","status-publish","hentry"],"_links":{"self":[{"href":"https:\/\/neocatechumenaleiter.org\/de\/wp-json\/wp\/v2\/pages\/12492","targetHints":{"allow":["GET"]}}],"collection":[{"href":"https:\/\/neocatechumenaleiter.org\/de\/wp-json\/wp\/v2\/pages"}],"about":[{"href":"https:\/\/neocatechumenaleiter.org\/de\/wp-json\/wp\/v2\/types\/page"}],"author":[{"embeddable":true,"href":"https:\/\/neocatechumenaleiter.org\/de\/wp-json\/wp\/v2\/users\/2"}],"replies":[{"embeddable":true,"href":"https:\/\/neocatechumenaleiter.org\/de\/wp-json\/wp\/v2\/comments?post=12492"}],"version-history":[{"count":2,"href":"https:\/\/neocatechumenaleiter.org\/de\/wp-json\/wp\/v2\/pages\/12492\/revisions"}],"predecessor-version":[{"id":23952,"href":"https:\/\/neocatechumenaleiter.org\/de\/wp-json\/wp\/v2\/pages\/12492\/revisions\/23952"}],"up":[{"embeddable":true,"href":"https:\/\/neocatechumenaleiter.org\/de\/wp-json\/wp\/v2\/pages\/10200"}],"wp:attachment":[{"href":"https:\/\/neocatechumenaleiter.org\/de\/wp-json\/wp\/v2\/media?parent=12492"}],"curies":[{"name":"wp","href":"https:\/\/api.w.org\/{rel}","templated":true}]}}