{"id":12498,"date":"2020-05-27T16:36:38","date_gmt":"2020-05-27T15:36:38","guid":{"rendered":"https:\/\/neocatechumenaleiter.org\/worte-der-paepste\/franziskus\/audienz-fuer-die-sendung-der-familien-und-der-missio-ad-gentes-am-06-03-2015\/"},"modified":"2020-05-27T16:36:40","modified_gmt":"2020-05-27T15:36:40","slug":"audienz-fuer-die-sendung-der-familien-und-der-missio-ad-gentes-am-06-03-2015","status":"publish","type":"page","link":"https:\/\/neocatechumenaleiter.org\/de\/worte-der-paepste\/franziskus\/audienz-fuer-die-sendung-der-familien-und-der-missio-ad-gentes-am-06-03-2015\/","title":{"rendered":"AUDIENZ F\u00dcR DIE SENDUNG DER FAMILIEN UND DER &#8222;MISSIO AD GENTES&#8220; AM 06.03.2015"},"content":{"rendered":"\n<h1 class=\"has-text-align-center wp-block-heading\">AUDIENZ F\u00dcR DIE SENDUNG DER FAMILIEN UND DER &#8222;MISSIO AD GENTES&#8220; AM 06.03.2015<\/h1>\n\n<div style=\"height:20px\" aria-hidden=\"true\" class=\"wp-block-spacer\"><\/div>\n\n<h4 class=\"has-text-align-center wp-block-heading\">Franziskus<\/h4>\n\n<div style=\"height:20px\" aria-hidden=\"true\" class=\"wp-block-spacer\"><\/div>\n\n<div class=\"wp-block-image is-style-default\"><figure class=\"alignleft size-large\"><img loading=\"lazy\" decoding=\"async\" width=\"400\" height=\"276\" src=\"https:\/\/neocatechumenaleiter.org\/wp-content\/uploads\/2020\/02\/Camino_Neocatecumenal_Papa_Francisco_Kiko_Arguello_audiencia1.jpg\" alt=\"\" class=\"wp-image-8635\" srcset=\"https:\/\/neocatechumenaleiter.org\/wp-content\/uploads\/2020\/02\/Camino_Neocatecumenal_Papa_Francisco_Kiko_Arguello_audiencia1.jpg 400w, https:\/\/neocatechumenaleiter.org\/wp-content\/uploads\/2020\/02\/Camino_Neocatecumenal_Papa_Francisco_Kiko_Arguello_audiencia1-300x207.jpg 300w\" sizes=\"auto, (max-width: 400px) 100vw, 400px\" \/><\/figure><\/div>\n\n<p><strong>Vatikanstadt \u2013 Aula Paolo VI, 6. M\u00e4rz 2015<\/strong><\/p>\n\n<p>Liebe Br\u00fcder und Schwestern!&#013;\nAllen einen guten Tag! Und danke, vielen Dank, dass ihr zu dieser Begegnung gekommen seid. Der Auftrag des Papstes, der Auftrag von Petrus ist, die Br\u00fcder im Glauben zu st\u00e4rken. So wollt auch ihr mit dieser Geste den Nachfolger Petri bitten, eure Berufung zu st\u00e4rken, eure Mission zu unterst\u00fctzen, euer Charisma zu segnen. Und heute best\u00e4rke ich euch in eurer Berufung, unterst\u00fctze eure Mission und segne euer Charisma. <\/p>\n\n<p>Das tue ich nicht, weil er [<em>der Papst zeigt auf den Initiator der Bewegung, Kiko<\/em>] mich bezahlt h\u00e4tte, nein! Ich tue dies, weil ich es tun will. Ihr werdet im Namen Christi in die ganze Welt gehen, um sein Evangelium zu bringen: Christus gehe euch voraus, Christus begleite euch, Christus bringe jenes Heil zu Erf\u00fcllung, dessen \u00dcbermittler ihr seid!<\/p>\n\n<p>Zusammen mit euch gr\u00fc\u00dfe ich alle Kardin\u00e4le und Bisch\u00f6fe, die euch heute begleiten und die in ihren Di\u00f6zesen eure Mission unterst\u00fctzen. Insbesondere gr\u00fc\u00dfe ich die Initiatoren des Neokatechumenalen Wegs, Kiko Arg\u00fcello und Carmen Hern\u00e1ndez, gemeinsam mit Don Mario Pezzi: auch ihnen bringe ich meine Wertsch\u00e4tzung zum Ausdruck und meine Ermutigung f\u00fcr das, was sie durch \u00bbden Weg\u00ab zum Wohl der Kirche tun. Ich sage immer, dass der Neokatechumenale Weg in der Kirche sehr viel Gutes tut. <\/p>\n\n<div class=\"wp-block-image is-style-circle-mask\"><figure class=\"alignleft size-large\"><img loading=\"lazy\" decoding=\"async\" width=\"400\" height=\"272\" src=\"https:\/\/neocatechumenaleiter.org\/wp-content\/uploads\/2020\/02\/Camino_Neocatecumenal_Papa_Francisco_Carmen_Hernandez_audiencia1.jpg\" alt=\"\" class=\"wp-image-8640\" srcset=\"https:\/\/neocatechumenaleiter.org\/wp-content\/uploads\/2020\/02\/Camino_Neocatecumenal_Papa_Francisco_Carmen_Hernandez_audiencia1.jpg 400w, https:\/\/neocatechumenaleiter.org\/wp-content\/uploads\/2020\/02\/Camino_Neocatecumenal_Papa_Francisco_Carmen_Hernandez_audiencia1-300x204.jpg 300w\" sizes=\"auto, (max-width: 400px) 100vw, 400px\" \/><\/figure><\/div>\n\n<p>Wie Kiko gesagt hat, ist unsere heutige Begegnung eine missionarische Aussendung im Gehorsam dem gegen\u00fcber, was Christus uns aufgetragen hat und was wir im Evangelium geh\u00f6rt haben. Und ich freue mich besonders, dass eure Mission durch christliche Familien geschieht, die, zu einer Gemeinschaft vereint, die Mission haben, die Zeichen des Glaubens auszustrahlen, die die Menschen zur Sch\u00f6nheit des Evangeliums hinziehen, gem\u00e4\u00df den Worten Christi: \u00bbLiebt einander, wie ich euch geliebt habe; daran werden alle erkennen, dass ihr meine J\u00fcnger seid\u00ab (vgl.\u00a0<i>Joh\u00a0<\/i>13,34), und: \u00bbIhr sollt eins sein, damit die Welt glaubt\u00ab (vgl.\u00a0<i>Joh\u00a0<\/i>17,21).<\/p>\n\n<div class=\"wp-block-image is-style-default\"><figure class=\"alignright size-large\"><img loading=\"lazy\" decoding=\"async\" width=\"400\" height=\"271\" src=\"https:\/\/neocatechumenaleiter.org\/wp-content\/uploads\/2020\/02\/Camino_Neocatecumenal_Audiencia_Papa_Francisco_envio_misionero.jpg\" alt=\"\" class=\"wp-image-8645\" srcset=\"https:\/\/neocatechumenaleiter.org\/wp-content\/uploads\/2020\/02\/Camino_Neocatecumenal_Audiencia_Papa_Francisco_envio_misionero.jpg 400w, https:\/\/neocatechumenaleiter.org\/wp-content\/uploads\/2020\/02\/Camino_Neocatecumenal_Audiencia_Papa_Francisco_envio_misionero-300x203.jpg 300w\" sizes=\"auto, (max-width: 400px) 100vw, 400px\" \/><\/figure><\/div>\n\n<p>Diese vom Bischof gerufenen Gemeinschaften werden gebildet aus einem Priester und vier oder f\u00fcnf Familien mit Kindern, auch gr\u00f6\u00dferen, und bilden eine \u00bbmissio ad gentes\u00ab mit dem Auftrag, Nicht-Christen zu evangelisieren. Nicht-Christen, die noch nie von Jesus Christus geh\u00f6rt haben, und die vielen Nicht-Christen, die vergessen haben, wer Jesus Christus war, wer Jesus Christus ist: getaufte Nicht-Christen, bei denen aber die S\u00e4kularisierung, die Weltlichkeit und viele andere Dinge bewirkt haben, dass sie den Glauben vergessen. Weckt diesen Glauben auf!<\/p>\n\n<p>Mehr noch als mit eurem Wort macht ihr mit eurem Lebenszeugnis das Herz der Offenbarung Christi sichtbar: Gott liebt den Menschen so sehr, dass er sich f\u00fcr ihn dem Tod ausgeliefert hat, und Christus ist vom Vater auferweckt worden, um uns die Gnade zu schenken, unser Leben an die anderen hinzugeben. Die heutige Welt braucht diese gro\u00dfartige Botschaft besonders dringend. Wie viel Einsamkeit, wie viel Leid, wie viel Gottferne gibt es in vielen Randgebieten Europas und Amerikas und vielen St\u00e4dten Asiens! Wie sehr braucht der Mensch von heute auf jedem Breitengrad das Gef\u00fchl, dass Gott ihn liebt und dass Liebe m\u00f6glich ist! Diese christlichen Gemeinschaften haben dank eurer missionarischen Familien den grundlegenden Auftrag, diese Botschaft sichtbar zu machen. Und was ist die Botschaft? \u00bbChristus ist auferstanden, Christus lebt! Christus lebt unter uns!\u00ab <\/p>\n\n<div class=\"wp-block-image is-style-default\"><figure class=\"alignleft size-large\"><img loading=\"lazy\" decoding=\"async\" width=\"400\" height=\"277\" src=\"https:\/\/neocatechumenaleiter.org\/wp-content\/uploads\/2020\/02\/Camino_Neocatecumenal_Papa_Francisco_envio_familias.jpg\" alt=\"\" class=\"wp-image-8650\" srcset=\"https:\/\/neocatechumenaleiter.org\/wp-content\/uploads\/2020\/02\/Camino_Neocatecumenal_Papa_Francisco_envio_familias.jpg 400w, https:\/\/neocatechumenaleiter.org\/wp-content\/uploads\/2020\/02\/Camino_Neocatecumenal_Papa_Francisco_envio_familias-300x208.jpg 300w\" sizes=\"auto, (max-width: 400px) 100vw, 400px\" \/><\/figure><\/div>\n\n<p>Durch einen Weg der christlichen Initiation \u2013 gelebt in kleinen Gemeinschaften, wo ihr den ungeheuren Reichtum eurer Taufe wiederentdeckt habt \u2013, habt ihr die Kraft empfangen, alles zu verlassen, und in weit entfernte L\u00e4nder aufzubrechen.&#013;\n&#013;\nDas ist der Neokatechumenale Weg, ein echtes Geschenk der Vorsehung an die Kirche unserer Zeit, wie es meine Vorg\u00e4nger best\u00e4tigt haben, vor allem der heilige Johannes Paul II., als er zu euch sagte: \u00bbIch erkenne den Neokatechumenalen Weg als ein Itinerarium katholischer Formung an, g\u00fcltig f\u00fcr die Gesellschaft und die gegenw\u00e4rtige Zeit\u00ab (Epist.\u00a0<em>Ogniqualvolta<\/em>, 30. August 1990:\u00a0<em>AAS\u00a0<\/em>82 [1990], 1515). Der Neokatechumenale Weg st\u00fctzt sich auf die drei Dimensionen der Kirche: Wort, Liturgie und Gemeinschaft. Das gehorsame und best\u00e4ndige H\u00f6ren auf das Wort Gottes, die Eucharistiefeierin kleinen Gemeinschaften nach der ersten Vesper vom Sonntag, das sonnt\u00e4gliche Gebet der Laudes in der Familie gemeinsam mit allen Kindern und das Teilen des Glaubens mit anderen Br\u00fcdern und Schwestern sind daher Ursprung vieler Gaben, die der Herr euch geschenkt hat, so wie die zahlreichen Berufungen zum Priestertum und zum geweihten Leben. All dies zu sehen ist ein Trost, weil es best\u00e4tigt, dass der Geist Gottes auch heute in der Kirche lebendig ist und wirkt und dass er auf die Bed\u00fcrfnisse des modernen Menschen antwortet.<\/p>\n\n<p>Bei verschiedenen Anl\u00e4ssen habe ich die Notwendigkeit unterstrichen, dass die Kirche von einer rein bewahrenden Pastoral zu einer entschieden missionarischen Pastoral \u00fcbergehen muss (vgl. Apostolisches Schreiben\u00a0<i>Evangelii gaudium<\/i>, 15). Wie oft haben wir in der Kirche Jesus in uns und lassen ihn nicht hinaus\u2026 Wie oft! Das ist das Wichtigste, was zu tun ist, wenn wir nicht wollen, dass die Wasser in der Kirche stagnieren.<\/p>\n\n<div class=\"wp-block-image is-style-default\"><figure class=\"alignright size-large\"><img loading=\"lazy\" decoding=\"async\" width=\"400\" height=\"289\" src=\"https:\/\/neocatechumenaleiter.org\/wp-content\/uploads\/2020\/02\/Camino_Neocatecumenal_Papa_Francisco_Kiko_Carmen_Mario_audiencia_envio_misioneros.jpg\" alt=\"\" class=\"wp-image-8655\" srcset=\"https:\/\/neocatechumenaleiter.org\/wp-content\/uploads\/2020\/02\/Camino_Neocatecumenal_Papa_Francisco_Kiko_Carmen_Mario_audiencia_envio_misioneros.jpg 400w, https:\/\/neocatechumenaleiter.org\/wp-content\/uploads\/2020\/02\/Camino_Neocatecumenal_Papa_Francisco_Kiko_Carmen_Mario_audiencia_envio_misioneros-300x217.jpg 300w\" sizes=\"auto, (max-width: 400px) 100vw, 400px\" \/><\/figure><\/div>\n\n<p>Der \u00bbWeg\u00ab verwirklicht diese \u00bbmissio ad gentes\u00ab seit Jahren unter Nicht-Christen f\u00fcr eine \u00bbimplantatio Ecclesiae\u00ab, eine neue Pr\u00e4senz der Kirche dort, wo die Kirche nicht existiert oder nicht mehr in der Lage ist, die Menschen zu erreichen.&#013;\n&#013;\n\u00bbWieviel Freude gebt ihr uns durch eure Gegenwart und eure T\u00e4tigkeit!\u00ab, hat der selige Papst\u00a0<a href=\"http:\/\/w2.vatican.va\/content\/paul-vi\/de.html\">Paul VI<\/a>. in der ersten Audienz f\u00fcr euch gesagt (8. Mai 1974:\u00a0<em>Insegnamenti di Paolo VI<\/em>, XII [1974], 407). Auch ich mache mir diese Worte zu eigen und ermutige euch voranzugehen, w\u00e4hrend ich euch der allerseligsten Jungfrau Maria anvertraue, die den Neokatechumenalen Weg inspiriert hat. Sie m\u00f6ge f\u00fcr euch bei ihrem g\u00f6ttlichen Sohn F\u00fcrsprache halten.<\/p>\n\n<p>Meine Lieben, der Herr begleite euch. Geht mit meinem Segen!<\/p>\n","protected":false},"excerpt":{"rendered":"<p>AUDIENZ F\u00dcR DIE SENDUNG DER FAMILIEN UND DER &#8222;MISSIO AD GENTES&#8220; AM 06.03.2015 Franziskus Vatikanstadt \u2013 Aula Paolo VI, 6. M\u00e4rz 2015 Liebe Br\u00fcder und Schwestern!&#013; Allen einen guten Tag! Und danke, vielen Dank, dass ihr zu dieser Begegnung gekommen seid. Der Auftrag des Papstes, der Auftrag von Petrus ist, die Br\u00fcder im Glauben zu st\u00e4rken. So wollt auch ihr mit dieser Geste den Nachfolger Petri bitten, eure Berufung zu<\/p>\n<div class=\"read-more\"><a class=\"btn read-more-btn\" href=\"https:\/\/neocatechumenaleiter.org\/de\/worte-der-paepste\/franziskus\/audienz-fuer-die-sendung-der-familien-und-der-missio-ad-gentes-am-06-03-2015\/\">Mehr lesen<\/a><\/div>\n","protected":false},"author":2,"featured_media":0,"parent":10200,"menu_order":3,"comment_status":"closed","ping_status":"closed","template":"","meta":{"footnotes":""},"class_list":["post-12498","page","type-page","status-publish","hentry"],"_links":{"self":[{"href":"https:\/\/neocatechumenaleiter.org\/de\/wp-json\/wp\/v2\/pages\/12498","targetHints":{"allow":["GET"]}}],"collection":[{"href":"https:\/\/neocatechumenaleiter.org\/de\/wp-json\/wp\/v2\/pages"}],"about":[{"href":"https:\/\/neocatechumenaleiter.org\/de\/wp-json\/wp\/v2\/types\/page"}],"author":[{"embeddable":true,"href":"https:\/\/neocatechumenaleiter.org\/de\/wp-json\/wp\/v2\/users\/2"}],"replies":[{"embeddable":true,"href":"https:\/\/neocatechumenaleiter.org\/de\/wp-json\/wp\/v2\/comments?post=12498"}],"version-history":[{"count":1,"href":"https:\/\/neocatechumenaleiter.org\/de\/wp-json\/wp\/v2\/pages\/12498\/revisions"}],"predecessor-version":[{"id":12519,"href":"https:\/\/neocatechumenaleiter.org\/de\/wp-json\/wp\/v2\/pages\/12498\/revisions\/12519"}],"up":[{"embeddable":true,"href":"https:\/\/neocatechumenaleiter.org\/de\/wp-json\/wp\/v2\/pages\/10200"}],"wp:attachment":[{"href":"https:\/\/neocatechumenaleiter.org\/de\/wp-json\/wp\/v2\/media?parent=12498"}],"curies":[{"name":"wp","href":"https:\/\/api.w.org\/{rel}","templated":true}]}}