{"id":12639,"date":"2020-05-28T21:57:10","date_gmt":"2020-05-28T20:57:10","guid":{"rendered":"https:\/\/neocatechumenaleiter.org\/worte-der-paepste\/benedikt-xvi\/privataudienz-fuer-die-initiatoren-des-weges-am-19-11-2005\/"},"modified":"2020-06-14T03:09:25","modified_gmt":"2020-06-14T02:09:25","slug":"privataudienz-fuer-die-initiatoren-des-weges-am-19-11-2005","status":"publish","type":"page","link":"https:\/\/neocatechumenaleiter.org\/de\/worte-der-paepste\/benedikt-xvi\/privataudienz-fuer-die-initiatoren-des-weges-am-19-11-2005\/","title":{"rendered":"PRIVATAUDIENZ F\u00dcR DIE INITIATOREN DES WEGES AM 19.11.2005"},"content":{"rendered":"\n<h1 class=\"has-text-align-center wp-block-heading\">PRIVATAUDIENZ F\u00dcR DIE INITIATOREN DES WEGES AM 19.11.2005<\/h1>\n\n<div style=\"height:20px\" aria-hidden=\"true\" class=\"wp-block-spacer\"><\/div>\n\n<h4 class=\"has-text-align-center wp-block-heading\">Benedikt XVI.<\/h4>\n\n<div style=\"height:20px\" aria-hidden=\"true\" class=\"wp-block-spacer\"><\/div>\n\n<p><strong>Vatikanstadt, 19. November 2005<\/strong><\/p>\n\n<p><em>Am 19. November 2005 empfing der Heilige Vater Benedikt XVI. in einer privaten Audienz zum ersten Mal die Initiatoren des Neokatechumenalen Weges.<br\/><br\/>Kiko hat das Treffen folgenderma\u00dfen beschrieben:<\/em><\/p>\n\n<p>\u00bbEs war ein wunderbares Treffen. Wir baten um eine Audienz beim Papst, obwohl wir wussten, dass es sehr schwierig ist, und es wurde uns gew\u00e4hrt. Im vergangenen Mai haben wir mit den Familien eine Konvivenz gehabt und 200 von ihnen gesandt. Wir haben Papst Benedikt XVI. gefragt, ob er, wie Johannes Paul II., der mehr als 400 Familien auf der ganzen Welt ausgesandt hat, den neuen Familien das Kruzifix \u00fcbergeben und ein Foto mit ihnen machen k\u00f6nnte. Dies damit sie, wohin sie auch gehen, zeigen k\u00f6nnen, dass sie katholisch sind, denn sie werden in sehr schwierige Umgebungen in Amerika und Nordeuropa gesandt. Es wurde uns mitgeteilt, dass der Papst diese 200 Familien am 12. Januar gerne in die ganze Welt schicken werde. Es ist ein sehr wichtiges Treffen! Zum ersten Mal wird Papst Benedikt XVI. vor der ganzen Kirche ein Wort \u00fcber den Neokatechumenalen Weg sagen. Alle warten darauf.<\/p>\n\n<p>Die private Audienz, die wir am 19. November hatten, war wundersch\u00f6n: Ich sprach ein wenig \u00fcber den Evangelisierungsplan, den wir Johannes Paul II. vorgestellt hatten, mit einer implantatio ecclesiae (\u201eEinpflanzung der Kirche\u201c) durch die Familien in Mission, \u00e4hnlich wie es der heilige Benedikt tat; Ich zeigte dem Papst eine Karte mit den 27 Seminaren in Europa und wo die Familien in Mission sind&#8230; Nun, als es f\u00fcnf Minute vor dem Ende der Audienz war, sagte der Papst: &#8222;Gut, jetzt reden wir \u00fcber die Liturgie. Gestern habe ich mit Kardinal Arinze gesprochen und wir haben uns auf einige Dinge geeinigt.&#8220; Er sagte uns, dass wir kurze Einf\u00fchrungen zu den Lesungen machen k\u00f6nnen, einige Echos des Wortes: drei oder vier, sodass sie eindeutig die Predigt nicht ersetzen. Der Friedensgru\u00df bleibt dort, wo wir ihn machen; und f\u00fcr die Kommunion unter beiderlei Gestalten k\u00f6nnen wir eine Zeit lang so weitermachen, wie wir sie bisher empfangen haben, dann werden wir sehen&#8230; \u00ab.<\/p>\n\n<div class=\"wp-block-image is-style-default\"><figure class=\"aligncenter size-large\"><img loading=\"lazy\" decoding=\"async\" width=\"614\" height=\"406\" src=\"https:\/\/neocatechumenaleiter.org\/wp-content\/uploads\/2020\/02\/Camino_Neocatecumenal_Benedicto_XVI_Kiko_Carmen_Mario_audiencia.jpg\" alt=\"\" class=\"wp-image-6883\" srcset=\"https:\/\/neocatechumenaleiter.org\/wp-content\/uploads\/2020\/02\/Camino_Neocatecumenal_Benedicto_XVI_Kiko_Carmen_Mario_audiencia.jpg 614w, https:\/\/neocatechumenaleiter.org\/wp-content\/uploads\/2020\/02\/Camino_Neocatecumenal_Benedicto_XVI_Kiko_Carmen_Mario_audiencia-300x198.jpg 300w\" sizes=\"auto, (max-width: 614px) 100vw, 614px\" \/><\/figure><\/div>\n","protected":false},"excerpt":{"rendered":"<p>PRIVATAUDIENZ F\u00dcR DIE INITIATOREN DES WEGES AM 19.11.2005 Benedikt XVI. Vatikanstadt, 19. November 2005 Am 19. November 2005 empfing der Heilige Vater Benedikt XVI. in einer privaten Audienz zum ersten Mal die Initiatoren des Neokatechumenalen Weges. Kiko hat das Treffen folgenderma\u00dfen beschrieben: \u00bbEs war ein wunderbares Treffen. Wir baten um eine Audienz beim Papst, obwohl wir wussten, dass es sehr schwierig ist, und es wurde uns gew\u00e4hrt. Im vergangenen Mai<\/p>\n<div class=\"read-more\"><a class=\"btn read-more-btn\" href=\"https:\/\/neocatechumenaleiter.org\/de\/worte-der-paepste\/benedikt-xvi\/privataudienz-fuer-die-initiatoren-des-weges-am-19-11-2005\/\">Mehr lesen<\/a><\/div>\n","protected":false},"author":2,"featured_media":0,"parent":10125,"menu_order":0,"comment_status":"closed","ping_status":"closed","template":"","meta":{"footnotes":""},"class_list":["post-12639","page","type-page","status-publish","hentry"],"_links":{"self":[{"href":"https:\/\/neocatechumenaleiter.org\/de\/wp-json\/wp\/v2\/pages\/12639","targetHints":{"allow":["GET"]}}],"collection":[{"href":"https:\/\/neocatechumenaleiter.org\/de\/wp-json\/wp\/v2\/pages"}],"about":[{"href":"https:\/\/neocatechumenaleiter.org\/de\/wp-json\/wp\/v2\/types\/page"}],"author":[{"embeddable":true,"href":"https:\/\/neocatechumenaleiter.org\/de\/wp-json\/wp\/v2\/users\/2"}],"replies":[{"embeddable":true,"href":"https:\/\/neocatechumenaleiter.org\/de\/wp-json\/wp\/v2\/comments?post=12639"}],"version-history":[{"count":4,"href":"https:\/\/neocatechumenaleiter.org\/de\/wp-json\/wp\/v2\/pages\/12639\/revisions"}],"predecessor-version":[{"id":15843,"href":"https:\/\/neocatechumenaleiter.org\/de\/wp-json\/wp\/v2\/pages\/12639\/revisions\/15843"}],"up":[{"embeddable":true,"href":"https:\/\/neocatechumenaleiter.org\/de\/wp-json\/wp\/v2\/pages\/10125"}],"wp:attachment":[{"href":"https:\/\/neocatechumenaleiter.org\/de\/wp-json\/wp\/v2\/media?parent=12639"}],"curies":[{"name":"wp","href":"https:\/\/api.w.org\/{rel}","templated":true}]}}