{"id":12647,"date":"2020-05-28T22:12:11","date_gmt":"2020-05-28T21:12:11","guid":{"rendered":"https:\/\/neocatechumenaleiter.org\/worte-der-paepste\/benedikt-xvi\/ansprache-von-benedikt-xvi-an-die-mitglieder-des-neokatechumenalen-weges-vom-12-01-2006\/"},"modified":"2020-06-13T09:07:19","modified_gmt":"2020-06-13T08:07:19","slug":"ansprache-von-benedikt-xvi-an-die-mitglieder-des-neokatechumenalen-weges-vom-12-01-2006","status":"publish","type":"page","link":"https:\/\/neocatechumenaleiter.org\/de\/worte-der-paepste\/benedikt-xvi\/ansprache-von-benedikt-xvi-an-die-mitglieder-des-neokatechumenalen-weges-vom-12-01-2006\/","title":{"rendered":"ANSPRACHE AN DIE MITGLIEDER DES NEOKATECHUMENALEN WEGES AM 12.01.2006"},"content":{"rendered":"\n<h1 class=\"has-text-align-center wp-block-heading\">ANSPRACHE AN DIE MITGLIEDER DES NEOKATECHUMENALEN WEGES AM 12.01.2006<\/h1>\n\n<div style=\"height:20px\" aria-hidden=\"true\" class=\"wp-block-spacer\"><\/div>\n\n<h4 class=\"has-text-align-center wp-block-heading\">Benedikt XVI.<\/h4>\n\n<div style=\"height:20px\" aria-hidden=\"true\" class=\"wp-block-spacer\"><\/div>\n\n<p><b>Vatikanstadt, Aula Paul VI., 12.01.2006<\/b><\/p>\n\n<p><em>\u201eDurch treues Festhalten an allen Richtlinien der Kirche werdet ihr eurem Apostolat noch gr\u00f6\u00dfere Wirkungskraft verleihen\u201c. Diese ist die Unterweisung, die anl\u00e4sslich der Audienz am Morgen des 12. Februar im Saal Paul VI. dem Neokatechumenalen Weg gerichtet wurde.<\/em>&#013;\n&#013;\n<em>Hier der Text der Rede des Heiligen Vaters:<\/em><\/p>\n\n<p>Liebe Br\u00fcder und Schwestern!<br \/><br \/>&#013;\n&#013;\nHerzlichen Dank f\u00fcr euren Besuch, der mir Gelegenheit bietet, auch den anderen Mitgliedern des Neokatechumenalen Weges in vielen Teilen der Welt einen besonderen Gru\u00df zu senden. Ich gr\u00fc\u00dfe alle Anwesenden, angefangen bei den verehrten Kardin\u00e4len, Bisch\u00f6fen und Priestern. Mein Gru\u00df gilt den Verantwortlichen des Neokatechumenalen Weges: Herrn Kiko Arg\u00fcello, dem ich f\u00fcr die Worte danke, die er in eurem Namen an mich gerichtet hat, Frau Carmen Hern\u00e1ndez und Pater Mario Pezzi. Ich gr\u00fc\u00dfe die Seminaristen, die Jugendlichen und besonders die Familien, die sich darauf vorbereiten, eine besondere missionarische \u00bbAussendung\u00ab zu erhalten, um in verschiedene L\u00e4nder vor allem innerhalb Lateinamerikas zu gehen.<\/p>\n\n<div class=\"wp-block-image is-style-default\"><figure class=\"alignleft size-large\"><img loading=\"lazy\" decoding=\"async\" width=\"400\" height=\"266\" src=\"https:\/\/neocatechumenaleiter.org\/wp-content\/uploads\/2020\/02\/Camino_Neocatecumenal_Audiencia_Papa_Benedicto_XVI_2006.jpg\" alt=\"\" class=\"wp-image-9251\" srcset=\"https:\/\/neocatechumenaleiter.org\/wp-content\/uploads\/2020\/02\/Camino_Neocatecumenal_Audiencia_Papa_Benedicto_XVI_2006.jpg 400w, https:\/\/neocatechumenaleiter.org\/wp-content\/uploads\/2020\/02\/Camino_Neocatecumenal_Audiencia_Papa_Benedicto_XVI_2006-300x200.jpg 300w\" sizes=\"auto, (max-width: 400px) 100vw, 400px\" \/><\/figure><\/div>\n\n<p>Diese Aufgabe f\u00e4llt in den Bereich der Neuevangelisierung, bei der die Familie eine \u00e4u\u00dferst wichtige Rolle spielt. Ihr habt darum gebeten, dass euch diese Aufgabe der Nachfolger Petri \u00fcbertragen m\u00f6ge, wie es bereits durch meinen verehrten Vorg\u00e4nger Johannes Paul II. am 12. Dezember 1994 geschehen ist, denn eure apostolische T\u00e4tigkeit soll vom Herzen der Kirche ausgehen. Sie soll in vollkommener \u00dcbereinstimmung mit ihren Richtlinien und in Gemeinschaft mit den Teilkirchen, in denen ihr t\u00e4tig sein werdet, erfolgen, wobei der Reichtum an Charismen, die der Herr durch die Initiatoren des Neokatechumenalen Weges geweckt hat, zur Geltung kommt. Liebe Familien, das Kreuz, das ihr erhalten werdet, wird euer unzertrennlicher Wegbegleiter sein, w\u00e4hrend ihr durch eure Missionsarbeit verk\u00fcnden werdet, dass es nur in Jesus Christus, der gestorben und auferstanden ist, das Heil gibt. Ihr werdet sanftm\u00fctig und freudig Zeugnis von ihm ablegen und in Einfachheit und Armut auf den Stra\u00dfen aller Erdteile unterwegs sein, getragen vom unabl\u00e4ssigen Gebet und H\u00f6ren auf das Wort Gottes und gen\u00e4hrt durch die Teilnahme am liturgischen Leben der Teilkirchen, in die ihr gesandt seid.<\/p>\n\n<p>Die gro\u00dfe Bedeutung, die die Liturgie und besonders die heilige Messe f\u00fcr die Evangelisierung besitzt, ist mehrmals von meinen Vorg\u00e4ngern hervorgehoben worden, und durch eure langj\u00e4hrige Erfahrung k\u00f6nnt ihr sehr wohl best\u00e4tigen, dass die zentrale Bedeutung des Mysteriums Christi, das in den liturgischen Riten gefeiert wird, ein wichtiges und unverzichtbares Mittel ist, um lebendige und best\u00e4ndige christliche Gemeinschaften aufzubauen. Um dem Neokatechumenalen Weg dabei zu helfen, seiner Evangelisierungsarbeit in Gemeinschaft mit dem ganzen Gottesvolk noch gr\u00f6\u00dferen Nachdruck zu verleihen, hat euch die Kongregation f\u00fcr den Gottesdienst und die Sakramentenordnung k\u00fcrzlich, nach Ablauf einer Zeit, in der ihr Erfahrungen sammeln konntet und die vom Diener Gottes Johannes Paul II. gew\u00e4hrt worden war, in meinem Namen einige Normen auferlegt, die die Feier der Eucharistie betreffen. Ich bin sicher, dass ihr diese Normen, die das aufgreifen, was die von der Kirche approbierten liturgischen B\u00fccher vorsehen, achtsam befolgen werdet. Durch treues Festhalten an allen Richtlinien der Kirche werdet ihr in \u00dcbereinstimmung und in voller Gemeinschaft mit dem Papst und den Hirten jeder Di\u00f6zese eurem Apostolat noch gr\u00f6\u00dfere Wirkungskraft verleihen. Und so wird der Herr euch auch weiterhin mit \u00fcberreichen pastoralen Fr\u00fcchten segnen.<\/p>\n\n<div class=\"wp-block-image is-style-default\"><figure class=\"alignright size-large\"><img loading=\"lazy\" decoding=\"async\" width=\"400\" height=\"256\" src=\"https:\/\/neocatechumenaleiter.org\/wp-content\/uploads\/2020\/02\/Camino_Neocatecumenal_Audiencia_Papa_Benedicto_XVI_2006_familias-en-mision.jpg\" alt=\"\" class=\"wp-image-9256\" srcset=\"https:\/\/neocatechumenaleiter.org\/wp-content\/uploads\/2020\/02\/Camino_Neocatecumenal_Audiencia_Papa_Benedicto_XVI_2006_familias-en-mision.jpg 400w, https:\/\/neocatechumenaleiter.org\/wp-content\/uploads\/2020\/02\/Camino_Neocatecumenal_Audiencia_Papa_Benedicto_XVI_2006_familias-en-mision-300x192.jpg 300w\" sizes=\"auto, (max-width: 400px) 100vw, 400px\" \/><\/figure><\/div>\n\n<p>Ihr konntet in diesen Jahren wirklich viel erreichen, und zahlreiche Berufungen zum Priestertum und zum geweihten Leben sind innerhalb eurer Gemeinschaften entstanden. Heute gilt unsere Aufmerksamkeit jedoch vor allem den Familien. \u00dcber 200 von ihnen sollen in die Mission ausgesandt zu werden; es sind Familien, die sich ohne gro\u00dfe menschliche Unterst\u00fctzung aufmachen, die aber vor allem darauf z\u00e4hlen, von der g\u00f6ttlichen Vorsehung getragen zu werden. <\/p>\n\n<p>Liebe Familien, ihr k\u00f6nnt mit eurer Geschichte bezeugen, dass der Herr diejenigen nicht verl\u00e4sst, die sich auf ihn verlassen. Verbreitet auch weiterhin das Evangelium des Lebens. Wo eure Mission euch auch hinf\u00fchrt, da lasst euch durch das trostspendende Wort Jesu erleuchten: \u00bbEuch muss es zuerst um sein Reich und um seine Gerechtigkeit gehen; dann wird euch alles andere dazugegeben\u00ab, und \u00bbSorgt euch also nicht um morgen; denn der morgige Tag wird f\u00fcr sich selbst sorgen\u00ab (<em>Mt<\/em> 6,33\u201334). Zeigt in einer Welt, die menschliche Gewissheiten und irdische Sicherheiten sucht, dass Christus der unersch\u00fctterliche Fels ist, auf den man sein Leben gr\u00fcnden kann, und dass das Vertrauen, das man in ihn legt, niemals vergeblich ist. Die Heilige Familie von Nazaret m\u00f6ge euch sch\u00fctzen und euer Vorbild sein. Ich sichere euch und allen Mitgliedern des Neokatechumenalen Weges mein Gebet zu und erteile jedem mit Zuneigung den Apostolischen Segen.<br \/><br \/><i>Quelle: vatican.va<\/i><\/p>\n","protected":false},"excerpt":{"rendered":"<p>ANSPRACHE AN DIE MITGLIEDER DES NEOKATECHUMENALEN WEGES AM 12.01.2006 Benedikt XVI. Vatikanstadt, Aula Paul VI., 12.01.2006 \u201eDurch treues Festhalten an allen Richtlinien der Kirche werdet ihr eurem Apostolat noch gr\u00f6\u00dfere Wirkungskraft verleihen\u201c. Diese ist die Unterweisung, die anl\u00e4sslich der Audienz am Morgen des 12. Februar im Saal Paul VI. dem Neokatechumenalen Weg gerichtet wurde.&#013; &#013; Hier der Text der Rede des Heiligen Vaters: Liebe Br\u00fcder und Schwestern! &#013; &#013; Herzlichen<\/p>\n<div class=\"read-more\"><a class=\"btn read-more-btn\" href=\"https:\/\/neocatechumenaleiter.org\/de\/worte-der-paepste\/benedikt-xvi\/ansprache-von-benedikt-xvi-an-die-mitglieder-des-neokatechumenalen-weges-vom-12-01-2006\/\">Mehr lesen<\/a><\/div>\n","protected":false},"author":2,"featured_media":0,"parent":10125,"menu_order":1,"comment_status":"closed","ping_status":"closed","template":"","meta":{"footnotes":""},"class_list":["post-12647","page","type-page","status-publish","hentry"],"_links":{"self":[{"href":"https:\/\/neocatechumenaleiter.org\/de\/wp-json\/wp\/v2\/pages\/12647","targetHints":{"allow":["GET"]}}],"collection":[{"href":"https:\/\/neocatechumenaleiter.org\/de\/wp-json\/wp\/v2\/pages"}],"about":[{"href":"https:\/\/neocatechumenaleiter.org\/de\/wp-json\/wp\/v2\/types\/page"}],"author":[{"embeddable":true,"href":"https:\/\/neocatechumenaleiter.org\/de\/wp-json\/wp\/v2\/users\/2"}],"replies":[{"embeddable":true,"href":"https:\/\/neocatechumenaleiter.org\/de\/wp-json\/wp\/v2\/comments?post=12647"}],"version-history":[{"count":9,"href":"https:\/\/neocatechumenaleiter.org\/de\/wp-json\/wp\/v2\/pages\/12647\/revisions"}],"predecessor-version":[{"id":15813,"href":"https:\/\/neocatechumenaleiter.org\/de\/wp-json\/wp\/v2\/pages\/12647\/revisions\/15813"}],"up":[{"embeddable":true,"href":"https:\/\/neocatechumenaleiter.org\/de\/wp-json\/wp\/v2\/pages\/10125"}],"wp:attachment":[{"href":"https:\/\/neocatechumenaleiter.org\/de\/wp-json\/wp\/v2\/media?parent=12647"}],"curies":[{"name":"wp","href":"https:\/\/api.w.org\/{rel}","templated":true}]}}