{"id":12657,"date":"2020-05-28T22:15:10","date_gmt":"2020-05-28T21:15:10","guid":{"rendered":"https:\/\/neocatechumenaleiter.org\/worte-der-paepste\/benedikt-xvi\/konvivenz-von-bischoefen-aus-asien-und-australien-in-der-domus-galilaeae-am-18-11-2006\/"},"modified":"2020-06-16T19:20:30","modified_gmt":"2020-06-16T18:20:30","slug":"konvivenz-von-bischoefen-aus-asien-und-australien-in-der-domus-galilaeae-am-18-11-2006","status":"publish","type":"page","link":"https:\/\/neocatechumenaleiter.org\/de\/worte-der-paepste\/benedikt-xvi\/konvivenz-von-bischoefen-aus-asien-und-australien-in-der-domus-galilaeae-am-18-11-2006\/","title":{"rendered":"KONVIVENZ VON BISCH\u00d6FEN AUS ASIEN UND AUSTRALIEN IN DER \u201eDOMUS GALILAEAE\u201c AM 18.11.2006"},"content":{"rendered":"\n<h1 class=\"has-text-align-center wp-block-heading\"> KONVIVENZ VON BISCH\u00d6FEN AUS ASIEN UND AUSTRALIEN IN DER \u201eDOMUS GALILAEAE\u201c AM 18.11.2006<\/h1>\n\n<div style=\"height:20px\" aria-hidden=\"true\" class=\"wp-block-spacer\"><\/div>\n\n<h4 class=\"has-text-align-center wp-block-heading\">Benedikt XVI.<\/h4>\n\n<div style=\"height:20px\" aria-hidden=\"true\" class=\"wp-block-spacer\"><\/div>\n\n<p><strong>Domus Galilaeae, 18. November 2006<\/strong><\/p>\n\n<p><em>Vom 18. bis 26. November 2006 versammelten sich 126 Bisch\u00f6fe aus Asien (und einige aus Australien), unter denen 65 aus Indien, zusammen mit Kardinal Telesphore Toppo, Erzbischof von Ranchi und Pr\u00e4sident der indischen Bischofskonferenz. In seinem Gru\u00df am Ende der Konvivenz sprach der Kardinal besonders bedeutende Worte \u00fcber das Werk des Neokatechumenalen Weges. Wir wiedergeben zwei kurze Abs\u00e4tze:<\/em><\/p>\n\n<p>\u00ab&#8230; In Bezug auf den Neokatechumenalen Weg ist das, was wir in diesen Tagen erlebt haben und die Erfahrungen mit dem Besuch der heiligen St\u00e4tten, fundamental gewesen. Ich wusste nicht, dass drei Bisch\u00f6fe von Rom \u2013 Paul VI., Johannes Paul II. und der derzeitige Papst \u2013 so am Neokatechumenalen Weg involviert waren &#8230;&#13;\n&#13;\nIch h\u00e4tte viel zu sagen: Dies ist kein Werk von Kiko, es ist nicht das Werk von Carmen oder von uns, die wir auserw\u00e4hlt und hierher gebracht wurden \u2013 gewiss sind sie die auserw\u00e4hlten Gef\u00e4\u00dfe, glaubt ihr das, oder? \u2013 aber dies ist das Werk Gottes selbst f\u00fcr die Kirche, weil Er die Kirche liebt. Im Laufe der Zeit beruft er Menschen, wie Er es in der Vergangenheit getan hat, so wie Er es heute tut. Es ist wirklich ein Werk Gottes<\/p>\n\n<p>Obwohl dies das erste Mal ist, dass ich Kontakt mit dem Neokatechumenalen Weg habe, sage ich, dass dieser Weg die Notwendigkeit der heutigen Stunde ist. Wenn wir ihn nicht ernst nehmen, werden wir nicht in der Lage sein, <em>ad gentes<\/em>zu evangelisieren. Wir werden auch diejenigen verlieren, die wir getaufte Christen nennen. Wenn wir wirklich Christen sind, haben wir es n\u00f6tig evangelisiert zu werden, wenn wir andere evangelisieren wollen.&#13;\n&#13;\nIch muss noch etwas Anderes sagen. Dies kann nicht das Werk dieser Laien oder dieser Itineranten oder anderer sein: Dies ist das Werk der Kirche. Diese Itineranten, diese Missionare brauchen den Dienst der Kirche: Dies ist das Werk des Leibes Christi. Und wir m\u00fcssen zusammenhalten und zusammenarbeiten. Wir k\u00f6nnen nicht einfach den Auftrag den Laien \u00fcbergeben und sie allein evangelisieren lassen: Wenn der Herr Laien erweckt, die voll von Eifer sind, m\u00fcssen die Bisch\u00f6fe und Priester ganz bei ihnen sein, die ganze Kirche muss es. Das Wesen der Kirche ist die Mission: Die Kirche muss evangelisieren, die Kirche muss Jesus verk\u00fcnden, sonst sind wir keine Kirche. Ich bin also wirklich gl\u00fccklich.\u201c<\/p>\n\n<p>Wir ver\u00f6ffentlichen das Telegramm, das der Heilige Vater den Kardin\u00e4len, den Bisch\u00f6fen und allen Teilnehmern an der Konvivenz gesendet hat:<\/p>\n\n<p>&#8222;Anl\u00e4sslich des Treffens von Bisch\u00f6fen, Priestern und Laien aus Asien und Australien, um \u00fcber die Herausforderungen und Dringlichkeiten der Mission nachzudenken, begr\u00fc\u00dft der Papst die Teilnehmer mit den besten W\u00fcnschen und erhofft, dass diese vorsehungsvolle Initiative ein Moment der gemeinsamen Reflexion und der Gemeinschaft im Glauben sein wird, damit ein neues eifriges Engagement entsteht, Christus mit dem eigenen Leben zu bezeugen. Der Papst erfleht reiche himmlische Gnaden und sendet den erbetenen Apostolischen Segen \u00bb.<\/p>\n\n<p><em>Kardinal Tarcisio\u00a0Betone<\/em><br\/><em>Staatssekret\u00e4r Seiner Heiligkeit Benedikt XVI.<\/em><\/p>\n","protected":false},"excerpt":{"rendered":"<p>KONVIVENZ VON BISCH\u00d6FEN AUS ASIEN UND AUSTRALIEN IN DER \u201eDOMUS GALILAEAE\u201c AM 18.11.2006 Benedikt XVI. Domus Galilaeae, 18. November 2006 Vom 18. bis 26. November 2006 versammelten sich 126 Bisch\u00f6fe aus Asien (und einige aus Australien), unter denen 65 aus Indien, zusammen mit Kardinal Telesphore Toppo, Erzbischof von Ranchi und Pr\u00e4sident der indischen Bischofskonferenz. In seinem Gru\u00df am Ende der Konvivenz sprach der Kardinal besonders bedeutende Worte \u00fcber das Werk<\/p>\n<div class=\"read-more\"><a class=\"btn read-more-btn\" href=\"https:\/\/neocatechumenaleiter.org\/de\/worte-der-paepste\/benedikt-xvi\/konvivenz-von-bischoefen-aus-asien-und-australien-in-der-domus-galilaeae-am-18-11-2006\/\">Mehr lesen<\/a><\/div>\n","protected":false},"author":2,"featured_media":0,"parent":10125,"menu_order":3,"comment_status":"closed","ping_status":"closed","template":"","meta":{"footnotes":""},"class_list":["post-12657","page","type-page","status-publish","hentry"],"_links":{"self":[{"href":"https:\/\/neocatechumenaleiter.org\/de\/wp-json\/wp\/v2\/pages\/12657","targetHints":{"allow":["GET"]}}],"collection":[{"href":"https:\/\/neocatechumenaleiter.org\/de\/wp-json\/wp\/v2\/pages"}],"about":[{"href":"https:\/\/neocatechumenaleiter.org\/de\/wp-json\/wp\/v2\/types\/page"}],"author":[{"embeddable":true,"href":"https:\/\/neocatechumenaleiter.org\/de\/wp-json\/wp\/v2\/users\/2"}],"replies":[{"embeddable":true,"href":"https:\/\/neocatechumenaleiter.org\/de\/wp-json\/wp\/v2\/comments?post=12657"}],"version-history":[{"count":6,"href":"https:\/\/neocatechumenaleiter.org\/de\/wp-json\/wp\/v2\/pages\/12657\/revisions"}],"predecessor-version":[{"id":15947,"href":"https:\/\/neocatechumenaleiter.org\/de\/wp-json\/wp\/v2\/pages\/12657\/revisions\/15947"}],"up":[{"embeddable":true,"href":"https:\/\/neocatechumenaleiter.org\/de\/wp-json\/wp\/v2\/pages\/10125"}],"wp:attachment":[{"href":"https:\/\/neocatechumenaleiter.org\/de\/wp-json\/wp\/v2\/media?parent=12657"}],"curies":[{"name":"wp","href":"https:\/\/api.w.org\/{rel}","templated":true}]}}