{"id":12659,"date":"2020-05-28T22:17:48","date_gmt":"2020-05-28T21:17:48","guid":{"rendered":"https:\/\/neocatechumenaleiter.org\/worte-der-paepste\/benedikt-xvi\/angelus-auf-dem-petersplatz-am-29-10-2006\/"},"modified":"2020-06-13T09:15:33","modified_gmt":"2020-06-13T08:15:33","slug":"angelus-auf-dem-petersplatz-am-29-10-2006","status":"publish","type":"page","link":"https:\/\/neocatechumenaleiter.org\/de\/worte-der-paepste\/benedikt-xvi\/angelus-auf-dem-petersplatz-am-29-10-2006\/","title":{"rendered":"ANGELUS AUF DEM PETERSPLATZ AM 29.10.2006"},"content":{"rendered":"\n<h1 class=\"has-text-align-center wp-block-heading\">ANGELUS AUF DEM PETERSPLATZ AM 29.10.2006<\/h1>\n\n<div style=\"height:20px\" aria-hidden=\"true\" class=\"wp-block-spacer\"><\/div>\n\n<h4 class=\"has-text-align-center wp-block-heading\">Benedikt XVI.<\/h4>\n\n<div style=\"height:20px\" aria-hidden=\"true\" class=\"wp-block-spacer\"><\/div>\n\n<p><strong>Petersplatz, 29. Oktober 2006<\/strong><\/p>\n\n<p><em>Im heutigen \u201eAngelus\u201c spricht Papst Benedikt XVI., ohne den Neokatechumenalen Weg ausdr\u00fccklich zu erw\u00e4hnen, \u00fcber \u201eKatechese und Erfahrungen im Bereich der Spiritualit\u00e4t\u201c die Jugendlichen und Erwachsenen angeboten werden und die ihnen \u201eerm\u00f6glichen (\u2026) einen Weg der Wiederentdeckung des Glaubens in reifer und bewusster Weise zu gehen, um dann eine konsequente Verpflichtung zum Zeugnis zu \u00fcbernehmen\u201c. Der Papst bekr\u00e4ftigt, dass diese Arbeit heute sehr wichtig sei. Hier die Worte Benedikts XVI.:<\/em><\/p>\n\n<p>Liebe Br\u00fcder und Schwestern!<br \/><br \/>&#013;\n&#013;\nIm Evangelium des heutigen Sonntags (<em>Mk<\/em>\u00a010,46\u201352) lesen wir, dass dem Herrn, als er durch die Stra\u00dfen Jerichos geht, ein Blinder namens Bartim\u00e4us laut zuruft: \u00bbSohn Davids, Jesus, hab Erbarmen mit mir!\u00ab Diese Bitte ber\u00fchrt das Herz Christi; er bleibt stehen, l\u00e4sst Bartim\u00e4us rufen und heilt ihn. Der entscheidende Augenblick war die pers\u00f6nliche, direkte Begegnung zwischen dem Herrn und jenem leidenden Menschen. Sie stehen einander gegen\u00fcber: Gott mit seinem Willen zu heilen und der Mensch mit seinem Wunsch, geheilt zu werden. Zwei Freiheiten, zwei Willen, die \u00fcbereinstimmen. \u00bbWas soll ich dir tun?\u00ab, fragt ihn der Herr. \u00bbIch m\u00f6chte wieder sehen k\u00f6nnen\u00ab, antwortet der Blinde. \u00bbGeh! Dein Glaube hat dir geholfen.\u00ab Mit diesen Worten vollzieht sich das Wunder. Freude Gottes, Freude des Menschen. Und Bartim\u00e4us, der zum Licht gekommen ist, \u00bbfolgte Jesus auf seinem Weg\u00ab, wie das Evangelium sagt, das hei\u00dft, er wird ein J\u00fcnger Jesu und zieht mit dem Meister hinauf nach Jerusalem, um mit ihm am gro\u00dfen Geheimnis des Heils teilzuhaben. Diese Erz\u00e4hlung macht in ihrem in wesentlichen Schritten dargelegten Ablauf den Weg des Katechumenen zum Sakrament der Taufe deutlich, die in der Urkirche auch \u00bbErleuchtung\u00ab genannt wurde.<br \/><br \/>&#013;\n&#013;\nDer Glauben ist ein Weg der Erleuchtung: Er beginnt bei der dem\u00fctigen Erkenntnis der eigenen Heilsbed\u00fcrftigkeit und gelangt zur pers\u00f6nlichen Begegnung mit Christus, der den Menschen ruft, ihm auf dem Weg der Liebe nachzufolgen. Nach diesem Vorbild sind in der Kirche die Wege der christlichen Initiation aufgebaut, die auf die Sakramente der Taufe, der Firmung und der Eucharistie vorbereiten. In den von alters her evangelisierten Gebieten, wo die Kindertaufe \u00fcblich ist, werden den Jugendlichen und Erwachsenen die Katechese und Erfahrungen im Bereich der Spiritualit\u00e4t angeboten. Sie erm\u00f6glichen ihnen, einen Weg der Wiederentdeckung des Glaubens in reifer, bewusster Weise zu gehen, um dann eine konsequente Verpflichtung zum Zeugnis zu \u00fcbernehmen.<\/p>\n\n<p>Wie wichtig ist doch die Arbeit der Hirten und Katecheten auf diesem Gebiet! Den Wert der eigenen Taufe neu zu entdecken ist die Grundlage f\u00fcr den missionarischen Einsatz jedes Christen, denn wir sehen im Evangelium, dass diejenigen, die sich von Christus faszinieren lassen, nicht anders k\u00f6nnen als Zeugnis zu geben von der Freude, seinen Spuren zu folgen. In diesem Monat Oktober, der besonders der Mission geweiht ist, verstehen wir noch besser, dass wir aufgrund unserer Taufe eine in dieser begr\u00fcndete missionarische Berufung besitzen.<br \/><br \/>&#013;\n&#013;\nBitten wir die Jungfrau Maria um ihre F\u00fcrsprache, damit es immer mehr Missionare des Evangeliums gebe. M\u00f6ge jeder Getaufte in tiefer innerer Vereinigung mit dem Herrn sp\u00fcren, dass er berufen ist, durch das Zeugnis seines Lebens allen Menschen die Liebe Gottes zu verk\u00fcnden.<\/p>\n","protected":false},"excerpt":{"rendered":"<p>ANGELUS AUF DEM PETERSPLATZ AM 29.10.2006 Benedikt XVI. Petersplatz, 29. Oktober 2006 Im heutigen \u201eAngelus\u201c spricht Papst Benedikt XVI., ohne den Neokatechumenalen Weg ausdr\u00fccklich zu erw\u00e4hnen, \u00fcber \u201eKatechese und Erfahrungen im Bereich der Spiritualit\u00e4t\u201c die Jugendlichen und Erwachsenen angeboten werden und die ihnen \u201eerm\u00f6glichen (\u2026) einen Weg der Wiederentdeckung des Glaubens in reifer und bewusster Weise zu gehen, um dann eine konsequente Verpflichtung zum Zeugnis zu \u00fcbernehmen\u201c. Der Papst bekr\u00e4ftigt,<\/p>\n<div class=\"read-more\"><a class=\"btn read-more-btn\" href=\"https:\/\/neocatechumenaleiter.org\/de\/worte-der-paepste\/benedikt-xvi\/angelus-auf-dem-petersplatz-am-29-10-2006\/\">Mehr lesen<\/a><\/div>\n","protected":false},"author":2,"featured_media":0,"parent":10125,"menu_order":2,"comment_status":"closed","ping_status":"closed","template":"","meta":{"footnotes":""},"class_list":["post-12659","page","type-page","status-publish","hentry"],"_links":{"self":[{"href":"https:\/\/neocatechumenaleiter.org\/de\/wp-json\/wp\/v2\/pages\/12659","targetHints":{"allow":["GET"]}}],"collection":[{"href":"https:\/\/neocatechumenaleiter.org\/de\/wp-json\/wp\/v2\/pages"}],"about":[{"href":"https:\/\/neocatechumenaleiter.org\/de\/wp-json\/wp\/v2\/types\/page"}],"author":[{"embeddable":true,"href":"https:\/\/neocatechumenaleiter.org\/de\/wp-json\/wp\/v2\/users\/2"}],"replies":[{"embeddable":true,"href":"https:\/\/neocatechumenaleiter.org\/de\/wp-json\/wp\/v2\/comments?post=12659"}],"version-history":[{"count":7,"href":"https:\/\/neocatechumenaleiter.org\/de\/wp-json\/wp\/v2\/pages\/12659\/revisions"}],"predecessor-version":[{"id":15819,"href":"https:\/\/neocatechumenaleiter.org\/de\/wp-json\/wp\/v2\/pages\/12659\/revisions\/15819"}],"up":[{"embeddable":true,"href":"https:\/\/neocatechumenaleiter.org\/de\/wp-json\/wp\/v2\/pages\/10125"}],"wp:attachment":[{"href":"https:\/\/neocatechumenaleiter.org\/de\/wp-json\/wp\/v2\/media?parent=12659"}],"curies":[{"name":"wp","href":"https:\/\/api.w.org\/{rel}","templated":true}]}}