{"id":12720,"date":"2020-05-29T14:56:35","date_gmt":"2020-05-29T13:56:35","guid":{"rendered":"https:\/\/neocatechumenaleiter.org\/worte-der-paepste\/benedikt-xvi\/konvivenz-von-mehr-als-200-bischoefen-und-neun-kardinaelen-europas-bei-der-domus-galilaeae-vom-24-bis-29-03-2008\/"},"modified":"2020-06-14T03:35:26","modified_gmt":"2020-06-14T02:35:26","slug":"konvivenz-von-mehr-als-200-bischoefen-und-neun-kardinaelen-europas-bei-der-domus-galilaeae-vom-24-bis-29-03-2008","status":"publish","type":"page","link":"https:\/\/neocatechumenaleiter.org\/de\/worte-der-paepste\/benedikt-xvi\/konvivenz-von-mehr-als-200-bischoefen-und-neun-kardinaelen-europas-bei-der-domus-galilaeae-vom-24-bis-29-03-2008\/","title":{"rendered":"KONVIVENZ VON MEHR ALS 200 BISCH\u00d6FEN UND NEUN KARDIN\u00c4LEN EUROPAS BEI DER &#8222;DOMUS GALILAEAE&#8220; VOM 24. BIS 29.03.2008"},"content":{"rendered":"\n<h1 class=\"has-text-align-center wp-block-heading\">KONVIVENZ VON MEHR ALS 200 BISCH\u00d6FEN UND NEUN KARDIN\u00c4LEN EUROPAS BEI DER &#8222;DOMUS GALILAEAE&#8220; VOM 24. BIS 29.03.2008<\/h1>\n\n<div style=\"height:20px\" aria-hidden=\"true\" class=\"wp-block-spacer\"><\/div>\n\n<h4 class=\"has-text-align-center wp-block-heading\">Benedikt XVI.<\/h4>\n\n<div style=\"height:20px\" aria-hidden=\"true\" class=\"wp-block-spacer\"><\/div>\n\n<div class=\"wp-block-image is-style-default\"><figure class=\"alignleft size-large\"><img loading=\"lazy\" decoding=\"async\" width=\"400\" height=\"269\" src=\"https:\/\/neocatechumenaleiter.org\/wp-content\/uploads\/2020\/02\/Camino_Neocatecumenal_Eucaristia_Obispos_Europa_Domus_Galilaeae.jpg\" alt=\"\" class=\"wp-image-8576\" srcset=\"https:\/\/neocatechumenaleiter.org\/wp-content\/uploads\/2020\/02\/Camino_Neocatecumenal_Eucaristia_Obispos_Europa_Domus_Galilaeae.jpg 400w, https:\/\/neocatechumenaleiter.org\/wp-content\/uploads\/2020\/02\/Camino_Neocatecumenal_Eucaristia_Obispos_Europa_Domus_Galilaeae-300x202.jpg 300w\" sizes=\"auto, (max-width: 400px) 100vw, 400px\" \/><\/figure><\/div>\n\n<p><strong>Korazim, 24.-29. M\u00e4rz 2008<\/strong><\/p>\n\n<p><em>Vom 24. bis 29. M\u00e4rz fand in der Domus Galilaeae eine Konvivenz von 200 Bisch\u00f6fen und 9 Kardin\u00e4len aus Europa statt. Der Staatssekret\u00e4r sandte im Namen des Papstes ein Telegramm an die Teilnehmer:<\/em><\/p>\n\n<p>Anl\u00e4sslich der Konvivenz, die der Neokatechumenale Weg in der Domus Galilaeae zum Thema der Neuevangelisierung auf dem europ\u00e4ischen Kontinent gef\u00f6rdert hat, dr\u00fcckt Papst Benedikt seine herzliche N\u00e4he aus und hofft, dass dieses bedeutende Treffen eine immer lebhaftere Betrachtung der Ikone Christi, des Wortes des Vaters, beg\u00fcnstigen wird, um immer mehr ein wachsendes und einschneidendes evangelisches Zeugnis zu erwecken. Der Heilige Vater verspricht seine N\u00e4he im Gebet und erteilt von Herzen den Kardinalherren und Bisch\u00f6fen sowie den Priestern und allen Teilnehmern den erflehten apostolischen Segen.&#13;\n<\/p>\n\n<p><em>Kard. Tarcisio Bertone, Staatssekret\u00e4r Seiner Heiligkeit Benedikt XVI.<\/em><\/p>\n\n<p><em>Zum Abschluss der Konvivenz sandten die teilnehmenden Kardin\u00e4le einen Dankesbrief an den Heiligen Vater. Hier einige Abschnitte davon:<\/em><\/p>\n\n<p>(\u2026)\u00a0 An diesen Orten, von denen aus der auferstandene Herr seine J\u00fcnger f\u00fcr die universelle Mission der Kirche sandte, haben wir voller Freude \u00fcber die Neuevangelisierung unseres Kontinents durch die neuen kirchlichen Realit\u00e4ten nachgedacht, insbesondere \u00fcber den Neokatechumenalen Weg. \u2026 Wir danken Ihnen auch f\u00fcr die Aufmerksamkeit, die Sie f\u00fcr die liturgische Praxis des Weges haben: Angesichts der Krise der Familie, der jungen Menschen und der Berufungen in Europa haben wir die Fr\u00fcchte dieser christlichen Initiation sehen k\u00f6nnen, die auf das H\u00f6ren des Wortes Gottes, auf der Feier der Eucharistie in einer kleinen Gemeinschaft und auf der br\u00fcderlichen Communiobasiert: gerettete Familien mit vielen Kindern, aus denen zahlreiche Berufungen hervorgehen &#8230;, es ist wirklich eine neue Hoffnung f\u00fcr Europa! Wie immer ist jede Erneuerung der Kirche das Ergebnis einer Gabe des Heiligen Geistes, die von Petrus angenommen und verteidigt wird.&#13;\n&#13;\n\u00a0<\/p>\n\n<div class=\"wp-block-image is-style-default\"><figure class=\"alignright size-large\"><img loading=\"lazy\" decoding=\"async\" width=\"400\" height=\"263\" src=\"https:\/\/neocatechumenaleiter.org\/wp-content\/uploads\/2020\/02\/Camino_Neocatecumenal_Eucaristia_Obispos_Europa_Domus_Galilaeae2.jpg\" alt=\"\" class=\"wp-image-8581\" srcset=\"https:\/\/neocatechumenaleiter.org\/wp-content\/uploads\/2020\/02\/Camino_Neocatecumenal_Eucaristia_Obispos_Europa_Domus_Galilaeae2.jpg 400w, https:\/\/neocatechumenaleiter.org\/wp-content\/uploads\/2020\/02\/Camino_Neocatecumenal_Eucaristia_Obispos_Europa_Domus_Galilaeae2-300x197.jpg 300w\" sizes=\"auto, (max-width: 400px) 100vw, 400px\" \/><\/figure><\/div>\n\n<p>Die prophetischen Worte von Johannes Paul II. auf dem f\u00fcnften Symposium der Bischofskonferenzen Europas (1985), die Kirche m\u00fcsse, um Europa wieder evangelisieren zu k\u00f6nnen, &#8222;zum allerersten apostolischen Modell zur\u00fcckkehren&#8220;, wurden von Ihnen durch die Aussendung der ersten sieben Presbyter f\u00fcr die &#8222;missio ad gentes&#8220;, jeweils begleitet von drei Familien mit ihren zahlreichen Kindern, erf\u00fcllt. Die Erfahrung der Priester, der Familien und ihrer Kinder ist sehr positiv: Sie sind gl\u00fccklich, voller Eifer und leisten unter den Ungetauften ein gro\u00dfes Werk. Viele von uns m\u00f6chten diese &#8222;missio ad gentes&#8220; in ihren Di\u00f6zesen empfangen. (&#8230;)<\/p>\n\n<p><em>Card. J. Meisner<\/em><br\/><em>Card. S. Dziwisz<\/em><br\/><em>Card. V. Puljic<\/em><br\/><em>Card. A. M. Rouco<\/em><br\/><em>Card. F. Barbarin<\/em><br\/><em>Card. S. Rylko<\/em><br\/><em>Card. C. Sch\u00f6nborn<\/em><br\/><em>Card. J. Glemp<\/em><br\/><em>Card. P. Cordes<\/em><\/p>\n","protected":false},"excerpt":{"rendered":"<p>KONVIVENZ VON MEHR ALS 200 BISCH\u00d6FEN UND NEUN KARDIN\u00c4LEN EUROPAS BEI DER &#8222;DOMUS GALILAEAE&#8220; VOM 24. BIS 29.03.2008 Benedikt XVI. Korazim, 24.-29. M\u00e4rz 2008 Vom 24. bis 29. M\u00e4rz fand in der Domus Galilaeae eine Konvivenz von 200 Bisch\u00f6fen und 9 Kardin\u00e4len aus Europa statt. Der Staatssekret\u00e4r sandte im Namen des Papstes ein Telegramm an die Teilnehmer: Anl\u00e4sslich der Konvivenz, die der Neokatechumenale Weg in der Domus Galilaeae zum Thema<\/p>\n<div class=\"read-more\"><a class=\"btn read-more-btn\" href=\"https:\/\/neocatechumenaleiter.org\/de\/worte-der-paepste\/benedikt-xvi\/konvivenz-von-mehr-als-200-bischoefen-und-neun-kardinaelen-europas-bei-der-domus-galilaeae-vom-24-bis-29-03-2008\/\">Mehr lesen<\/a><\/div>\n","protected":false},"author":2,"featured_media":0,"parent":10125,"menu_order":6,"comment_status":"closed","ping_status":"closed","template":"","meta":{"footnotes":""},"class_list":["post-12720","page","type-page","status-publish","hentry"],"_links":{"self":[{"href":"https:\/\/neocatechumenaleiter.org\/de\/wp-json\/wp\/v2\/pages\/12720","targetHints":{"allow":["GET"]}}],"collection":[{"href":"https:\/\/neocatechumenaleiter.org\/de\/wp-json\/wp\/v2\/pages"}],"about":[{"href":"https:\/\/neocatechumenaleiter.org\/de\/wp-json\/wp\/v2\/types\/page"}],"author":[{"embeddable":true,"href":"https:\/\/neocatechumenaleiter.org\/de\/wp-json\/wp\/v2\/users\/2"}],"replies":[{"embeddable":true,"href":"https:\/\/neocatechumenaleiter.org\/de\/wp-json\/wp\/v2\/comments?post=12720"}],"version-history":[{"count":9,"href":"https:\/\/neocatechumenaleiter.org\/de\/wp-json\/wp\/v2\/pages\/12720\/revisions"}],"predecessor-version":[{"id":15862,"href":"https:\/\/neocatechumenaleiter.org\/de\/wp-json\/wp\/v2\/pages\/12720\/revisions\/15862"}],"up":[{"embeddable":true,"href":"https:\/\/neocatechumenaleiter.org\/de\/wp-json\/wp\/v2\/pages\/10125"}],"wp:attachment":[{"href":"https:\/\/neocatechumenaleiter.org\/de\/wp-json\/wp\/v2\/media?parent=12720"}],"curies":[{"name":"wp","href":"https:\/\/api.w.org\/{rel}","templated":true}]}}