{"id":12740,"date":"2020-05-29T15:23:08","date_gmt":"2020-05-29T14:23:08","guid":{"rendered":"https:\/\/neocatechumenaleiter.org\/worte-der-paepste\/benedikt-xvi\/audienz-zur-sendung-von-familien-fuer-die-missio-ad-gentes-am-17-01-2011\/"},"modified":"2020-05-29T15:23:09","modified_gmt":"2020-05-29T14:23:09","slug":"audienz-zur-sendung-von-familien-fuer-die-missio-ad-gentes-am-17-01-2011","status":"publish","type":"page","link":"https:\/\/neocatechumenaleiter.org\/de\/worte-der-paepste\/benedikt-xvi\/audienz-zur-sendung-von-familien-fuer-die-missio-ad-gentes-am-17-01-2011\/","title":{"rendered":"AUDIENZ ZUR SENDUNG VON FAMILIEN F\u00dcR DIE \u201eMISSIO AD GENTES\u201c AM 17.01.2011"},"content":{"rendered":"\n<h1 class=\"has-text-align-center wp-block-heading\">AUDIENZ ZUR SENDUNG VON FAMILIEN F\u00dcR DIE \u201eMISSIO AD GENTES\u201c AM 17.01.2011<\/h1>\n\n<div style=\"height:20px\" aria-hidden=\"true\" class=\"wp-block-spacer\"><\/div>\n\n<h4 class=\"has-text-align-center wp-block-heading\">Benedikt XVI.<\/h4>\n\n<div style=\"height:20px\" aria-hidden=\"true\" class=\"wp-block-spacer\"><\/div>\n\n<div class=\"wp-block-image is-style-default\"><figure class=\"alignleft size-large\"><img loading=\"lazy\" decoding=\"async\" width=\"400\" height=\"267\" src=\"https:\/\/neocatechumenaleiter.org\/wp-content\/uploads\/2020\/02\/Camino_Neocatecumenal_Benedicto_XVI_audiencia_familias_mision_ad_gentes_2011.jpg\" alt=\"\" class=\"wp-image-8545\" srcset=\"https:\/\/neocatechumenaleiter.org\/wp-content\/uploads\/2020\/02\/Camino_Neocatecumenal_Benedicto_XVI_audiencia_familias_mision_ad_gentes_2011.jpg 400w, https:\/\/neocatechumenaleiter.org\/wp-content\/uploads\/2020\/02\/Camino_Neocatecumenal_Benedicto_XVI_audiencia_familias_mision_ad_gentes_2011-300x200.jpg 300w\" sizes=\"auto, (max-width: 400px) 100vw, 400px\" \/><\/figure><\/div>\n\n<p><em>Vatikanstadt \u2013 Aula Paolo VI, 17. Januar 2011<\/em><\/p>\n\n<p><em>Die Verk\u00fcndigung des Evangeliums ist &#8222;Aufgabe aller Christen infolge ihrer Taufe&#8220;. Daran hat der Papst bei der Audienz mit den Mitgliedern des Neokatechumenalen Weges am Montagmorgen, dem 17. Januar, in der Aula Paul VI, erinnert. <\/em><\/p>\n\n<p><em>Hier die Rede von Benedikt XVI.:<\/em><\/p>\n\n<p><em>Liebe Freunde!<\/em>&#013;\n&#013;\nIch freue mich, euch zu empfangen und herzlich willkommen zu hei\u00dfen. Ich begr\u00fc\u00dfe besonders Kiko Arg\u00fcello und Carmen Hern\u00e1ndez, Initiatoren des Neokatechumenalen Weges, sowie Don Mario Pezzi und danke ihnen f\u00fcr die an mich gerichteten Begr\u00fc\u00dfungsworte und die Vorstellung. Ganz herzlich begr\u00fc\u00dfe ich euch alle, die ihr hier anwesend seid: Priester, Seminaristen, Familien und Mitglieder des Weges. Ich danke dem Herrn daf\u00fcr, dass er uns die Gelegenheit zu dieser Begegnung bietet, bei der ihr eure Verbundenheit mit dem Nachfolger Petri erneuert, indem ihr von neuem den Auftrag annehmt, den der auferstandene Christus den J\u00fcngern erteilt hat: \u00bbGeht hinaus in die ganze Welt und verk\u00fcndet das Evangelium allen Gesch\u00f6pfen\u00ab (<i>Mk\u00a0<\/i>16,15).<\/p>\n\n<p>Seit \u00fcber 40 Jahren tr\u00e4gt der Neokatechumenale Weg dazu bei, in den Di\u00f6zesen und Pfarreien die christliche Initiation dadurch neu zu beleben und zu st\u00e4rken, dass er eine stufenweise und tiefgreifende Wiederentdeckung des Reichtums der Taufe f\u00f6rdert, wobei er dazu verhilft, das g\u00f6ttliche Leben, das himmlische Leben zu kosten, das uns der Herr durch seine Menschwerdung er\u00f6ffnet hat, als er in unsere Mitte kam und als einer von uns geboren wurde. Dieses Geschenk Gottes f\u00fcr seine Kirche stellt sich \u00bbin den Dienst des Bischofs als eine der M\u00f6glichkeiten der Verwirklichung der christlichen Initiation und der st\u00e4ndigen Glaubenserziehung auf Di\u00f6zesanebene\u00ab (<i>Statut<\/i>, Art. 1 \u00a7 2). Dieser Dienst wird, wie euch mein Vorg\u00e4nger, der Diener Gottes\u00a0Paul VI., bei der ersten Begegnung mit euch im Jahr 1974 sagte, \u00bbin den heutigen christlichen Gemeinschaften jene Wirkungen von Reife und Vertiefung erneuern k\u00f6nnen, die in der Urkirche durch die Vorbereitungszeit auf die Taufe erreicht worden sind\u00ab (<i>Insegnamenti di Paolo VI,\u00a0<\/i>XII [1974], 406).<\/p>\n\n<div class=\"wp-block-image is-style-default\"><figure class=\"alignright size-large\"><img loading=\"lazy\" decoding=\"async\" width=\"400\" height=\"270\" src=\"https:\/\/neocatechumenaleiter.org\/wp-content\/uploads\/2020\/02\/Camino_Neocatecumenal_Benedicto_XVI_audiencia_familias_mision_ad_gentes_2011_orquesta.jpg\" alt=\"\" class=\"wp-image-8550\" srcset=\"https:\/\/neocatechumenaleiter.org\/wp-content\/uploads\/2020\/02\/Camino_Neocatecumenal_Benedicto_XVI_audiencia_familias_mision_ad_gentes_2011_orquesta.jpg 400w, https:\/\/neocatechumenaleiter.org\/wp-content\/uploads\/2020\/02\/Camino_Neocatecumenal_Benedicto_XVI_audiencia_familias_mision_ad_gentes_2011_orquesta-300x203.jpg 300w\" sizes=\"auto, (max-width: 400px) 100vw, 400px\" \/><\/figure><\/div>\n\n<p>In den letzten Jahren wurde der Proze\u00df der Abfassung des Statuts des Neokatechumenalen Weges erfolgreich durchlaufen, das nach einer angemessenen G\u00fcltigkeitsfrist \u00bbad experimentum \u00ab im Juni 2008 endg\u00fcltig approbiert wurde. Ein weiterer bedeutsamer Schritt ist in diesen Tagen mit der Approbation des \u00bbKatechetischen Direktoriums des Neokatechumenalen Weges\u00ab durch die zust\u00e4ndigen Dikasterien des Heiligen Stuhls vollzogen worden. Mit diesen kostbaren kirchlichen Siegeln best\u00e4tigt der Herr heute dieses wertvolle Instrument, das der Neokatechumenale Weg ist, und vertraut es euch von neuem an, so dass ihr in kindlichem Gehorsam gegen\u00fcber dem Heiligen Stuhl und den Bisch\u00f6fen der Kirche mit neuem Schwung und Eifer an der radikalen und freudigen Wiederentdeckung des Geschenks der Taufe mitwirken und euren originellen Beitrag zum Anliegen der Neuevangelisierung anbieten k\u00f6nnt. Die Kirche hat im Neokatechumenalen Weg ein besonderes, vom Heiligen Geist gewecktes Geschenk anerkannt: als solches strebt er nat\u00fcrlich danach, sich in die gro\u00dfe Harmonie des kirchlichen Leibes einzuf\u00fcgen. In Anbetracht dessen ermahne ich euch dazu, stets eine tiefe Gemeinschaft mit den Bisch\u00f6fen und mit allen Gliedern der Teilkirchen und der \u2013 sehr verschiedenen \u2013 kirchlichen Umfelder zu suchen, in denen zu wirken ihr berufen seid. Die br\u00fcderliche Gemeinschaft zwischen den J\u00fcngern Jesu ist n\u00e4mlich das erste und gr\u00f6\u00dfte Zeugnis f\u00fcr den Namen Jesu Christi.<\/p>\n\n<p>Ich freue mich besonders dar\u00fcber, dass ich heute in verschiedene Teile der Welt \u00fcber 200 neue Familien entsenden kann, die sich mit gro\u00dfz\u00fcgiger Bereitschaft zur Verf\u00fcgung gestellt haben und zur Mission aufbrechen, wobei sie sich im Geiste den ungef\u00e4hr 600 Familien anschlie\u00dfen, die bereits auf den f\u00fcnf Kontinenten t\u00e4tig sind. Liebe Familien, der Glaube, den ihr als Geschenk empfangen habt, m\u00f6ge jenes Licht auf dem Leuchter sein, das den Menschen den Weg zum Himmel zu zeigen vermag. Mit demselben Gef\u00fchl werde ich 13 neue \u00bbmissiones ad gentes\u00ab entsenden, die dazu berufen sein werden, in stark s\u00e4kularisierten Bereichen verschiedener L\u00e4nder oder an Orten, wo die Botschaft Christi noch nicht angekommen ist, eine neue kirchliche Pr\u00e4senz herzustellen. M\u00f6gt ihr stets neben euch die lebendige Gegenwart des auferstandenen Herrn und die Begleitung vieler Br\u00fcder und Schwestern sowie auch das Gebet des Papstes, der bei euch ist, sp\u00fcren k\u00f6nnen!<\/p>\n\n<p>Voll Liebe gr\u00fc\u00dfe ich die Priester, die aus den\u00a0<i>Redemptoris Mater-<\/i>Seminaren der Di\u00f6zesen Europas kommen, und die \u00fcber zweitausend Seminaristen, die hier anwesend sind. Meine Lieben, ihr seid ein besonderes und eindrucksvolles Zeichen der Fr\u00fcchte des Guten, die aus der Wiederentdeckung der Gnade der eigenen Taufe entstehen k\u00f6nnen. Auf euch blicken wir mit besonderer Hoffnung: Seid Priester, die in Christus und seine Kirche verliebt sind, die f\u00e4hig sind, der Welt die Freude dar\u00fcber zu vermitteln, dem Herrn begegnet zu sein und in seinem Dienst stehen zu k\u00f6nnen.&#013;\n&#013;\nIch gr\u00fc\u00dfe auch die Wanderkatecheten und jene der neokatechumenalen Gemeinschaften von Rom und Latium und mit besonderer Liebe die\u00a0<i>\u00bbcommunitates in missionem\u00ab.\u00a0<\/i>Ihr habt sozusagen die Sicherheiten eurer Herkunftsgemeinschaften aufgegeben, um an entfernte und unbequeme Orte zu gehen, indem ihr akzeptiert, entsandt zu werden, um Pfarreien, die sich in Schwierigkeiten befinden, zu helfen und nach dem verlorenen Schaf zu suchen und es in den Schafstall Christi zur\u00fcckzubringen. In den Leiden und der Hartherzigkeit, die ihr erfahren k\u00f6nnt, f\u00fchlt ihr euch mit dem Leiden Christi am Kreuz und mit seinem Wunsch verbunden, die vielen Br\u00fcder und Schwestern, die dem Glauben und der Wahrheit fernstehen, zu erreichen, um sie zum Haus des Vaters zur\u00fcckzubringen.<\/p>\n\n<div class=\"wp-block-image is-style-circle-mask\"><figure class=\"alignright size-large\"><img loading=\"lazy\" decoding=\"async\" width=\"400\" height=\"268\" src=\"https:\/\/neocatechumenaleiter.org\/wp-content\/uploads\/2020\/02\/Camino_Neocatecumenal_Benedicto_XVI_audiencia_familias_mision_ad_gentes_20112.jpg\" alt=\"\" class=\"wp-image-8555\" srcset=\"https:\/\/neocatechumenaleiter.org\/wp-content\/uploads\/2020\/02\/Camino_Neocatecumenal_Benedicto_XVI_audiencia_familias_mision_ad_gentes_20112.jpg 400w, https:\/\/neocatechumenaleiter.org\/wp-content\/uploads\/2020\/02\/Camino_Neocatecumenal_Benedicto_XVI_audiencia_familias_mision_ad_gentes_20112-300x201.jpg 300w\" sizes=\"auto, (max-width: 400px) 100vw, 400px\" \/><\/figure><\/div>\n\n<p>Wie ich in dem Apostolischen Schreiben\u00a0<i>Verbum Domini\u00a0<\/i>geschrieben habe, \u00bbdarf die Sendung der Kirche nicht als Option oder als Zusatz zum kirchlichen Leben betrachtet werden. Es geht darum, dass wir uns durch den Heiligen Geist mit Christus gleichgestalten lassen [\u2026] und das Wort mit dem ganzen Leben weitergeben\u00ab (Nr. 93). Das ganze Gottesvolk ist ein \u00bbgesandtes\u00ab Volk, und die Verk\u00fcndigung des Evangeliums ist Aufgabe aller Christen infolge ihrer Taufe (vgl.\u00a0<i>ebd.,\u00a0<\/i>94). Ich lade euch ein, bei dem Schreiben\u00a0<i>Verbum Domini\u00a0<\/i>zu verweilen und besonders \u00fcber die Stelle nachzudenken, wo im dritten Teil des Dokuments von der \u00bbSendung der Kirche: Das Wort Gottes verk\u00fcnden\u00ab die Rede ist (Nr. 90\u201398).&#013;\n&#013;\nLiebe Freunde, f\u00fchlen wir uns als Teilhaber an der Sorge des Herrn Jesus um das Heil, an der Sendung, die er der ganzen Kirche anvertraut. Die selige Jungfrau Maria, die euch zu eurem Weg inspiriert und euch die Familie von Nazaret zum Vorbild f\u00fcr eure Gemeinschaften gegeben hat, gew\u00e4hre euch, euren Glauben in Demut, Einfachheit und Lobpreis zu leben, lege f\u00fcr euch alle F\u00fcrbitte ein und begleite euch in eurer Sendung. Es st\u00e4rke euch auch mein Segen, den ich von Herzen euch und allen in der Welt verstreuten Mitgliedern des Neokatechumenalen Weges erteile.<\/p>\n","protected":false},"excerpt":{"rendered":"<p>AUDIENZ ZUR SENDUNG VON FAMILIEN F\u00dcR DIE \u201eMISSIO AD GENTES\u201c AM 17.01.2011 Benedikt XVI. Vatikanstadt \u2013 Aula Paolo VI, 17. Januar 2011 Die Verk\u00fcndigung des Evangeliums ist &#8222;Aufgabe aller Christen infolge ihrer Taufe&#8220;. Daran hat der Papst bei der Audienz mit den Mitgliedern des Neokatechumenalen Weges am Montagmorgen, dem 17. Januar, in der Aula Paul VI, erinnert. Hier die Rede von Benedikt XVI.: Liebe Freunde!&#013; &#013; Ich freue mich, euch<\/p>\n<div class=\"read-more\"><a class=\"btn read-more-btn\" href=\"https:\/\/neocatechumenaleiter.org\/de\/worte-der-paepste\/benedikt-xvi\/audienz-zur-sendung-von-familien-fuer-die-missio-ad-gentes-am-17-01-2011\/\">Mehr lesen<\/a><\/div>\n","protected":false},"author":2,"featured_media":0,"parent":10125,"menu_order":9,"comment_status":"closed","ping_status":"closed","template":"","meta":{"footnotes":""},"class_list":["post-12740","page","type-page","status-publish","hentry"],"_links":{"self":[{"href":"https:\/\/neocatechumenaleiter.org\/de\/wp-json\/wp\/v2\/pages\/12740","targetHints":{"allow":["GET"]}}],"collection":[{"href":"https:\/\/neocatechumenaleiter.org\/de\/wp-json\/wp\/v2\/pages"}],"about":[{"href":"https:\/\/neocatechumenaleiter.org\/de\/wp-json\/wp\/v2\/types\/page"}],"author":[{"embeddable":true,"href":"https:\/\/neocatechumenaleiter.org\/de\/wp-json\/wp\/v2\/users\/2"}],"replies":[{"embeddable":true,"href":"https:\/\/neocatechumenaleiter.org\/de\/wp-json\/wp\/v2\/comments?post=12740"}],"version-history":[{"count":1,"href":"https:\/\/neocatechumenaleiter.org\/de\/wp-json\/wp\/v2\/pages\/12740\/revisions"}],"predecessor-version":[{"id":12753,"href":"https:\/\/neocatechumenaleiter.org\/de\/wp-json\/wp\/v2\/pages\/12740\/revisions\/12753"}],"up":[{"embeddable":true,"href":"https:\/\/neocatechumenaleiter.org\/de\/wp-json\/wp\/v2\/pages\/10125"}],"wp:attachment":[{"href":"https:\/\/neocatechumenaleiter.org\/de\/wp-json\/wp\/v2\/media?parent=12740"}],"curies":[{"name":"wp","href":"https:\/\/api.w.org\/{rel}","templated":true}]}}