{"id":12754,"date":"2020-05-29T15:24:16","date_gmt":"2020-05-29T14:24:16","guid":{"rendered":"https:\/\/neocatechumenaleiter.org\/worte-der-paepste\/benedikt-xvi\/regina-coeli-bei-den-pastoralen-besuch-in-aquileia-und-venedig-08-05-2011\/"},"modified":"2020-05-29T21:41:31","modified_gmt":"2020-05-29T20:41:31","slug":"regina-coeli-bei-den-pastoralen-besuch-in-aquileia-und-venedig-08-05-2011","status":"publish","type":"page","link":"https:\/\/neocatechumenaleiter.org\/de\/worte-der-paepste\/benedikt-xvi\/regina-coeli-bei-den-pastoralen-besuch-in-aquileia-und-venedig-08-05-2011\/","title":{"rendered":"\u00abREGINA COELI\u00bb BEI DEN PASTORALEN BESUCH IN AQUILEIA UND VENEDIG 08.05.2011"},"content":{"rendered":"\n<h1 class=\"has-text-align-center wp-block-heading\">\u201eREGINA COELI\u201c BEIM PASTORALEN BESUCH IN AQUILEIA UND VENEDIG AM 08.05.2011<\/h1>\n\n<div style=\"height:20px\" aria-hidden=\"true\" class=\"wp-block-spacer\"><\/div>\n\n<h4 class=\"has-text-align-center wp-block-heading\">Benedikt XVI.<\/h4>\n\n<div style=\"height:20px\" aria-hidden=\"true\" class=\"wp-block-spacer\"><\/div>\n\n<p><strong>Park San Giuliano &#8211; Mestre, 8. Mai 2011<\/strong><\/p>\n\n<p><em>W\u00e4hrend des Pastoralbesuchs in Aquileia und Venedig, vor dem Gebet \u201eRegina Coeli\u201c, lud Benedikt XVI. dazu ein, die Jungfrau anzurufen, damit sie \u201edas Werk der zahlreichen Laien st\u00e4rkt, die aktiv an der Neuevangelisierung mitwirken\u201c, unter denen er auch an den Neokatechumenalen Weg erinnerte.<\/em><\/p>\n\n<p>Liebe Br\u00fcder und Schwestern!&#013;\n&#013;\nAm Ende dieser feierlichen Eucharistiefeier richten wir unseren Blick auf Maria, Regina Coeli. Am Ostermorgen wurde sie die Mutter des Auferstandenen. Ihre Vereinigung mit Ihm ist so tiefgreifend, dass dort, wo der Sohn anwesend ist, die Mutter nicht fehlen darf. In diesen euren wundersch\u00f6nen Orten, die Geschenk und Zeichen der Sch\u00f6nheit Gottes sind, gibt es so viele Heiligt\u00fcmer, Kirchen und Kapellen, die Maria geweiht sind! In ihr spiegelt sich das leuchtende Antlitz Christi wider. Wenn wir ihr sanftm\u00fctig folgen, f\u00fchrt uns die Jungfrau zu Ihm. Lassen wir uns in diesen Tagen der Osterzeit von dem auferstandenen Christus ergreifen. In Ihm beginnt die neue Welt der Liebe und des Friedens, auf die das tiefe Streben jedes menschlichen Herzens gr\u00fcndet. Der Herr gew\u00e4hre euch, den Bewohnern dieser Gegend, die von einer langen christlichen Geschichte erf\u00fcllt ist, das Evangelium nach dem Vorbild der Urkirche zu leben, in der \u201edie Menge derer, die zum Glauben gekommen waren, ein Herz und eine Seele war\u201c (Apg 4,32). Rufen wir die Heilige Maria an, die die ersten Zeugen ihres Sohnes bei der Verk\u00fcndigung der Frohen Botschaft unterst\u00fctzt hat, auf dass sie heute noch die Priester in ihren apostolischen Bem\u00fchungen unterst\u00fctzen m\u00f6ge. M\u00f6ge sie das Zeugnis von geweihten M\u00e4nnern und Frauen fruchtbar machen; die t\u00e4gliche Arbeit der Eltern bei der ersten Weitergabe des Glaubens an ihre Kinder beleben; den Weg junger Menschen erleuchten, damit sie vertrauensvoll den vorgezeichneten Weg des Glaubens ihrer V\u00e4ter gehen; die Herzen \u00e4lterer Menschen mit fester Hoffnung erf\u00fcllen; die Kranken und allen Leidenden mit ihrer N\u00e4he tr\u00f6sten; das Wirken der zahlreichen Laien st\u00e4rken, die aktiv an der Neuevangelisierung teilnehmen, in den Pfarreien, in den Verb\u00e4nden wie die Pfadfinder und die Katholische Aktion, die in diesen Gegenden so verwurzelt und pr\u00e4sent ist, in den Bewegungen, die mit der Vielfalt ihrer Charismen und ihrer Aktion ein Zeichen f\u00fcr den Reichtum des kirchlichen Gef\u00fcges sind \u2013 ich denke an Realit\u00e4ten wie die Fokolarbewegung, Comunione e Liberazione oder den Neokatechumenalen Weg, um nur einige zu nennen. Ich ermutige alle, in diesem gro\u00dfen Weinberg, in dem der Herr uns zur Arbeit berufen hat, mit einem wahren Geist der Gemeinschaft zu arbeiten. Maria, Mutter des Auferstandenen und der Kirche, bete f\u00fcr uns!<br \/><br \/>&#013;\n&#013;\n<em>Quelle: <i>\u201eL&#8217;Osservatore Romano\u201c, 9.-10. Mai 2011 (eigene \u00dcbersetzung aus dem Italienischen).<i><\/i><\/i><\/em><\/p>\n","protected":false},"excerpt":{"rendered":"<p>\u201eREGINA COELI\u201c BEIM PASTORALEN BESUCH IN AQUILEIA UND VENEDIG AM 08.05.2011 Benedikt XVI. Park San Giuliano &#8211; Mestre, 8. Mai 2011 W\u00e4hrend des Pastoralbesuchs in Aquileia und Venedig, vor dem Gebet \u201eRegina Coeli\u201c, lud Benedikt XVI. dazu ein, die Jungfrau anzurufen, damit sie \u201edas Werk der zahlreichen Laien st\u00e4rkt, die aktiv an der Neuevangelisierung mitwirken\u201c, unter denen er auch an den Neokatechumenalen Weg erinnerte. Liebe Br\u00fcder und Schwestern!&#013; &#013; Am<\/p>\n<div class=\"read-more\"><a class=\"btn read-more-btn\" href=\"https:\/\/neocatechumenaleiter.org\/de\/worte-der-paepste\/benedikt-xvi\/regina-coeli-bei-den-pastoralen-besuch-in-aquileia-und-venedig-08-05-2011\/\">Mehr lesen<\/a><\/div>\n","protected":false},"author":2,"featured_media":0,"parent":10125,"menu_order":10,"comment_status":"closed","ping_status":"closed","template":"","meta":{"footnotes":""},"class_list":["post-12754","page","type-page","status-publish","hentry"],"_links":{"self":[{"href":"https:\/\/neocatechumenaleiter.org\/de\/wp-json\/wp\/v2\/pages\/12754","targetHints":{"allow":["GET"]}}],"collection":[{"href":"https:\/\/neocatechumenaleiter.org\/de\/wp-json\/wp\/v2\/pages"}],"about":[{"href":"https:\/\/neocatechumenaleiter.org\/de\/wp-json\/wp\/v2\/types\/page"}],"author":[{"embeddable":true,"href":"https:\/\/neocatechumenaleiter.org\/de\/wp-json\/wp\/v2\/users\/2"}],"replies":[{"embeddable":true,"href":"https:\/\/neocatechumenaleiter.org\/de\/wp-json\/wp\/v2\/comments?post=12754"}],"version-history":[{"count":15,"href":"https:\/\/neocatechumenaleiter.org\/de\/wp-json\/wp\/v2\/pages\/12754\/revisions"}],"predecessor-version":[{"id":12856,"href":"https:\/\/neocatechumenaleiter.org\/de\/wp-json\/wp\/v2\/pages\/12754\/revisions\/12856"}],"up":[{"embeddable":true,"href":"https:\/\/neocatechumenaleiter.org\/de\/wp-json\/wp\/v2\/pages\/10125"}],"wp:attachment":[{"href":"https:\/\/neocatechumenaleiter.org\/de\/wp-json\/wp\/v2\/media?parent=12754"}],"curies":[{"name":"wp","href":"https:\/\/api.w.org\/{rel}","templated":true}]}}