{"id":12772,"date":"2020-02-28T15:35:08","date_gmt":"2020-02-28T14:35:08","guid":{"rendered":"https:\/\/neocatechumenaleiter.org\/worte-der-paepste\/hl-paul-vi\/generalaudienz-am-08-05-1974\/"},"modified":"2021-08-10T10:58:56","modified_gmt":"2021-08-10T09:58:56","slug":"generalaudienz-am-08-05-1974","status":"publish","type":"page","link":"https:\/\/neocatechumenaleiter.org\/de\/worte-der-paepste\/hl-paul-vi\/generalaudienz-am-08-05-1974\/","title":{"rendered":"Generalaudienz am 08.05.1974"},"content":{"rendered":"\n<h1 class=\"has-text-align-center wp-block-heading\">Generalaudienz am 08.05.1974<\/h1>\n\n<div style=\"height:20px\" aria-hidden=\"true\" class=\"wp-block-spacer\"><\/div>\n\n<h4 class=\"has-text-align-center wp-block-heading\">Hl. Paul VI.<\/h4>\n\n<div style=\"height:20px\" aria-hidden=\"true\" class=\"wp-block-spacer\"><\/div>\n\n<p><em>Am 8. Mai 1974, zum Abschluss eines internationalen Treffens in der \u201cDomus Mariae\u201d in Rom, nahmen etwa 500 Teilnehmer \u2013 Priester und Laien aus verschiedenen L\u00e4ndern Europas \u2013 an der p\u00e4pstlichen Audienz teil. Paul VI. sprach sie mit folgenden Worten an: (*)<\/em>&#13;\n&#13;\n<em>\u00a0<\/em><\/p>\n\n<p>Wir gr\u00fc\u00dfen die Gruppe von Priestern und Laien, welche die Bewegung der Neokatechumenalen Gemeinschaften vertreten \u2013 siehe die nachkonziliaren Dinge! \u2013, die sich in Rom aus vielen Di\u00f6zesen Italiens und anderer L\u00e4nder zu einer Konferenz zum Thema der Evangelisierung in der heutigen Welt versammelt haben, das auch von der n\u00e4chsten Versammlung der Bischofssynode untersucht werden wird. Wie viel Freude und wie viel Hoffnung gebt ihr Uns durch eure Gegenwart und eure T\u00e4tigkeit!<\/p>\n\n<p>Wir wissen, dass ihr euch in euren Gemeinschaften gemeinsam bem\u00fcht, die Reicht\u00fcmer eurer Taufe und die Folgen eurer Zugeh\u00f6rigkeit zu Christus zu verstehen und zu entfalten. Dieses Bestreben f\u00fchrt euch zu der Erkenntnis, dass das christliche Leben nichts anderes als eine Koh\u00e4renz ist, eine dauernde Dynamik, die sich daraus ergibt, dass man angenommen hat, mit Christus zu sein und Seine Gegenwart und Seine Mission in der Welt fortzuf\u00fchren.<\/p>\n\n<p>Dieser Zweck ist f\u00fcr euch zwar eine bewusste und authentische Art, die christliche Berufung zu leben, aber auch ein wirksames Zeugnis f\u00fcr die anderen. Ihr \u00fcbt das Apostolat allein dadurch aus, dass ihr seid, was ihr seid. Dadurch regt ihr dazu an, die wahren, echten und wirksamen christlichen Werte wiederzuentdecken und zur\u00fcckzugewinnen \u2013 die sonst vom Alltagsleben verborgen, abgeschw\u00e4cht, verw\u00e4ssert werden w\u00fcrden. <\/p>\n\n<p>Nein! Ihr hebt sie hervor, stellt sie heraus, und gebt ihnen eine sittliche Strahlkraft, die wahrhaft beispielhaft ist, denn so, mit diesem christlichen Geist lebt ihr diese eure Neokatechumenale Gemeinschaft.<\/p>\n\n<p>Diese Wiedererweckung zu leben und zu f\u00f6rdern, nennt ihr eine Form des Katechumenats \u201cnach der Taufe\u201d, der in den christlichen Gemeinschaften von heute wieder jene Reife und Vertiefung bewirken kann, die in der Urkirche durch die Vorbereitung auf die Taufe zustande kam.<\/p>\n\n<p>Ihr \u00fcbertragt sie auf das Nachher. Das Vorher oder Nachher ist nebens\u00e4chlich, w\u00fcrde ich sagen. Tatsache ist, dass ihr die Authentizit\u00e4t, F\u00fclle, Konsequenz und die Aufrichtigkeit des christlichen Lebens anstrebt. Und das ist ein sehr gro\u00dfes Verdienst, wiederhole ich, das Uns \u00fcberaus tr\u00f6stet und Uns den reichlichsten W\u00fcnschen, Gel\u00fcbden und Segen f\u00fcr euch anr\u00e4t und inspiriert \u2013 sowie auch f\u00fcr die, die euch beistehen und f\u00fcr diejenige, die ihr mit eurem Gru\u00df und eurer Botschaft in Unserem Namen gr\u00fc\u00dfen k\u00f6nnt.<\/p>\n\n<p>Es freut Uns zu erfahren, dass ihr in vielen Gemeinden Aufwecker dieser \u201cBewusstseinsbelebung\u201d seid. Wir freuen Uns besonders zu erfahren, dass ihr bei jeder Initiative auf die Abh\u00e4ngigkeit von euren Hirten und auf die Gemeinschaft mit allen Br\u00fcdern und Schwestern h\u00f6chst bedacht seid. Weil ihr diese Feinf\u00fchligkeit in Bezug auf die Kirche habt \u2013 sie ist immer eine Garantie f\u00fcr die aufbauende Gegenwart des Geistes \u2013 bieten Wir euch Unseren Zuspruch an.<br\/><br\/><i> (*) Der Text und die Einf\u00fchrung sind der Zeitschrift \u201cNotitiae\u201d (Offizielles Organ der Kongregation f\u00fcr den G\u00f6ttlichen Kult), Nr. 95-96, Juli-August 1974, S. 230) entnommen, zusammen mit einigen Erg\u00e4nzungen aus der Tonbandaufnahme. Eigene \u00dcbersetzung aus dem Italienischen.<\/i><\/p>\n","protected":false},"excerpt":{"rendered":"<p>Generalaudienz am 08.05.1974 Hl. Paul VI. Am 8. Mai 1974, zum Abschluss eines internationalen Treffens in der \u201cDomus Mariae\u201d in Rom, nahmen etwa 500 Teilnehmer \u2013 Priester und Laien aus verschiedenen L\u00e4ndern Europas \u2013 an der p\u00e4pstlichen Audienz teil. Paul VI. sprach sie mit folgenden Worten an: (*)&#13; &#13; \u00a0 Wir gr\u00fc\u00dfen die Gruppe von Priestern und Laien, welche die Bewegung der Neokatechumenalen Gemeinschaften vertreten \u2013 siehe die nachkonziliaren Dinge!<\/p>\n<div class=\"read-more\"><a class=\"btn read-more-btn\" href=\"https:\/\/neocatechumenaleiter.org\/de\/worte-der-paepste\/hl-paul-vi\/generalaudienz-am-08-05-1974\/\">Mehr lesen<\/a><\/div>\n","protected":false},"author":2,"featured_media":0,"parent":10106,"menu_order":0,"comment_status":"closed","ping_status":"closed","template":"","meta":{"footnotes":""},"class_list":["post-12772","page","type-page","status-publish","hentry"],"_links":{"self":[{"href":"https:\/\/neocatechumenaleiter.org\/de\/wp-json\/wp\/v2\/pages\/12772","targetHints":{"allow":["GET"]}}],"collection":[{"href":"https:\/\/neocatechumenaleiter.org\/de\/wp-json\/wp\/v2\/pages"}],"about":[{"href":"https:\/\/neocatechumenaleiter.org\/de\/wp-json\/wp\/v2\/types\/page"}],"author":[{"embeddable":true,"href":"https:\/\/neocatechumenaleiter.org\/de\/wp-json\/wp\/v2\/users\/2"}],"replies":[{"embeddable":true,"href":"https:\/\/neocatechumenaleiter.org\/de\/wp-json\/wp\/v2\/comments?post=12772"}],"version-history":[{"count":10,"href":"https:\/\/neocatechumenaleiter.org\/de\/wp-json\/wp\/v2\/pages\/12772\/revisions"}],"predecessor-version":[{"id":23913,"href":"https:\/\/neocatechumenaleiter.org\/de\/wp-json\/wp\/v2\/pages\/12772\/revisions\/23913"}],"up":[{"embeddable":true,"href":"https:\/\/neocatechumenaleiter.org\/de\/wp-json\/wp\/v2\/pages\/10106"}],"wp:attachment":[{"href":"https:\/\/neocatechumenaleiter.org\/de\/wp-json\/wp\/v2\/media?parent=12772"}],"curies":[{"name":"wp","href":"https:\/\/api.w.org\/{rel}","templated":true}]}}