{"id":12799,"date":"2020-05-29T18:15:05","date_gmt":"2020-05-29T17:15:05","guid":{"rendered":"https:\/\/neocatechumenaleiter.org\/worte-der-paepste\/benedikt-xvi\/begegnung-anlaesslich-des-40-jahrestages-des-beginns-des-neokatechumenalen-weges-in-rom-am-10-01-2009\/"},"modified":"2020-06-06T20:19:40","modified_gmt":"2020-06-06T19:19:40","slug":"begegnung-anlaesslich-des-40-jahrestages-des-beginns-des-neokatechumenalen-weges-in-rom-am-10-01-2009","status":"publish","type":"page","link":"https:\/\/neocatechumenaleiter.org\/de\/worte-der-paepste\/benedikt-xvi\/begegnung-anlaesslich-des-40-jahrestages-des-beginns-des-neokatechumenalen-weges-in-rom-am-10-01-2009\/","title":{"rendered":"BEGEGNUNG ANL\u00c4SSLICH DES 40. JAHRESTAGES DES BEGINNS DES NEOKATECHUMENALEN WEGES IN ROM AM 10.01.2009"},"content":{"rendered":"\n<h1 class=\"has-text-align-center wp-block-heading\">BEGEGNUNG ANL\u00c4SSLICH DES 40. JAHRESTAGES DES BEGINNS DES NEOKATECHUMENALEN WEGES IN ROM AM 10.01.2009<\/h1>\n\n<div style=\"height:20px\" aria-hidden=\"true\" class=\"wp-block-spacer\"><\/div>\n\n<h4 class=\"has-text-align-center wp-block-heading\">Benedikt XVI.<\/h4>\n\n<div style=\"height:20px\" aria-hidden=\"true\" class=\"wp-block-spacer\"><\/div>\n\n<div class=\"wp-block-image is-style-circle-mask\"><figure class=\"alignleft size-large\"><img loading=\"lazy\" decoding=\"async\" width=\"400\" height=\"281\" src=\"https:\/\/neocatechumenaleiter.org\/wp-content\/uploads\/2020\/02\/Camino_Neocatecumenal_Benedicto_XVI_Celebracion_40_aniversario_Roma.jpg\" alt=\"\" class=\"wp-image-8588\" srcset=\"https:\/\/neocatechumenaleiter.org\/wp-content\/uploads\/2020\/02\/Camino_Neocatecumenal_Benedicto_XVI_Celebracion_40_aniversario_Roma.jpg 400w, https:\/\/neocatechumenaleiter.org\/wp-content\/uploads\/2020\/02\/Camino_Neocatecumenal_Benedicto_XVI_Celebracion_40_aniversario_Roma-300x211.jpg 300w\" sizes=\"auto, (max-width: 400px) 100vw, 400px\" \/><\/figure><\/div>\n\n<p><em>Petersdom&#13;\nSamstag, 10. Januar 2009<\/em><\/p>\n\n<p><em>Am 10. Januar 2009 wurde in dem von Br\u00fcdern und Schwestern aus den Gemeinschaften \u00fcberf\u00fcllten Petersdom der 40. Jahrestag des Neokatechumenalen Weges in der Di\u00f6zese Rom mit einem kurzen, aber feierlichen Festakt gefeiert. Der Heilige Vater wurde von Kard. Vikar Agostino Vallini und Kard. Stanis\u0142aw Ry\u0142ko, Pr\u00e4sident des P\u00e4pstlichen Rates f\u00fcr die Laien, begleitet. In der Basilika gab es unter anderem den neuen Pr\u00e4fekten der Gottesdienstkongregation, Kard. Antonio Ca\u00f1izares. Am Anfang der Begegnung unter dem Vorsitz des Heiligen Vaters Benedikt XVI. stellte Kiko alle Anwesenden vor: die erste Gemeinschaft der Pfarrei Unserer Lieben Frau vom Allerheiligsten Sakrament und der Heiligsten Kanadischen M\u00e4rtyrer, die 40 Jahre des Weges feiert &#8211; die erste Gemeinschaft der Bonne Nouvelle von Paris &#8211; die 14 \u201eCommunitates in Missionem\u201c von Rom, die in den schwierigsten Vororte der Di\u00f6zese aufbrechen &#8211; die 14 \u201eMissio ad gentes\u201c in den f\u00fcnf Kontinenten, die 200 neuen Familien, die in verschiedenen Orte der Welt in Mission gehen &#8211; die 700 Itineranten-Katechisten, die f\u00fcr den Neokatechumenalen Weg in den Nationen verantwortlich sind &#8211; die 500 Gemeinschaften, die in 103 Pfarreien der Di\u00f6zese Rom vertreten sind. Anschlie\u00dfend wurde das Evangeliums von Mt 10,5-42 durch Pater Mario feierlich proklamiert, gefolgt von den Worten des Papstes. Nach der Rede segnete der Heilige Vater die Kruzifixe und \u00fcbergab sie denen, die in die Mission gehen. Nach dem Gebet des Vaterunsers und einem Beitrag von Carmen Hern\u00e1ndez, die an die P\u00e4pste erinnerte, welche die Geschichte des Weges gepr\u00e4gt haben \u2013 ausgehend von Pius XII., Vater der liturgischen Erneuerung, \u00fcber Johannes XXIII., der das Konzil einberufen hat, bis zu Paul VI., Johannes Paul I. und Johannes Paul II. \u2013 zusammen mit den Kongregationen, die den Weg am meisten begleitet haben, Kard. Paul Cordes und Stanis\u0142aw Ry\u0142ko, sang die gesamte Versammlung als Zeichen des Dankes ein feierliches \u201eTe Deum\u201c.<\/em><\/p>\n\n<p><em>Der Papst wandte sich den Anwesenden mit folgenden Worten zu:<\/em><\/p>\n\n<div class=\"wp-block-image is-style-default\"><figure class=\"alignright size-large\"><img decoding=\"async\" src=\"https:\/\/neocatechumenaleiter.org\/wp-content\/uploads\/2020\/02\/Camino_Neocatecumenal_Benedicto_XVI_Kiko_Arguello_envio_misiones_ad_gentes_vaticano.jpg\" alt=\"Sendung der Missio ad Gentes am Petersplatz\" class=\"wp-image-8126\"\/><\/figure><\/div>\n\n<p>Liebe Br\u00fcder und Schwestern!&#13;\n&#13;\nMit gro\u00dfer Freude empfange ich euch, die ihr anl\u00e4sslich des 40. Jahrestages des Beginns des Neokatechumenalen Weges in Rom, der gegenw\u00e4rtig gut 500 Gemeinschaften umfasst, so zahlreich erschienen seid. Euch allen gilt mein herzlicher Gru\u00df. Insbesondere begr\u00fc\u00dfe ich den Kardinalvikar Agostino Vallini sowie Herrn Kardinal Stanislaw Rylko, Pr\u00e4sident des\u00a0P\u00e4pstlichen Rates f\u00fcr die Laien, der euch auf dem Weg zur Approbation eurer Statuten mit Hingabe begleitet hat. Ich begr\u00fc\u00dfe die Verantwortlichen des Neokatechumenalen Weges: Herrn Kiko Arg\u00fcello, dem ich herzlich f\u00fcr die begeisterten und begeisternden Worte danke, mit denen er eure gemeinsamen Empfindungen zum Ausdruck gebracht hat. Ich begr\u00fc\u00dfe Frau Carmen Hern\u00e1ndez und Pater Mario Pezzi. Ich begr\u00fc\u00dfe die Gemeinschaften, die ihre Sendung in den \u00e4rmsten Randgebieten von Rom antreten, sowie jene, die in die \u00bb<em>missio ad gentes<\/em>\u00ab auf den f\u00fcnf Kontinenten gehen, die 200 neuen Itinerantenfamilien und die 700 Itinerantenkatechisten, die f\u00fcr den Neokatechumenalen Weg in den verschiedenen Nationen verantwortlich sind. Ich danke euch allen. Der Herr m\u00f6ge euch begleiten.<\/p>\n\n<p>Unsere heutige Begegnung findet bedeutsamerweise in der Vatikanischen Basilika statt, die \u00fcber dem Grab des Apostels Petrus erbaut wurde. Als Jesus die Zw\u00f6lf \u00fcber seine Identit\u00e4t befragte, war er es, der Apostelf\u00fcrst, der voll Eifer bekannte: \u00bbDu bist der Messias, der Sohn des lebendigen Gottes\u00ab (Mt 16,16). Ihr seid heute hier versammelt, um dasselbe Glaubensbekenntnis zu erneuern. Eure Anwesenheit in so gro\u00dfer Zahl und mit so lebendigem Geist legt Zeugnis von den Wundern ab, die der Herr in den vergangenen vier Jahrzehnten gewirkt hat; sie zeigt auch den Einsatz auf, mit dem ihr den begonnenen Weg fortsetzen wollt, einen Weg der treuen Nachfolge Christi und des mutigen Zeugnisses f\u00fcr sein Evangelium \u2013 nicht nur hier in Rom, sondern \u00fcberall dort, wohin die Vorsehung euch f\u00fchrt \u2013, einen Weg der f\u00fcgsamen Zustimmung zu den Weisungen der Hirten und in Gemeinschaft mit allen anderen Teilen des Gottesvolkes. Das beabsichtigt ihr zu tun, im Bewusstsein, dass es die Sendung der Kirche und eines jeden Getauften ist, den Menschen unserer Zeit zu helfen, Jesus Christus zu begegnen, dem Erl\u00f6ser des Menschen. Der \u00bbNeokatechumenale Weg\u00ab f\u00fcgt sich in diese kirchliche Sendung als einer der vielen Wege ein, die der Heilige Geist durch das Zweite Vatikanische Konzil f\u00fcr die Neuevangelisierung erweckt hat.<\/p>\n\n<div class=\"wp-block-image is-style-default\"><figure class=\"alignleft size-large\"><img loading=\"lazy\" decoding=\"async\" width=\"400\" height=\"265\" src=\"https:\/\/neocatechumenaleiter.org\/wp-content\/uploads\/2020\/02\/Camino_Neocatecumenal_responsables_comunidades_roma.jpg\" alt=\"\" class=\"wp-image-8593\" srcset=\"https:\/\/neocatechumenaleiter.org\/wp-content\/uploads\/2020\/02\/Camino_Neocatecumenal_responsables_comunidades_roma.jpg 400w, https:\/\/neocatechumenaleiter.org\/wp-content\/uploads\/2020\/02\/Camino_Neocatecumenal_responsables_comunidades_roma-300x199.jpg 300w\" sizes=\"auto, (max-width: 400px) 100vw, 400px\" \/><\/figure><\/div>\n\n<p>Alles begann hier in Rom vor nunmehr 40 Jahren, als sich in der Pfarrei \u00bbSanti Martiri Canadesi\u00ab die ersten Gemeinschaften des Neokatechumenalen Weges bildeten. Wie sollte man nicht den Herrn preisen f\u00fcr die geistlichen Fr\u00fcchte, die durch eure Evangelisierungsmethode in diesen Jahren geerntet werden konnten? Wie viele frische apostolische Kr\u00e4fte wurden sowohl unter den Priestern als auch unter den Laien erweckt! Wie vielen M\u00e4nner und Frauen und wie vielen Familien, die sich von der kirchlichen Gemeinschaft entfernt oder die christliche Lebenspraxis aufgegeben hatten, wurde durch die Verk\u00fcndigung des \u00bbkerygma\u00ab und den Weg der Wiederentdeckung der Taufe geholfen, die Glaubensfreude und die Begeisterung f\u00fcr das Zeugnis des Evangeliums wiederzufinden! Die k\u00fcrzlich erfolgte Approbation der Statuten des \u00bbWeges\u00ab durch den P\u00e4pstlichen Rat f\u00fcr die Laien hat die Hochsch\u00e4tzung und das Wohlwollen besiegelt, das der Heilige Stuhl dem Werk entgegenbringt, das der Herr durch eure Initiatoren erweckt hat. Der Papst, Bischof von Rom, dankt euch f\u00fcr den gro\u00dfherzigen Dienst, den ihr f\u00fcr die Evangelisierung dieser Stadt leistet, und f\u00fcr die Hingabe, mit der ihr euch darum bem\u00fcht, die christliche Verk\u00fcndigung in jeden ihrer Bereiche zu tragen. Ich danke euch allen.<\/p>\n\n<div class=\"wp-block-image is-style-default\"><figure class=\"alignright size-large\"><img loading=\"lazy\" decoding=\"async\" width=\"400\" height=\"267\" src=\"https:\/\/neocatechumenaleiter.org\/wp-content\/uploads\/2020\/02\/Camino_Neocatecumenal_Benedicto_XVI_Kiko_Arguello_presenta_comunidades.jpg\" alt=\"\" class=\"wp-image-8598\" srcset=\"https:\/\/neocatechumenaleiter.org\/wp-content\/uploads\/2020\/02\/Camino_Neocatecumenal_Benedicto_XVI_Kiko_Arguello_presenta_comunidades.jpg 400w, https:\/\/neocatechumenaleiter.org\/wp-content\/uploads\/2020\/02\/Camino_Neocatecumenal_Benedicto_XVI_Kiko_Arguello_presenta_comunidades-300x200.jpg 300w\" sizes=\"auto, (max-width: 400px) 100vw, 400px\" \/><\/figure><\/div>\n\n<p>Euer bereits so verdienstvolles Apostolat wird noch wirksamer sein, je mehr ihr euch bem\u00fcht, stets das Streben nach der Einheit aufrechtzuerhalten, das Jesus den Zw\u00f6lf beim Letzten Abendmahl vermittelt hat. Wir haben den Gesang geh\u00f6rt: Vor seinem Leiden betete unser Erl\u00f6ser n\u00e4mlich inst\u00e4ndig darum, da\u00df seine J\u00fcnger eins sein sollen, damit die Welt dahin gef\u00fchrt wird, an ihn zu glauben (vgl. Joh 17,21), denn diese Einheit kann nur aus der Kraft Gottes heraus kommen. Diese Einheit, die ein Geschenk des Heiligen Geistes ist und nach der die Gl\u00e4ubigen unabl\u00e4ssig suchen, macht jede Gemeinschaft zu einem lebendigen und fest in den mystischen Leib Christi eingef\u00fcgten Glied. Die Einheit der J\u00fcnger des Herrn geh\u00f6rt zum Wesen der Kirche, und sie ist die unverzichtbare Voraussetzung f\u00fcr die Fruchtbarkeit und Glaubw\u00fcrdigkeit ihrer Evangelisierungsarbeit. Ich wei\u00df, mit wie viel Eifer die Gemeinschaften des Neokatechumenalen Weges in gut 103 Pfarreien in Rom t\u00e4tig sind. Ich ermutige euch, diese Bem\u00fchungen fortzusetzen und ermahne euch gleichzeitig, allen Weisungen des Kardinalvikars, meines direkten Mitarbeiters bei der pastoralen Leitung der Di\u00f6zese, immer mehr Folge zu leisten. Danke f\u00fcr euer \u00bbJa\u00ab, das offensichtlich von Herzen kommt. Die organische Eingliederung des \u00bbWeges\u00ab in die Di\u00f6zesanpastoral und seine Einheit mit anderen kirchlichen Wirklichkeiten werden dem ganzen christlichen Volk zugute kommen und die Bem\u00fchungen der Di\u00f6zese um eine erneuerte Verk\u00fcndigung des Evangeliums in unserer Stadt ertragreicher machen. Es bedarf n\u00e4mlich heute einer weitangelegten missionarischen T\u00e4tigkeit, die die verschiedenen kirchlichen Wirklichkeiten einbezieht. Diese m\u00fcssen \u2013 jede einzelne unter Wahrung ihres eigenen urspr\u00fcnglichen Charismas \u2013 harmonisch zusammenarbeiten und versuchen, jene \u00bbintegrierte Seelsorge\u00ab zu verwirklichen, durch die bereits bedeutende Resultate erzielt werden konnten. Und indem ihr euch bereitwillig in den Dienst des Bischofs stellt, was eure Statuten ins Ged\u00e4chtnis rufen, k\u00f6nnt ihr ein Vorbild f\u00fcr viele Ortskirchen sein, die die Kirche von Rom zu Recht als ihr Bezugsmodell betrachten.<\/p>\n\n<div class=\"wp-block-image is-style-circle-mask\"><figure class=\"alignleft size-large\"><img loading=\"lazy\" decoding=\"async\" width=\"400\" height=\"262\" src=\"https:\/\/neocatechumenaleiter.org\/wp-content\/uploads\/2020\/02\/Camino_Neocatecumenal_Benedicto_XVI_Carmen_Hernandez.jpg\" alt=\"\" class=\"wp-image-8603\" srcset=\"https:\/\/neocatechumenaleiter.org\/wp-content\/uploads\/2020\/02\/Camino_Neocatecumenal_Benedicto_XVI_Carmen_Hernandez.jpg 400w, https:\/\/neocatechumenaleiter.org\/wp-content\/uploads\/2020\/02\/Camino_Neocatecumenal_Benedicto_XVI_Carmen_Hernandez-300x197.jpg 300w\" sizes=\"auto, (max-width: 400px) 100vw, 400px\" \/><\/figure><\/div>\n\n<p>F\u00fcr noch eine weitere geistliche Frucht, die in diesen 40 Jahren herangereift ist, m\u00f6chte ich gemeinsam mit euch der g\u00f6ttlichen Vorsehung danken: f\u00fcr die gro\u00dfe Zahl von Priestern und geweihten Personen, die der Herr \u2013 Kiko hat dar\u00fcber gesprochen \u2013 in euren Gemeinschaften erweckt hat. Viele Priester sind in den Pfarreien und in anderen Bereichen des di\u00f6zesanen Apostolats t\u00e4tig, viele sind Itinerantenmissionare in verschiedenen Nationen: Sie leisten der Kirche von Rom einen gro\u00dfherzigen Dienst, und die Kirche von Rom bietet der Evangelisierung in der Welt einen wertvollen Dienst an. Es ist ein wahrer \u00bbFr\u00fchling der Hoffnung\u00ab f\u00fcr die Di\u00f6zesangemeinschaft von Rom und f\u00fcr die Universalkirche! Ich danke dem Rektor und seinen Mitarbeitern des Seminars \u00bbRedemptoris Mater\u00ab in Rom f\u00fcr die Bildungs- und Erziehungsarbeit, die sie durchf\u00fchren. Wir alle wissen, dass ihre Aufgabe nicht einfach, aber sehr wichtig f\u00fcr die Zukunft der Kirche ist. Ich ermutige sie daher, diese Sendung fortzusetzen, indem sie die Vorgaben des Heiligen Stuhls sowie der Di\u00f6zese im Bereich der Ausbildung annehmen. Das Ziel aller Ausbilder muss es sein, Priester zu formen, die in den Klerus der Di\u00f6zese und in die Pastoral sowohl der Pfarrei als auch der Di\u00f6zese gut eingegliedert sind.<\/p>\n\n<p>Liebe Br\u00fcder und Schwestern, der soeben verk\u00fcndete Abschnitt aus dem Evangelium hat uns die Anforderungen und Voraussetzungen der apostolischen Sendung ins Ged\u00e4chtnis gerufen. Die Worte Jesu, die uns der heilige Evangelist Matth\u00e4us \u00fcbermittelt, sind gleichsam eine Einladung, angesichts der Schwierigkeiten nicht den Mut zu verlieren, nicht nach menschlichen Erfolgen zu suchen und Unverst\u00e4ndnis und sogar Verfolgungen nicht zu f\u00fcrchten. Vielmehr ermutigen sie dazu, das Vertrauen einzig und allein auf die Macht Christi zu setzen, sein Kreuz auf sich zu nehmen und den Spuren unseres Erl\u00f6sers zu folgen, der in der nunmehr am Ende angelangten Weihnachtszeit in der Demut und Armut Betlehems erschienen ist. Die allerseligste Jungfrau, Vorbild eines jeden J\u00fcngers Christi und \u00bbHaus des Segens\u00ab, wie ihr gesungen habt, m\u00f6ge euch helfen, mit Freude und Treue den Auftrag zu erf\u00fcllen, den die Kirche euch mit Zuversicht anvertraut. W\u00e4hrend ich euch f\u00fcr den Dienst danke, den ihr der Kirche von Rom leistet, versichere ich euch meines Gebets und segne von Herzen die hier Anwesenden und alle Gemeinschaften des Neokatechumenalen Weges auf der ganzen Welt.<\/p>\n","protected":false},"excerpt":{"rendered":"<p>BEGEGNUNG ANL\u00c4SSLICH DES 40. JAHRESTAGES DES BEGINNS DES NEOKATECHUMENALEN WEGES IN ROM AM 10.01.2009 Benedikt XVI. Petersdom&#13; Samstag, 10. Januar 2009 Am 10. Januar 2009 wurde in dem von Br\u00fcdern und Schwestern aus den Gemeinschaften \u00fcberf\u00fcllten Petersdom der 40. Jahrestag des Neokatechumenalen Weges in der Di\u00f6zese Rom mit einem kurzen, aber feierlichen Festakt gefeiert. Der Heilige Vater wurde von Kard. Vikar Agostino Vallini und Kard. Stanis\u0142aw Ry\u0142ko, Pr\u00e4sident des P\u00e4pstlichen<\/p>\n<div class=\"read-more\"><a class=\"btn read-more-btn\" href=\"https:\/\/neocatechumenaleiter.org\/de\/worte-der-paepste\/benedikt-xvi\/begegnung-anlaesslich-des-40-jahrestages-des-beginns-des-neokatechumenalen-weges-in-rom-am-10-01-2009\/\">Mehr lesen<\/a><\/div>\n","protected":false},"author":2,"featured_media":0,"parent":10125,"menu_order":7,"comment_status":"closed","ping_status":"closed","template":"","meta":{"footnotes":""},"class_list":["post-12799","page","type-page","status-publish","hentry"],"_links":{"self":[{"href":"https:\/\/neocatechumenaleiter.org\/de\/wp-json\/wp\/v2\/pages\/12799","targetHints":{"allow":["GET"]}}],"collection":[{"href":"https:\/\/neocatechumenaleiter.org\/de\/wp-json\/wp\/v2\/pages"}],"about":[{"href":"https:\/\/neocatechumenaleiter.org\/de\/wp-json\/wp\/v2\/types\/page"}],"author":[{"embeddable":true,"href":"https:\/\/neocatechumenaleiter.org\/de\/wp-json\/wp\/v2\/users\/2"}],"replies":[{"embeddable":true,"href":"https:\/\/neocatechumenaleiter.org\/de\/wp-json\/wp\/v2\/comments?post=12799"}],"version-history":[{"count":2,"href":"https:\/\/neocatechumenaleiter.org\/de\/wp-json\/wp\/v2\/pages\/12799\/revisions"}],"predecessor-version":[{"id":13964,"href":"https:\/\/neocatechumenaleiter.org\/de\/wp-json\/wp\/v2\/pages\/12799\/revisions\/13964"}],"up":[{"embeddable":true,"href":"https:\/\/neocatechumenaleiter.org\/de\/wp-json\/wp\/v2\/pages\/10125"}],"wp:attachment":[{"href":"https:\/\/neocatechumenaleiter.org\/de\/wp-json\/wp\/v2\/media?parent=12799"}],"curies":[{"name":"wp","href":"https:\/\/api.w.org\/{rel}","templated":true}]}}