{"id":12955,"date":"2020-06-01T11:49:25","date_gmt":"2020-06-01T10:49:25","guid":{"rendered":"https:\/\/neocatechumenaleiter.org\/worte-der-paepste\/hl-johannes-paul-ii\/brief-des-heiligen-vaters-johannes-paul-ii-an-die-priester-fuer-gruendonnerstag-den-12-3-1991\/"},"modified":"2020-06-11T14:01:45","modified_gmt":"2020-06-11T13:01:45","slug":"brief-des-heiligen-vaters-johannes-paul-ii-an-die-priester-fuer-gruendonnerstag-den-12-3-1991","status":"publish","type":"page","link":"https:\/\/neocatechumenaleiter.org\/de\/worte-der-paepste\/hl-johannes-paul-ii\/brief-des-heiligen-vaters-johannes-paul-ii-an-die-priester-fuer-gruendonnerstag-den-12-3-1991\/","title":{"rendered":"BRIEF DES HEILIGEN VATERS JOHANNES PAUL II. AN DIE PRIESTER ZUM GR\u00dcNDONNERSTAG VOM 12.3.1991"},"content":{"rendered":"\n<h1 class=\"has-text-align-center wp-block-heading\">BRIEF DES HEILIGEN VATERS JOHANNES PAUL II. AN DIE PRIESTER ZUM GR\u00dcNDONNERSTAG VOM 12.3.1991<\/h1>\n\n<div style=\"height:20px\" aria-hidden=\"true\" class=\"wp-block-spacer\"><\/div>\n\n<h4 class=\"has-text-align-center wp-block-heading\">Hl. Johannes Paul II.<\/h4>\n\n<div style=\"height:20px\" aria-hidden=\"true\" class=\"wp-block-spacer\"><\/div>\n\n<p><strong>Vatikanstadt, den 12. M\u00e4rz 1991 *<\/strong><\/p>\n\n<p><em>\u201eF\u00fcr eine angemessenere Verteilung der Priester in der Kirche: ein Notfallplan f\u00fcr einige unterst\u00fctzungsbed\u00fcrftige Regionen\u201c&#8230; Zum Schluss, ein besonderer Vorschlag:<\/em><\/p>\n\n<p>Das Dekret Presbyterorum Ordinis Nr. 10 ist der Auffassung, dass es \u201eangebracht [ist] auch internationale Priesterseminare zu gr\u00fcnden\u201c, um den gro\u00dfen Mangel an Priestern in bestimmten Regionen zu \u00fcberwinden. Diese Idee hat in den Priesterseminaren Redemptoris Mater, die di\u00f6zesane Priester gem\u00e4\u00df dem Programm des Neokatechumenalen Weges f\u00fcr die Neuevangelisierung ausbilden, eine Realisierung gefunden. Es stellt sich die Frage, ob diese M\u00f6glichkeit nicht auch denen angeboten werden k\u00f6nnte, die sich nicht dieser Bewegung anschlie\u00dfen. Zu diesem Zweck m\u00fcssten die Bischofskonferenzen von einigen L\u00e4ndern, wie Italien, Spanien, Polen, Irland usw., eingeladen werden, um nationale (oder internationale) Priesterseminare f\u00fcr die Neuevangelisierung zu errichten. Auf diese Weise k\u00f6nnte eine neue Form des Priesteramts umgesetzt werden: der di\u00f6zesane Missionar.<br \/><br \/><i>(*) Vgl. \u201eL\u2019Osservatore Romano\u201c, 22. M\u00e4rz 1991 (eigene \u00dcbersetzung aus dem Italienischen).<\/i><\/p>\n\n<figure class=\"wp-block-image size-large\"><img loading=\"lazy\" decoding=\"async\" width=\"689\" height=\"559\" src=\"https:\/\/neocatechumenaleiter.org\/wp-content\/uploads\/2020\/03\/Camino_Neocatecumenal_Juan_Pablo_II_carta_sacerdotes_1991..jpg\" alt=\"\" class=\"wp-image-7401\" srcset=\"https:\/\/neocatechumenaleiter.org\/wp-content\/uploads\/2020\/03\/Camino_Neocatecumenal_Juan_Pablo_II_carta_sacerdotes_1991..jpg 689w, https:\/\/neocatechumenaleiter.org\/wp-content\/uploads\/2020\/03\/Camino_Neocatecumenal_Juan_Pablo_II_carta_sacerdotes_1991.-300x243.jpg 300w\" sizes=\"auto, (max-width: 689px) 100vw, 689px\" \/><\/figure>","protected":false},"excerpt":{"rendered":"<p>BRIEF DES HEILIGEN VATERS JOHANNES PAUL II. AN DIE PRIESTER ZUM GR\u00dcNDONNERSTAG VOM 12.3.1991 Hl. Johannes Paul II. Vatikanstadt, den 12. M\u00e4rz 1991 * \u201eF\u00fcr eine angemessenere Verteilung der Priester in der Kirche: ein Notfallplan f\u00fcr einige unterst\u00fctzungsbed\u00fcrftige Regionen\u201c&#8230; Zum Schluss, ein besonderer Vorschlag: Das Dekret Presbyterorum Ordinis Nr. 10 ist der Auffassung, dass es \u201eangebracht [ist] auch internationale Priesterseminare zu gr\u00fcnden\u201c, um den gro\u00dfen Mangel an Priestern in bestimmten<\/p>\n<div class=\"read-more\"><a class=\"btn read-more-btn\" href=\"https:\/\/neocatechumenaleiter.org\/de\/worte-der-paepste\/hl-johannes-paul-ii\/brief-des-heiligen-vaters-johannes-paul-ii-an-die-priester-fuer-gruendonnerstag-den-12-3-1991\/\">Mehr lesen<\/a><\/div>\n","protected":false},"author":2,"featured_media":0,"parent":10123,"menu_order":64,"comment_status":"closed","ping_status":"closed","template":"","meta":{"footnotes":""},"class_list":["post-12955","page","type-page","status-publish","hentry"],"_links":{"self":[{"href":"https:\/\/neocatechumenaleiter.org\/de\/wp-json\/wp\/v2\/pages\/12955","targetHints":{"allow":["GET"]}}],"collection":[{"href":"https:\/\/neocatechumenaleiter.org\/de\/wp-json\/wp\/v2\/pages"}],"about":[{"href":"https:\/\/neocatechumenaleiter.org\/de\/wp-json\/wp\/v2\/types\/page"}],"author":[{"embeddable":true,"href":"https:\/\/neocatechumenaleiter.org\/de\/wp-json\/wp\/v2\/users\/2"}],"replies":[{"embeddable":true,"href":"https:\/\/neocatechumenaleiter.org\/de\/wp-json\/wp\/v2\/comments?post=12955"}],"version-history":[{"count":7,"href":"https:\/\/neocatechumenaleiter.org\/de\/wp-json\/wp\/v2\/pages\/12955\/revisions"}],"predecessor-version":[{"id":14831,"href":"https:\/\/neocatechumenaleiter.org\/de\/wp-json\/wp\/v2\/pages\/12955\/revisions\/14831"}],"up":[{"embeddable":true,"href":"https:\/\/neocatechumenaleiter.org\/de\/wp-json\/wp\/v2\/pages\/10123"}],"wp:attachment":[{"href":"https:\/\/neocatechumenaleiter.org\/de\/wp-json\/wp\/v2\/media?parent=12955"}],"curies":[{"name":"wp","href":"https:\/\/api.w.org\/{rel}","templated":true}]}}