{"id":12973,"date":"2020-03-03T23:56:44","date_gmt":"2020-03-03T22:56:44","guid":{"rendered":"https:\/\/neocatechumenaleiter.org\/worte-der-paepste\/hl-johannes-paul-ii\/gruss-des-heiligen-vaters-johannes-paul-ii-an-die-pfarrer-die-itineranten-und-die-verantwortlichen-der-neokatechumenalen-gemeinschaften-die-sich-in-rom-versammelt-haben-am-4-12-1991\/"},"modified":"2021-08-10T11:02:25","modified_gmt":"2021-08-10T10:02:25","slug":"gruss-des-heiligen-vaters-johannes-paul-ii-an-die-pfarrer-die-itineranten-und-die-verantwortlichen-der-neokatechumenalen-gemeinschaften-die-sich-in-rom-versammelt-haben-am-4-12-1991","status":"publish","type":"page","link":"https:\/\/neocatechumenaleiter.org\/de\/worte-der-paepste\/hl-johannes-paul-ii\/gruss-des-heiligen-vaters-johannes-paul-ii-an-die-pfarrer-die-itineranten-und-die-verantwortlichen-der-neokatechumenalen-gemeinschaften-die-sich-in-rom-versammelt-haben-am-4-12-1991\/","title":{"rendered":"Gru\u00df an die Pfarrer, die Itineranten und die Verantwortlichen der Neokatechumenalen Gemeinschaften, die sich in Rom versammelt haben am 4.12.1991"},"content":{"rendered":"\n<h1 class=\"has-text-align-center wp-block-heading\">Gru\u00df an die Pfarrer, die Itineranten und die Verantwortlichen der Neokatechumenalen Gemeinschaften, die sich in Rom versammelt haben am 4.12.1991<\/h1>\n\n<div style=\"height:20px\" aria-hidden=\"true\" class=\"wp-block-spacer\"><\/div>\n\n<h4 class=\"has-text-align-center wp-block-heading\">Hl. Johannes Paul II.<\/h4>\n\n<div style=\"height:20px\" aria-hidden=\"true\" class=\"wp-block-spacer\"><\/div>\n\n<p><strong>Vatikanstadt \u2013 Aula Paul VI., 4. Dezember 1991 *<\/strong><\/p>\n\n<p><em>Wie gew\u00f6hnlich endete die Reihe der Gru\u00dfworte, die der Papst ausgesprochen hatte, mit einem Gru\u00df an die Gruppen, die aus verschiedenen italienischen Di\u00f6zesen gekommen waren:<\/em><\/p>\n\n<p>Ferner freue ich mich, die zahlreichen Anh\u00e4nger des Neokatechumenalen Weges willkommen zu hei\u00dfen. Unter ihnen sind Pfarrer aus verschiedenen europ\u00e4ischen Di\u00f6zesen, Verantwortliche von Gemeinschaften und Katechisten, die durch viele europ\u00e4ische Nationen reisen, und nicht wenige Familien, die in den letzten Jahren in Mission gesandt wurden.<\/p>\n\n<p>Liebe Br\u00fcder und Schwestern, mit eurer Anwesenheit in Rom w\u00e4hrend der Entwicklung der Bischofssynode f\u00fcr Europa 1991 m\u00f6chtet ihr die synodalen Arbeiten mithilfe der Reflexion und des Gebetes begleiten. In dem Ablauf eurer Konvivenz, die mit dem heutigen Tag endet, habt ihr Gelegenheit gehabt, noch einmal die Notwendigkeit zu bekr\u00e4ftigen, das Gebot Jesu, sein Evangelium \u00fcberallhin zu bringen, ohne Z\u00f6gern anzunehmen. Es geht um einen Auftrag, der im Hinblick auf die sozialen und kulturellen Umst\u00e4nde dringend notwendig geworden ist. &#13;\n<\/p>\n\n<p>Es helfe euch die Jungfrau Maria, um den Weg in der Treue zu Christus und zu seiner Kirche gut fortzusetzen. So werdet ihr unerm\u00fcdliche und fr\u00f6hliche Apostel der Neuevangelisierung sein.<br\/><br\/><i>(*) Vgl. \u201eL\u2019Osservatore Romano\u201c, 5. Dezember 1991 (eigene \u00dcbersetzung aus dem Italienischen).<\/i><\/p>\n\n<figure class=\"wp-block-gallery columns-2 is-cropped wp-block-gallery-1 is-layout-flex wp-block-gallery-is-layout-flex\"><ul class=\"blocks-gallery-grid\"><li class=\"blocks-gallery-item\"><figure><img loading=\"lazy\" decoding=\"async\" width=\"676\" height=\"562\" src=\"https:\/\/neocatechumenaleiter.org\/wp-content\/uploads\/2020\/03\/Camino_Neocatecumenal_Juan_Pablo_II_saludo_parrocos_itinerantes_responsables_1991.jpg\" alt=\"\" data-id=\"2352\" data-link=\"https:\/\/neocatechumenaleiter.org\/?attachment_id=2352\" class=\"wp-image-7411\" srcset=\"https:\/\/neocatechumenaleiter.org\/wp-content\/uploads\/2020\/03\/Camino_Neocatecumenal_Juan_Pablo_II_saludo_parrocos_itinerantes_responsables_1991.jpg 676w, https:\/\/neocatechumenaleiter.org\/wp-content\/uploads\/2020\/03\/Camino_Neocatecumenal_Juan_Pablo_II_saludo_parrocos_itinerantes_responsables_1991-300x249.jpg 300w\" sizes=\"auto, (max-width: 676px) 100vw, 676px\" \/><\/figure><\/li><li class=\"blocks-gallery-item\"><figure><img loading=\"lazy\" decoding=\"async\" width=\"495\" height=\"354\" src=\"https:\/\/neocatechumenaleiter.org\/wp-content\/uploads\/2020\/03\/Camino_Neocatecumenal_Juan_Pablo_II_saludo_parrocos_itinerantes_responsables_1991_2.jpg\" alt=\"\" data-id=\"2359\" data-full-url=\"https:\/\/neocatechumenaleiter.org\/wp-content\/uploads\/2020\/03\/Camino_Neocatecumenal_Juan_Pablo_II_saludo_parrocos_itinerantes_responsables_1991_2.jpg\" data-link=\"https:\/\/neocatechumenaleiter.org\/?attachment_id=2359\" class=\"wp-image-7415\" srcset=\"https:\/\/neocatechumenaleiter.org\/wp-content\/uploads\/2020\/03\/Camino_Neocatecumenal_Juan_Pablo_II_saludo_parrocos_itinerantes_responsables_1991_2.jpg 495w, https:\/\/neocatechumenaleiter.org\/wp-content\/uploads\/2020\/03\/Camino_Neocatecumenal_Juan_Pablo_II_saludo_parrocos_itinerantes_responsables_1991_2-300x215.jpg 300w\" sizes=\"auto, (max-width: 495px) 100vw, 495px\" \/><\/figure><\/li><\/ul><\/figure>","protected":false},"excerpt":{"rendered":"<p>Gru\u00df an die Pfarrer, die Itineranten und die Verantwortlichen der Neokatechumenalen Gemeinschaften, die sich in Rom versammelt haben am 4.12.1991 Hl. Johannes Paul II. Vatikanstadt \u2013 Aula Paul VI., 4. Dezember 1991 * Wie gew\u00f6hnlich endete die Reihe der Gru\u00dfworte, die der Papst ausgesprochen hatte, mit einem Gru\u00df an die Gruppen, die aus verschiedenen italienischen Di\u00f6zesen gekommen waren: Ferner freue ich mich, die zahlreichen Anh\u00e4nger des Neokatechumenalen Weges willkommen zu<\/p>\n<div class=\"read-more\"><a class=\"btn read-more-btn\" href=\"https:\/\/neocatechumenaleiter.org\/de\/worte-der-paepste\/hl-johannes-paul-ii\/gruss-des-heiligen-vaters-johannes-paul-ii-an-die-pfarrer-die-itineranten-und-die-verantwortlichen-der-neokatechumenalen-gemeinschaften-die-sich-in-rom-versammelt-haben-am-4-12-1991\/\">Mehr lesen<\/a><\/div>\n","protected":false},"author":2,"featured_media":0,"parent":10123,"menu_order":66,"comment_status":"closed","ping_status":"closed","template":"","meta":{"footnotes":""},"class_list":["post-12973","page","type-page","status-publish","hentry"],"_links":{"self":[{"href":"https:\/\/neocatechumenaleiter.org\/de\/wp-json\/wp\/v2\/pages\/12973","targetHints":{"allow":["GET"]}}],"collection":[{"href":"https:\/\/neocatechumenaleiter.org\/de\/wp-json\/wp\/v2\/pages"}],"about":[{"href":"https:\/\/neocatechumenaleiter.org\/de\/wp-json\/wp\/v2\/types\/page"}],"author":[{"embeddable":true,"href":"https:\/\/neocatechumenaleiter.org\/de\/wp-json\/wp\/v2\/users\/2"}],"replies":[{"embeddable":true,"href":"https:\/\/neocatechumenaleiter.org\/de\/wp-json\/wp\/v2\/comments?post=12973"}],"version-history":[{"count":8,"href":"https:\/\/neocatechumenaleiter.org\/de\/wp-json\/wp\/v2\/pages\/12973\/revisions"}],"predecessor-version":[{"id":24083,"href":"https:\/\/neocatechumenaleiter.org\/de\/wp-json\/wp\/v2\/pages\/12973\/revisions\/24083"}],"up":[{"embeddable":true,"href":"https:\/\/neocatechumenaleiter.org\/de\/wp-json\/wp\/v2\/pages\/10123"}],"wp:attachment":[{"href":"https:\/\/neocatechumenaleiter.org\/de\/wp-json\/wp\/v2\/media?parent=12973"}],"curies":[{"name":"wp","href":"https:\/\/api.w.org\/{rel}","templated":true}]}}