{"id":12983,"date":"2020-03-04T00:14:54","date_gmt":"2020-03-03T23:14:54","guid":{"rendered":"https:\/\/neocatechumenaleiter.org\/worte-der-paepste\/hl-johannes-paul-ii\/besuch-der-pfarrei-st-leonardo-murialdo-am-22-03-1992\/"},"modified":"2021-08-10T11:02:30","modified_gmt":"2021-08-10T10:02:30","slug":"besuch-der-pfarrei-st-leonardo-murialdo-am-22-03-1992","status":"publish","type":"page","link":"https:\/\/neocatechumenaleiter.org\/de\/worte-der-paepste\/hl-johannes-paul-ii\/besuch-der-pfarrei-st-leonardo-murialdo-am-22-03-1992\/","title":{"rendered":"BESUCH DER PFARREI ST. LEONARDO MURIALDO AM 22.03.1992"},"content":{"rendered":"\n<h1 class=\"has-text-align-center wp-block-heading\">BESUCH DER PFARREI ST. LEONARDO MURIALDO AM 22.03.1992<\/h1>\n\n<div style=\"height:20px\" aria-hidden=\"true\" class=\"wp-block-spacer\"><\/div>\n\n<h4 class=\"has-text-align-center wp-block-heading\">Hl. Johannes Paul II.<\/h4>\n\n<div style=\"height:20px\" aria-hidden=\"true\" class=\"wp-block-spacer\"><\/div>\n\n<p><strong>Rom, 22. M\u00e4rz 1992 *<\/strong><\/p>\n\n<p><em>Am Beginn der Messe, nach der liturgischen Begr\u00fc\u00dfung, begr\u00fc\u00dfte der Pfarrer, P. Domenico Paiusco, den Heiligen Vater im Namen der Pfarrgemeinschaft:<\/em><\/p>\n\n<p>Heiliger Vater, willkommen unter uns! Danke, dass Sie mit uns sind.&#13;\nDie Pfarrgemeinschaft des Heiligen Leonardo Murialdo, welche der Kongregation der Hl.-Josef-Patres (Congregazione dei Padri Giusseppini) anvertraut ist, hat sich auf dieses Treffen mit ihrem Bischof mit Freude und Begeisterung, durch pers\u00f6nliche und gemeinschaftliches Gebet und Besinnung auf dieses Ereignis des Glaubens in den vielen Anlaufstellen f\u00fcr Familien vorbereitet. Drei\u00dfig Jahre sind vergangen vom Beginn der Pfarrei im M\u00e4rz 1958 bis zur Einsegnung dieses Geb\u00e4udes im Jahr 1988.&#13;\nAktuell zielen die seelsorglichen Bem\u00fchungen auf das Errichten eines geistigen Tempels ab, gemacht aus lebendigen Steinen; einer Gemeinschaft, die im Wohnviertel Zeugnis und Zeichen Christi sei, mit der doppelten Funktion, im Inneren zu wachsen f\u00fcr ein geistiges Verm\u00f6gen, welches wiederum f\u00fcr alle, die hier wohnen, Gemeinschaft und Unterst\u00fctzung erm\u00f6glicht.&#13;\nDie Bev\u00f6lkerung, zu Beginn bestehend aus jungen Paaren mit Kindern, ist stabil geblieben und befindet sich nach 30 Jahren auf dem Weg in das dritte Lebensalter. Der Gro\u00dfteil ihrer Kinder, welche ihrerseits Familien gegr\u00fcndet haben, sind weggezogen.<\/p>\n\n<p>Die Familien, bestehend aus Angestellten und Arbeitern, viele pensioniert, leiden nicht unter Armut, sondern eher unter altersbedingten Problemen und Einsamkeit. Die Jugendlichen, welche verblieben sind, leiden ihrerseits wegen des Wohnraums und der Arbeit.<\/p>\n\n<p>In vielen Familien herrscht eine geringe religi\u00f6se Bildung mit der daraus resultierenden fehlenden Einheit von Glaube und Leben, von einem wertgesch\u00e4tzten Evangelium und einer entsprechenden Lebensf\u00fchrung.<\/p>\n\n<div class=\"wp-block-image\"><figure class=\"alignleft size-medium\"><img loading=\"lazy\" decoding=\"async\" width=\"300\" height=\"246\" src=\"https:\/\/neocatechumenaleiter.org\/wp-content\/uploads\/2020\/03\/Camino_Neocatecumenal_Juan_Pablo_II_visita_parroquia_San_Leonardo_1992-300x246.jpg\" alt=\"\" class=\"wp-image-2370\" srcset=\"https:\/\/neocatechumenaleiter.org\/wp-content\/uploads\/2020\/03\/Camino_Neocatecumenal_Juan_Pablo_II_visita_parroquia_San_Leonardo_1992-300x246.jpg 300w, https:\/\/neocatechumenaleiter.org\/wp-content\/uploads\/2020\/03\/Camino_Neocatecumenal_Juan_Pablo_II_visita_parroquia_San_Leonardo_1992.jpg 698w\" sizes=\"auto, (max-width: 300px) 100vw, 300px\" \/><\/figure><\/div>\n\n<p>Die prim\u00e4re Bem\u00fchung in der Pfarrei war immer die Evangelisation durch Katechese f\u00fcr alle Lebensalter. Eine permanente Katechese im Schulalter von 6 bis 13 Jahren; dieses Jahr auch f\u00fcr Kinder von 3 bis 6, um sie auf einen Glaubensweg zu f\u00fchren, auf dem die Sakramente der Vers\u00f6hnung, der Eucharistie und der Firmung besondere Etappen sind. Wir bieten eine Katechese f\u00fcr die Erwachsenen zur Erneuerung der Familie an. Darin ist mir die Erfahrung der Neokatechumenen nicht die einzige, aber eine betr\u00e4chtliche Hilfe. Seit 1971 bis heute sind zehn Gemeinschaften mit ca. 400 Br\u00fcdern entstanden, die \u00fcber die Wiederentdeckung eines pers\u00f6nlichen und gemeinschaftlichen Glaubens hinaus wirklich Salz und Sauerteig f\u00fcr die ganze Pfarrei sind. Sich als Kirche verstehend sind sie verf\u00fcgbar f\u00fcr eine Katechese f\u00fcr Eltern zur Vorbereitung der Taufe ihrer Kinder, der Erwachsenen f\u00fcr die Firmung, der Verlobten auf die Ehe, der Begegnung innerhalb der Familien. Jedes Jahr sehe ich Personen sich der Kirche ann\u00e4hern, welche ihr fern oder ihr gegen\u00fcber gleichg\u00fcltig waren, sowie Familien, deren Ehe in Schwierigkeiten ist.<\/p>\n\n<p>In der Pfarrei ist die Erziehung der Liturgie und deren Gestaltung pr\u00e4sent sowie karitative Dienste f\u00fcr die Kranken, die Schutzlosen, die Einsamen; das spezifische Charisma unserer Kongregation ist es, Kindern und Jugendlichen in Schwierigkeiten durch betreute Wohngemeinschaften (case-famiglie) zu helfen. Die Jugendfreizeitst\u00e4tte schlie\u00dflich ist ein Ort der Begegnung f\u00fcr Kinder, Jugendliche und Familien. Mit gro\u00dfem Einsatz arbeitet dort eine Gruppe von Laien, die, \u00fcber ihre Ausbildung hinaus, verschiedene Aktivit\u00e4ten mit den Kindern und Jugendlichen durchf\u00fchren. Aktuell ist die Pfarrei engagiert bei dem \u201econfronto con la citt\u00e0\u201c (Anm. des \u00dcbersetzers: ein Dialogprogramm zwischen den Pfarreien und der Stadt Rom 1992), welches ihre Di\u00f6zese durchf\u00fchrt und in dem der aktuelle Zustand der Familie Priorit\u00e4t hat.<\/p>\n\n<p>Heiliger Vater, mit Ihnen die Eucharistie zu feiern ist ein starker Moment der Kommunion, Zeichen einer wichtigen Etappe dahin, uns mehr als Kirche zu begreifen. Ihre Anwesenheit erfreut uns, weil Sie zu uns mit ihrem gro\u00dfen Herzen eines Vaters kommen, f\u00e4hig die Nahen und die Fernen zu lieben. Im Namen der Nahen und Fernen sagen wir erneut Danke und bitten um ein Wort der Erleuchtung, der Hoffnung, dass diese Begegnung mit Ihnen, unserem Bischof, Nachfolger Petri und Stellvertreter Christi, fruchtbarer in der Ausdauer macht. Wir erwarten ein Wort zu den Jugendlichen, verunsichert von den vielen Verlockungen, eine wirkungsvolle Lebensmotivation und zu den nicht mehr jugendlichen die Notwendigkeit, Zeugen in ihrer Familie und in ihrer Arbeitsumwelt zu sein. Danke, Heiliger Vater. <\/p>\n\n<p>Lieber Johannes Paul II., Nachfolger Petri, willkommen bei den Kindern und den Jugendlichen unserer Pfarrei und unseres Jugend- und Sozialzentrums \u201eSan Leonardo Murialdo\u201c. Wir haben uns sehr auf dieses Treffen gefreut, auf das gemeinsame Fest und darauf, Ihr richtungsweisendes Wort zu h\u00f6ren, das uns darin begleitet, in unserem Leben die Fu\u00dfstapfen Jesu nachzuzeichnen, unserem Freund und Retter. Heute, mehr als sonst, sind wir alle hier: Kleine, Junge, Kinder zusammen mit den Laien-Mitarbeitern der Kongregation des Hl. Josef, engagiert im Werk der menschlichen und christlichen Erziehung der jungen Generation. Eine eintr\u00e4chtige Familie, wie der Heilige Leonardo Murialdo es w\u00fcnschte.<\/p>\n\n<p><em>Der Heilige Vater ergriff schlie\u00dflich das Wort:<\/em><\/p>\n\n<p>Gelobt sei Jesus Christus. Ich beginne mit diesem Wort, von uns allen an Jesus Christus gerichtet, weil ich die Vorstellung zu Beginn verfolgt habe und man sieht, dass ihr in einem gewissen Sinn verschieden seid: nicht nur wegen der Schulkinder, der Sakramentenvorbereitung, der Pfadfinder aber auch wegen der verschiedenen Nationalit\u00e4ten. Und es gibt auch einige Fahrende. Man sp\u00fcrt diese ganze Verschiedenheit aber gleichzeitig auch eine Einheit, eine Kommunion, eine Gemeinschaft. Diese Gemeinschaft der Kinder, der Jugendlichen, der Kleinkinder entsteht durch Jesus Christus.<\/p>\n\n<p>Er ist das Zentrum, um das herum wir eins sind. Und das ist sein Geheimnis. Das Geheimnis Jesu, das Geheimnis des Sohnes Gottes, der Mensch wurde, ist genau dies: Dass er, durch seine Menschwerdung ein Zentrum der Kommunion, der Gemeinschaft geschaffen hat; eine Gemeinschaft f\u00fcr verschiedene Personen, verschiedene Umgebungen, verschiedene V\u00f6lker.&#13;\nDas war sichtbar seit dem Beginn der Kirche, seit der ersten christlichen Gemeinschaft in Jerusalem und dann durch die Jahrhunderte, als die Apostel hinausgegangen sind aus Jerusalem, in die verschiedenen L\u00e4nder der Welt, um das Evangelium den verschiedenen V\u00f6lkern zu verk\u00fcndigen, damit diese verschiedenen V\u00f6lker zu eben dieser Kirche w\u00fcrden.<\/p>\n\n<div class=\"wp-block-image\"><figure class=\"alignright size-large\"><img loading=\"lazy\" decoding=\"async\" width=\"704\" height=\"569\" src=\"https:\/\/neocatechumenaleiter.org\/wp-content\/uploads\/2020\/03\/Camino_Neocatecumenal_Juan_Pablo_II_visita_parroquia_San_Leonardo_1992_2.jpg\" alt=\"\" class=\"wp-image-7205\" srcset=\"https:\/\/neocatechumenaleiter.org\/wp-content\/uploads\/2020\/03\/Camino_Neocatecumenal_Juan_Pablo_II_visita_parroquia_San_Leonardo_1992_2.jpg 704w, https:\/\/neocatechumenaleiter.org\/wp-content\/uploads\/2020\/03\/Camino_Neocatecumenal_Juan_Pablo_II_visita_parroquia_San_Leonardo_1992_2-300x242.jpg 300w\" sizes=\"auto, (max-width: 704px) 100vw, 704px\" \/><\/figure><\/div>\n\n<p>Was ist die Kirche? Christus, lebendig unter uns, mit uns und f\u00fcr uns. Die Kirche ist Christus, lebendig mit uns und f\u00fcr uns immer und \u00fcberall. Gleichzeitig sind wir die Kirche, vereint um Christus, um sein Evangelium, sein Kreuz und seine Auferstehung; wir alle vereint in Jesus Christus, nicht nur um ihn herum. Wir sind nicht nur eine Ansammlung von Menschen, vielmehr sind wir eine Kirche, ein Leib und so \u2013 vereint um ihn und in ihm \u2013 sind wir gewisserma\u00dfen Teilhaber an seinem g\u00f6ttlichen Leben. Wir haben teil an seiner Mission und das macht uns zu einer Einheit, einer Gemeinschaft, einer Kirche. So habe ich gesprochen als ich die Jugendlichen und Kinder anh\u00f6rte, aber hier sind auch die Eltern sowie die Erwachsenen, welche eine andere Verantwortung haben, Lehrer und Erzieher. Hier gibt es auch die Neokatechumenale Gemeinschaft, die man durch ihre Lieder und ihre Begeisterung h\u00f6rt. Ich w\u00fcnsche mir, dass dieses erste Treffen eine gute Einf\u00fchrung in eure Pfarrei sei. Durch eure Gemeinschaft sp\u00fcrt man schon in gewissem Ma\u00dfe den Geist der Pfarrgemeinschaft, es ist eine Keimzelle, mit der die Pfarrgemeinschaft leben und wachsen muss. Und sie muss immer wachsen, aus dem Leben Jesu heraus und indem sie in sich dieselbe Liebe tr\u00e4gt, die Jesus zu uns hatte. <\/p>\n\n<p>Jesus ist derart anwesend unter uns, dass er sich vor allem mit diesen Kleinsten, \u00c4rmsten, Leidenden identifiziert. Er sagt es selbst: \u201eWas ihr einem von diesen getan habt, habt ihr mir getan.\u201c<\/p>\n\n<p>Ich w\u00fcnsche euch, das Leben in Christus zu leben und zu versuchen, euer christliches Leben immer mehr aus dem Leben Christi zu n\u00e4hren \u2013 euer menschliches Leben, euer Leben, verg\u00f6ttlicht durch seine Gegenwart und seine Sakramente. Ich m\u00f6chte allen Anwesenden einen einleitenden Segen geben und w\u00fcnsche, wie ich es auf diesen Transparenten sehe, dass ihr immer mehr das menschliche Leben in diesem Viertel evangelisiert und es immer mehr durchtr\u00e4nkt mit dem Geist Christi.<\/p>\n\n<p><em>Am Ende der Feier begr\u00fc\u00dfte der Papst die Geistlichen der Pr\u00e4fektur und die der Ordensgemeinschaft von San Leonardo Murialdo, besonders die Seminaristen der Berufungsgemeinschaft der Hl.-Josef-Patres aus der r\u00f6mischen Provinz der Unbefleckten Empf\u00e4ngnis. Dann gab es ein kurzes Treffen mit den Erwachsenen der Pfarrei, vorgestellt vom Sprecher des Pfarrgemeinderats, dem Diakon Giovanni Pennacchio:<\/em><\/p>\n\n<p>Heiliger Vater, hier sind alle Mitglieder des Pfarrgemeinderats anwesend und die Verantwortlichen der kirchlichen Realit\u00e4ten in dieser Pfarrei und der verschiedenen Zweige der pastoralen Aktivit\u00e4ten: Katechese, Liturgie, Jugendpastoral. Auch sind anwesend \u2013 zum ersten Mal im Pfarrgemeinderat zugelassen \u2013 die Verantwortlichen der Zonen, da in diesem Jahr, um auch zu den Fernstehenden der Pfarrei zu gehen, die Pfarrei in zehn Zonen unterteilt wurde, und jede Zone hat ihren Verantwortlichen. Au\u00dferdem sind die Verantwortlichen der Neokatechumenalen Gemeinschaften anwesend mit ihren Priestern und ihren Katechisten und den Itineranten-Familien f\u00fcr verschiedene Erdteile: Afrika, Australien, Europa. Wir sind hier um unsere Zustimmung und Eintracht mit Petrus, seiner Lehre mit dem religi\u00f6sen Respekt zu erneuern, wovon in Lumen Gentium gesprochen wird. Danke, dass Sie bei uns sind.<\/p>\n\n<p><em>Der Heilige Vater antwortete, nachdem er die verschiedenen Zeugnisse geh\u00f6rt hatte, wie folgt:<\/em><br\/><br\/>Danke f\u00fcr diese Vorstellung, die durch Worte erfolgte und vor allem pers\u00f6nlich war. Man sieht, dass Eure Pfarrei hier in Rom ist, in dieser Zone, aber gleichzeitig an vielen Orten, in vielen Umgebungen, in vielen Kontinenten: au\u00dferhalb Roms. Sie ist eine missionarische Pfarrei, wandernd, neokatechumenal. Ich gr\u00fc\u00dfe euch alle: Australier, Afrikaner, Deutsche, Franzosen, Polen, Wei\u00dfrussen\u2026 Die Kirche von Rom, m\u00fcsst ihr Wissen, lebt eine Zeit der Auseinandersetzung. Auseinandersetzung hei\u00dft \u2013 so k\u00f6nnen wir sagen \u2013 Anwendung des II Vatikanums, vor allem von Lumen Gentium und Gaudium et Spes. Auseinandersetzung mit den verschiedenen Realit\u00e4ten, die diese Stadt und diese r\u00f6mische Gesellschaft kennzeichnen, wichtig f\u00fcr die Zukunft der Stadt, die Zukunft Italiens und auch der Kirche. Es ist aber eine Auseinandersetzung, in der die Kirche konfrontiert wird und wiederum im Glauben konfrontiert;<\/p>\n\n<p>Durch ihre zweitausendj\u00e4hrige Geschichte schaut Rom auf die Probleme unseres Jahrtausends \u2013 besser gesagt, die Probleme am Abschluss dieses zweiten Jahrtausends.&#13;\nSie schaut im Glauben und versucht, diese Probleme zu verstehen, auch wenn sie schwierig sind, auch wenn sie im Gegensatz zu dem stehen, was der Glaube sagt. Sie schaut auf diese Probleme mit Mut, weil die Kirche Mut haben muss. Christus hat uns gesagt: \u201eHabt keine Angst\u201c und dieses ist das Schl\u00fcsselwort seiner messianischen Mission und unserer apostolischen Mission. Habt keine Angst. Das sage ich auch euch Itineranten, weil ihr mutig seid. Manchmal f\u00fchle ich, dass ihr Angst vor dieser Realit\u00e4t habt, die ihr vorfindet, die euch entgegentritt und der ihr entgegentretet. Habt keine Angst, weil es immer um dasselbe Thema geht: \u201eIch bin mit euch\u201c. Das ist nicht blo\u00df ein Wort, es ist eine Wirklichkeit.<\/p>\n\n<p>Mit einem Segen f\u00fcr alle Anwesenden \u2013 den wenigen, die noch in Rom in dieser Pfarrei bleiben und f\u00fcr die vielen, die auf den verschiedenen Kontinenten sind.<br\/><br\/><i>(*) Vgl. \u00abL\u2019Osservatore Romano\u00bb, 23.-24. M\u00e4rz 1992 (eigene \u00dcbersetzung aus dem Italienischen).<\/i><\/p>\n","protected":false},"excerpt":{"rendered":"<p>BESUCH DER PFARREI ST. LEONARDO MURIALDO AM 22.03.1992 Hl. Johannes Paul II. Rom, 22. M\u00e4rz 1992 * Am Beginn der Messe, nach der liturgischen Begr\u00fc\u00dfung, begr\u00fc\u00dfte der Pfarrer, P. Domenico Paiusco, den Heiligen Vater im Namen der Pfarrgemeinschaft: Heiliger Vater, willkommen unter uns! Danke, dass Sie mit uns sind.&#13; Die Pfarrgemeinschaft des Heiligen Leonardo Murialdo, welche der Kongregation der Hl.-Josef-Patres (Congregazione dei Padri Giusseppini) anvertraut ist, hat sich auf dieses<\/p>\n<div class=\"read-more\"><a class=\"btn read-more-btn\" href=\"https:\/\/neocatechumenaleiter.org\/de\/worte-der-paepste\/hl-johannes-paul-ii\/besuch-der-pfarrei-st-leonardo-murialdo-am-22-03-1992\/\">Mehr lesen<\/a><\/div>\n","protected":false},"author":2,"featured_media":0,"parent":10123,"menu_order":67,"comment_status":"closed","ping_status":"closed","template":"","meta":{"footnotes":""},"class_list":["post-12983","page","type-page","status-publish","hentry"],"_links":{"self":[{"href":"https:\/\/neocatechumenaleiter.org\/de\/wp-json\/wp\/v2\/pages\/12983","targetHints":{"allow":["GET"]}}],"collection":[{"href":"https:\/\/neocatechumenaleiter.org\/de\/wp-json\/wp\/v2\/pages"}],"about":[{"href":"https:\/\/neocatechumenaleiter.org\/de\/wp-json\/wp\/v2\/types\/page"}],"author":[{"embeddable":true,"href":"https:\/\/neocatechumenaleiter.org\/de\/wp-json\/wp\/v2\/users\/2"}],"replies":[{"embeddable":true,"href":"https:\/\/neocatechumenaleiter.org\/de\/wp-json\/wp\/v2\/comments?post=12983"}],"version-history":[{"count":14,"href":"https:\/\/neocatechumenaleiter.org\/de\/wp-json\/wp\/v2\/pages\/12983\/revisions"}],"predecessor-version":[{"id":24094,"href":"https:\/\/neocatechumenaleiter.org\/de\/wp-json\/wp\/v2\/pages\/12983\/revisions\/24094"}],"up":[{"embeddable":true,"href":"https:\/\/neocatechumenaleiter.org\/de\/wp-json\/wp\/v2\/pages\/10123"}],"wp:attachment":[{"href":"https:\/\/neocatechumenaleiter.org\/de\/wp-json\/wp\/v2\/media?parent=12983"}],"curies":[{"name":"wp","href":"https:\/\/api.w.org\/{rel}","templated":true}]}}