{"id":13004,"date":"2020-03-04T00:23:44","date_gmt":"2020-03-03T23:23:44","guid":{"rendered":"https:\/\/neocatechumenaleiter.org\/worte-der-paepste\/hl-johannes-paul-ii\/pastoralbesuch-in-der-dominikanischen-republik-anlaesslich-des-fuenften-jahrhunderts-der-evangelisation-der-neuen-welt-11-oktober-1992\/"},"modified":"2021-08-10T11:02:44","modified_gmt":"2021-08-10T10:02:44","slug":"pastoralbesuch-in-der-dominikanischen-republik-anlaesslich-des-fuenften-jahrhunderts-der-evangelisation-der-neuen-welt-11-oktober-1992","status":"publish","type":"page","link":"https:\/\/neocatechumenaleiter.org\/de\/worte-der-paepste\/hl-johannes-paul-ii\/pastoralbesuch-in-der-dominikanischen-republik-anlaesslich-des-fuenften-jahrhunderts-der-evangelisation-der-neuen-welt-11-oktober-1992\/","title":{"rendered":"Pastoralbesuch in der Dominikanischen Republik anl\u00e4sslich des F\u00fcnften Jahrhunderts der Evangelisation der Neuen Welt, 11. Oktober 1992"},"content":{"rendered":"\n<h1 class=\"has-text-align-center wp-block-heading\">Pastoralbesuch in der Dominikanischen Republik anl\u00e4sslich des F\u00fcnften Jahrhunderts der Evangelisation der Neuen Welt, 11. Oktober 1992<\/h1>\n\n<div style=\"height:20px\" aria-hidden=\"true\" class=\"wp-block-spacer\"><\/div>\n\n<h4 class=\"has-text-align-center wp-block-heading\">Hl. Johannes Paul II.<\/h4>\n\n<div style=\"height:20px\" aria-hidden=\"true\" class=\"wp-block-spacer\"><\/div>\n\n<p><strong>Santo Domingo, 11. Oktober 1992 *<\/strong><\/p>\n\n<p><em>Abends, nach der Audienz f\u00fcr das Diplomatische Corps, begab sich Johannes Paul II. au\u00dferhalb der Stadt, um den Sitz des missionarischen di\u00f6zesanen Priesterseminars \u201eRedemptoris Mater\u201c der Neokatechumenalen Gemeinschaften einzuweihen, die in Santo Domingo sehr aktiv sind. Dort gibt es n\u00e4mlich mehr als 300 Gemeinschaft mit insgesamt ca. 10.000 Mitglieder, vor allem in den zwei Armenvierteln \u201eInvivienda\u201c und \u201eHainamoza\u201c.<\/em><\/p>\n\n<p><em>Vom Seminar, wo ca. 40 junge M\u00e4nner studieren, wurde bis jetzt nur der Geb\u00e4udeteil genannt \u201eHeiligtum des Wortes\u201c errichtet. Die Zimmer und die Kapelle werden in einem zweiten Abschnitt entstehen. Der Papst wurde folglich im einzigen fertigen Geb\u00e4udeteil empfangen. Nach einem Lied zu Beginn und einigen Willkommensworten des Initiators des Neokatechumenalen Weges, Kiko Arg\u00fcello, segnete Johannes Paul II das Geb\u00e4ude und wandte sich mit einigen Worten der Ermutigung und Gl\u00fcckw\u00fcnschen an die anwesenden Kardin\u00e4le, Bisch\u00f6fe, Seminaristen und Familien der Gemeinschaften.<\/em><\/p>\n\n<p><em>Hier im Folgenden ver\u00f6ffentlichen wir unsere \u00dcbersetzungen der Worte des Heiligen Vaters aus dem Spanischen: **<\/em><\/p>\n\n<p>Es ist f\u00fcr mich Grund besonderer Freude, das missionarische, di\u00f6zesane Seminar Redemptoris Mater hier in Santo Domingo zu er\u00f6ffnen, das im Zeichen des f\u00fcnften Jahrhunderts der Ankunft der Frohen Nachricht in Amerika einen Beitrag zum gro\u00dfen Werk der Neuevangelisierung sein will, zu dem ich die Universalkirche gerufen habe.<\/p>\n\n<p>Dieses Zentrum, das Priesteramtskandidaten aus zahlreichen L\u00e4ndern des amerikanischen Kontinents, aus Europa und anderen Nationen bekommen hat, soll immer von einem missionarischen Geist beseelt sein. Es soll zum Sauerteig in dieser Erzdi\u00f6zese und in der ganzen Dominikanischen Republik werden, mit einer Aufrichtung f\u00fcr die ganze Welt, dem Gebot des Herren folgend: \u201eGeht und verk\u00fcndet das Evangelium alle Gesch\u00f6pfen\u201c (Mk 6,15). Dies wurde auch im II. Vatikanischen Konzil kundgetan, im Dekret \u00fcber den Dienst und das priesterliche Leben: \u201eDie Geistesgabe, die den Priestern in ihrer Weihe verliehen wurde, r\u00fcstet sie nicht f\u00fcr irgendeine begrenzte und eingeschr\u00e4nkte Sendung, sondern f\u00fcr die alles umfassende und universale Heilssendung \u201abis an die Grenzen der Erde\u2018 (Apg 1,8)\u201c (Presbyterorum Ordinis, Nr. 10).<\/p>\n\n<p>Die Anwesenheit der Seminaristen unterschiedlichster Herkunft auf dieser Insel, welche den Samen der Verk\u00fcndigung des Evangeliums empfingt und von wo aus das rettende Licht Jesu Christi auf den Rest Amerikas strahlte ist auch ein Zeichen, wie nun an der Schwelle des dritten Jahrtausends von diesem di\u00f6zesanen Seminar \u201eRedemptoris Mater\u201c in Santo Domingo, mit der Gnade Gottes, neue Evangelisatoren ausstr\u00f6men k\u00f6nnen, die der Welt Jesus Christus bringen, \u201eWeg, Wahrheit und Leben\u201c.<\/p>\n\n<p>Mein gl\u00fchendes Gebet richtet sich an Maria, den Stern der Evangelisierung, sie f\u00fchre alle zu ihrem g\u00f6ttlichen Sohn, die die Priesterausbildung in diesem Seminar empfangen. Ich erteile allen mit besonderer Zuneigung meinen apostolischen Segen.<br\/><br\/><i>(*) Vgl. \u00abL\u2019Osservatore Romano\u00bb, 12.-13. Oktober 1992 (eigene \u00dcbersetzung aus dem Italienischen).<\/i><br\/><i>(**) Wochenbeilage \u00abL\u2019Osservatore Romano\u00bb Nr. 42 (2624).<\/i><\/p>\n\n<figure class=\"wp-block-gallery aligncenter columns-3 is-cropped wp-block-gallery-1 is-layout-flex wp-block-gallery-is-layout-flex\"><ul class=\"blocks-gallery-grid\"><li class=\"blocks-gallery-item\"><figure><img loading=\"lazy\" decoding=\"async\" width=\"400\" height=\"330\" src=\"https:\/\/neocatechumenaleiter.org\/wp-content\/uploads\/2020\/03\/Camino_Neocatecumenal_Juan_Pablo_II_visita_pastoral_Republica_Dominicana_1992_3.jpg\" alt=\"\" data-id=\"2400\" data-full-url=\"https:\/\/neocatechumenaleiter.org\/wp-content\/uploads\/2020\/03\/Camino_Neocatecumenal_Juan_Pablo_II_visita_pastoral_Republica_Dominicana_1992_3.jpg\" data-link=\"https:\/\/neocatechumenaleiter.org\/?attachment_id=2400\" class=\"wp-image-9415\" srcset=\"https:\/\/neocatechumenaleiter.org\/wp-content\/uploads\/2020\/03\/Camino_Neocatecumenal_Juan_Pablo_II_visita_pastoral_Republica_Dominicana_1992_3.jpg 400w, https:\/\/neocatechumenaleiter.org\/wp-content\/uploads\/2020\/03\/Camino_Neocatecumenal_Juan_Pablo_II_visita_pastoral_Republica_Dominicana_1992_3-300x248.jpg 300w\" sizes=\"auto, (max-width: 400px) 100vw, 400px\" \/><\/figure><\/li><li class=\"blocks-gallery-item\"><figure><img loading=\"lazy\" decoding=\"async\" width=\"662\" height=\"560\" src=\"https:\/\/neocatechumenaleiter.org\/wp-content\/uploads\/2020\/03\/Camino_Neocatecumenal_Juan_Pablo_II_visita_pastoral_Republica_Dominicana_1992_2.jpg\" alt=\"\" data-id=\"2407\" data-full-url=\"https:\/\/neocatechumenaleiter.org\/wp-content\/uploads\/2020\/03\/Camino_Neocatecumenal_Juan_Pablo_II_visita_pastoral_Republica_Dominicana_1992_2.jpg\" data-link=\"https:\/\/neocatechumenaleiter.org\/?attachment_id=2407\" class=\"wp-image-9420\" srcset=\"https:\/\/neocatechumenaleiter.org\/wp-content\/uploads\/2020\/03\/Camino_Neocatecumenal_Juan_Pablo_II_visita_pastoral_Republica_Dominicana_1992_2.jpg 662w, https:\/\/neocatechumenaleiter.org\/wp-content\/uploads\/2020\/03\/Camino_Neocatecumenal_Juan_Pablo_II_visita_pastoral_Republica_Dominicana_1992_2-300x254.jpg 300w\" sizes=\"auto, (max-width: 662px) 100vw, 662px\" \/><\/figure><\/li><li class=\"blocks-gallery-item\"><figure><img loading=\"lazy\" decoding=\"async\" width=\"679\" height=\"560\" src=\"https:\/\/neocatechumenaleiter.org\/wp-content\/uploads\/2020\/03\/Camino_Neocatecumenal_Juan_Pablo_II_visita_pastoral_Republica_Dominicana_1992.jpg\" alt=\"\" data-id=\"2414\" data-full-url=\"https:\/\/neocatechumenaleiter.org\/wp-content\/uploads\/2020\/03\/Camino_Neocatecumenal_Juan_Pablo_II_visita_pastoral_Republica_Dominicana_1992.jpg\" data-link=\"https:\/\/neocatechumenaleiter.org\/?attachment_id=2414\" class=\"wp-image-9425\" srcset=\"https:\/\/neocatechumenaleiter.org\/wp-content\/uploads\/2020\/03\/Camino_Neocatecumenal_Juan_Pablo_II_visita_pastoral_Republica_Dominicana_1992.jpg 679w, https:\/\/neocatechumenaleiter.org\/wp-content\/uploads\/2020\/03\/Camino_Neocatecumenal_Juan_Pablo_II_visita_pastoral_Republica_Dominicana_1992-300x247.jpg 300w\" sizes=\"auto, (max-width: 679px) 100vw, 679px\" \/><\/figure><\/li><\/ul><\/figure>","protected":false},"excerpt":{"rendered":"<p>Pastoralbesuch in der Dominikanischen Republik anl\u00e4sslich des F\u00fcnften Jahrhunderts der Evangelisation der Neuen Welt, 11. Oktober 1992 Hl. Johannes Paul II. Santo Domingo, 11. Oktober 1992 * Abends, nach der Audienz f\u00fcr das Diplomatische Corps, begab sich Johannes Paul II. au\u00dferhalb der Stadt, um den Sitz des missionarischen di\u00f6zesanen Priesterseminars \u201eRedemptoris Mater\u201c der Neokatechumenalen Gemeinschaften einzuweihen, die in Santo Domingo sehr aktiv sind. Dort gibt es n\u00e4mlich mehr als 300<\/p>\n<div class=\"read-more\"><a class=\"btn read-more-btn\" href=\"https:\/\/neocatechumenaleiter.org\/de\/worte-der-paepste\/hl-johannes-paul-ii\/pastoralbesuch-in-der-dominikanischen-republik-anlaesslich-des-fuenften-jahrhunderts-der-evangelisation-der-neuen-welt-11-oktober-1992\/\">Mehr lesen<\/a><\/div>\n","protected":false},"author":2,"featured_media":0,"parent":10123,"menu_order":71,"comment_status":"closed","ping_status":"closed","template":"","meta":{"footnotes":""},"class_list":["post-13004","page","type-page","status-publish","hentry"],"_links":{"self":[{"href":"https:\/\/neocatechumenaleiter.org\/de\/wp-json\/wp\/v2\/pages\/13004","targetHints":{"allow":["GET"]}}],"collection":[{"href":"https:\/\/neocatechumenaleiter.org\/de\/wp-json\/wp\/v2\/pages"}],"about":[{"href":"https:\/\/neocatechumenaleiter.org\/de\/wp-json\/wp\/v2\/types\/page"}],"author":[{"embeddable":true,"href":"https:\/\/neocatechumenaleiter.org\/de\/wp-json\/wp\/v2\/users\/2"}],"replies":[{"embeddable":true,"href":"https:\/\/neocatechumenaleiter.org\/de\/wp-json\/wp\/v2\/comments?post=13004"}],"version-history":[{"count":8,"href":"https:\/\/neocatechumenaleiter.org\/de\/wp-json\/wp\/v2\/pages\/13004\/revisions"}],"predecessor-version":[{"id":24121,"href":"https:\/\/neocatechumenaleiter.org\/de\/wp-json\/wp\/v2\/pages\/13004\/revisions\/24121"}],"up":[{"embeddable":true,"href":"https:\/\/neocatechumenaleiter.org\/de\/wp-json\/wp\/v2\/pages\/10123"}],"wp:attachment":[{"href":"https:\/\/neocatechumenaleiter.org\/de\/wp-json\/wp\/v2\/media?parent=13004"}],"curies":[{"name":"wp","href":"https:\/\/api.w.org\/{rel}","templated":true}]}}