{"id":13036,"date":"2020-03-04T00:39:08","date_gmt":"2020-03-03T23:39:08","guid":{"rendered":"https:\/\/neocatechumenaleiter.org\/worte-der-paepste\/hl-johannes-paul-ii\/brief-an-die-bei-einer-konvivenz-in-wien-versammelten-bischoefe-europas-am-13-04-1993\/"},"modified":"2021-08-10T11:03:01","modified_gmt":"2021-08-10T10:03:01","slug":"brief-an-die-bei-einer-konvivenz-in-wien-versammelten-bischoefe-europas-am-13-04-1993","status":"publish","type":"page","link":"https:\/\/neocatechumenaleiter.org\/de\/worte-der-paepste\/hl-johannes-paul-ii\/brief-an-die-bei-einer-konvivenz-in-wien-versammelten-bischoefe-europas-am-13-04-1993\/","title":{"rendered":"BRIEF AN DIE BEI EINER KONVIVENZ IN WIEN VERSAMMELTEN BISCH\u00d6FE EUROPAS AM 13.04.1993"},"content":{"rendered":"\n<h1 class=\"has-text-align-center wp-block-heading\">BRIEF AN DIE BEI EINER KONVIVENZ IN WIEN VERSAMMELTEN BISCH\u00d6FE EUROPAS AM 13.04.1993<\/h1>\n\n<div style=\"height:20px\" aria-hidden=\"true\" class=\"wp-block-spacer\"><\/div>\n\n<h4 class=\"has-text-align-center wp-block-heading\">Hl. Johannes Paul II.<\/h4>\n\n<div style=\"height:20px\" aria-hidden=\"true\" class=\"wp-block-spacer\"><\/div>\n\n<p><strong>Wien, 13.-17. April 1993 *<\/strong><\/p>\n\n<p><em>Wird Europa im dritten Jahrtausend christlich sein? Um diese vom Heiligen Vater formulierte Frage zu beantworten, trafen sich vom 13. bis 17. April f\u00fcnf Kardin\u00e4le und 120 Bisch\u00f6fe aus allen europ\u00e4ischen L\u00e4ndern, von Portugal bis Russland, f\u00fcnf Tage lang in Wien. Das Treffen wurde am Mittwoch, dem 14. April, von Kardinal Gro\u00ebr er\u00f6ffnet, der die Bedeutung des Neokatechumenalen Weges f\u00fcr die Kirche an der Schwelle zum dritten Jahrtausend betonte. Der Vizepr\u00e4sident des P\u00e4pstlichen Rates f\u00fcr die Laien, Msgr. Paul Cordes, las den Brief des Heiligen Vaters vor:<\/em><\/p>\n\n<div class=\"wp-block-image\"><figure class=\"aligncenter size-large\"><img loading=\"lazy\" decoding=\"async\" width=\"400\" height=\"276\" src=\"https:\/\/neocatechumenaleiter.org\/wp-content\/uploads\/2020\/03\/Camino_Neocatecumenal_Juan_Pablo_II_encuentro_viena_obispos_1993.jpg\" alt=\"\" class=\"wp-image-6993\" srcset=\"https:\/\/neocatechumenaleiter.org\/wp-content\/uploads\/2020\/03\/Camino_Neocatecumenal_Juan_Pablo_II_encuentro_viena_obispos_1993.jpg 400w, https:\/\/neocatechumenaleiter.org\/wp-content\/uploads\/2020\/03\/Camino_Neocatecumenal_Juan_Pablo_II_encuentro_viena_obispos_1993-300x207.jpg 300w\" sizes=\"auto, (max-width: 400px) 100vw, 400px\" \/><\/figure><\/div>\n\n<p> <\/p>\n\n<p>Verehrte Mitbr\u00fcder im bisch\u00f6flichen Amt, liebe Br\u00fcder und Schwestern!&#13;\n&#13;\nEs ist f\u00fcr mich Grund gro\u00dfen Trostes, nach wenigen Jahren meines Aufrufes zur Neuevangelisierung Europas zu erfahren, dass Ihr in Wien versammelt seid, um zusammen \u00fcber die Fr\u00fcchte der missionarischen Arbeit zu reflektieren, die die Priester, Itineranten und Familien des Neokatechumenalen Weges mit gro\u00dfherzigem Schwung und gro\u00dfem Eifer f\u00fcr das Evangelium entfalten.&#13;\n&#13;\nAnl\u00e4sslich der Er\u00f6ffnung der Arbeit der besonderen Versammlung f\u00fcr Europa am 5. Juni 1990 bemerkte ich mit Kummer, dass auf diesem unserem Kontinent sich viele daran gew\u00f6hnt haben, die Wirklichkeit anzusehen &#8222;als existiere Gott nicht&#8220;. In einer solchen Perspektive \u2013 f\u00fcgte ich hinzu \u2013 &#8222;wird der Mensch zur Quelle des moralischen Gesetzes, und nur ein solches Gesetz, das der Mensch aus sich heraus sich gibt, bildet das Ma\u00df seines Gewissens und seines Verhaltens&#8220; (Insegnamenti, Band XIII, 1, 1990, Seite 1517 f.). Andererseits kann man nicht leugnen, dass der Heilige Geist durch das II. Vatikanische Konzil wirkungsvolle Instrumente hervorgebracht hat \u2013 und unter diesen auch den Neokatechumenalen Weg \u2013, um auf die Fragen des Menschen von heute zu antworten. Nach einigen Jahren habe ich es im Licht der erzielten Resultate f\u00fcr richtig gehalten, mit einem Schreiben zu dieser Erfahrung im Hinblick auf die Neuevangelisierung zu ermuntern mit dem Wunsch, dass diese Erfahrung von den Br\u00fcdern im bisch\u00f6flichen Amt recht bewertet und unterst\u00fctzt w\u00fcrde (vgl. den Brief vom 30. 8. 1990).&#13;\n&#13;\nViele von Euch sind direkte Zeugen dieser Resultate und auch erste Protagonisten, die ihre Hilfe angeboten haben, um diese neue kirchliche Wirklichkeit zu verbreiten. Darum ist Eure Reflexion von heute besonders wichtig, wie jene der Bisch\u00f6fe Amerikas w\u00e4hrend des Treffens im vergangenen Jahr in Santo Domingo.&#13;\n&#13;\nDer Neokatechumenale Weg, durch den die Itineranten und die missionarischen Familien reifen, kann auf die Herausforderung der S\u00e4kularisierung, der Ausbreitung der Sekten und des Fehlens von Berufungen antworten. Die Reflexion \u00fcber das Wort Gottes und die Teilnahme an der Eucharistie erm\u00f6glichen eine stufenweise Einf\u00fchrung in die heiligen Mysterien, bilden lebendige Zellen der Kirche, erneuern die Vitalit\u00e4t der Pfarrei durch reife Christen, die f\u00e4hig sind, die Wahrheit mit einem radikal gelebten Glauben zu bezeugen.&#13;\n&#13;\nDieser Weg erscheint besonders geeignet, in entchristlichten Gegenden bei der notwendigen &#8222;reimplantatio Ecclesiae&#8220; (Einpflanzung der Kirche) mitzuhelfen, indem der Mensch in seinem moralischen Verhalten zum Gehorsam gegen\u00fcber der geoffenbarten Wahrheit gef\u00fchrt wird, und auch das vorhandene soziale Netz wieder gekn\u00fcpft wird, das wegen des Fehlens der Erkenntnis Gottes und seiner Liebe zerst\u00f6rt ist. Und schon bilden sich in manchen Gegenden Kerne missionarischer Familien, die Licht Christi und Beispiel des Lebens sein k\u00f6nnen.&#13;\n&#13;\nAber eine solche Mission w\u00e4re ohne Priester nicht m\u00f6glich, die vorbereitet sind, dieses Werk f\u00fcr die Neuevangelisierung zu begleiten und mit ihrem geweihten Dienst zu st\u00fctzen. Ich bin dem Herrn dankbar, der das Entstehen zahlreicher Berufungen und somit die Gr\u00fcndung di\u00f6zesaner und missionarischer Priesterseminare in verschiedenen L\u00e4ndern Europas wollte, die mit dem s\u00fc\u00dfen Namen der Jungfrau Maria &#8222;Redemptoris Mater&#8220; benannt sind.&#13;\n&#13;\nUnter ihren m\u00fctterlichen Schutz und ihre m\u00e4chtige Inspiration stelle ich auch Euer Treffen, das Euch weiteren Schwung und Mut im apostolischen Einsatz f\u00fcr den Menschen von heute geben kann, der eine F\u00fchrung durch die Hirten und durch die von ihnen gesandten Zeugen braucht, um Gott zu erkennen, seinen Namen anzurufen und das Heil zu erlangen.&#13;\n&#13;\nDas Licht des auferstandenen Herrn, den wir in der Osternacht festlich gefeiert haben, m\u00f6ge weiterhin in Euch leuchten und Euch dabei in Eurer Mission im Dienste der Kirche und der gesamten Menschheit st\u00fctzen.<\/p>\n\n<p><i>Aus dem Vatikan, 12. April 1993<br\/><br\/><\/i><strong>IOANNES PAULUS pp II<\/strong><br\/><br\/><i>(*) Vgl. \u00abL\u2019Osservatore Romano\u00bb, 22. April 1993 (eigene \u00dcbersetzung aus dem Italienischen).<\/i><\/p>\n","protected":false},"excerpt":{"rendered":"<p>BRIEF AN DIE BEI EINER KONVIVENZ IN WIEN VERSAMMELTEN BISCH\u00d6FE EUROPAS AM 13.04.1993 Hl. Johannes Paul II. Wien, 13.-17. April 1993 * Wird Europa im dritten Jahrtausend christlich sein? Um diese vom Heiligen Vater formulierte Frage zu beantworten, trafen sich vom 13. bis 17. April f\u00fcnf Kardin\u00e4le und 120 Bisch\u00f6fe aus allen europ\u00e4ischen L\u00e4ndern, von Portugal bis Russland, f\u00fcnf Tage lang in Wien. Das Treffen wurde am Mittwoch, dem 14.<\/p>\n<div class=\"read-more\"><a class=\"btn read-more-btn\" href=\"https:\/\/neocatechumenaleiter.org\/de\/worte-der-paepste\/hl-johannes-paul-ii\/brief-an-die-bei-einer-konvivenz-in-wien-versammelten-bischoefe-europas-am-13-04-1993\/\">Mehr lesen<\/a><\/div>\n","protected":false},"author":2,"featured_media":0,"parent":10123,"menu_order":73,"comment_status":"closed","ping_status":"closed","template":"","meta":{"footnotes":""},"class_list":["post-13036","page","type-page","status-publish","hentry"],"_links":{"self":[{"href":"https:\/\/neocatechumenaleiter.org\/de\/wp-json\/wp\/v2\/pages\/13036","targetHints":{"allow":["GET"]}}],"collection":[{"href":"https:\/\/neocatechumenaleiter.org\/de\/wp-json\/wp\/v2\/pages"}],"about":[{"href":"https:\/\/neocatechumenaleiter.org\/de\/wp-json\/wp\/v2\/types\/page"}],"author":[{"embeddable":true,"href":"https:\/\/neocatechumenaleiter.org\/de\/wp-json\/wp\/v2\/users\/2"}],"replies":[{"embeddable":true,"href":"https:\/\/neocatechumenaleiter.org\/de\/wp-json\/wp\/v2\/comments?post=13036"}],"version-history":[{"count":26,"href":"https:\/\/neocatechumenaleiter.org\/de\/wp-json\/wp\/v2\/pages\/13036\/revisions"}],"predecessor-version":[{"id":24153,"href":"https:\/\/neocatechumenaleiter.org\/de\/wp-json\/wp\/v2\/pages\/13036\/revisions\/24153"}],"up":[{"embeddable":true,"href":"https:\/\/neocatechumenaleiter.org\/de\/wp-json\/wp\/v2\/pages\/10123"}],"wp:attachment":[{"href":"https:\/\/neocatechumenaleiter.org\/de\/wp-json\/wp\/v2\/media?parent=13036"}],"curies":[{"name":"wp","href":"https:\/\/api.w.org\/{rel}","templated":true}]}}