{"id":13044,"date":"2020-03-04T02:13:42","date_gmt":"2020-03-04T01:13:42","guid":{"rendered":"https:\/\/neocatechumenaleiter.org\/worte-der-paepste\/hl-johannes-paul-ii\/audienz-fuer-eine-gruppe-der-neokatechumenen-aus-deutschland-am-26-04-1996\/"},"modified":"2021-08-10T11:04:02","modified_gmt":"2021-08-10T10:04:02","slug":"audienz-fuer-eine-gruppe-der-neokatechumenen-aus-deutschland-am-26-04-1996","status":"publish","type":"page","link":"https:\/\/neocatechumenaleiter.org\/de\/worte-der-paepste\/hl-johannes-paul-ii\/audienz-fuer-eine-gruppe-der-neokatechumenen-aus-deutschland-am-26-04-1996\/","title":{"rendered":"AUDIENZ F\u00dcR EINE GRUPPE DER NEOKATECHUMENEN AUS DEUTSCHLAND AM 26.04.1996"},"content":{"rendered":"\n<h1 class=\"has-text-align-center wp-block-heading\">AUDIENZ F\u00dcR EINE GRUPPE DER NEOKATECHUMENEN AUS DEUTSCHLAND AM 26.04.1996<\/h1>\n\n<div style=\"height:20px\" aria-hidden=\"true\" class=\"wp-block-spacer\"><\/div>\n\n<h4 class=\"has-text-align-center wp-block-heading\">Hl. Johannes Paul II.<\/h4>\n\n<div style=\"height:20px\" aria-hidden=\"true\" class=\"wp-block-spacer\"><\/div>\n\n<div class=\"wp-block-image\"><figure class=\"alignright size-medium\"><img loading=\"lazy\" decoding=\"async\" width=\"300\" height=\"250\" src=\"https:\/\/neocatechumenaleiter.org\/wp-content\/uploads\/2020\/03\/Camino_Neocatecumenal_Juan_Pablo_II_audiencia_hermanos_camino_alemania_1996-300x250.jpg\" alt=\"\" class=\"wp-image-2627\" srcset=\"https:\/\/neocatechumenaleiter.org\/wp-content\/uploads\/2020\/03\/Camino_Neocatecumenal_Juan_Pablo_II_audiencia_hermanos_camino_alemania_1996-300x250.jpg 300w, https:\/\/neocatechumenaleiter.org\/wp-content\/uploads\/2020\/03\/Camino_Neocatecumenal_Juan_Pablo_II_audiencia_hermanos_camino_alemania_1996.jpg 680w\" sizes=\"auto, (max-width: 300px) 100vw, 300px\" \/><\/figure><\/div>\n\n<p><strong>Vatikanstadt \u2013 Sala Clementina, 26. April 1996 *<\/strong><\/p>\n\n<p><em>Johannes Paul II. empfing am Morgen des 26. April eine Gruppe von Neokatechumenen aus Deutschland. W\u00e4hrend des Treffens in der Sala Clementina sprach der Heilige Vater die folgenden Worte:<\/em><\/p>\n\n<p>Liebe Br\u00fcder und Schwestern,<\/p>\n\n<p>Ich hei\u00dfe euch herzlich Willkommen zu eurem Besuch bei den Gr\u00e4bern der Apostel in dieser Osterzeit. Eines der beeindruckendsten Ereignisse des Evangeliums ist die Erz\u00e4hlung von der Begegnung des Auferstandenen mit den J\u00fcngern von Emmaus. Das Emmaus-Ereignis m\u00f6chte uns sagen: Auf dem Weg gibt es Menschen, die auf der Suche sind und die dankbar sind f\u00fcr jede Weggemeinschaft; Menschen die suchen, die bereit sind, zuzuh\u00f6ren und zu lernen.<\/p>\n\n<p>Wir sind ewige Pilger, immer unterwegs; wir k\u00f6nnen den Weg nicht verlassen. Auf der Stra\u00dfe von Jerusalem nach Emmaus wird das Wort Christi, das die Kirche begr\u00fcndet, Wirklichkeit: \u201eWo zwei oder drei in meinem Namen versammelt sind, da bin ich mitten unter ihnen\u201c (Mt 18,20).<\/p>\n\n<p>Unser Gott ist einer, der sich in unsere N\u00e4he begibt und nicht fern bleibt. Deshalb sind wir, insofern wirklich Christen, Menschen, die mit Gott an ihrer Seite gehen. Und das Ziel unserer irdischen Pilgerreise ist Gott.<\/p>\n\n<p>Als Jesus seinen Tod am Kreuz n\u00e4herkommen sah, sagte er seinen Freunden, dass er zum Vater gehe (vgl. Joh 14,28). Nur ausgehend von diesem Ziel erh\u00e4lt unsere Reise die echte innere Orientierung und ihre tiefere Bedeutung. \u201eDen Willen Gottes tun\u201c war f\u00fcr Jesus das einzige Handlungsprinzip und das gab ihm eine Standhaftigkeit und unersch\u00fctterliche Stabilit\u00e4t.<\/p>\n\n<div class=\"wp-block-image\"><figure class=\"alignleft size-medium\"><img loading=\"lazy\" decoding=\"async\" width=\"250\" height=\"300\" src=\"https:\/\/neocatechumenaleiter.org\/wp-content\/uploads\/2020\/03\/Camino_Neocatecumenal_Juan_Pablo_II_audiencia_hermanos_camino_alemania_1996_2-250x300.jpg\" alt=\"\" class=\"wp-image-2634\" srcset=\"https:\/\/neocatechumenaleiter.org\/wp-content\/uploads\/2020\/03\/Camino_Neocatecumenal_Juan_Pablo_II_audiencia_hermanos_camino_alemania_1996_2-250x300.jpg 250w, https:\/\/neocatechumenaleiter.org\/wp-content\/uploads\/2020\/03\/Camino_Neocatecumenal_Juan_Pablo_II_audiencia_hermanos_camino_alemania_1996_2.jpg 568w\" sizes=\"auto, (max-width: 250px) 100vw, 250px\" \/><\/figure><\/div>\n\n<p>Nach dem Willen Gottes zu handeln bedeutet f\u00fcr die Laien in der Kirche ein vielf\u00e4ltiges Engagement in einer Gesellschaft im Wandel, die sich gegen\u00fcber der Kirche gleichg\u00fcltig zeigt. Sorgt euch darum, Jesus nachzufolgen und in den Br\u00fcdern und Schwestern, die ihr auf eurem Lebensweg trefft, seine Anwesenheit zu sehen. Ansonsten geht und sucht sie an den Orten des Leidens, der Verlassenheit und an den R\u00e4ndern der Gesellschaft. Bringt ihnen die W\u00e4rme eurer menschlichen Solidarit\u00e4t und lasst sie den \u00fcbernat\u00fcrlichen Trost des Glaubens an Christus sp\u00fcren.<\/p>\n\n<p>Auf die F\u00fcrsprache der Gottesmutter verleihe euer Gebet zu unserem Gott und Herrn euch die F\u00e4higkeit, einen konkreten Beitrag zur geistigen Erneuerung dieser, unseren Welt zu leisten, die bisweilen so glanzlos ist aus Mangel an Idealen.<\/p>\n\n<p>F\u00fcr diese eure Mission bitte ich Gott um Schutz und Beistand f\u00fcr euch und ich erteile euch gerne den apostolischen Segen.<br\/><br\/><i>(*) Vgl. \u201eL\u2018Osservatore Romano\u201c, 27. April 1996 (eigene \u00dcbersetzung aus dem Italienischen).<\/i><\/p>\n","protected":false},"excerpt":{"rendered":"<p>AUDIENZ F\u00dcR EINE GRUPPE DER NEOKATECHUMENEN AUS DEUTSCHLAND AM 26.04.1996 Hl. Johannes Paul II. Vatikanstadt \u2013 Sala Clementina, 26. April 1996 * Johannes Paul II. empfing am Morgen des 26. April eine Gruppe von Neokatechumenen aus Deutschland. W\u00e4hrend des Treffens in der Sala Clementina sprach der Heilige Vater die folgenden Worte: Liebe Br\u00fcder und Schwestern, Ich hei\u00dfe euch herzlich Willkommen zu eurem Besuch bei den Gr\u00e4bern der Apostel in dieser<\/p>\n<div class=\"read-more\"><a class=\"btn read-more-btn\" href=\"https:\/\/neocatechumenaleiter.org\/de\/worte-der-paepste\/hl-johannes-paul-ii\/audienz-fuer-eine-gruppe-der-neokatechumenen-aus-deutschland-am-26-04-1996\/\">Mehr lesen<\/a><\/div>\n","protected":false},"author":2,"featured_media":0,"parent":10123,"menu_order":84,"comment_status":"closed","ping_status":"closed","template":"","meta":{"footnotes":""},"class_list":["post-13044","page","type-page","status-publish","hentry"],"_links":{"self":[{"href":"https:\/\/neocatechumenaleiter.org\/de\/wp-json\/wp\/v2\/pages\/13044","targetHints":{"allow":["GET"]}}],"collection":[{"href":"https:\/\/neocatechumenaleiter.org\/de\/wp-json\/wp\/v2\/pages"}],"about":[{"href":"https:\/\/neocatechumenaleiter.org\/de\/wp-json\/wp\/v2\/types\/page"}],"author":[{"embeddable":true,"href":"https:\/\/neocatechumenaleiter.org\/de\/wp-json\/wp\/v2\/users\/2"}],"replies":[{"embeddable":true,"href":"https:\/\/neocatechumenaleiter.org\/de\/wp-json\/wp\/v2\/comments?post=13044"}],"version-history":[{"count":10,"href":"https:\/\/neocatechumenaleiter.org\/de\/wp-json\/wp\/v2\/pages\/13044\/revisions"}],"predecessor-version":[{"id":24273,"href":"https:\/\/neocatechumenaleiter.org\/de\/wp-json\/wp\/v2\/pages\/13044\/revisions\/24273"}],"up":[{"embeddable":true,"href":"https:\/\/neocatechumenaleiter.org\/de\/wp-json\/wp\/v2\/pages\/10123"}],"wp:attachment":[{"href":"https:\/\/neocatechumenaleiter.org\/de\/wp-json\/wp\/v2\/media?parent=13044"}],"curies":[{"name":"wp","href":"https:\/\/api.w.org\/{rel}","templated":true}]}}