{"id":13161,"date":"2020-06-03T10:09:44","date_gmt":"2020-06-03T09:09:44","guid":{"rendered":"https:\/\/neocatechumenaleiter.org\/worte-der-paepste\/hl-johannes-paul-ii\/audienz-fuer-die-initiatoren-des-neokatechumenalen-weges-und-die-itineranten-katechisten-am-24-01-1997\/"},"modified":"2020-06-11T15:10:42","modified_gmt":"2020-06-11T14:10:42","slug":"audienz-fuer-die-initiatoren-des-neokatechumenalen-weges-und-die-itineranten-katechisten-am-24-01-1997","status":"publish","type":"page","link":"https:\/\/neocatechumenaleiter.org\/de\/worte-der-paepste\/hl-johannes-paul-ii\/audienz-fuer-die-initiatoren-des-neokatechumenalen-weges-und-die-itineranten-katechisten-am-24-01-1997\/","title":{"rendered":"AUDIENZ F\u00dcR DIE INITIATOREN DES NEOKATECHUMENALEN WEGES UND DIE ITINERANTEN-KATECHISTEN AM 24.01.1997"},"content":{"rendered":"\n<h1 class=\"has-text-align-center wp-block-heading\">AUDIENZ F\u00dcR DIE INITIATOREN DES NEOKATECHUMENALEN WEGES UND DIE ITINERANTEN-KATECHISTEN AM 24.01.1997<\/h1>\n\n<div style=\"height:20px\" aria-hidden=\"true\" class=\"wp-block-spacer\"><\/div>\n\n<h4 class=\"has-text-align-center wp-block-heading\">Hl. Johannes Paul II.<\/h4>\n\n<div style=\"height:20px\" aria-hidden=\"true\" class=\"wp-block-spacer\"><\/div>\n\n<p><strong>Vatikanstadt \u2013 Sala Clementina, 24. Januar 1997 *<\/strong><\/p>\n\n<p><em>Der Papst hat die Itineranten des Neokatechumenalen Weges zu einer Audienz empfangen. W\u00e4hrend des Treffens in Sala Clementina hielt der Heilige Vater die folgende Ansprache:<\/em><\/p>\n\n<p>Liebe Br\u00fcder und Schwestern!<br \/><br \/>&#013;\n&#013;\n1. Willkommen im Haus des Papstes! Ich gr\u00fc\u00dfe Euch mit Zuneigung, liebe Laien- und Priester-Itineranten, zusammen mit euren Verantwortlichen, den Initiatoren des Neokatechumenalen Weges. Euer heutiger Besuch ist ein gro\u00dfer Trost f\u00fcr mich. Ich wei\u00df, dass ihr direkt von der Zusammenkunft kommt, die ihr am Berg Sinai und am Ufer des Roten Meeres hattet. Aus verschiedenen Gr\u00fcnden war dies ein historischer Moment f\u00fcr euch. Ihr habt als Ort eurer Einkehrtage einen sehr bedeutsamen Ort in der Heilsgeschichte gew\u00e4hlt, einen sehr geeigneten Ort, um auf das Wort Gottes zu h\u00f6ren und dar\u00fcber zu meditieren, und den Plan des Herrn f\u00fcr euch besser zu verstehen. Auf diese Weise wolltet ihr der drei\u00dfig Lebensjahre des Weges gedenken. Wie weit seid ihr mit der Hilfe des Herrn gekommen! Der Weg hat in diesen Jahren eine wirklich beeindruckende Entwicklung und Verbreitung in der Kirche gesehen. Begonnen in den Slums von Madrid, wie das evangelische Senfkorn wurde es drei\u00dfig Jahre sp\u00e4ter zu einem gro\u00dfen Baum, der sich heute auf mehr als 100 L\u00e4nder der Welt erstreckt und auch unter den Katholiken der Kirchen des orientalischen Ritus eine bedeutende Pr\u00e4senz aufweist.<\/p>\n\n<div class=\"wp-block-image\"><figure class=\"alignleft size-large\"><img loading=\"lazy\" decoding=\"async\" width=\"679\" height=\"562\" src=\"https:\/\/neocatechumenaleiter.org\/wp-content\/uploads\/2020\/03\/Camino_Neocatecumenal_Juan_Pablo_II_audiencia_hermanos_del_Camino_1997.jpg\" alt=\"\" class=\"wp-image-9472\" srcset=\"https:\/\/neocatechumenaleiter.org\/wp-content\/uploads\/2020\/03\/Camino_Neocatecumenal_Juan_Pablo_II_audiencia_hermanos_del_Camino_1997.jpg 679w, https:\/\/neocatechumenaleiter.org\/wp-content\/uploads\/2020\/03\/Camino_Neocatecumenal_Juan_Pablo_II_audiencia_hermanos_del_Camino_1997-300x248.jpg 300w\" sizes=\"auto, (max-width: 679px) 100vw, 679px\" \/><\/figure><\/div>\n\n<p>2. Wie jeder Jahrestag verwandelt sich auch der eure, im Licht des Glaubens betrachtet, in einen Anlass zum Lob und Dank f\u00fcr die F\u00fclle der Gaben, die der Herr in den letzten Jahren euch und durch euch der ganzen Kirche gew\u00e4hrt hat. F\u00fcr viele war die neokatechumenale Erfahrung ein Weg der Umkehr und der Reifung des Glaubens durch die Wiederentdeckung der Taufe als wahre Quelle des Lebens und der Eucharistie als H\u00f6hepunkt der Existenz des Christen: durch die Wiederentdeckung des Wortes Gottes, das in br\u00fcderlicher Kommunion gebrochen, zum Licht und Leitfaden des Lebens wird; durch die Wiederentdeckung der Kirche als authentische Missionsgemeinschaft. Wie viele junge M\u00e4nner und Frauen haben dank des Weges auch ihre priesterliche und religi\u00f6se Berufung entdeckt! Euer heutiger Besuch bietet mir eine gl\u00fcckliche Gelegenheit, mich eurem Lob- und Danklied f\u00fcr die \u201egro\u00dfen Dinge\u201c (<em>magnalia<\/em>) anzuschlie\u00dfen, die Gott in der Erfahrung des Weges vollbringt.<\/p>\n\n<p>3. Seine Geschichte f\u00fcgt sich in den Kontext jener Bl\u00fcte kirchlicher Bewegungen und Gruppierungen ein, die eine der sch\u00f6nsten Fr\u00fcchte der vom Vatikanischen Konzil initiierten geistigen Erneuerung darstellt. Diese Bl\u00fcte war und ist bis heute ein gro\u00dfes Geschenk des Heiligen Geistes und ein leuchtendes Zeichen der Hoffnung an der Schwelle des dritten Jahrtausends. Sowohl die Hirten als auch Laien m\u00fcssen in der Lage sein, dieses Geschenk mit Dankbarkeit, aber auch mit Verantwortungsbewusstsein anzunehmen, wobei zu ber\u00fccksichtigen ist, dass \u201ein der Kirche sowohl der institutionelle als auch der charismatische Aspekt, sowohl die Hierarchie als auch die Vereinigungen und Bewegungen der Gl\u00e4ubigen, gleicherma\u00dfen wesentlich sind und zum Leben, zur Erneuerung und zur Heiligung beitragen, wenn auch auf verschiedene Art und Weise\u201c (Johannes Paul II., <em>An die Teilnehmer des Internationalen Kolloquiums der kirchlichen Bewegungen<\/em>, 2. \u2013 3. M\u00e4rz 1987: <em>Insegnamenti di Giovanni Paolo II<\/em>, Bd. XI\/(1987), 478). In der heutigen tief s\u00e4kularisierten Welt <em>ist die Neuevangelisierung eine der grundlegenden Herausforderungen<\/em>. Die kirchlichen Bewegungen, die sich genau durch ihren missionarischen Elan auszeichnen, sind zu einem besonderen Engagement im Geiste der Kommunion und Zusammenarbeit aufgerufen. In der Enzyklika <em>Redemptoris missio<\/em> schrieb ich diesbez\u00fcglich: \u201eWenn sie sich in Demut in das Leben der Ortskirchen einf\u00fcgen und von Bisch\u00f6fen und Priestern herzlich in die Di\u00f6zesan- und Pfarrstrukturen aufgenommen werden, bilden diese Bewegungen ein wahres Gottesgeschenk f\u00fcr die Neuevangelisierung und die Missionsarbeit im eigentlichen Sinn des Wortes. Ich empfehle daher, sie zu propagieren und einzubeziehen, um vor allem unter den Jugendlichen dem christlichen Leben wieder Kraft zu verleihen\u201c (Johannes Paul II., <em>Redemptoris missio<\/em>, Nr. 72). Aus diesem Grund w\u00fcnschte ich f\u00fcr das Jahr 1998, das im Rahmen der Vorbereitung auf das Gro\u00dfe Jubil\u00e4um dem Heiligen Geist gewidmet ist, <em>ein gemeinsames Zeugnis aller kirchlichen Bewegungen<\/em> unter der Leitung des P\u00e4pstlichen Rates f\u00fcr die Laien. Es wird ein Moment der Kommunion und des erneuten Engagements im Dienst der Sendung der Kirche sein. Ich bin sicher, ihr werdet dieses bedeutende Ereignis nicht verpassen.<\/p>\n\n<div class=\"wp-block-image\"><figure class=\"alignright size-large\"><img loading=\"lazy\" decoding=\"async\" width=\"393\" height=\"353\" src=\"https:\/\/neocatechumenaleiter.org\/wp-content\/uploads\/2020\/03\/Camino_Neocatecumenal_Juan_Pablo_II_audiencia_hermanos_del_Camino_1997_2.jpg\" alt=\"\" class=\"wp-image-9477\" srcset=\"https:\/\/neocatechumenaleiter.org\/wp-content\/uploads\/2020\/03\/Camino_Neocatecumenal_Juan_Pablo_II_audiencia_hermanos_del_Camino_1997_2.jpg 393w, https:\/\/neocatechumenaleiter.org\/wp-content\/uploads\/2020\/03\/Camino_Neocatecumenal_Juan_Pablo_II_audiencia_hermanos_del_Camino_1997_2-300x269.jpg 300w\" sizes=\"auto, (max-width: 393px) 100vw, 393px\" \/><\/figure><\/div>\n\n<p>4. Der Neokatechumenale Weg wird drei\u00dfig Jahre alt: Ich w\u00fcrde sagen, das Alter von einer gewissen Reife. Ihr Treffen am Sinai hat gewisserma\u00dfen eine neue Etappe f\u00fcr euch er\u00f6ffnet. Passenderweise habt ihr daher versucht, euren Blick in einem Geist des Glaubens nicht nur auf die Vergangenheit, sondern auch auf die Zukunft zu richten, und euch gefragt, was der Plan Gottes in diesem historischen Moment f\u00fcr den Weg ist. Der Herr hat einen kostbaren Schatz in eure H\u00e4nde gelegt. Wie kann man es in F\u00fclle leben? Wie entwickelt man es? Wie kann man es noch besser mit anderen teilen? Wie kann man es vor verschiedenen gegenw\u00e4rtigen oder zuk\u00fcnftigen Gefahren sch\u00fctzen? Hier sind einige der Fragen, die ihr euch gestellt habt, als Verantwortliche des Weges und als Itineranten der ersten Stunde. Um diese Fragen zu beantworten, habt ihr in einer Atmosph\u00e4re des Gebetes und einer tiefen Reflexion mit der Ausarbeitung eines Statuts des Weges am Sinai begonnen. Dies ist ein sehr wichtiger Schritt, der den Weg zu seiner formellen rechtlichen Anerkennung durch die Kirche ebnet, um euch eine weitere Garantie f\u00fcr die Echtheit eures Charismas zu geben. Wie wir wissen, \u201esteht das Urteil \u00fcber ihre [der Charismen] Echtheit und ihren geordneten Gebrauch bei jenen, die in der Kirche die Leitung haben und denen es in besonderer Weise zukommt, den Geist nicht auszul\u00f6schen, sondern alles zu pr\u00fcfen und das Gute zu behalten\u201c (Lumen Gentium, Nr. 12). Ich ermutige euch, die begonnene Arbeit unter der Leitung des P\u00e4pstlichen Rates f\u00fcr die Laien und in besonderer Weise dessen hier mit euch anwesenden Sekret\u00e4rs, Erzbischof Stanis\u0142aw Ry\u0142ko, fortzusetzen. Auf diesem Weg begleite ich euch mit meinem besonderen Gebet. Bevor ich zum Schluss komme, m\u00f6chte ich einigen Schwestern ein Kreuz geben, als Zeichen ihrer Treue zur Kirche und ihrer vollen Hingabe f\u00fcr die Mission der Evangelisierung. M\u00f6ge der Herr Jesus euer Trost und eure Unterst\u00fctzung in schwierigen Momenten sein. M\u00f6ge die Jungfrau, die Allerseligste Mutter der Kirche euch unter allen Umst\u00e4nden Vorbild und Leiterin sein. Mit diesem Wunsch erteile ich euch hier anwesenden und allen, die auf dem Neokatechumenalen Weg engagiert sind, meinen liebevollen Segen.<br \/><br \/><i>(*) Vgl. \u201eL\u2019Osservatore Romano\u201c, 25. Januar 1997 (eigene \u00dcbersetzung aus dem Italienischen).<\/i><\/p>\n\n<figure class=\"wp-block-image size-large\"><img loading=\"lazy\" decoding=\"async\" width=\"675\" height=\"558\" src=\"https:\/\/neocatechumenaleiter.org\/wp-content\/uploads\/2020\/03\/Camino_Neocatecumenal_Juan_Pablo_II_audiencia_hermanos_del_Camino_1997_3.jpg\" alt=\"\" class=\"wp-image-9482\" srcset=\"https:\/\/neocatechumenaleiter.org\/wp-content\/uploads\/2020\/03\/Camino_Neocatecumenal_Juan_Pablo_II_audiencia_hermanos_del_Camino_1997_3.jpg 675w, https:\/\/neocatechumenaleiter.org\/wp-content\/uploads\/2020\/03\/Camino_Neocatecumenal_Juan_Pablo_II_audiencia_hermanos_del_Camino_1997_3-300x248.jpg 300w\" sizes=\"auto, (max-width: 675px) 100vw, 675px\" \/><\/figure>","protected":false},"excerpt":{"rendered":"<p>AUDIENZ F\u00dcR DIE INITIATOREN DES NEOKATECHUMENALEN WEGES UND DIE ITINERANTEN-KATECHISTEN AM 24.01.1997 Hl. Johannes Paul II. Vatikanstadt \u2013 Sala Clementina, 24. Januar 1997 * Der Papst hat die Itineranten des Neokatechumenalen Weges zu einer Audienz empfangen. W\u00e4hrend des Treffens in Sala Clementina hielt der Heilige Vater die folgende Ansprache: Liebe Br\u00fcder und Schwestern! &#013; &#013; 1. Willkommen im Haus des Papstes! Ich gr\u00fc\u00dfe Euch mit Zuneigung, liebe Laien- und Priester-Itineranten,<\/p>\n<div class=\"read-more\"><a class=\"btn read-more-btn\" href=\"https:\/\/neocatechumenaleiter.org\/de\/worte-der-paepste\/hl-johannes-paul-ii\/audienz-fuer-die-initiatoren-des-neokatechumenalen-weges-und-die-itineranten-katechisten-am-24-01-1997\/\">Mehr lesen<\/a><\/div>\n","protected":false},"author":2,"featured_media":0,"parent":10123,"menu_order":87,"comment_status":"closed","ping_status":"closed","template":"","meta":{"footnotes":""},"class_list":["post-13161","page","type-page","status-publish","hentry"],"_links":{"self":[{"href":"https:\/\/neocatechumenaleiter.org\/de\/wp-json\/wp\/v2\/pages\/13161","targetHints":{"allow":["GET"]}}],"collection":[{"href":"https:\/\/neocatechumenaleiter.org\/de\/wp-json\/wp\/v2\/pages"}],"about":[{"href":"https:\/\/neocatechumenaleiter.org\/de\/wp-json\/wp\/v2\/types\/page"}],"author":[{"embeddable":true,"href":"https:\/\/neocatechumenaleiter.org\/de\/wp-json\/wp\/v2\/users\/2"}],"replies":[{"embeddable":true,"href":"https:\/\/neocatechumenaleiter.org\/de\/wp-json\/wp\/v2\/comments?post=13161"}],"version-history":[{"count":5,"href":"https:\/\/neocatechumenaleiter.org\/de\/wp-json\/wp\/v2\/pages\/13161\/revisions"}],"predecessor-version":[{"id":14887,"href":"https:\/\/neocatechumenaleiter.org\/de\/wp-json\/wp\/v2\/pages\/13161\/revisions\/14887"}],"up":[{"embeddable":true,"href":"https:\/\/neocatechumenaleiter.org\/de\/wp-json\/wp\/v2\/pages\/10123"}],"wp:attachment":[{"href":"https:\/\/neocatechumenaleiter.org\/de\/wp-json\/wp\/v2\/media?parent=13161"}],"curies":[{"name":"wp","href":"https:\/\/api.w.org\/{rel}","templated":true}]}}