{"id":13189,"date":"2020-06-03T10:22:23","date_gmt":"2020-06-03T09:22:23","guid":{"rendered":"https:\/\/neocatechumenaleiter.org\/worte-der-paepste\/hl-johannes-paul-ii\/konvivenz-in-new-york-fuer-die-bischoefe-amerikas-am-01-04-1997\/"},"modified":"2020-06-03T10:28:25","modified_gmt":"2020-06-03T09:28:25","slug":"konvivenz-in-new-york-fuer-die-bischoefe-amerikas-am-01-04-1997","status":"publish","type":"page","link":"https:\/\/neocatechumenaleiter.org\/de\/worte-der-paepste\/hl-johannes-paul-ii\/konvivenz-in-new-york-fuer-die-bischoefe-amerikas-am-01-04-1997\/","title":{"rendered":"KONVIVENZ IN NEW YORK F\u00dcR DIE BISCH\u00d6FE AMERIKAS AM 01.04.1997"},"content":{"rendered":"\n<h1 class=\"has-text-align-center wp-block-heading\">KONVIVENZ IN NEW YORK F\u00dcR DIE BISCH\u00d6FE AMERIKAS ZUM THEMA: \u201eNUR EINE NEUE \u00c4STHETIK WIRD DIE KIRCHE RETTEN\u201c AM 01.04.1997<\/h1>\n\n<div style=\"height:20px\" aria-hidden=\"true\" class=\"wp-block-spacer\"><\/div>\n\n<h4 class=\"has-text-align-center wp-block-heading\">Hl. Johannes Paul II.<\/h4>\n\n<div style=\"height:20px\" aria-hidden=\"true\" class=\"wp-block-spacer\"><\/div>\n\n<div class=\"wp-block-image\"><figure class=\"alignleft size-large\"><img loading=\"lazy\" decoding=\"async\" width=\"400\" height=\"272\" src=\"https:\/\/neocatechumenaleiter.org\/wp-content\/uploads\/2020\/03\/Camino_Neocatecumenal_Juan_Pablo_II_convivencia_obispos_new_york_1997.jpg\" alt=\"\" class=\"wp-image-8823\" srcset=\"https:\/\/neocatechumenaleiter.org\/wp-content\/uploads\/2020\/03\/Camino_Neocatecumenal_Juan_Pablo_II_convivencia_obispos_new_york_1997.jpg 400w, https:\/\/neocatechumenaleiter.org\/wp-content\/uploads\/2020\/03\/Camino_Neocatecumenal_Juan_Pablo_II_convivencia_obispos_new_york_1997-300x204.jpg 300w\" sizes=\"auto, (max-width: 400px) 100vw, 400px\" \/><\/figure><\/div>\n\n<p><strong>New York, 1. \u2013 5. <\/strong><strong>April 1997<\/strong><\/p>\n\n<p><em>Die Konvivenz hatte zum Thema \u201eDie Neuevangelisierung und das Dritte Jahrtausend. Nur eine neue \u00c4sthetik wird die Kirche retten\u201c. Sie war eine Gelegenheit, die den Bisch\u00f6fen geboten wurde, um zu erfahren, was der Neokatechumenale Weg ist, und zwar direkt von seiner Quelle sch\u00f6pfend. Die Reflexion \u00fcber die Notwendigkeit einer neuen \u00c4sthetik zur Evangelisierung des Neuen Jahrtausends h\u00e4tte kein ad\u00e4quateres Szenario finden k\u00f6nnen als das des \u201eBig Apple\u201c, der Kulturhauptstadt der heutigen Welt. Die \u201eneue \u00c4sthetik\u201c, die der Neokatechumenale Weg durch seine biblische und liturgische Initiation einf\u00fchrt, zeigt in der Wirklichkeit der Fakten, dass er in der Lage ist, die kulturellen Auswirkungen der Gro\u00dfstadt zu bew\u00e4ltigen, die das Leben der Kirche bedrohen.<\/em><\/p>\n\n<p><em>Das Telegramm des Heiligen Vaters:<\/em><\/p>\n\n<p>Der Heilige Vater wurde \u00fcber das vom Neokatechumenalen Weg vom 1. bis 5. April in New York organisierte Treffen informiert. Er \u00fcbersendet herzliche Gr\u00fc\u00dfe an alle Teilnehmer, insbesondere an seine bisch\u00f6flichen Mitbr\u00fcder, die diese Initiative gef\u00f6rdert haben, und bietet eine Reflexion in Verbindung mit dem Gebet an, die zur n\u00e4chsten Sonderversammlung der Bischofssynode Amerikas beitragen wird.<\/p>\n\n<div class=\"wp-block-image\"><figure class=\"alignright size-large\"><img loading=\"lazy\" decoding=\"async\" width=\"338\" height=\"400\" src=\"https:\/\/neocatechumenaleiter.org\/wp-content\/uploads\/2020\/03\/Camino_Neocatecumenal_Juan_Pablo_II_convivencia_obispos_new_york_1997_2.jpg\" alt=\"\" class=\"wp-image-8828\" srcset=\"https:\/\/neocatechumenaleiter.org\/wp-content\/uploads\/2020\/03\/Camino_Neocatecumenal_Juan_Pablo_II_convivencia_obispos_new_york_1997_2.jpg 338w, https:\/\/neocatechumenaleiter.org\/wp-content\/uploads\/2020\/03\/Camino_Neocatecumenal_Juan_Pablo_II_convivencia_obispos_new_york_1997_2-254x300.jpg 254w\" sizes=\"auto, (max-width: 338px) 100vw, 338px\" \/><\/figure><\/div>\n\n<p>Die Synode hat das Thema: \u201eDie Begegnung mit dem lebendigen Jesus Christus, dem Weg zur Umkehr, Gemeinschaft und Solidarit\u00e4t in Amerika\u201c. Diese Synode m\u00f6chte dazu ermutigen, in den Kirchen Amerikas einen neuen Impuls der Evangelisierung zu geben, w\u00e4hrend sie sich auf das gro\u00dfe Jubil\u00e4um des Jahres 2000 vorbereiten. Dies erfordert einen erneuten Impuls nicht nur von den Hirten, sondern auch von Laien, Vereinen und kirchlichen Bewegungen.<\/p>\n\n<p>In diesen Tagen werdet ihr versuchen, die gr\u00f6\u00dften Herausforderungen der Kirche von Amerika zu identifizieren, in der Bem\u00fchung, diese wichtige Mission durchzuf\u00fchren und geeignete L\u00f6sungen im Licht des Heiligen Geistes zu finden. Der Heilige Vater wird in seinen Gebeten aller gedenken, die an der Versammlung teilnehmen. Indem er einen reichlichen Gottessegen f\u00fcr eure Entscheidungen herabruft, erteilt er herzlich seinen apostolischen Segen.<\/p>\n\n<p><em>Kardinal Angelo Sodano, Staatssekret\u00e4r<\/em><\/p>\n","protected":false},"excerpt":{"rendered":"<p>KONVIVENZ IN NEW YORK F\u00dcR DIE BISCH\u00d6FE AMERIKAS ZUM THEMA: \u201eNUR EINE NEUE \u00c4STHETIK WIRD DIE KIRCHE RETTEN\u201c AM 01.04.1997 Hl. Johannes Paul II. New York, 1. \u2013 5. April 1997 Die Konvivenz hatte zum Thema \u201eDie Neuevangelisierung und das Dritte Jahrtausend. Nur eine neue \u00c4sthetik wird die Kirche retten\u201c. Sie war eine Gelegenheit, die den Bisch\u00f6fen geboten wurde, um zu erfahren, was der Neokatechumenale Weg ist, und zwar direkt<\/p>\n<div class=\"read-more\"><a class=\"btn read-more-btn\" href=\"https:\/\/neocatechumenaleiter.org\/de\/worte-der-paepste\/hl-johannes-paul-ii\/konvivenz-in-new-york-fuer-die-bischoefe-amerikas-am-01-04-1997\/\">Mehr lesen<\/a><\/div>\n","protected":false},"author":2,"featured_media":0,"parent":10123,"menu_order":89,"comment_status":"closed","ping_status":"closed","template":"","meta":{"footnotes":""},"class_list":["post-13189","page","type-page","status-publish","hentry"],"_links":{"self":[{"href":"https:\/\/neocatechumenaleiter.org\/de\/wp-json\/wp\/v2\/pages\/13189","targetHints":{"allow":["GET"]}}],"collection":[{"href":"https:\/\/neocatechumenaleiter.org\/de\/wp-json\/wp\/v2\/pages"}],"about":[{"href":"https:\/\/neocatechumenaleiter.org\/de\/wp-json\/wp\/v2\/types\/page"}],"author":[{"embeddable":true,"href":"https:\/\/neocatechumenaleiter.org\/de\/wp-json\/wp\/v2\/users\/2"}],"replies":[{"embeddable":true,"href":"https:\/\/neocatechumenaleiter.org\/de\/wp-json\/wp\/v2\/comments?post=13189"}],"version-history":[{"count":3,"href":"https:\/\/neocatechumenaleiter.org\/de\/wp-json\/wp\/v2\/pages\/13189\/revisions"}],"predecessor-version":[{"id":13200,"href":"https:\/\/neocatechumenaleiter.org\/de\/wp-json\/wp\/v2\/pages\/13189\/revisions\/13200"}],"up":[{"embeddable":true,"href":"https:\/\/neocatechumenaleiter.org\/de\/wp-json\/wp\/v2\/pages\/10123"}],"wp:attachment":[{"href":"https:\/\/neocatechumenaleiter.org\/de\/wp-json\/wp\/v2\/media?parent=13189"}],"curies":[{"name":"wp","href":"https:\/\/api.w.org\/{rel}","templated":true}]}}