{"id":13255,"date":"2020-06-03T13:21:10","date_gmt":"2020-06-03T12:21:10","guid":{"rendered":"https:\/\/neocatechumenaleiter.org\/worte-der-paepste\/hl-johannes-paul-ii\/regina-coeli-vom-pfingstsonntag-zum-abschluss-der-stadtmission-in-rom-am-23-5-1999\/"},"modified":"2020-06-13T14:26:22","modified_gmt":"2020-06-13T13:26:22","slug":"regina-coeli-vom-pfingstsonntag-zum-abschluss-der-stadtmission-in-rom-am-23-5-1999","status":"publish","type":"page","link":"https:\/\/neocatechumenaleiter.org\/de\/worte-der-paepste\/hl-johannes-paul-ii\/regina-coeli-vom-pfingstsonntag-zum-abschluss-der-stadtmission-in-rom-am-23-5-1999\/","title":{"rendered":"\u201eREGINA COELI\u201c VOM PFINGSTSONNTAG ZUM ABSCHLUSS DER STADTMISSION IN ROM AM 23.5.1999"},"content":{"rendered":"\n<h1 class=\"has-text-align-center wp-block-heading\">\u201eREGINA COELI\u201c VOM PFINGSTSONNTAG ZUM ABSCHLUSS DER STADTMISSION IN ROM AM 23.5.1999<\/h1>\n\n<div style=\"height:20px\" aria-hidden=\"true\" class=\"wp-block-spacer\"><\/div>\n\n<h4 class=\"has-text-align-center wp-block-heading\">Hl. Johannes Paul II.<\/h4>\n\n<div style=\"height:20px\" aria-hidden=\"true\" class=\"wp-block-spacer\"><\/div>\n\n<p><strong>Petersplatz, den 23. Mai 1999 *<\/strong><\/p>\n\n<p><em>\u201eWir wollen miteinander den Heiligen Geist anrufen, dass er die r\u00f6mische Stadtmission fruchtbar mache und den Erwartungen der ganzen Kirche Fr\u00fcchte schenke.\u201c Bei dem \u201eRegina Coeli\u201c anl\u00e4sslich des Pfingstfestes am Sonntag, den 23. Mai, erinnerte Johannes Paul II. an die feierliche Vigil, mit der die Stadtmission am Samstagnachmittag abgeschlossen wurde, sowie an das gro\u00dfe Treffen mit den kirchlichen Bewegungen und den neuen Gemeinschaften im vergangenen Jahr. Dies sind die Worte des Papstes:<\/em><\/p>\n\n<p>1. Das Hochfest Pfingsten l\u00e4sst uns die au\u00dfergew\u00f6hnliche Erfahrung der Apostel f\u00fcnfzig Tage nach der Auferstehung Christi nachleben. Mit Pfingsten erf\u00fcllt sich die Osterzeit, und diese Erf\u00fcllung besteht gerade in der Gabe des Heiligen Geistes gem\u00e4\u00df dem Versprechen Jesu. Wir betrachten heute die Verwandlung der J\u00fcnger des Herrn, seiner in Angst befangenen Anh\u00e4nger, die zu unerschrockenen Zeugen werden, die mutig allen V\u00f6lkern die Gute Nachricht verk\u00fcnden. Aus dem Abendmahlssaal, wo sie mit Maria einm\u00fctig im Gebet verharren, werden sie vom Geist der Wahrheit hinausgesandt, um die ganze Welt zu einer im Abendmahlssaal versammelten Gemeinschaft in Liebe und Einheit zu machen. Die beiden Dimensionen \u2013 Gebet und Apostolat, Gemeinschaft und Sendung \u2013 sind unentbehrlich f\u00fcr das Leben der Kirche zu allen Zeiten und an allen Orten.<\/p>\n\n<p>2. Auf dieses gro\u00dfe Fest haben wir uns gestern Abend mit der feierlichen Pfingstvigil zum Abschluss der r\u00f6mischen Stadtmission hier auf dem Petersplatz vorbereitet. Welch au\u00dferordentliche geistliche Erfahrung! Man musste an das letztj\u00e4hrige gro\u00dfe Treffen mit den kirchlichen Bewegungen und neuen Gemeinschaften denken, die ein wahres Geschenk des Geistes an die Kirche des ausgehenden Jahrtausends und eines der aus dem II. Vatikanischen Konzil hervorgebrochenen neuen Zeichen sind. Jenes Treffen vom letzten Jahr brachte wertvolle Fr\u00fcchte. In der Tat haben sich die Initiativen vermehrt, welche in den Bewegungen und Gemeinschaften den Sinn der \u00bbcommunio\u00ab f\u00f6rdern wollen, um die Zusammenarbeit unter diesen wie auch innerhalb der Ortskirchen und Pfarreien wachsen zu lassen. Danken wir dem Herrn f\u00fcr diesen vielversprechenden, an Hoffnung reichen Fr\u00fchling der Kirche. Zu dessen weiterer Entwicklung wird, dessen bin ich gewiss, der kommende vom P\u00e4pstlichen Rat f\u00fcr die Laien veranstaltete Kongress zum Thema \u00bbKirchliche Bewegungen und neue Gemeinschaften in der pastoralen Sorge der Bisch\u00f6fe\u00ab einen vorteilhaften Beitrag leisten. Die s\u00e4kularisierte Welt ist f\u00fcr jeden Christen heute eine Aufforderung, sein missionarisches Engagement zu verst\u00e4rken durch die R\u00fcckbindung auf eine radikale Erfahrung des Glaubens an Christus, eine in Gebet, Einheit und Verk\u00fcndigung bestehende Erfahrung.<\/p>\n\n<p>3. Wir wollen miteinander den Heiligen Geist anrufen, dass er die r\u00f6mische Stadtmission fruchtbar mache und den Erwartungen der ganzen Kirche Fr\u00fcchte schenke.&#13;\n&#13;\nDer Einsatz f\u00fcr die Mission kennt keine Fristen und ruft jedes Mitglied der Christengemeinschaft auf den Plan. Heute wie zu den Anfangszeiten wei\u00df die Kirche, dass sie es n\u00f6tig hat, mit Maria, der Mutter Jesu und unserer Mutter, im Gebet zu verharren, um den Herausforderungen der Neuevangelisierung begegnen zu k\u00f6nnen. Bitten wir die Jungfrau, mit uns und f\u00fcr uns zum himmlischen Vater zu beten, dass er \u00fcber alle Glaubenden den Heiligen Geist ausgie\u00dfe und die Wundertaten von Pfingsten erneuere.<\/p>\n\n<p><em>Quelle:<\/em> vatican.va<\/p>\n","protected":false},"excerpt":{"rendered":"<p>\u201eREGINA COELI\u201c VOM PFINGSTSONNTAG ZUM ABSCHLUSS DER STADTMISSION IN ROM AM 23.5.1999 Hl. Johannes Paul II. Petersplatz, den 23. Mai 1999 * \u201eWir wollen miteinander den Heiligen Geist anrufen, dass er die r\u00f6mische Stadtmission fruchtbar mache und den Erwartungen der ganzen Kirche Fr\u00fcchte schenke.\u201c Bei dem \u201eRegina Coeli\u201c anl\u00e4sslich des Pfingstfestes am Sonntag, den 23. Mai, erinnerte Johannes Paul II. an die feierliche Vigil, mit der die Stadtmission am Samstagnachmittag<\/p>\n<div class=\"read-more\"><a class=\"btn read-more-btn\" href=\"https:\/\/neocatechumenaleiter.org\/de\/worte-der-paepste\/hl-johannes-paul-ii\/regina-coeli-vom-pfingstsonntag-zum-abschluss-der-stadtmission-in-rom-am-23-5-1999\/\">Mehr lesen<\/a><\/div>\n","protected":false},"author":2,"featured_media":0,"parent":10123,"menu_order":92,"comment_status":"closed","ping_status":"closed","template":"","meta":{"footnotes":""},"class_list":["post-13255","page","type-page","status-publish","hentry"],"_links":{"self":[{"href":"https:\/\/neocatechumenaleiter.org\/de\/wp-json\/wp\/v2\/pages\/13255","targetHints":{"allow":["GET"]}}],"collection":[{"href":"https:\/\/neocatechumenaleiter.org\/de\/wp-json\/wp\/v2\/pages"}],"about":[{"href":"https:\/\/neocatechumenaleiter.org\/de\/wp-json\/wp\/v2\/types\/page"}],"author":[{"embeddable":true,"href":"https:\/\/neocatechumenaleiter.org\/de\/wp-json\/wp\/v2\/users\/2"}],"replies":[{"embeddable":true,"href":"https:\/\/neocatechumenaleiter.org\/de\/wp-json\/wp\/v2\/comments?post=13255"}],"version-history":[{"count":14,"href":"https:\/\/neocatechumenaleiter.org\/de\/wp-json\/wp\/v2\/pages\/13255\/revisions"}],"predecessor-version":[{"id":15835,"href":"https:\/\/neocatechumenaleiter.org\/de\/wp-json\/wp\/v2\/pages\/13255\/revisions\/15835"}],"up":[{"embeddable":true,"href":"https:\/\/neocatechumenaleiter.org\/de\/wp-json\/wp\/v2\/pages\/10123"}],"wp:attachment":[{"href":"https:\/\/neocatechumenaleiter.org\/de\/wp-json\/wp\/v2\/media?parent=13255"}],"curies":[{"name":"wp","href":"https:\/\/api.w.org\/{rel}","templated":true}]}}