{"id":13261,"date":"2020-06-03T13:29:26","date_gmt":"2020-06-03T12:29:26","guid":{"rendered":"https:\/\/neocatechumenaleiter.org\/worte-der-paepste\/hl-johannes-paul-ii\/besuch-der-pfarrei-st-benedikt-josef-labre-am-31-10-1999\/"},"modified":"2020-06-11T15:20:00","modified_gmt":"2020-06-11T14:20:00","slug":"besuch-der-pfarrei-st-benedikt-josef-labre-am-31-10-1999","status":"publish","type":"page","link":"https:\/\/neocatechumenaleiter.org\/de\/worte-der-paepste\/hl-johannes-paul-ii\/besuch-der-pfarrei-st-benedikt-josef-labre-am-31-10-1999\/","title":{"rendered":"BESUCH DER PFARREI ST. BENEDIKT JOSEF LABRE AM 31.10.1999"},"content":{"rendered":"\n<h1 class=\"has-text-align-center wp-block-heading\">BESUCH DER PFARREI ST. BENEDIKT JOSEF LABRE AM 31.10.1999<\/h1>\n\n<div style=\"height:20px\" aria-hidden=\"true\" class=\"wp-block-spacer\"><\/div>\n\n<h4 class=\"has-text-align-center wp-block-heading\">Hl. Johannes Paul II.<\/h4>\n\n<div style=\"height:20px\" aria-hidden=\"true\" class=\"wp-block-spacer\"><\/div>\n\n<p><strong>Rom, den 21. Oktober 1999 *<\/strong><\/p>\n\n<p><em>Im Anschluss an die Heilige Messe in einem Saal des Pfarrgemeindehauses fand das Treffen mit den Jugendlichen statt, mit den Mitgliedern des Pfarrgemeinderats und den Vertretern verschiedener Gemeindegruppen. Im Namen aller Anwesenden richtete Vittorio, 29 Jahre alt, folgende Worte an den Papst:<\/em><\/p>\n\n<p>Heiliger Vater, wir haben Sie begr\u00fc\u00dft mit den Worten, die Elisabeth an die Jungfrau Maria richtete: \u201eWas ist geschehen, dass die Mutter des Herren zu mir kommt?\u201c Dieses Lied dr\u00fcckt unsere Dankbarkeit Ihnen gegen\u00fcber aus f\u00fcr diesen Besuch unserer Pfarrgemeinschaft. In diesem Treffen sind wir alle zusammengekommen: eine neokatechumenale Gemeinschaft, die Jugendleiter, die Katecheten, die Mitglieder des pfarrlichen Verm\u00f6gensverwaltungsrats und alle Jugendlichen, die sich auf den Weltjugendtag vorbereiten. Heiliger Vater, in diesen wenigen Jahren seit der Gr\u00fcndung unserer Pfarrei haben wir gesehen, dass wir nicht \u201ebrav\u201c sind, wir sind schwach und wir sind S\u00fcnder und so oft f\u00e4llt es uns schwer, Licht zu sein in unserem Viertel, aber wir haben erfahren, dass allein in Christus, gestorben und auferstanden f\u00fcr unser Heil, das Leben zu finden ist; daher bitten wir Eure Heiligkeit als Nachfolger Petri uns im Glauben zu st\u00e4rken. Danke, wir sind dankbar und voller Freude f\u00fcr Ihre Anwesenheit hier bei uns.<\/p>\n\n<p><em>Anschlie\u00dfend richtete der Heilige Vater die folgenden Worte an die Anwesenden:<\/em><\/p>\n\n<p>Dass ihr vom Neokatechumenat seid, h\u00f6rt man sofort. Daf\u00fcr gen\u00fcgt es, die Lieder zu h\u00f6ren. Diese sind eure speziellen Lieder. Und auch dass ihr jung seid, das h\u00f6rt man auch. Ihr bereitet euch auf das Jahr zweitausend vor, auf den Weltjugendtag in Rom: und das ist eine gute Sache. \u00dcbrigens bereite auch ich mich vor, obwohl ich stets weniger jung werde. Und die Jugendlichen folgen mir immer gerne. Also danke ich euch f\u00fcr die M\u00f6glichkeit dieses Besuchs und ich w\u00fcnsche euch allen eine gute Fortf\u00fchrung in dem, was ihr tut: den Pfarrgemeinden, dem Pfarrgemeinderat, den Jugendlichen und denen vom Neokatechumenat. Das Jubil\u00e4um wird gut gehen. Das Jahr zweitausend ist schon nahe. Die Heilige Pforte muss sich in weniger als zwei Monaten \u00f6ffnen, n\u00e4mlich am 24. Dezember. Denken wir auch an unsere Verstorbenen in diesen besonderen Tagen, in denen die ganze Kirche ihrer gedenkt. Danke noch einmal. Habt stets gro\u00dfen Mut! Auch eurer Pfarrer ist vom Neokatechumenat, man sieht es sofort. Wer einen Bart tr\u00e4gt, ist sofort verd\u00e4chtig. Auch euer Pfarrvikar tr\u00e4gt einen Bart. Versuchen wir also, die Neokatechumenen zu bewundern, auch wenn wir keinen Bart tragen.<\/p>\n\n<p>Gelobt sei Jesus Christus!<br \/><br \/><i>(*) Vgl. \u201eL\u2019Osservatore Romano\u201c, 2.-3. November 1999 (eigene \u00dcbersetzung aus dem Italienischen).<\/i><\/p>\n","protected":false},"excerpt":{"rendered":"<p>BESUCH DER PFARREI ST. BENEDIKT JOSEF LABRE AM 31.10.1999 Hl. Johannes Paul II. Rom, den 21. Oktober 1999 * Im Anschluss an die Heilige Messe in einem Saal des Pfarrgemeindehauses fand das Treffen mit den Jugendlichen statt, mit den Mitgliedern des Pfarrgemeinderats und den Vertretern verschiedener Gemeindegruppen. Im Namen aller Anwesenden richtete Vittorio, 29 Jahre alt, folgende Worte an den Papst: Heiliger Vater, wir haben Sie begr\u00fc\u00dft mit den Worten,<\/p>\n<div class=\"read-more\"><a class=\"btn read-more-btn\" href=\"https:\/\/neocatechumenaleiter.org\/de\/worte-der-paepste\/hl-johannes-paul-ii\/besuch-der-pfarrei-st-benedikt-josef-labre-am-31-10-1999\/\">Mehr lesen<\/a><\/div>\n","protected":false},"author":2,"featured_media":0,"parent":10123,"menu_order":93,"comment_status":"closed","ping_status":"closed","template":"","meta":{"footnotes":""},"class_list":["post-13261","page","type-page","status-publish","hentry"],"_links":{"self":[{"href":"https:\/\/neocatechumenaleiter.org\/de\/wp-json\/wp\/v2\/pages\/13261","targetHints":{"allow":["GET"]}}],"collection":[{"href":"https:\/\/neocatechumenaleiter.org\/de\/wp-json\/wp\/v2\/pages"}],"about":[{"href":"https:\/\/neocatechumenaleiter.org\/de\/wp-json\/wp\/v2\/types\/page"}],"author":[{"embeddable":true,"href":"https:\/\/neocatechumenaleiter.org\/de\/wp-json\/wp\/v2\/users\/2"}],"replies":[{"embeddable":true,"href":"https:\/\/neocatechumenaleiter.org\/de\/wp-json\/wp\/v2\/comments?post=13261"}],"version-history":[{"count":5,"href":"https:\/\/neocatechumenaleiter.org\/de\/wp-json\/wp\/v2\/pages\/13261\/revisions"}],"predecessor-version":[{"id":14893,"href":"https:\/\/neocatechumenaleiter.org\/de\/wp-json\/wp\/v2\/pages\/13261\/revisions\/14893"}],"up":[{"embeddable":true,"href":"https:\/\/neocatechumenaleiter.org\/de\/wp-json\/wp\/v2\/pages\/10123"}],"wp:attachment":[{"href":"https:\/\/neocatechumenaleiter.org\/de\/wp-json\/wp\/v2\/media?parent=13261"}],"curies":[{"name":"wp","href":"https:\/\/api.w.org\/{rel}","templated":true}]}}