{"id":13303,"date":"2020-06-03T14:45:56","date_gmt":"2020-06-03T13:45:56","guid":{"rendered":"https:\/\/neocatechumenaleiter.org\/worte-der-paepste\/hl-johannes-paul-ii\/berufungstreffen-auf-dem-berg-der-seligpreisungen-am-24-03-2000\/"},"modified":"2020-06-03T14:48:44","modified_gmt":"2020-06-03T13:48:44","slug":"berufungstreffen-auf-dem-berg-der-seligpreisungen-am-24-03-2000","status":"publish","type":"page","link":"https:\/\/neocatechumenaleiter.org\/de\/worte-der-paepste\/hl-johannes-paul-ii\/berufungstreffen-auf-dem-berg-der-seligpreisungen-am-24-03-2000\/","title":{"rendered":"BERUFUNGSTREFFEN AUF DEM BERG DER SELIGPREISUNGEN AM 24.03.2000"},"content":{"rendered":"\n<h1 class=\"has-text-align-center wp-block-heading\">BERUFUNGSTREFFEN AUF DEM BERG DER SELIGPREISUNGEN AM 24.03.2000<\/h1>\n\n<div style=\"height:20px\" aria-hidden=\"true\" class=\"wp-block-spacer\"><\/div>\n\n<h4 class=\"has-text-align-center wp-block-heading\">Hl. Johannes Paul II.<\/h4>\n\n<div style=\"height:20px\" aria-hidden=\"true\" class=\"wp-block-spacer\"><\/div>\n\n<p><strong>Korazim, 24. M\u00e4rz 2000<\/strong><\/p>\n\n<p><em>Am Ende der Eucharistiefeier trafen sich die Initiatoren des Weges mit 50.000 Jugendlichen der neokatechumenalen Gemeinschaften aus 72 Nationen. W\u00e4hrend des Treffens unter dem Vorsitz von Kard. Antonio Maria Rouco Varela, Erzbischof von Madrid, gab es einen \u201eRuf zu Berufungen\u201c. Darauf haben sich ungef\u00e4hr dreitausend junge M\u00e4nner f\u00fcr das Priestertum und ungef\u00e4hr zweitausend M\u00e4dchen f\u00fcr das geweihte Leben bereit erkl\u00e4rt.<\/em><\/p>\n\n<figure class=\"wp-block-gallery aligncenter columns-2 is-cropped wp-block-gallery-1 is-layout-flex wp-block-gallery-is-layout-flex\"><ul class=\"blocks-gallery-grid\"><li class=\"blocks-gallery-item\"><figure><img loading=\"lazy\" decoding=\"async\" width=\"347\" height=\"207\" src=\"https:\/\/neocatechumenaleiter.org\/wp-content\/uploads\/2020\/03\/Camino_Neocatecumenal_Juan_Pablo_II_llamada_vocacional_monte_Bienaventuranzas_2000.jpg\" alt=\"\" data-id=\"2823\" data-full-url=\"https:\/\/neocatechumenaleiter.org\/wp-content\/uploads\/2020\/03\/Camino_Neocatecumenal_Juan_Pablo_II_llamada_vocacional_monte_Bienaventuranzas_2000.jpg\" data-link=\"https:\/\/neocatechumenaleiter.org\/?attachment_id=2823\" class=\"wp-image-8710\" srcset=\"https:\/\/neocatechumenaleiter.org\/wp-content\/uploads\/2020\/03\/Camino_Neocatecumenal_Juan_Pablo_II_llamada_vocacional_monte_Bienaventuranzas_2000.jpg 347w, https:\/\/neocatechumenaleiter.org\/wp-content\/uploads\/2020\/03\/Camino_Neocatecumenal_Juan_Pablo_II_llamada_vocacional_monte_Bienaventuranzas_2000-300x179.jpg 300w\" sizes=\"auto, (max-width: 347px) 100vw, 347px\" \/><\/figure><\/li><li class=\"blocks-gallery-item\"><figure><img loading=\"lazy\" decoding=\"async\" width=\"400\" height=\"271\" src=\"https:\/\/neocatechumenaleiter.org\/wp-content\/uploads\/2020\/03\/Camino_Neocatecumenal_Juan_Pablo_II_llamada_vocacional_monte_Bienaventuranzas_2000_2.jpg\" alt=\"\" data-id=\"2816\" data-full-url=\"https:\/\/neocatechumenaleiter.org\/wp-content\/uploads\/2020\/03\/Camino_Neocatecumenal_Juan_Pablo_II_llamada_vocacional_monte_Bienaventuranzas_2000_2.jpg\" data-link=\"https:\/\/neocatechumenaleiter.org\/?attachment_id=2816\" class=\"wp-image-8705\" srcset=\"https:\/\/neocatechumenaleiter.org\/wp-content\/uploads\/2020\/03\/Camino_Neocatecumenal_Juan_Pablo_II_llamada_vocacional_monte_Bienaventuranzas_2000_2.jpg 400w, https:\/\/neocatechumenaleiter.org\/wp-content\/uploads\/2020\/03\/Camino_Neocatecumenal_Juan_Pablo_II_llamada_vocacional_monte_Bienaventuranzas_2000_2-300x203.jpg 300w\" sizes=\"auto, (max-width: 400px) 100vw, 400px\" \/><\/figure><\/li><\/ul><\/figure>\n","protected":false},"excerpt":{"rendered":"<p>BERUFUNGSTREFFEN AUF DEM BERG DER SELIGPREISUNGEN AM 24.03.2000 Hl. Johannes Paul II. Korazim, 24. M\u00e4rz 2000 Am Ende der Eucharistiefeier trafen sich die Initiatoren des Weges mit 50.000 Jugendlichen der neokatechumenalen Gemeinschaften aus 72 Nationen. W\u00e4hrend des Treffens unter dem Vorsitz von Kard. Antonio Maria Rouco Varela, Erzbischof von Madrid, gab es einen \u201eRuf zu Berufungen\u201c. Darauf haben sich ungef\u00e4hr dreitausend junge M\u00e4nner f\u00fcr das Priestertum und ungef\u00e4hr zweitausend M\u00e4dchen<\/p>\n<div class=\"read-more\"><a class=\"btn read-more-btn\" href=\"https:\/\/neocatechumenaleiter.org\/de\/worte-der-paepste\/hl-johannes-paul-ii\/berufungstreffen-auf-dem-berg-der-seligpreisungen-am-24-03-2000\/\">Mehr lesen<\/a><\/div>\n","protected":false},"author":2,"featured_media":0,"parent":10123,"menu_order":95,"comment_status":"closed","ping_status":"closed","template":"","meta":{"footnotes":""},"class_list":["post-13303","page","type-page","status-publish","hentry"],"_links":{"self":[{"href":"https:\/\/neocatechumenaleiter.org\/de\/wp-json\/wp\/v2\/pages\/13303","targetHints":{"allow":["GET"]}}],"collection":[{"href":"https:\/\/neocatechumenaleiter.org\/de\/wp-json\/wp\/v2\/pages"}],"about":[{"href":"https:\/\/neocatechumenaleiter.org\/de\/wp-json\/wp\/v2\/types\/page"}],"author":[{"embeddable":true,"href":"https:\/\/neocatechumenaleiter.org\/de\/wp-json\/wp\/v2\/users\/2"}],"replies":[{"embeddable":true,"href":"https:\/\/neocatechumenaleiter.org\/de\/wp-json\/wp\/v2\/comments?post=13303"}],"version-history":[{"count":3,"href":"https:\/\/neocatechumenaleiter.org\/de\/wp-json\/wp\/v2\/pages\/13303\/revisions"}],"predecessor-version":[{"id":13314,"href":"https:\/\/neocatechumenaleiter.org\/de\/wp-json\/wp\/v2\/pages\/13303\/revisions\/13314"}],"up":[{"embeddable":true,"href":"https:\/\/neocatechumenaleiter.org\/de\/wp-json\/wp\/v2\/pages\/10123"}],"wp:attachment":[{"href":"https:\/\/neocatechumenaleiter.org\/de\/wp-json\/wp\/v2\/media?parent=13303"}],"curies":[{"name":"wp","href":"https:\/\/api.w.org\/{rel}","templated":true}]}}