{"id":13315,"date":"2020-06-03T14:53:24","date_gmt":"2020-06-03T13:53:24","guid":{"rendered":"https:\/\/neocatechumenaleiter.org\/worte-der-paepste\/hl-johannes-paul-ii\/brief-an-den-kard-james-francis-stafford-praesidenten-des-paepstlichen-rates-fuer-die-laien-ueber-die-verfassung-der-statuten-am-05-04-2001\/"},"modified":"2020-06-11T15:43:43","modified_gmt":"2020-06-11T14:43:43","slug":"brief-an-den-kard-james-francis-stafford-praesidenten-des-paepstlichen-rates-fuer-die-laien-ueber-die-verfassung-der-statuten-am-05-04-2001","status":"publish","type":"page","link":"https:\/\/neocatechumenaleiter.org\/de\/worte-der-paepste\/hl-johannes-paul-ii\/brief-an-den-kard-james-francis-stafford-praesidenten-des-paepstlichen-rates-fuer-die-laien-ueber-die-verfassung-der-statuten-am-05-04-2001\/","title":{"rendered":"BRIEF AN DEN KARD. JAMES FRANCIS STAFFORD, PR\u00c4SIDENTEN DES P\u00c4PSTLICHEN RATES F\u00dcR DIE LAIEN, \u00dcBER DIE VERFASSUNG DER STATUTEN AM 05.04.2001"},"content":{"rendered":"\n<h1 class=\"has-text-align-center wp-block-heading\">BRIEF AN DEN KARD. JAMES FRANCIS STAFFORD, PR\u00c4SIDENTEN DES P\u00c4PSTLICHEN RATES F\u00dcR DIE LAIEN, \u00dcBER DIE VERFASSUNG DER STATUTEN AM 05.04.2001<\/h1>\n\n<div style=\"height:20px\" aria-hidden=\"true\" class=\"wp-block-spacer\"><\/div>\n\n<h4 class=\"has-text-align-center wp-block-heading\">Hl. Johannes Paul II.<\/h4>\n\n<div style=\"height:20px\" aria-hidden=\"true\" class=\"wp-block-spacer\"><\/div>\n\n<p><strong>Vatikanstadt, den 5. April 2001 *<\/strong><\/p>\n\n<p><p style=\"text-align: justify;background: white\"><strong><i><span lang=\"DE\" style=\"font-family: 'Roboto',serif;color: #2f2e2e;font-weight: normal\">Johannes Paul II. sandte eine Botschaft an Kardinal James Francis Stafford, den Pr\u00e4sidenten des P\u00e4pstlichen Rates f\u00fcr die Laien, in der er die Zust\u00e4ndigkeit des Dikasteriums f\u00fcr die Genehmigung der Statuten des Neokatechumenalen Weges best\u00e4tigt, &#8222;wenn diese wie vorgeschrieben abgefasst sein werden&#8220;, und <\/span><\/i><\/strong><i><span lang=\"DE\" style=\"background: #FEFFFE\">ihn beauftragt, <\/span><\/i><strong><i><span lang=\"DE\" style=\"font-family: 'Roboto',serif;color: #2f2e2e;font-weight: normal\">\u00abden Weg auch in Zukunft begleiten\u00bb. <em>Dies ist der Text der Nachricht:<\/em><\/span><\/i><\/strong><\/p>&#013;\n\u00a0<\/p>\n\n<p>Dem Ehrw\u00fcrdigen Bruder<br \/>&#013;\n&#013;\nJAMES FRANCIS Kardinal STAFFORD,<br \/>&#013;\n&#013;\nPr\u00e4sident des P\u00e4pstlichen Rates f\u00fcr die Laien<br \/><\/p>\n\n<p>1. Vier Jahre sind seit dem denkw\u00fcrdigen 24. Januar 1997 vergangen, an dem ich die Begr\u00fcnder des Neokatechumenalen Weges und mit ihnen die vielen verantwortlichen Leiter der in aller Welt verstreuten Gemeinschaften des Weges treffen konnte. Dabei hatte ich Gelegenheit, einzustimmen in ihren Lobpreis und Dank an den Herrn f\u00fcr die wertvollen Fr\u00fcchte, die der Weg in den drei\u00dfig Jahren seines Bestehens gezeitigt hat. Zugleich unterlie\u00df ich es nicht, auf die Bedeutung einiger unerl\u00e4sslicher Bedingungen hinzuweisen, von denen das Bestehen des Weges selbst abh\u00e4ngt. Dazu geh\u00f6rt die Abfassung eines genauen ma\u00dfgeblichen Statuts im Hinblick auf seine formelle rechtliche Anerkennung (vgl. <em>L\u2019<\/em><em>Osservatore Romano<\/em>, 25. Januar 1997, S. 4). Damit begann eine neue f\u00fcr die Zukunft dieser kirchlichen Wirklichkeit entscheidende Phase.<\/p>\n\n<p>2. Schon das Apostolische Schreiben <em>Christifideles laici<\/em> vom 30. Dezember 1988 wies darauf hin, da\u00df \u00bbkein Charisma von der R\u00fcckbindung an die Hirten der Kirche und von der Unterordnung unter sie dispensiert\u00ab (24). Zugleich erinnerte ich an das, was diesbez\u00fcglich in der dogmatischen Konstitituion <em>Lumen gentium<\/em> zu lesen ist: \u00bbDas Urteil \u00fcber ihre [der Charismen] Echtheit und ihren geordneten Gebrauch steht jenen zu, die in der Kirche die Leitung haben und denen es in besonderer Weise zukommt, den Geist nicht auszul\u00f6schen, sondern alles zu pr\u00fcfen und das Gute zu behalten (vgl. 1 <em>Thess<\/em> 5,12 u.19 \u2013 21)\u00ab (Nr. 12). Unter dieser Bedingung k\u00f6nnen die Charismen in ihrer Vielfalt und Komplementarit\u00e4t tats\u00e4chlich zum Gemeinwohl beitragen (vgl. <em>Christifideles laici<\/em>, 24).<\/p>\n\n<p>3. Ich wei\u00df, mit wieviel Eifer und Hirtensorge der P\u00e4pstliche Rat f\u00fcr die Laien sich bem\u00fcht hat und noch bem\u00fcht, den Neokatechumenalen Weg in diesem f\u00fcr ihn so entscheidenden Abschnitt bei der Ausarbeitung der Statuten zu begleiten. Herr Kardinal, ich habe diese heikle Aufgabe dem P\u00e4pstlichen Rat f\u00fcr die Laien anvertraut wegen der ihm zustehenden Autorit\u00e4t auf Grund der geltenden Rechtsnormen und der besonderen Erfahrung, die er in diesem Bereich hat. Darin gr\u00fcndet auch die Hoffnung auf einen gl\u00fccklichen Ausgang des Verfahrens, das kurz vor dem Abschluss steht.  Ich spreche dem P\u00e4pstlichen Rat f\u00fcr die Laien meine lebhafte Wertsch\u00e4tzung aus und danke ihm f\u00fcr die Ernsthaftigkeit und Genauigkeit, mit der er seine Aufgabe erf\u00fcllt. Zugleich bekr\u00e4ftige ich seine Zust\u00e4ndigkeit f\u00fcr die Approbation der obengenannten Statuten, wenn diese wie vorgeschrieben abgefasst sein werden, und ich beauftrage ihn, den Weg auch in Zukunft zu begleiten. Ich bin gewiss, da\u00df der P\u00e4pstliche Rat f\u00fcr die Laien bei der Erf\u00fcllung dieses Auftrags auf die Mitarbeit und den Geist kindlichen Gehorsams des Neokatechumenalen Weges z\u00e4hlen kann.  W\u00e4hrend ich dem Herrn auf die F\u00fcrsprache Marias, der Mutter der Kirche, die Arbeit des von Ihnen geleiteten Dikasteriums empfehle, erteile ich Ihnen, ehrw\u00fcrdiger Bruder, sowie Ihren Mitarbeitern und Mitarbeiterinnen von Herzen meinen besonderen Segen. <br \/><br \/>Aus dem Vatikan, 5. April 2001<br \/><br \/>IOANNES PAULUS II<br \/><br \/><i>(*) Quelle: vatican.va<\/i><\/p>\n","protected":false},"excerpt":{"rendered":"<p>BRIEF AN DEN KARD. JAMES FRANCIS STAFFORD, PR\u00c4SIDENTEN DES P\u00c4PSTLICHEN RATES F\u00dcR DIE LAIEN, \u00dcBER DIE VERFASSUNG DER STATUTEN AM 05.04.2001 Hl. Johannes Paul II. Vatikanstadt, den 5. April 2001 * Johannes Paul II. sandte eine Botschaft an Kardinal James Francis Stafford, den Pr\u00e4sidenten des P\u00e4pstlichen Rates f\u00fcr die Laien, in der er die Zust\u00e4ndigkeit des Dikasteriums f\u00fcr die Genehmigung der Statuten des Neokatechumenalen Weges best\u00e4tigt, &#8222;wenn diese wie vorgeschrieben<\/p>\n<div class=\"read-more\"><a class=\"btn read-more-btn\" href=\"https:\/\/neocatechumenaleiter.org\/de\/worte-der-paepste\/hl-johannes-paul-ii\/brief-an-den-kard-james-francis-stafford-praesidenten-des-paepstlichen-rates-fuer-die-laien-ueber-die-verfassung-der-statuten-am-05-04-2001\/\">Mehr lesen<\/a><\/div>\n","protected":false},"author":2,"featured_media":0,"parent":10123,"menu_order":97,"comment_status":"closed","ping_status":"closed","template":"","meta":{"footnotes":""},"class_list":["post-13315","page","type-page","status-publish","hentry"],"_links":{"self":[{"href":"https:\/\/neocatechumenaleiter.org\/de\/wp-json\/wp\/v2\/pages\/13315","targetHints":{"allow":["GET"]}}],"collection":[{"href":"https:\/\/neocatechumenaleiter.org\/de\/wp-json\/wp\/v2\/pages"}],"about":[{"href":"https:\/\/neocatechumenaleiter.org\/de\/wp-json\/wp\/v2\/types\/page"}],"author":[{"embeddable":true,"href":"https:\/\/neocatechumenaleiter.org\/de\/wp-json\/wp\/v2\/users\/2"}],"replies":[{"embeddable":true,"href":"https:\/\/neocatechumenaleiter.org\/de\/wp-json\/wp\/v2\/comments?post=13315"}],"version-history":[{"count":7,"href":"https:\/\/neocatechumenaleiter.org\/de\/wp-json\/wp\/v2\/pages\/13315\/revisions"}],"predecessor-version":[{"id":14897,"href":"https:\/\/neocatechumenaleiter.org\/de\/wp-json\/wp\/v2\/pages\/13315\/revisions\/14897"}],"up":[{"embeddable":true,"href":"https:\/\/neocatechumenaleiter.org\/de\/wp-json\/wp\/v2\/pages\/10123"}],"wp:attachment":[{"href":"https:\/\/neocatechumenaleiter.org\/de\/wp-json\/wp\/v2\/media?parent=13315"}],"curies":[{"name":"wp","href":"https:\/\/api.w.org\/{rel}","templated":true}]}}