{"id":13319,"date":"2020-06-03T14:58:28","date_gmt":"2020-06-03T13:58:28","guid":{"rendered":"https:\/\/neocatechumenaleiter.org\/worte-der-paepste\/hl-johannes-paul-ii\/gruss-an-die-jugendlichen-der-neokatechumenalen-gemeinschaften-italiens-am-24-02-2002\/"},"modified":"2020-06-11T15:44:52","modified_gmt":"2020-06-11T14:44:52","slug":"gruss-an-die-jugendlichen-der-neokatechumenalen-gemeinschaften-italiens-am-24-02-2002","status":"publish","type":"page","link":"https:\/\/neocatechumenaleiter.org\/de\/worte-der-paepste\/hl-johannes-paul-ii\/gruss-an-die-jugendlichen-der-neokatechumenalen-gemeinschaften-italiens-am-24-02-2002\/","title":{"rendered":"GRUSS AN DIE JUGENDLICHEN DER NEOKATECHUMENALEN GEMEINSCHAFTEN ITALIENS AM 24.02.2002"},"content":{"rendered":"\n<h1 class=\"has-text-align-center wp-block-heading\">GRUSS AN DIE JUGENDLICHEN DER NEOKATECHUMENALEN GEMEINSCHAFTEN ITALIENS AM 24.02.2002<\/h1>\n\n<div style=\"height:20px\" aria-hidden=\"true\" class=\"wp-block-spacer\"><\/div>\n\n<h4 class=\"has-text-align-center wp-block-heading\">Hl. Johannes Paul II.<\/h4>\n\n<div style=\"height:20px\" aria-hidden=\"true\" class=\"wp-block-spacer\"><\/div>\n\n<p><strong>Petersplatz, 24. Februar 2002 *<\/strong><\/p>\n\n<p><em>&#8222;Wir sehen uns in Toronto.&#8220; mit diesen Worten, die am Ende des Mariengebetes ausgesprochen wurden, erneuerte Johannes Paul II. die Einladung an die neuen Generationen, am XVII. Weltjugendtag teilzunehmen, der in Kanada stattfinden wird. die Einladung richtete sich an tausende von Jugendlichen aus den neokatechumenalen Gemeinschaften der Pfarreien und Di\u00f6zesen Italiens, die am Sonntag, den 24., auf dem Petersplatz beim Gebet des &#8222;Angelus&#8220; anwesend waren. Hier die Worte des Papstes:<\/em><\/p>\n\n<p>Mit besonderer Herzlichkeit begr\u00fc\u00dfe ich die in gro\u00dfer Zahl hier versammelten jugendlichen Mitglieder der neokatechumenalen Gemeinschaften aus den Pfarreien und Di\u00f6zesen ganz Italiens. Meine Lieben! Ihr seid zum Weltjugendtag \u00bbunterwegs\u00ab, der im kommenden Juli in Toronto stattfinden wird. Ihr seid junge Menschen, die sich mit Christus auf den Weg gemacht haben. Ich danke euch, weil ihr mir durch eure Anwesenheit die M\u00f6glichkeit bietet, erneut eure Altersgenossen in Italien und den \u00fcbrigen L\u00e4ndern der Welt dazu einzuladen, sich sorgf\u00e4ltig auf diesen wichtigen Termin vorzubereiten. Seid stets bereit, mit Bescheidenheit und Respekt jedem Rede und Antwort zu stehen, der nach der Hoffnung fragt, die euch erf\u00fcllt. Danke f\u00fcr euren Besuch und auf Wiedersehen in Toronto!<br \/><br \/><i>(*) Quelle: vatican.va<\/i><\/p>\n","protected":false},"excerpt":{"rendered":"<p>GRUSS AN DIE JUGENDLICHEN DER NEOKATECHUMENALEN GEMEINSCHAFTEN ITALIENS AM 24.02.2002 Hl. Johannes Paul II. Petersplatz, 24. Februar 2002 * &#8222;Wir sehen uns in Toronto.&#8220; mit diesen Worten, die am Ende des Mariengebetes ausgesprochen wurden, erneuerte Johannes Paul II. die Einladung an die neuen Generationen, am XVII. Weltjugendtag teilzunehmen, der in Kanada stattfinden wird. die Einladung richtete sich an tausende von Jugendlichen aus den neokatechumenalen Gemeinschaften der Pfarreien und Di\u00f6zesen Italiens,<\/p>\n<div class=\"read-more\"><a class=\"btn read-more-btn\" href=\"https:\/\/neocatechumenaleiter.org\/de\/worte-der-paepste\/hl-johannes-paul-ii\/gruss-an-die-jugendlichen-der-neokatechumenalen-gemeinschaften-italiens-am-24-02-2002\/\">Mehr lesen<\/a><\/div>\n","protected":false},"author":2,"featured_media":0,"parent":10123,"menu_order":98,"comment_status":"closed","ping_status":"closed","template":"","meta":{"footnotes":""},"class_list":["post-13319","page","type-page","status-publish","hentry"],"_links":{"self":[{"href":"https:\/\/neocatechumenaleiter.org\/de\/wp-json\/wp\/v2\/pages\/13319","targetHints":{"allow":["GET"]}}],"collection":[{"href":"https:\/\/neocatechumenaleiter.org\/de\/wp-json\/wp\/v2\/pages"}],"about":[{"href":"https:\/\/neocatechumenaleiter.org\/de\/wp-json\/wp\/v2\/types\/page"}],"author":[{"embeddable":true,"href":"https:\/\/neocatechumenaleiter.org\/de\/wp-json\/wp\/v2\/users\/2"}],"replies":[{"embeddable":true,"href":"https:\/\/neocatechumenaleiter.org\/de\/wp-json\/wp\/v2\/comments?post=13319"}],"version-history":[{"count":5,"href":"https:\/\/neocatechumenaleiter.org\/de\/wp-json\/wp\/v2\/pages\/13319\/revisions"}],"predecessor-version":[{"id":14901,"href":"https:\/\/neocatechumenaleiter.org\/de\/wp-json\/wp\/v2\/pages\/13319\/revisions\/14901"}],"up":[{"embeddable":true,"href":"https:\/\/neocatechumenaleiter.org\/de\/wp-json\/wp\/v2\/pages\/10123"}],"wp:attachment":[{"href":"https:\/\/neocatechumenaleiter.org\/de\/wp-json\/wp\/v2\/media?parent=13319"}],"curies":[{"name":"wp","href":"https:\/\/api.w.org\/{rel}","templated":true}]}}