{"id":13323,"date":"2020-06-03T15:10:43","date_gmt":"2020-06-03T14:10:43","guid":{"rendered":"https:\/\/neocatechumenaleiter.org\/worte-der-paepste\/hl-johannes-paul-ii\/ansprache-zu-den-initiatoren-und-den-itineranten-des-weges-nach-der-approbierung-der-statuten-21-ix-2002\/"},"modified":"2020-06-08T17:56:01","modified_gmt":"2020-06-08T16:56:01","slug":"ansprache-zu-den-initiatoren-und-den-itineranten-des-weges-nach-der-approbierung-der-statuten-21-ix-2002","status":"publish","type":"page","link":"https:\/\/neocatechumenaleiter.org\/de\/worte-der-paepste\/hl-johannes-paul-ii\/ansprache-zu-den-initiatoren-und-den-itineranten-des-weges-nach-der-approbierung-der-statuten-21-ix-2002\/","title":{"rendered":"ANSPRACHE ZU DEN INITIATOREN UND DEN ITINERANTEN DES WEGES NACH DER APPROBIERUNG DER STATUTEN 21-IX-2002"},"content":{"rendered":"\n<h1 class=\"has-text-align-center wp-block-heading\">ANSPRACHE ZU DEN INITIATOREN UND DEN ITINERANTEN DES WEGES NACH DER APPROBIERUNG DER STATUTEN 21-IX-2002<\/h1>\n\n<div style=\"height:20px\" aria-hidden=\"true\" class=\"wp-block-spacer\"><\/div>\n\n<h4 class=\"has-text-align-center wp-block-heading\">Hl. Johannes Paul II.<\/h4>\n\n<div style=\"height:20px\" aria-hidden=\"true\" class=\"wp-block-spacer\"><\/div>\n\n<p><strong>Castel Gandolfo, 21. September 2002 *<\/strong><\/p>\n\n<p><strong>DIE STATUTEN: EINE KLARE UND SICHERE LEBENSREGEL<br\/>F\u00dcR DEN NEOKATECHUMENALEN WEG<\/strong><\/p>\n\n<p><em>Die Statuten m\u00fcssen f\u00fcr den Neokatechumenalen Weg eine \u201eklare und sichere Lebensregel\u201c darstellen. Dies empfahl der Papst den Katechisten und Priestern der neokatechumenalen Gemeinschaften, die am Morgen des 21. September im Hof des p\u00e4pstlichen Palastes von Castel Gandolfo bei einer Audienz empfangen wurden.<\/em><\/p>\n\n<p><em>Gru\u00dfworte Kiko Arg\u00fcellos an den Heiligen Vater: <\/em><br\/><br\/>&#13;\n&#13;\nGeliebter Vater, wir haben keine Worte, um unsere Freude und unseren Trost zum Ausdruck zu bringen, womit uns dieses Treffen erf\u00fcllt, und das wir uns so sehr gew\u00fcnscht haben. Es sind hier Itineranten-Katechisten-Teams aus allen L\u00e4ndern anwesend, gemeinsam mit ihren Pfarrern, Priestern, Verantwortlichen und Katechisten von den \u00e4ltesten Gemeinschaften Spaniens, Italiens und aus Paris, aus deren Eifer die Evangelisierung hervorgegangen ist. Wir sind froh, Ihnen pers\u00f6nlich f\u00fcr die Anerkennung der Statuten durch den P\u00e4pstlichen Rat f\u00fcr die Laien zu danken, vor allem deshalb, weil wir in ihnen als das anerkannt werden, was wir sind: ein Itinerarium\u00a0katholischer Formung, ein Katechumenat nach der Taufe, der in kleinen Gemeinschaften gelebt wird und hilft, die au\u00dferordentlichen Reicht\u00fcmer der eigenen Taufe wiederzuentdecken und zu leben. Einige Kirchenrechtler haben in verschiedenen Kommentaren darauf hingewiesen, dass diese Approbation von gro\u00dfer Wichtigkeit f\u00fcr die ganze Kirche ist, da es sich um die erste Anerkennung eines Katechumenats nach der Taufe handelt. Ihre Worte waren immer ein gro\u00dfer Trost f\u00fcr uns! Schon 1952 haben Sie die Notwendigkeit der Wiedereinf\u00fchrung des Katechumenats betont, und w\u00e4hrend des Konzils trugen Sie wesentlich zur Wiederentdeckung und Wiederherstellung der christlichen Initiation und des Katechumenats bei. Genau hier in Castel Gandolfo, als Sie uns vor 23 Jahren zum ersten Mal empfangen haben, brachten Sie Ihre \u00dcberzeugung zum Ausdruck, dass in Anbetracht des modernen Atheismus die Getauften einen Katechumenat brauchen, der ihren Glauben festigt.<\/p>\n\n<div class=\"wp-block-image\"><figure class=\"alignleft size-large\"><img loading=\"lazy\" decoding=\"async\" width=\"569\" height=\"842\" src=\"https:\/\/neocatechumenaleiter.org\/wp-content\/uploads\/2020\/03\/Camino_Neocatecumenal_Juan_Pablo_II_audiencia_itinerantes_estatutos_del_camino_2002.jpg\" alt=\"\" class=\"wp-image-13332\" srcset=\"https:\/\/neocatechumenaleiter.org\/wp-content\/uploads\/2020\/03\/Camino_Neocatecumenal_Juan_Pablo_II_audiencia_itinerantes_estatutos_del_camino_2002.jpg 569w, https:\/\/neocatechumenaleiter.org\/wp-content\/uploads\/2020\/03\/Camino_Neocatecumenal_Juan_Pablo_II_audiencia_itinerantes_estatutos_del_camino_2002-203x300.jpg 203w\" sizes=\"auto, (max-width: 569px) 100vw, 569px\" \/><\/figure><\/div>\n\n<p>Geliebter Vater, angesichts der Dringlichkeit einer Neuen Evangelisierung und der heutigen komplexen Situation der Kirche, bitten wir Sie in Demut um ein Wort der Best\u00e4tigung und Unterst\u00fctzung des Statuts, um eine Einladung an die Bisch\u00f6fe und Bischofskonferenzen, dieses Geschenk zur Unterst\u00fctzung der Evangelisierung in ihren Di\u00f6zesen ohne Angst anzunehmen. Eine Unterst\u00fctzung zur Wahrung der katechetisch-liturgischen Praxis, die der Weg seit mehr als 30 Jahren auf der ganzen Welt verfolgt und die so zahlreiche von Ihnen und vielen Bisch\u00f6fen anerkannte Fr\u00fcchte hervorgebracht hat und die im Statut zusammengefasst sind. Wir denken, dass es heute eines der gr\u00f6\u00dften Geschenke der Heiligen Jungfrau Maria an die Kirche ist, durch den Neokatechumenalen Weg den Christen in den Pfarreien und denen, die Gott suchen, die M\u00f6glichkeit zu geben, den Glauben in kleinen Gemeinschaften zu leben, wie es die ersten Christen taten. Der Ausruf \u201eseht, wie sie einander lieben\u201c muss wieder mitten in der Welt zu h\u00f6ren sein. Wir danken Ihnen f\u00fcr das Vertrauen, dass Sie in mich, in Carmen und in Pater Mario bei der Leitung dieses Wegs gesetzt haben. Wir danken der Heiligen Jungfrau Maria besonders f\u00fcr das Konzil, ohne das wir nichts h\u00e4tten tun k\u00f6nnen und f\u00fcr Ihren Vorg\u00e4nger, Papst Paul VI., und Sie, dass Sie uns so geholfen und unterst\u00fctzt haben. Danke, Seligster Vater.<\/p>\n\n<p><em>Rede des Heiligen Vaters:<\/em><br\/><br\/>&#13;\n&#13;\n1. Mit gro\u00dfer Freude empfange ich euch, liebe Katechisten und Priester des Neokatechumenalen Weges, die ihr heute hier zu diesem Treffen mit dem Papst zusammengekommen seid. Herzlichst gr\u00fc\u00dfe und empfange ich jeden von euch und, durch euch, den gesamten Neokatechumenalen Weg, eine von zahlreichen Hirten gesch\u00e4tzte kirchliche Wirklichkeit, die nunmehr in vielen L\u00e4ndern vertreten ist. Ich danke Kiko Arg\u00fcello, der zusammen mit Carmen Hern\u00e1ndez den Weg begonnen hat, f\u00fcr die an mich gerichteten herzlichen Gru\u00dfworte, mit denen er nicht nur eure Treue zum Stuhl Petri zum Ausdruck gebracht hat, sondern auch eure einm\u00fctige Liebe f\u00fcr die Kirche.<\/p>\n\n<p>2. K\u00f6nnten wir vers\u00e4umen, dem Herrn f\u00fcr jene Fr\u00fcchte zu danken, die der Neokatechumenale Weg w\u00e4hrend seines \u00fcber drei\u00dfigj\u00e4hrigen Bestehens erbracht hat? In einer verweltlichten Gesellschaft wie der unseren, in der religi\u00f6se Gleichg\u00fcltigkeit weit verbreitet ist und viele Personen so leben, als g\u00e4be es Gott nicht, ist es f\u00fcr viele Menschen notwendig, die Sakramente der christlichen Initiation, insbesondere das Sakrament der Taufe, neu zu entdecken. Der Weg ist gewiss eine der providentiellen Antworten, um dieser dringenden Notwendigkeit zu begegnen. Nehmen wir eure Gemeinschaften: Wie oft haben sie dazu beigetragen, Sch\u00f6nheit und Gr\u00f6\u00dfe der empfangenen Taufberufung neu zu entdecken! Wieviel Hochherzigkeit und Eifer in der Verk\u00fcndigung des Evangeliums Jesu Christi, insbesondere an die Fernstehenden. Wie viele Berufungen zum Priesteramt und Ordensleben sind dank dieses Weges christlicher Bildung entstanden! <\/p>\n\n<div class=\"wp-block-image\"><figure class=\"alignright size-large\"><img loading=\"lazy\" decoding=\"async\" width=\"768\" height=\"523\" src=\"https:\/\/neocatechumenaleiter.org\/wp-content\/uploads\/2020\/03\/Camino_Neocatecumenal_Juan_Pablo_II_audiencia_itinerantes_estatutos_del_camino_2002_2.jpg\" alt=\"\" class=\"wp-image-13337\" srcset=\"https:\/\/neocatechumenaleiter.org\/wp-content\/uploads\/2020\/03\/Camino_Neocatecumenal_Juan_Pablo_II_audiencia_itinerantes_estatutos_del_camino_2002_2.jpg 768w, https:\/\/neocatechumenaleiter.org\/wp-content\/uploads\/2020\/03\/Camino_Neocatecumenal_Juan_Pablo_II_audiencia_itinerantes_estatutos_del_camino_2002_2-300x204.jpg 300w\" sizes=\"auto, (max-width: 768px) 100vw, 768px\" \/><\/figure><\/div>\n\n<p>3. Noch sehr wohl erinnere ich mich an unsere letzte Begegnung im Mai 1997, unmittelbar nach eurem Treffen am Berg Sinai zur Feier des drei\u00dfigj\u00e4hrigen Bestehens des Neokatechumenalen Weges. Damals habe ich euch gesagt, dass es sich bei der Ausarbeitung einer Neokatechumenalen Satzung um \u00bbeinen sehr wichtigen Schritt handelt, der das Verfahren zur formellen rechtlichen Anerkennung von seiten der Kirche einleitet und euch so eine weitere Gew\u00e4hr f\u00fcr die Authentizit\u00e4t eures Charismas bietet\u00ab (vgl. <em>Ansprache an die Mitarbeiter des Neokatechumenalen Weges<\/em>, 24. Januar 1997).<br\/><br\/>&#13;\nUnser heutiges Treffen bringt die Freude \u00fcber die unl\u00e4ngst erfolgte Anerkennung der Neokatechumenalen Satzung durch den Hl. Stuhl zum Ausdruck. Es freut mich, dass der vor \u00fcber f\u00fcnf Jahren gestellte Antrag durch intensive Beratungen, Reflexionen und Gespr\u00e4che schlie\u00dflich bef\u00fcrwortet werden konnte. Nun wende ich mich an Kardinal Francis Stafford, dem ich f\u00fcr das Bem\u00fchen und die Aufmerksamkeit danke, mit denen der P\u00e4pstliche Rat f\u00fcr die Laien das verantwortliche internationale Team des Weges in diesem Prozess begleitet hat. &#13;\n<\/p>\n\n<p>4. Ich m\u00f6chte die Bedeutung der soeben gebilligten Statuten f\u00fcr das gegenw\u00e4rtige und zuk\u00fcnftige Leben des Neokatechumenalen Weges besonders hervorheben. Diese Normen sind vor allem eine erneute Best\u00e4tigung der kirchlichen Natur des Neokatechumenalen Weges, der, wie ich bereits vor einigen Jahren sagte, \u00bbein f\u00fcr die heutige Gesellschaft und Zeit g\u00fcltiger Weg der katholischen Glaubenserziehung ist\u00ab (AAS 82 [1990] 1515).&#13;\n&#13;\n\u00a0<br\/><br\/>&#13;\nDie Statuten des Neokatechumenalen Weges beschreiben ferner die wesentlichen Aspekte dieses Weges, der sich an jene Gl\u00e4ubigen richtet, die in den Pfarrgemeinden ihren Glauben wiederbeleben m\u00f6chten, wie auch an die Personen, die sich nunmehr als Erwachsene auf den Empfang des Taufsakraments vorbereiten. Vor allem aber sind in der Satzung die grundlegenden Aufgaben der einzelnen Personen festgelegt, zu deren besonderen Verpflichtungen die Durchf\u00fchrung dieses Bildungsweges innerhalb der neokatechumenalen Gemeinschaften geh\u00f6rt; das betrifft die Priester, die Katechisten, die entsandten Familien und die verantwortlichen Gruppen auf allen Ebenen. Auf diese Weise ist die Satzung f\u00fcr den Neokatechumenalen Weg eine \u00bbklare und sichere Lebensregel\u00ab (Brief an Kardinal F. Stafford, 5.4.2001) und ein grundlegender Bezugspunkt, damit dieser Bildungsprozess, dessen Ziel es ist, die Gl\u00e4ubigen zu einem gereiften Glauben zu f\u00fchren, der kirchlichen Lehre und Disziplin entsprechend verwirklicht werden kann.<\/p>\n\n<div class=\"wp-block-image\"><figure class=\"alignleft size-medium\"><img loading=\"lazy\" decoding=\"async\" width=\"201\" height=\"300\" src=\"https:\/\/neocatechumenaleiter.org\/wp-content\/uploads\/2020\/03\/Camino_Neocatecumenal_Juan_Pablo_II_audiencia_itinerantes_estatutos_del_camino_2002_3-201x300.jpg\" alt=\"\" class=\"wp-image-2854\" srcset=\"https:\/\/neocatechumenaleiter.org\/wp-content\/uploads\/2020\/03\/Camino_Neocatecumenal_Juan_Pablo_II_audiencia_itinerantes_estatutos_del_camino_2002_3-201x300.jpg 201w, https:\/\/neocatechumenaleiter.org\/wp-content\/uploads\/2020\/03\/Camino_Neocatecumenal_Juan_Pablo_II_audiencia_itinerantes_estatutos_del_camino_2002_3.jpg 563w\" sizes=\"auto, (max-width: 201px) 100vw, 201px\" \/><\/figure><\/div>\n\n<p>5. Mit der Approbation der Statuten beginnt ein neuer Lebensabschnitt f\u00fcr den Neokatechumenalen Weg. Die Kirche erwartet nun von euch einen verst\u00e4rkten hochherzigen Einsatz in der Neuevangelisierung und im Dienst an den Ortskirchen und Pfarreien. Daher tragt ihr, die Priester und Katechisten des Weges, die Verantwortung f\u00fcr die treue Anwendung der Satzung in jeder Hinsicht, um wahrer Sauerteig f\u00fcr einen neuen missionarischen Schwung zu werden.<br\/>&#13;\n&#13;\nFerner ist die Satzung eine wesentliche Hilfe f\u00fcr alle Hirten der Kirche, vor allem f\u00fcr die Di\u00f6zesanbisch\u00f6fe, denen der Herr die pastorale Sorge anvertraut hat, insbesondere die christliche Initiation der Personen in der Di\u00f6zese. \u00bbBei ihrer v\u00e4terlichen und aufmerksamen Begleitung der neokatechumenalen Gemeinschaft\u00ab (<em>Dekret des P\u00e4pstlichen Rates f\u00fcr die Laien<\/em>, 29. Juni 2002) finden die Di\u00f6zesanbisch\u00f6fe in der Satzung die wesentlichen Grunds\u00e4tze f\u00fcr die Durchf\u00fchrung des Neokatechumenalen Weges, wie er von Anfang an geplant war.<br\/>&#13;\n&#13;\nInsbesondere wende ich mich an euch Priester, die ihr im Dienst der neokatechumenalen Gemeinschaften steht. Nie d\u00fcrft ihr vergessen, dass ihr als Diener Christi eine unersetzliche Rolle der Heiligung, der Unterweisung und der pastoralen Leitung denen gegen\u00fcber einnehmt, die den \u00bbWeg\u00ab gehen. Dient den euch anvertrauten Gemeinschaften mit Liebe und Hochherzigkeit!<\/p>\n\n<p>6. Liebe Br\u00fcder und Schwestern, mit der Approbation der Statuten des Neokatechumenalen Weges ist es schlie\u00dflich gelungen, seine wesentlich kirchliche Gestaltung festzulegen. Gemeinsam wollen wir dem Herrn daf\u00fcr danken. <br\/>Nun ist es Aufgabe der zust\u00e4ndigen Dikasterien des Hl. Stuhls, das katechetische Direktorium und die gesamte katechetische wie auch liturgische Praxis des \u00bbWeges\u00ab zu \u00fcberpr\u00fcfen. Gewiss werden seine Mitglieder mit gro\u00dfz\u00fcgiger Bereitschaft den Anweisungen dieser ma\u00dfgeblichen Quellen nachkommen.<br\/>Weiterhin werde ich euer Werk in der Kirche mit gro\u00dfer Aufmerksamkeit verfolgen; in meinem Gebet vertraue ich euch alle der heiligen Jungfrau Maria an, dem Stern der Neuevangelisierung, und erteile von Herzen meinen Apostolischen Segen.<\/p>\n\n<p>(*) Vgl. \u201cL\u2019Osservatore Romano\u201d, 22. September 2002 (eigene \u00dcbersetzung aus dem Italienischen).<\/p>\n","protected":false},"excerpt":{"rendered":"<p>ANSPRACHE ZU DEN INITIATOREN UND DEN ITINERANTEN DES WEGES NACH DER APPROBIERUNG DER STATUTEN 21-IX-2002 Hl. Johannes Paul II. Castel Gandolfo, 21. September 2002 * DIE STATUTEN: EINE KLARE UND SICHERE LEBENSREGELF\u00dcR DEN NEOKATECHUMENALEN WEG Die Statuten m\u00fcssen f\u00fcr den Neokatechumenalen Weg eine \u201eklare und sichere Lebensregel\u201c darstellen. Dies empfahl der Papst den Katechisten und Priestern der neokatechumenalen Gemeinschaften, die am Morgen des 21. September im Hof des p\u00e4pstlichen Palastes<\/p>\n<div class=\"read-more\"><a class=\"btn read-more-btn\" href=\"https:\/\/neocatechumenaleiter.org\/de\/worte-der-paepste\/hl-johannes-paul-ii\/ansprache-zu-den-initiatoren-und-den-itineranten-des-weges-nach-der-approbierung-der-statuten-21-ix-2002\/\">Mehr lesen<\/a><\/div>\n","protected":false},"author":2,"featured_media":0,"parent":10123,"menu_order":99,"comment_status":"closed","ping_status":"closed","template":"","meta":{"footnotes":""},"class_list":["post-13323","page","type-page","status-publish","hentry"],"_links":{"self":[{"href":"https:\/\/neocatechumenaleiter.org\/de\/wp-json\/wp\/v2\/pages\/13323","targetHints":{"allow":["GET"]}}],"collection":[{"href":"https:\/\/neocatechumenaleiter.org\/de\/wp-json\/wp\/v2\/pages"}],"about":[{"href":"https:\/\/neocatechumenaleiter.org\/de\/wp-json\/wp\/v2\/types\/page"}],"author":[{"embeddable":true,"href":"https:\/\/neocatechumenaleiter.org\/de\/wp-json\/wp\/v2\/users\/2"}],"replies":[{"embeddable":true,"href":"https:\/\/neocatechumenaleiter.org\/de\/wp-json\/wp\/v2\/comments?post=13323"}],"version-history":[{"count":16,"href":"https:\/\/neocatechumenaleiter.org\/de\/wp-json\/wp\/v2\/pages\/13323\/revisions"}],"predecessor-version":[{"id":14138,"href":"https:\/\/neocatechumenaleiter.org\/de\/wp-json\/wp\/v2\/pages\/13323\/revisions\/14138"}],"up":[{"embeddable":true,"href":"https:\/\/neocatechumenaleiter.org\/de\/wp-json\/wp\/v2\/pages\/10123"}],"wp:attachment":[{"href":"https:\/\/neocatechumenaleiter.org\/de\/wp-json\/wp\/v2\/media?parent=13323"}],"curies":[{"name":"wp","href":"https:\/\/api.w.org\/{rel}","templated":true}]}}