{"id":13361,"date":"2020-06-03T15:20:17","date_gmt":"2020-06-03T14:20:17","guid":{"rendered":"https:\/\/neocatechumenaleiter.org\/worte-der-paepste\/hl-johannes-paul-ii\/ansprache-zu-den-oberen-und-alumnen-des-priesterseminars-redemptoris-mater-rom-am-18-03-2004\/"},"modified":"2020-06-11T15:49:33","modified_gmt":"2020-06-11T14:49:33","slug":"ansprache-zu-den-oberen-und-alumnen-des-priesterseminars-redemptoris-mater-rom-am-18-03-2004","status":"publish","type":"page","link":"https:\/\/neocatechumenaleiter.org\/de\/worte-der-paepste\/hl-johannes-paul-ii\/ansprache-zu-den-oberen-und-alumnen-des-priesterseminars-redemptoris-mater-rom-am-18-03-2004\/","title":{"rendered":"ANSPRACHE ZU DEN OBEREN UND ALUMNEN DES PRIESTERSEMINARS \u201eREDEMPTORIS MATER\u201c ROM AM 18.03.2004"},"content":{"rendered":"\n<h1 class=\"has-text-align-center wp-block-heading\">ANSPRACHE ZU DEN OBEREN UND ALUMNEN DES PRIESTERSEMINARS \u201eREDEMPTORIS MATER\u201c ROM AM 18.03.2004<\/h1>\n\n<div style=\"height:20px\" aria-hidden=\"true\" class=\"wp-block-spacer\"><\/div>\n\n<h4 class=\"has-text-align-center wp-block-heading\">Hl. Johannes Paul II.<\/h4>\n\n<div style=\"height:20px\" aria-hidden=\"true\" class=\"wp-block-spacer\"><\/div>\n\n<p><strong>Vatikanstadt, 18. M\u00e4rz 2004 *<\/strong><\/p>\n\n<p><em>Der Heilige Vater Johannes Paul II. empfing Mitglieder der Kommunit\u00e4t des di\u00f6zesanen Priesterseminars &#8222;Redemptoris Mater&#8220; in Rom in einer privaten Audienz in der Sala Clementina des Vatikanischen Apostolischen Palastes. Zu Beginn der Audienz richtete Kardinal Camillo Ruini, Generalvikar Seiner Heiligkeit f\u00fcr die Di\u00f6zese Rom, die folgende Hommage an Johannes Paul II:<\/em><\/p>\n\n<p>Heiliger Vater, die Oberen und Alumnen des Priesterseminars Redemptoris Mater von Rom dr\u00fccken Ihnen durch mich die Freude und den Dank ihres Herzens f\u00fcr diese Audienz aus, die eine h\u00f6chst bedeutende Etappe darstellt in den sechzehn Lebensjahren dieses Priesterseminars seit der Eucharistie, die Ihre Heiligkeit am 31. Oktober 1993 gefeiert hat. Heiliger Vater, dieses di\u00f6zesane und missionarische Priesterseminar, dessen Oberen und Alumnen die Erfahrung des Neokatechumenalen Weges teilen, hat bisher 196 Priester geweiht, von denen 170 in der Di\u00f6zese Rom inkardiniert sind. Derzeit \u00fcben 74 von ihnen ihren Seelsorgedienst in den Pfarreien unserer Di\u00f6zese oder im Vikariat, w\u00e4hrend die anderen fast \u00fcberall auf der Welt als &#8222;Fidei Donum&#8220; fungieren. Auch elf Diakone warten darauf, am Sonntag, dem 2. Mai, zusammen mit den anderen Diakonen der Di\u00f6zese Rom von Ihrer Heiligkeit zum Priester geweiht zu werden.<\/p>\n\n<p>Die Erfahrung, die ich in diesen Jahren sowohl durch den pers\u00f6nlichen Besuch des Seminars als auch durch den Kontakt mit den darin ausgebildeten Priestern machen konnte, best\u00e4tigt mir, Heiliger Vater, dass das &#8222;Redemptoris Mater&#8220; ein gro\u00dfes Geschenk f\u00fcr die Di\u00f6zese Rom und f\u00fcr die Kirche auf der ganzen Welt darstellt. Tats\u00e4chlich lieben diese Seminaristen und Priester das Gebet und das Wort Gottes, praktizieren Disziplin und Gemeinschaftsleben mit Treue, halten sich intakt an die Lehre der Kirche und werden von einem gro\u00dfen missionarischen Impuls animiert. Ich kann auch mit Freude bezeugen, Heiliger Vater, dass sie die Person Ihrer Heiligkeit und seinen Dienst als Nachfolger von Petrus sehr lieben. Heiliger Vater, diese Seminaristen und ihre Oberen erwarten, dass Sie, in Ihrem v\u00e4terlichen Wohlwollen, ihnen ein Wort ausrichten, damit sie in ihrem formativen Weg erleuchtet und in der Berufung gest\u00e4rkt werden, der Kirche auf den Spuren des Guten Hirten Jesus Christus zu dienen. Nochmals vielen Dank, Heiliger Vater. Ich bitte Sie, uns zu segnen.<\/p>\n\n<div class=\"wp-block-image\"><figure class=\"alignleft size-large\"><img loading=\"lazy\" decoding=\"async\" width=\"768\" height=\"524\" src=\"https:\/\/neocatechumenaleiter.org\/wp-content\/uploads\/2020\/03\/Camino_Neocatecumenal_Juan_Pablo_II_exhortacion_seminaristas_redemptoris_mater_roma_2004.jpg\" alt=\"\" class=\"wp-image-7065\" srcset=\"https:\/\/neocatechumenaleiter.org\/wp-content\/uploads\/2020\/03\/Camino_Neocatecumenal_Juan_Pablo_II_exhortacion_seminaristas_redemptoris_mater_roma_2004.jpg 768w, https:\/\/neocatechumenaleiter.org\/wp-content\/uploads\/2020\/03\/Camino_Neocatecumenal_Juan_Pablo_II_exhortacion_seminaristas_redemptoris_mater_roma_2004-300x205.jpg 300w\" sizes=\"auto, (max-width: 768px) 100vw, 768px\" \/><\/figure><\/div>\n\n<p><em>Nach der Begr\u00fc\u00dfung von Kard. Vikar Camillo Ruini richtete der Papst die folgende Rede an die Anwesenden, \u00fcber die wir unten berichten:<\/em><\/p>\n\n<p>1. Liebe Obere und Alumnen des Di\u00f6zesanen Priesterseminars \u00bb<em>Redemptoris Mater<\/em>\u00ab, voll Freude empfange ich euch mit den Worten des auferstandenen Jesus, die ihr am Fest der hll. Cyrill und Methodius, Jahrestag der kanonischen Errichtung eures Priesterseminars, h\u00f6rt und betrachtet.&#013;\n&#013;\nZuerst begr\u00fc\u00dfe ich den Kardinalvikar und danke ihm f\u00fcr die Worte, die er an mich gerichtet hat. Ich gr\u00fc\u00dfe herzlich euren Rektor, Msgr. Claudiano Strazzari, die \u00fcbrigen Oberen und Ausbilder und, liebe Alumnen, jeden einzelnen von euch.<\/p>\n\n<p>2. Mehr als 16 Jahre sind seit der Gr\u00fcndung eures Priesterseminars vergangen, das eine neue und sehr bedeutsame Erfahrung im Hinblick auf die Ausbildung der Priester f\u00fcr die Neuevangelisierung bietet. Von da an sind weitere Priesterseminare \u00bb<em>Redemptoris Mater<\/em>\u00ab in der ganzen Welt entstanden, die sich an eurem Modell inspirieren und eure Zielsetzungen teilen.&#013;\n&#013;\nDie Fr\u00fcchte an Gutem, die im Laufe dieser Jahre von eurem Priesterseminar erzielt wurden, sind besonders zahlreich. F\u00fcr sie danke ich mit euch dem Herrn. F\u00fcr die gleichen Fr\u00fcchte m\u00f6chte ich auch dem Neokatechumenalen Weg danken, in dem eure Berufungen erweckt wurden und gewachsen sind. Ich danke auch dem Rektor und euren Oberen, die unter der f\u00fcrsorglichen Leitung des Kardinalvikars eurer Vorbereitung auf das Priestertum mit Liebe und Weisheit vorstehen.&#013;\n&#013;\nDankbar gedenke ich auch der Gr\u00fcnder des \u00bbWeges\u00ab, denen die gl\u00fcckliche Eingebung zu verdanken ist, die Errichtung eures Priesterseminars vorgeschlagen zu haben, und die sich sehr darum bem\u00fchen, im \u00bbWeg\u00ab selbst das Entstehen von Berufungen zum Priestertum und zum geweihten Leben zu f\u00f6rdern. Mit euch will ich an zwei Bisch\u00f6fe erinnern, Giulio Salimei und Maximino Romero, die \u2013 der eine als Rektor, der andere als geistlicher Leiter \u2013 durch ihre erleuchtete Hingabe und ihr beispielhaftes Leben gro\u00dfherzig zur anf\u00e4nglichen Entwicklung und zur guten Gestaltung von \u00bb<em>Redemptoris Mater<\/em>\u00ab beigetragen haben.&#013;\n&#013;\nGerne unterstreiche ich \u2013 wie schon der Kardinalvikar sagte \u2013, da\u00df in diesen 16 Jahren eine gro\u00dfe Anzahl eifriger Priester aus eurem Priesterseminar hervorgegangen ist. Sie widmen sich als \u00bb<em>Fidei-donum<\/em>\u00ab-Priester zum einen dem Pastoraldienst in der Di\u00f6zese Rom und zum anderen der Mission in allen Teilen der Welt.<\/p>\n\n<p>3. Um zu diesen positiven Ergebnissen zu gelangen, ist es wichtig, auf eurem Bildungsweg die Natur und die Eigenschaften des Amtspriestertums klar vor Augen zu haben, wie sie vom II. Vatikanischen Konzil und dann vom Nachsynodalen Apostolischen Schreiben <em>Pastores dabo vobis<\/em>dargelegt wurden.&#013;\n&#013;\nDas allgemeine Priestertum der Gl\u00e4ubigen und das Amtspriestertum sind in der Tat einander zugeordnet und eng miteinander verbunden, weil beide, jedes auf seine eigene Weise, an dem einen Priestertum Christi teilhaben. Sie unterscheiden sich jedoch dem Wesen und nicht nur dem Grade nach (vgl.\u00a0<em>Lumen gentium<\/em>, 10). Kraft ihrer sakramentalen Weihe sind die Priester in besonderer Weise Jesus Christus, dem Haupt und Hirten seines Volkes, nachgestaltet, und im Dienst dieses Volkes sollen sie \u2013 als Abbild Christi \u2013 ihr Leben einsetzen und hingeben. Gerade weil sie Jesus Christus als Haupt und Hirten sakramental repr\u00e4sentieren, sind sie berufen, in enger Verbindung mit dem Bischof den ihnen anvertrauten Gemeinschaften in den drei Dimensionen vorzustehen \u2013 in der prophetischen, der priesterlichen und der k\u00f6niglichen Dimension \u2013, in die die einzige Sendung Christi und der Kirche eingegliedert ist (vgl.\u00a0<em>Pastores dabo vobis<\/em>, 12\u201316).<\/p>\n\n<div class=\"wp-block-image\"><figure class=\"alignright size-large\"><img loading=\"lazy\" decoding=\"async\" width=\"768\" height=\"522\" src=\"https:\/\/neocatechumenaleiter.org\/wp-content\/uploads\/2020\/03\/Camino_Neocatecumenal_Juan_Pablo_II_exhortacion_seminaristas_redemptoris_mater_roma_2004_2.jpg\" alt=\"\" class=\"wp-image-7068\" srcset=\"https:\/\/neocatechumenaleiter.org\/wp-content\/uploads\/2020\/03\/Camino_Neocatecumenal_Juan_Pablo_II_exhortacion_seminaristas_redemptoris_mater_roma_2004_2.jpg 768w, https:\/\/neocatechumenaleiter.org\/wp-content\/uploads\/2020\/03\/Camino_Neocatecumenal_Juan_Pablo_II_exhortacion_seminaristas_redemptoris_mater_roma_2004_2-300x204.jpg 300w\" sizes=\"auto, (max-width: 768px) 100vw, 768px\" \/><\/figure><\/div>\n\n<p>Liebe Seminaristen, wenn ihr euch in eurer Ausbildung und sp\u00e4ter in der t\u00e4glichen Aus\u00fcbung des Priesteramtes an diese feste Lehre haltet, k\u00f6nnt ihr voll Freude die Gnade des Priestertums erleben und f\u00fcr die Di\u00f6zese Rom und die Schwesterkirchen, zu denen ihr gesandt werdet, einen authentischen und fruchtbaren Dienst sicherstellen.  Das Gebet, das Studium und das Gemeinschaftsleben \u2013 harmonisch in den Bildungsplan eingebunden und im konkreten Leben eures Priesterseminars getreu und hochherzig in die Praxis umgesetzt \u2013 sind die Wege, durch die der Herr Tag f\u00fcr Tag das Bild Christi, des guten Hirten, in euch formt.<\/p>\n\n<p>4. Auf dieser Basis k\u00f6nnt ihr, wenn ihr Priester seid, eure grundlegende und vorbehaltlose Zugeh\u00f6rigkeit zum Di\u00f6zesanklerus leben, der im Bischof seinen wesentlichen Bezugspunkt hat, und zugleich das Band vertiefen, das euch mit der Erfahrung des Neokatechumenalen Weges vereint. Denn im Art. 18 der Statuten des \u00bbWeges\u00ab hei\u00dft es, dass die Priesteramtskandidaten in den di\u00f6zesanen und missionarischen Priesterseminaren \u00bbRedemptoris Mater\u00ab \u00bbin der Teilhabe am Neokatechumenalen Weg ein spezifisches und grundlegendes Element des Bildungsweges finden; sie werden gleichzeitig darauf vorbereitet, sich eindeutig f\u00fcr den priesterlichen Dienst am ganzen Volk Gottes in der br\u00fcderlichen Gemeinschaft des Presbyteriums zu entscheiden\u00ab.<\/p>\n\n<p>Zu vermeiden ist auch eine falsche Alternative zwischen dem pastoralen Dienst in der Di\u00f6zese, der ihr angeh\u00f6rt, und der universalen Sendung bis an die Grenzen der Erde, die in der sakramentalen Teilhabe am Priestertum Christi wurzelt (vgl. Pastores dabo vobis, 17\u201318) und auf die ihr durch die Erfahrung des Neokatechumenalen Weges in besonderer Weise vorbereitet seid. Denn f\u00fcr eure konkrete Bestimmung ist der Bischof zust\u00e4ndig, dem sowohl die Bed\u00fcrfnisse seiner Di\u00f6zese als auch die Anspr\u00fcche der universalen Sendung am Herzen liegen. Wenn ihr euch mit der Haltung des vertrauensvollen und freundlichen Gehorsams seinen Entscheidungen anvertraut, werdet ihr euren Frieden und innere Gelassenheit finden und in jedem Fall euer missionarisches Charisma zum Ausdruck bringen k\u00f6nnen, weil auch hier in Rom die Pastoral immer von der Priorit\u00e4t der Evangelisierung gekennzeichnet ist und sein wird.<\/p>\n\n<p>5. Liebe Oberen und Alumnen des Priesterseminars \u00bbRedemptoris Mater\u00ab von Rom, schaut immer mit den Augen des Glaubens auf euer Leben, auf eure Berufung und auf eure Sendung. Am Ende dieser Begegnung m\u00f6chte ich euch erneut die Zuneigung und das Vertrauen bekunden, das ich f\u00fcr euch hege, und ich m\u00f6chte jeden von euch meines st\u00e4ndigen Gebets versichern \u2013 f\u00fcr das ganze Seminar, f\u00fcr die Gemeinschaften des Neokatechumenalen Weges und besonders f\u00fcr die Berufungen zum Priestertum, die in ihnen reifen.<\/p>\n\n<p>Mit diesen Empfindungen erteile ich euch und allen euren Lieben den Apostolischen Segen.<br \/><br \/><i>(*) Quelle: vatican.va<\/i><\/p>\n","protected":false},"excerpt":{"rendered":"<p>ANSPRACHE ZU DEN OBEREN UND ALUMNEN DES PRIESTERSEMINARS \u201eREDEMPTORIS MATER\u201c ROM AM 18.03.2004 Hl. Johannes Paul II. Vatikanstadt, 18. M\u00e4rz 2004 * Der Heilige Vater Johannes Paul II. empfing Mitglieder der Kommunit\u00e4t des di\u00f6zesanen Priesterseminars &#8222;Redemptoris Mater&#8220; in Rom in einer privaten Audienz in der Sala Clementina des Vatikanischen Apostolischen Palastes. Zu Beginn der Audienz richtete Kardinal Camillo Ruini, Generalvikar Seiner Heiligkeit f\u00fcr die Di\u00f6zese Rom, die folgende Hommage an<\/p>\n<div class=\"read-more\"><a class=\"btn read-more-btn\" href=\"https:\/\/neocatechumenaleiter.org\/de\/worte-der-paepste\/hl-johannes-paul-ii\/ansprache-zu-den-oberen-und-alumnen-des-priesterseminars-redemptoris-mater-rom-am-18-03-2004\/\">Mehr lesen<\/a><\/div>\n","protected":false},"author":2,"featured_media":0,"parent":10123,"menu_order":100,"comment_status":"closed","ping_status":"closed","template":"","meta":{"footnotes":""},"class_list":["post-13361","page","type-page","status-publish","hentry"],"_links":{"self":[{"href":"https:\/\/neocatechumenaleiter.org\/de\/wp-json\/wp\/v2\/pages\/13361","targetHints":{"allow":["GET"]}}],"collection":[{"href":"https:\/\/neocatechumenaleiter.org\/de\/wp-json\/wp\/v2\/pages"}],"about":[{"href":"https:\/\/neocatechumenaleiter.org\/de\/wp-json\/wp\/v2\/types\/page"}],"author":[{"embeddable":true,"href":"https:\/\/neocatechumenaleiter.org\/de\/wp-json\/wp\/v2\/users\/2"}],"replies":[{"embeddable":true,"href":"https:\/\/neocatechumenaleiter.org\/de\/wp-json\/wp\/v2\/comments?post=13361"}],"version-history":[{"count":5,"href":"https:\/\/neocatechumenaleiter.org\/de\/wp-json\/wp\/v2\/pages\/13361\/revisions"}],"predecessor-version":[{"id":14903,"href":"https:\/\/neocatechumenaleiter.org\/de\/wp-json\/wp\/v2\/pages\/13361\/revisions\/14903"}],"up":[{"embeddable":true,"href":"https:\/\/neocatechumenaleiter.org\/de\/wp-json\/wp\/v2\/pages\/10123"}],"wp:attachment":[{"href":"https:\/\/neocatechumenaleiter.org\/de\/wp-json\/wp\/v2\/media?parent=13361"}],"curies":[{"name":"wp","href":"https:\/\/api.w.org\/{rel}","templated":true}]}}