{"id":13377,"date":"2020-06-03T15:27:49","date_gmt":"2020-06-03T14:27:49","guid":{"rendered":"https:\/\/neocatechumenaleiter.org\/worte-der-paepste\/hl-johannes-paul-ii\/einweihung-der-bibliothek-von-der-domus-galilaeae-am-31-03-2005\/"},"modified":"2020-06-03T15:29:56","modified_gmt":"2020-06-03T14:29:56","slug":"einweihung-der-bibliothek-von-der-domus-galilaeae-am-31-03-2005","status":"publish","type":"page","link":"https:\/\/neocatechumenaleiter.org\/de\/worte-der-paepste\/hl-johannes-paul-ii\/einweihung-der-bibliothek-von-der-domus-galilaeae-am-31-03-2005\/","title":{"rendered":"EINWEIHUNG DER BIBLIOTHEK VON DER DOMUS GALILAEAE AM 31.03.2005"},"content":{"rendered":"\n<h1 class=\"has-text-align-center wp-block-heading\">EINWEIHUNG DER BIBLIOTHEK VON DER DOMUS GALILAEAE AM 31.03.2005<\/h1>\n\n<div style=\"height:20px\" aria-hidden=\"true\" class=\"wp-block-spacer\"><\/div>\n\n<h4 class=\"has-text-align-center wp-block-heading\">Hl. Johannes Paul II.<\/h4>\n\n<div style=\"height:20px\" aria-hidden=\"true\" class=\"wp-block-spacer\"><\/div>\n\n<p><strong>Korazim, den 31. M\u00e4rz 2005<\/strong><\/p>\n\n<p><em>Die Bibliothek wurde am 31. M\u00e4rz 2005 in Anwesenheit von mehr als 50 Bisch\u00f6fen aus verschiedenen Teilen der Welt eingeweiht. Unter ihnen waren: elf Kardin\u00e4le, Patriarch Seine Seligkeit Michel Sabbah, drei Patriarchen der Ostkirche, der Apostolische Nuntius Monsignore Pietro Sambi, der Kustos des Heiligen Landes, viele Rabbiner, Vertreter von Kongregationen und Universit\u00e4ten, die Rektoren der 56 Priesterseminare &#8222;Redemptoris Mater\u201c und Itineranten des Neokatechumenalen Weges. Sie alle waren anwesend, um die wichtige Rolle der Domus Galilaeae als &#8222;Br\u00fccke&#8220; zwischen Judentum und Christentum zu unterstreichen, die der Heilige Vater dieser &#8222;Domus&#8220; mit einem zu diesem Anlass gesendeten Brief zuschrieb. Am Eingang der Bibliothek befindet sich eine gro\u00dfe Kristallhalbkugel mit einem Sternenhimmel, der auf dem Gew\u00f6lbe steht. Im Inneren befindet sich eine vollst\u00e4ndige Schriftrolle der Tora, die vor dreihundert Jahren geschrieben wurde.<\/em><\/p>\n\n<p><em>Die Tora befindet sich in der Mitte der Bibliothek, die Teil des Domus Galilaeae-Komplexes ist. Kiko Arg\u00fcello, Autor des Projekts Domus Galilaeae und der Bibliothek, sprach einige Worte, um die architektonische Struktur zu erkl\u00e4ren. Die Kugel ist ein Symbol des Universums und dr\u00fcckt die zentrale Idee der j\u00fcdischen und christlichen Tradition aus, die im Buch der Weisheit 8,27 zu finden ist: &#8222;Als er (Gott) den Himmel baute, war ich (die Weisheit) dabei\u201c, gleich eines Architekten. Die Bibliothek wird auf die Bergpredigt spezialisiert sein, um Bisch\u00f6fen, Priestern und Seminaristen die M\u00f6glichkeit zu bieten, die Erforschung und die Meditation dieses Textes zu vertiefen. Hier berichten wir \u00fcber den Brief, den Johannes Paul II. zu diesem Anlass gesendet hat. Es war einer der letzten offiziellen Akte seines Pontifikats.<\/em><\/p>\n\n<p>Liebe Br\u00fcder und Schwestern,&#013;\n&#013;\n1. mit Freude erfuhr ich, dass am 31. M\u00e4rz die Bibliothek der &#8222;Domus Galilaeae&#8220; eingeweiht wird, die nicht weit vom Berg der Seligpreisungen entfernt steht. Dieses bedeutungsvolle Ereignis soll am Ende einer Konvivenz stattfinden, an der zahlreiche Kardin\u00e4le, Bisch\u00f6fe und Priester aus verschiedenen Teilen der Welt teilnehmen werden, zusammen mit den Rektoren der Priesterseminare des Neokatechumenalen Weges. Gerne m\u00f6chte auch ich mich diesem Geschehen anschlie\u00dfen und gr\u00fc\u00dfe die Organisatoren und alle Anwesenden herzlich. Insbesondere begr\u00fc\u00dfe ich die katholischen Ordinarien im Heiligen Land unter der Leitung des lateinischen Patriarchen, die religi\u00f6sen und politischen Autorit\u00e4ten der j\u00fcdischen Welt, die an der Veranstaltung teilnehmen, sowie die Vertreter von Ordensgemeinschaften und Pfarrgemeinden in der Region.<\/p>\n\n<p>Die &#8222;Domus Galilaeae&#8220; ist mit einer wichtigen neuen Struktur angereichert, der Bibliothek, in deren Zentrum das Buch der Tora steht, um die Zentralit\u00e4t des Wortes Gottes architektonisch zu symbolisieren. M\u00f6ge dieses Haus, das von den Verantwortlichen des Neokatechumenalen Weges errichtet wurde, durch geeignete Initiativen eine tiefe religi\u00f6se Bildung und einen fruchtbaren Dialog zwischen dem Judentum und der katholischen Kirche beg\u00fcnstigen.<\/p>\n\n<div class=\"wp-block-image\"><figure class=\"alignright size-medium\"><img loading=\"lazy\" decoding=\"async\" width=\"184\" height=\"300\" src=\"https:\/\/neocatechumenaleiter.org\/wp-content\/uploads\/2020\/03\/Camino_Neocatecumenal_Juan_Pablo_II_inauguracion_biblioteca_domus_galilaeae_2005_2-184x300.jpg\" alt=\"\" class=\"wp-image-2881\" srcset=\"https:\/\/neocatechumenaleiter.org\/wp-content\/uploads\/2020\/03\/Camino_Neocatecumenal_Juan_Pablo_II_inauguracion_biblioteca_domus_galilaeae_2005_2-184x300.jpg 184w, https:\/\/neocatechumenaleiter.org\/wp-content\/uploads\/2020\/03\/Camino_Neocatecumenal_Juan_Pablo_II_inauguracion_biblioteca_domus_galilaeae_2005_2.jpg 396w\" sizes=\"auto, (max-width: 184px) 100vw, 184px\" \/><\/figure><\/div>\n\n<p>2. &#8222;Dein Wort ist meinem Fu\u00df eine Leuchte\u201c (Ps 118,105). So singt der Psalmist und so sollen alle zum Gebet eingeladen werden, die die vielf\u00e4ltigen Dienste nutzen werden, welche die jetzt eingeweihte Bibliothek anbieten wird. Das Universum wurde nach einem wunderbaren Plan aufgebaut, das von der Weisheit Gottes inspiriert wurde. Das Johannesevangelium beginnt mit der Aussage: &#8222;Im Anfang war das Wort, und das Wort war bei Gott, und das Wort war Gott&#8220; (Joh 1,1). Das Wort, die ewige Weisheit Gottes, wurde Fleisch, hat sein Zelt unter uns aufgebaut und uns mit seinem Tod und seiner Auferstehung erl\u00f6st. Wir betrachten in diesen heiligen Ostertagen mit Freude dieses grundlegende Geheimnis unseres Glaubens. Christus, der Erstgeborene aller Sch\u00f6pfung, der H\u00f6hepunkt der Tora, ist auferstanden. Er lebt und wandelt mit uns, er erleuchtet uns weiterhin mit seinem Heilswort.<\/p>\n\n<p>Wie tief sind seine Lehren! Wie aktuell ist die Bergpredigt, die im Universum eingeschrieben ist! Die Sch\u00f6nheit Christi, die ihre Kr\u00f6nung in den Seligpreisungen findet, die Sch\u00f6nheit Christi, die in der Kirche, seinem mystischen Leib, erstrahlt, manifestiert sich auf herausragende Weise in der Liebe, die die Gl\u00e4ubigen miteinander verbindet: Dies ist die Botschaft, die die architektonische Struktur der &#8222;Domus Galilaeae&#8220; ihren G\u00e4sten und Pilgern mitzuteilen beabsichtigt. Ich w\u00fcnsche mir vom Herzen, dass diejenigen, die die M\u00f6glichkeit haben werden, dort zu wohnen oder sie zu besuchen, in der Erkenntnis und in der Liebe Christi \u2013 die Weisheit, in der der Anfang von allem liegt \u2013 wachsen m\u00f6gen.<\/p>\n\n<p>3. Liebe Br\u00fcder und Schwestern! W\u00e4hrend ich mich euch in Gedanken anschlie\u00dfe, erlebe ich erneut in meiner Seele die unvergesslichen Momente des Besuchs, den der Herr mir w\u00e4hrend des gro\u00dfen Jubil\u00e4ums des Jahres 2000 im Heiligen Land erlaubt hat: Der Jahrestag findet gerade in diesen Tagen statt. In Korazim, auf dem Berg der Seligpreisungen, unweit der &#8222;Domus Galilaeae&#8220;, hatte ich die Gelegenheit, Jugendlichen zu begegnen und die Heilige Messe f\u00fcr sie zu feiern. Ich habe ihnen die Zehn Gebote und die Seligpreisungen als Lebensregel anvertraut und lud sie zu einer v\u00f6lligen Treue zu Christus ein. Dieselbe Einladung richte ich an euch alle an diesem Ort, wo die unsterblichen Worte des Erl\u00f6sers weiterhin erklingen. Wandelt sie in konkrete Werke in eurem t\u00e4glichen Leben um und seid unter allen Umst\u00e4nden dem\u00fctige und mutige Zeugen des Evangeliums.<\/p>\n\n<p>M\u00f6ge die Jungfrau Maria, der Stern der Evangelisierung, euer Vorbild und eure Wegweiserin sein. Ich versichere euch ein besonderes Andenken im Gebet, w\u00e4hrend ich euch und alle eure Angeh\u00f6rigen liebevoll segne.<\/p>\n\n<p>Aus dem Vatikan. 24. M\u00e4rz 2005, Gr\u00fcndonnerstag<\/p>\n\n<p><em><strong>Joannes Paulus PP II<\/strong><\/em><\/p>\n\n<figure class=\"wp-block-gallery columns-2 is-cropped wp-block-gallery-1 is-layout-flex wp-block-gallery-is-layout-flex\"><ul class=\"blocks-gallery-grid\"><li class=\"blocks-gallery-item\"><figure><img loading=\"lazy\" decoding=\"async\" width=\"768\" height=\"512\" src=\"https:\/\/neocatechumenaleiter.org\/wp-content\/uploads\/2020\/03\/Camino_Neocatecumenal_Juan_Pablo_II_inauguracion_biblioteca_domus_galilaeae_2005.jpg\" alt=\"\" data-id=\"2895\" data-full-url=\"https:\/\/neocatechumenaleiter.org\/wp-content\/uploads\/2020\/03\/Camino_Neocatecumenal_Juan_Pablo_II_inauguracion_biblioteca_domus_galilaeae_2005.jpg\" data-link=\"https:\/\/neocatechumenaleiter.org\/?attachment_id=2895\" class=\"wp-image-7006\" srcset=\"https:\/\/neocatechumenaleiter.org\/wp-content\/uploads\/2020\/03\/Camino_Neocatecumenal_Juan_Pablo_II_inauguracion_biblioteca_domus_galilaeae_2005.jpg 768w, https:\/\/neocatechumenaleiter.org\/wp-content\/uploads\/2020\/03\/Camino_Neocatecumenal_Juan_Pablo_II_inauguracion_biblioteca_domus_galilaeae_2005-300x200.jpg 300w\" sizes=\"auto, (max-width: 768px) 100vw, 768px\" \/><\/figure><\/li><li class=\"blocks-gallery-item\"><figure><img loading=\"lazy\" decoding=\"async\" width=\"768\" height=\"512\" src=\"https:\/\/neocatechumenaleiter.org\/wp-content\/uploads\/2020\/03\/Camino_Neocatecumenal_Juan_Pablo_II_inauguracion_biblioteca_domus_galilaeae_2005_3.jpg\" alt=\"\" data-id=\"2888\" data-full-url=\"https:\/\/neocatechumenaleiter.org\/wp-content\/uploads\/2020\/03\/Camino_Neocatecumenal_Juan_Pablo_II_inauguracion_biblioteca_domus_galilaeae_2005_3.jpg\" data-link=\"https:\/\/neocatechumenaleiter.org\/?attachment_id=2888\" class=\"wp-image-7009\" srcset=\"https:\/\/neocatechumenaleiter.org\/wp-content\/uploads\/2020\/03\/Camino_Neocatecumenal_Juan_Pablo_II_inauguracion_biblioteca_domus_galilaeae_2005_3.jpg 768w, https:\/\/neocatechumenaleiter.org\/wp-content\/uploads\/2020\/03\/Camino_Neocatecumenal_Juan_Pablo_II_inauguracion_biblioteca_domus_galilaeae_2005_3-300x200.jpg 300w\" sizes=\"auto, (max-width: 768px) 100vw, 768px\" \/><\/figure><\/li><\/ul><\/figure>\n","protected":false},"excerpt":{"rendered":"<p>EINWEIHUNG DER BIBLIOTHEK VON DER DOMUS GALILAEAE AM 31.03.2005 Hl. Johannes Paul II. Korazim, den 31. M\u00e4rz 2005 Die Bibliothek wurde am 31. M\u00e4rz 2005 in Anwesenheit von mehr als 50 Bisch\u00f6fen aus verschiedenen Teilen der Welt eingeweiht. Unter ihnen waren: elf Kardin\u00e4le, Patriarch Seine Seligkeit Michel Sabbah, drei Patriarchen der Ostkirche, der Apostolische Nuntius Monsignore Pietro Sambi, der Kustos des Heiligen Landes, viele Rabbiner, Vertreter von Kongregationen und Universit\u00e4ten,<\/p>\n<div class=\"read-more\"><a class=\"btn read-more-btn\" href=\"https:\/\/neocatechumenaleiter.org\/de\/worte-der-paepste\/hl-johannes-paul-ii\/einweihung-der-bibliothek-von-der-domus-galilaeae-am-31-03-2005\/\">Mehr lesen<\/a><\/div>\n","protected":false},"author":2,"featured_media":0,"parent":10123,"menu_order":101,"comment_status":"closed","ping_status":"closed","template":"","meta":{"footnotes":""},"class_list":["post-13377","page","type-page","status-publish","hentry"],"_links":{"self":[{"href":"https:\/\/neocatechumenaleiter.org\/de\/wp-json\/wp\/v2\/pages\/13377","targetHints":{"allow":["GET"]}}],"collection":[{"href":"https:\/\/neocatechumenaleiter.org\/de\/wp-json\/wp\/v2\/pages"}],"about":[{"href":"https:\/\/neocatechumenaleiter.org\/de\/wp-json\/wp\/v2\/types\/page"}],"author":[{"embeddable":true,"href":"https:\/\/neocatechumenaleiter.org\/de\/wp-json\/wp\/v2\/users\/2"}],"replies":[{"embeddable":true,"href":"https:\/\/neocatechumenaleiter.org\/de\/wp-json\/wp\/v2\/comments?post=13377"}],"version-history":[{"count":3,"href":"https:\/\/neocatechumenaleiter.org\/de\/wp-json\/wp\/v2\/pages\/13377\/revisions"}],"predecessor-version":[{"id":13392,"href":"https:\/\/neocatechumenaleiter.org\/de\/wp-json\/wp\/v2\/pages\/13377\/revisions\/13392"}],"up":[{"embeddable":true,"href":"https:\/\/neocatechumenaleiter.org\/de\/wp-json\/wp\/v2\/pages\/10123"}],"wp:attachment":[{"href":"https:\/\/neocatechumenaleiter.org\/de\/wp-json\/wp\/v2\/media?parent=13377"}],"curies":[{"name":"wp","href":"https:\/\/api.w.org\/{rel}","templated":true}]}}