{"id":13393,"date":"2020-06-03T15:39:04","date_gmt":"2020-06-03T14:39:04","guid":{"rendered":"https:\/\/neocatechumenaleiter.org\/worte-der-paepste\/hl-johannes-paul-ii\/brief-ogniqualvolta-an-bischof-paul-josef-cordes\/"},"modified":"2020-06-16T14:32:19","modified_gmt":"2020-06-16T13:32:19","slug":"brief-ogniqualvolta-an-bischof-paul-josef-cordes","status":"publish","type":"page","link":"https:\/\/neocatechumenaleiter.org\/de\/worte-der-paepste\/hl-johannes-paul-ii\/brief-ogniqualvolta-an-bischof-paul-josef-cordes\/","title":{"rendered":"BRIEF \u201eOGNI QUALVOLTA\u201c  AN BISCHOF PAUL JOSEF CORDES"},"content":{"rendered":"\n<h1 class=\"has-text-align-center wp-block-heading\">BRIEF \u201eOGNI QUALVOLTA\u201c  AN BISCHOF PAUL JOSEF CORDES * <\/h1>\n\n<div style=\"height:20px\" aria-hidden=\"true\" class=\"wp-block-spacer\"><\/div>\n\n<h4 class=\"has-text-align-center wp-block-heading\">Hl. Johannes Paul II.<\/h4>\n\n<div style=\"height:20px\" aria-hidden=\"true\" class=\"wp-block-spacer\"><\/div>\n\n<p> <\/p>\n\n<p><em>Dem verehrten Bruder<br \/>&#013;\nMonsignore PAUL JOSEF CORDES<br \/>&#013;\nVize-Pr\u00e4sident des p\u00e4pstlichen Rates f\u00fcr die Laien<br \/>&#013;\n&#8222;ad personam&#8220; beauftragt<br \/>&#013;\nf\u00fcr das Apostolat der neokatechumenalen Gemeinschaften&#013;\n<\/em><\/p>\n\n<p>Immer, wenn der Heilige Geist in der Kirche Impulse einer gr\u00f6\u00dferen Treue zum Evangelium weckt, entstehen neue Charismen, die diese sichtbar machen, und neue Institutionen, die sie in die Praxis umsetzen. So war es nach dem Trienter Konzil und nach dem II. Vatikanum. <\/p>\n\n<p>Unter den Aufbr\u00fcchen, die Gottes Geist in unseren Tagen hervorbrachte, finden sich die Neokatechumenalen Gemeinschaften. Sie wurden gegr\u00fcndet von Herrn K. Arg\u00fcello und Frau C. Hern\u00e1ndez (Madrid, Spanien). Ihre Wirksamkeit f\u00fcr die Erneuerung des christlichen Lebens hat mein Vorg\u00e4nger Paul VI. als Frucht des Konzils begr\u00fc\u00dft: \u00abWelche Freude und welche Hoffnung gebt Ihr uns durch Eure Anwesenheit und Eure Aktivit\u00e4t&#8230; Diesen Aufbruch zu leben und zu f\u00f6rdern, nennt Ihr eine Form \u201enach der Taufe\u201c, die in den jetzigen christlichen Gemeinden jene Folgen der Glaubensreife und Glaubensvertiefung erneuern kann, die in der Urkirche durch die Zeit der Taufvorbereitung verwirklicht wurden\u00bb (Paul VI. zu den Neokatechumenalen Gemeinschaften, Generalaudienz, 8. Mai 1974, in: <em>Notitiae<\/em> 95-96, 1974, 230).&#013;\nIch selbst konnte mich als Bischof von Rom in den zahlreichen Begegnungen mit den Neokatechumenalen Gemeinschaften und ihren Hirten in den r\u00f6mischen Gemeinden und w\u00e4hrend meiner Apostolischen Reisen in vielen Nationen von zahlreichen Fr\u00fcchten pers\u00f6nlicher Umkehr und fruchtbaren missionarischen Anst\u00f6\u00dfen \u00fcberzeugen.<\/p>\n\n<p>Diese Gemeinschaften lassen in den Pfarreien die missionarische Kirche sichtbar werden und \u201em\u00fchen sich, den Weg f\u00fcr die Evangelisierung jener zu bahnen, die das christliche Leben fast aufgegeben haben, indem sie ihnen ein katechumenales Itinerarium anbieten, das all jene Phasen enth\u00e4lt, die die Katechumenen in der Urkirche vor dem Empfang des Taufsakraments durchliefen; es n\u00e4hert sie erneut der Kirche und Christus an\u201c (vgl. <em>Catecumenato postbattesimale<\/em>, in: <em>Notitiae<\/em> 95-96, 1974, 229).&#013;\nEs sind die Verk\u00fcndigung des Evangeliums, das Zeugnis in kleinen Gemeinschaften und die in Gruppen gefeierte Eucharistie (vgl. Notificazione sulle celebrazioni nei gruppi del &#8222;Cammino Neocatecumenale&#8220;, in: L\u2019Osservatore Romano, 24. Dezember 1988), die es den Gliedern dieser Gemeinschaften erm\u00f6glichen, sich in den Dienst der Erneuerung der Kirche zu stellen.<\/p>\n\n<p>Verschiedene Br\u00fcder im bisch\u00f6flichen Amt haben die Fr\u00fcchte dieses Weges anerkannt. Ich m\u00f6chte mich darauf beschr\u00e4nken, an den ehemaligen Bischof von Madrid, Msgr. Casimiro Morcillo, zu erinnern, in dessen Di\u00f6zese und unter dessen Leitung im Jahre 1964 die Neokatechumenalen Gemeinschaften entstanden sind, die er mit solch gro\u00dfer Liebe annahm.<br \/>&#013;\nNach mehr als zwanzig Jahren des Lebens der Gemeinschaften, die in den f\u00fcnf Kontinenten verbreitet sind, <\/p>\n\n<p>&#8211;\tangesichts der neuen Vitalit\u00e4t, die die Pfarreien beseelt, des missionarischen Impulses und der Fr\u00fcchte der Umkehr, die aus dem Engagement der Itineranten aufbrechen, sowie j\u00fcngst aus dem Einsatz der Familien, die in entchristlichten Zonen Europas und der ganzen Welt evangelisieren; <\/p>\n\n<p>&#8211;\tin Erw\u00e4gung der von diesem Weg zum Ordensleben und zum Presbyterat geweckten Berufungen, und der Stiftung von Di\u00f6zesankollegien zur Ausbildung f\u00fcr das Presbyterat zur Neuevangelisierung, wie das \u201eRedemptoris Mater\u201c in Rom; <\/p>\n\n<p>&#8211;\tnach Kenntnisnahme der von Ihnen vorgelegten Dokumentation:<\/p>\n\n<p>nehme ich die an mich gerichtete Bitte auf und erkenne den Neokatechumenalen Weg als &#013;\nein Itinerarium katholischer Formung an, g\u00fcltig f\u00fcr die Gesellschaft und f\u00fcr die gegenw\u00e4rtige Zeit. <\/p>\n\n<p>Ich w\u00fcnsche mir, dass die Br\u00fcder im bisch\u00f6flichen Amt \u2013 zusammen mit ihren Presbytern \u2013 dieses Werk f\u00fcr die Neuevangelisierung zur Geltung bringen und unterst\u00fctzen, damit es sich gem\u00e4\u00df der von den Initiatoren vorgeschlagenen Leitlinien vollzieht, im Geist des Dienstes f\u00fcr den Ortsordinarius und der Communio mit ihm, sowie im Kontext der Einheit der Teilkirche mit der Universalkirche. <\/p>\n\n<p>Als Siegel dieses Wunsches erteile ich Ihnen und allen Gliedern der Neokatechumenalen Gemeinschaften meinen Apostolischen Segen. <\/p>\n\n<p>Aus dem Vatikan, am 30. August 1990, im XII. Jahr meines Pontifikats.<\/p>\n\n<p><em><strong>JOANNES PAULUS PP II.<\/strong><\/em><br \/><br \/><i>(*) Quelle: vatican.va<i><\/i><\/i><\/p>\n","protected":false},"excerpt":{"rendered":"<p>BRIEF \u201eOGNI QUALVOLTA\u201c AN BISCHOF PAUL JOSEF CORDES * Hl. Johannes Paul II. Dem verehrten Bruder&#013; Monsignore PAUL JOSEF CORDES&#013; Vize-Pr\u00e4sident des p\u00e4pstlichen Rates f\u00fcr die Laien&#013; &#8222;ad personam&#8220; beauftragt&#013; f\u00fcr das Apostolat der neokatechumenalen Gemeinschaften&#013; Immer, wenn der Heilige Geist in der Kirche Impulse einer gr\u00f6\u00dferen Treue zum Evangelium weckt, entstehen neue Charismen, die diese sichtbar machen, und neue Institutionen, die sie in die Praxis umsetzen. So war es<\/p>\n<div class=\"read-more\"><a class=\"btn read-more-btn\" href=\"https:\/\/neocatechumenaleiter.org\/de\/worte-der-paepste\/hl-johannes-paul-ii\/brief-ogniqualvolta-an-bischof-paul-josef-cordes\/\">Mehr lesen<\/a><\/div>\n","protected":false},"author":2,"featured_media":0,"parent":10123,"menu_order":0,"comment_status":"closed","ping_status":"closed","template":"","meta":{"footnotes":""},"class_list":["post-13393","page","type-page","status-publish","hentry"],"_links":{"self":[{"href":"https:\/\/neocatechumenaleiter.org\/de\/wp-json\/wp\/v2\/pages\/13393","targetHints":{"allow":["GET"]}}],"collection":[{"href":"https:\/\/neocatechumenaleiter.org\/de\/wp-json\/wp\/v2\/pages"}],"about":[{"href":"https:\/\/neocatechumenaleiter.org\/de\/wp-json\/wp\/v2\/types\/page"}],"author":[{"embeddable":true,"href":"https:\/\/neocatechumenaleiter.org\/de\/wp-json\/wp\/v2\/users\/2"}],"replies":[{"embeddable":true,"href":"https:\/\/neocatechumenaleiter.org\/de\/wp-json\/wp\/v2\/comments?post=13393"}],"version-history":[{"count":16,"href":"https:\/\/neocatechumenaleiter.org\/de\/wp-json\/wp\/v2\/pages\/13393\/revisions"}],"predecessor-version":[{"id":15921,"href":"https:\/\/neocatechumenaleiter.org\/de\/wp-json\/wp\/v2\/pages\/13393\/revisions\/15921"}],"up":[{"embeddable":true,"href":"https:\/\/neocatechumenaleiter.org\/de\/wp-json\/wp\/v2\/pages\/10123"}],"wp:attachment":[{"href":"https:\/\/neocatechumenaleiter.org\/de\/wp-json\/wp\/v2\/media?parent=13393"}],"curies":[{"name":"wp","href":"https:\/\/api.w.org\/{rel}","templated":true}]}}