{"id":13451,"date":"2020-03-04T00:46:49","date_gmt":"2020-03-03T23:46:49","guid":{"rendered":"https:\/\/neocatechumenaleiter.org\/worte-der-paepste\/hl-johannes-paul-ii\/pastoralbesuch-in-macerata-foligno-und-an-dem-gran-sasso-am-19-06-1993\/"},"modified":"2021-08-10T11:03:12","modified_gmt":"2021-08-10T10:03:12","slug":"pastoralbesuch-in-macerata-foligno-und-an-dem-gran-sasso-am-19-06-1993","status":"publish","type":"page","link":"https:\/\/neocatechumenaleiter.org\/de\/worte-der-paepste\/hl-johannes-paul-ii\/pastoralbesuch-in-macerata-foligno-und-an-dem-gran-sasso-am-19-06-1993\/","title":{"rendered":"PASTORALBESUCH IN MACERATA, FOLIGNO UND AN DEM GRAN SASSO AM 19.06.1993"},"content":{"rendered":"\n<h1 class=\"has-text-align-center wp-block-heading\">PASTORALBESUCH IN MACERATA, FOLIGNO UND AN DEM GRAN SASSO AM 19.06.1993<\/h1>\n\n<div style=\"height:20px\" aria-hidden=\"true\" class=\"wp-block-spacer\"><\/div>\n\n<h4 class=\"has-text-align-center wp-block-heading\">Hl. Johannes Paul II.<\/h4>\n\n<div style=\"height:20px\" aria-hidden=\"true\" class=\"wp-block-spacer\"><\/div>\n\n<p><strong>Samstag, den 19. und Sonntag, den 20. Juni 1993 *<\/strong><\/p>\n\n<p><em>So schreibt Msgr. Francesco Tarcisio Carboni, Bischof von Macerata:<\/em><\/p>\n\n<p>Johannes Paul II. schrieb mir am 13. September 1992: \u201eDa China mir sehr am Herzen liegt und die F\u00fcrsorge f\u00fcr diese Kirche \u201aeine besondere und best\u00e4ndige Sorge meines Pontifikats geworden ist\u2018 (Brief an die Bisch\u00f6fe der Welt am 6. Januar 1982 \u2013 L\u2019Osservatore Romano vom 24.01.1982), spreche ich meinen gro\u00dfen Wunsch aus, dass dieser Gottesmann immer bekannter und gesch\u00e4tzter werde, f\u00fcr die in seinen 57 Jahren erworbenen Dienste, von denen er 28 in dieser gro\u00dfen Region verbracht hat\u201c (L\u2019Osservatore Romano, am 27. Oktober 1992, S. 2).<\/p>\n\n<p>Jetzt ist der Moment gekommen, um mit dem Heiligen Vater innezuhalten vor dem Haus, wo Matteo Ricci geboren wurde, und jene Stra\u00dfen von Macerata zu durchqueren, wo der Apostel von China den Ursprung seiner Berufung hatte. Matteo Ricci wird am 6. Oktober 1552 in Macerata geboren, am 15. August 1571 beginnt er sein Noviziat bei den Jesuiten, am 18. Mai 1577 verl\u00e4sst er Rom f\u00fcr die Mission des Ostens, am 26. Juli 1580 wird er in Kochi (Indien) zum Priester geweiht; der 10. September 1583 ist das Datum seiner Ankunft in China, er stirbt in Peking am 11. September 1610.<\/p>\n\n<p>\u201eHeute\u201c \u2013 so schrieb der Papst 1982 \u2013 \u201eist die Person des Pater Ricci in dem chinesischen Volk unter dem Namen \u201aLi Ma-tou\u2018 noch gegenw\u00e4rtig. Er stellt f\u00fcr die Kirche und f\u00fcr China ein gemeinsames Erbe dar und er ist ein solider und sinnbildlicher Referenzpunkt f\u00fcr einen konstruktiven Dialog in Bezug auf die Zukunft\u201c (L\u2019Osservatore Romano, 27. Oktober 1982).<\/p>\n\n<p>Es ist nur 11 Jahre her und der Besuch des Heiligen Vaters in Macerata bekr\u00e4ftigt und gibt einen neuen Impuls f\u00fcr diese br\u00fcderliche \u201eKirche-China-Beziehung\u201c, welche zweifellos auch Macerata ber\u00fchrt \u2013 um das zu glauben, gibt es mehr als nur einen Grund:<br\/><br\/>&#13;\n&#13;\n\u2022 Seit zwei Jahren gibt es in Macerata ein di\u00f6zesanes missionarisches Priesterseminar Redemptoris Mater mit dem Ziel, Priester auszubilden, die bereit sind, wie Padre Matteo Ricci ihr Leben f\u00fcr die Evangelisierung Chinas zu geben: Es sind schon 18 Seminaristen, die die planm\u00e4\u00dfigen Kurse in Philosophie und Theologie besuchen.<br\/><br\/>&#13;\n\u2022 Bereits in dem Studienjahr 1993-94 wird ihre Anzahl auf 30 ansteigen k\u00f6nnen; sie werden in den R\u00e4umen des Priesterseminars ausgebildet in der Erwartung, in ein paar Jahren ein gr\u00f6\u00dferes Geb\u00e4ude zu finden, das bis zu hundert von ihnen aufnehmen kann.<br\/><br\/>  &#13;\n\u2022 Der Heilige Vater wird in der Kathedrale den Grundstein von dem \u201ePriesterseminar f\u00fcr China\u201d segnen, das hier entstehen wird in der Stadt von Matteo Ricci, der mit Recht \u201eBr\u00fccke zwischen West und Ost\u201c genannt wird.<br\/><\/p>\n\n<p>\u2022 Die \u00f6rtliche Universit\u00e4t bietet bereits einen Chinesischkurs, zu dem unsere Seminaristen gehen und andere Studierende, die sich f\u00fcr die Sprache Mandarin interessieren.<\/p>\n\n<p>In den Worten des Heiligen Vaters liegt ein Licht von bedeutsamer Helligkeit: \u201eEs ist die Zukunft, auf die wir schauen m\u00fcssen\u201c (Insegnamenti di Giovanni Paolo II, IV, 1, 1981, S. 384). \u201eIch hoffe auf reichliche Vorteile, nicht nur f\u00fcr die missionarische T\u00e4tigkeit der Kirche \u2013 so schreibt der Papst \u2013, sondern auch f\u00fcr das geliebte chinesische Volk, auf das der Apostolische Stuhl blickt mit besonderem Wohlwollen und Zuneigung zu den ganzen wunderbaren Traditionen und zu der Kultur, die tiefe Menschlichkeit und reiche Spiritualit\u00e4t, die das historische und aktuelle Erbe der gro\u00dfen chinesischen Nation bildet (Vgl. \u201eL\u2019Osservatore Romano\u201d, 24. Januar 1982).<\/p>\n\n<p>Die Anwesenheit des Papstes bei den Seminaristen, die auf China blicken, wird dieser Hoffnung Kraft schenken, die Bindungen st\u00e4rken und die Wirksamkeit der Ermutigungen erneuern.<br\/><br\/><i>(*) Vgl. Beilage von \u201eL\u2019Osservatore Romano\u201d, Nr. 139, Samstag, den 19. Juni 1993 (eigene \u00dcbersetzung aus dem Italienischen).<\/i><\/p>\n\n<div class=\"wp-block-image\"><figure class=\"aligncenter size-large\"><img loading=\"lazy\" decoding=\"async\" width=\"569\" height=\"693\" src=\"https:\/\/neocatechumenaleiter.org\/wp-content\/uploads\/2020\/03\/Camino_Neocatecumenal_Juan_Pablo_II_visita_pastoral_Macerata_1993.jpg\" alt=\"\" class=\"wp-image-8202\" srcset=\"https:\/\/neocatechumenaleiter.org\/wp-content\/uploads\/2020\/03\/Camino_Neocatecumenal_Juan_Pablo_II_visita_pastoral_Macerata_1993.jpg 569w, https:\/\/neocatechumenaleiter.org\/wp-content\/uploads\/2020\/03\/Camino_Neocatecumenal_Juan_Pablo_II_visita_pastoral_Macerata_1993-246x300.jpg 246w\" sizes=\"auto, (max-width: 569px) 100vw, 569px\" \/><\/figure><\/div>\n","protected":false},"excerpt":{"rendered":"<p>PASTORALBESUCH IN MACERATA, FOLIGNO UND AN DEM GRAN SASSO AM 19.06.1993 Hl. Johannes Paul II. Samstag, den 19. und Sonntag, den 20. Juni 1993 * So schreibt Msgr. Francesco Tarcisio Carboni, Bischof von Macerata: Johannes Paul II. schrieb mir am 13. September 1992: \u201eDa China mir sehr am Herzen liegt und die F\u00fcrsorge f\u00fcr diese Kirche \u201aeine besondere und best\u00e4ndige Sorge meines Pontifikats geworden ist\u2018 (Brief an die Bisch\u00f6fe der<\/p>\n<div class=\"read-more\"><a class=\"btn read-more-btn\" href=\"https:\/\/neocatechumenaleiter.org\/de\/worte-der-paepste\/hl-johannes-paul-ii\/pastoralbesuch-in-macerata-foligno-und-an-dem-gran-sasso-am-19-06-1993\/\">Mehr lesen<\/a><\/div>\n","protected":false},"author":2,"featured_media":0,"parent":10123,"menu_order":75,"comment_status":"closed","ping_status":"closed","template":"","meta":{"footnotes":""},"class_list":["post-13451","page","type-page","status-publish","hentry"],"_links":{"self":[{"href":"https:\/\/neocatechumenaleiter.org\/de\/wp-json\/wp\/v2\/pages\/13451","targetHints":{"allow":["GET"]}}],"collection":[{"href":"https:\/\/neocatechumenaleiter.org\/de\/wp-json\/wp\/v2\/pages"}],"about":[{"href":"https:\/\/neocatechumenaleiter.org\/de\/wp-json\/wp\/v2\/types\/page"}],"author":[{"embeddable":true,"href":"https:\/\/neocatechumenaleiter.org\/de\/wp-json\/wp\/v2\/users\/2"}],"replies":[{"embeddable":true,"href":"https:\/\/neocatechumenaleiter.org\/de\/wp-json\/wp\/v2\/comments?post=13451"}],"version-history":[{"count":18,"href":"https:\/\/neocatechumenaleiter.org\/de\/wp-json\/wp\/v2\/pages\/13451\/revisions"}],"predecessor-version":[{"id":24176,"href":"https:\/\/neocatechumenaleiter.org\/de\/wp-json\/wp\/v2\/pages\/13451\/revisions\/24176"}],"up":[{"embeddable":true,"href":"https:\/\/neocatechumenaleiter.org\/de\/wp-json\/wp\/v2\/pages\/10123"}],"wp:attachment":[{"href":"https:\/\/neocatechumenaleiter.org\/de\/wp-json\/wp\/v2\/media?parent=13451"}],"curies":[{"name":"wp","href":"https:\/\/api.w.org\/{rel}","templated":true}]}}