{"id":13481,"date":"2020-03-04T00:20:33","date_gmt":"2020-03-03T23:20:33","guid":{"rendered":"https:\/\/neocatechumenaleiter.org\/worte-der-paepste\/hl-johannes-paul-ii\/konvivenz-der-bischoefe-aus-lateinamerika-zur-vorbereitung-des-500-jahrestages-der-evangelisierung-der-neuen-welt-21-24-04-1992\/"},"modified":"2021-08-10T11:02:40","modified_gmt":"2021-08-10T10:02:40","slug":"konvivenz-der-bischoefe-aus-lateinamerika-zur-vorbereitung-des-500-jahrestages-der-evangelisierung-der-neuen-welt-21-24-04-1992","status":"publish","type":"page","link":"https:\/\/neocatechumenaleiter.org\/de\/worte-der-paepste\/hl-johannes-paul-ii\/konvivenz-der-bischoefe-aus-lateinamerika-zur-vorbereitung-des-500-jahrestages-der-evangelisierung-der-neuen-welt-21-24-04-1992\/","title":{"rendered":"KONVIVENZ DER BISCH\u00d6FE AUS LATEINAMERIKA ZUR VORBEREITUNG DES 500. JAHRESTAGES DER EVANGELISIERUNG DER NEUEN WELT 21.-24.04.1992"},"content":{"rendered":"\n<h1 class=\"has-text-align-center wp-block-heading\">KONVIVENZ DER BISCH\u00d6FE AUS LATEINAMERIKA ZUR VORBEREITUNG DES 500. JAHRESTAGES DER EVANGELISIERUNG DER NEUEN WELT 21.-24.04.1992<\/h1>\n\n<div style=\"height:20px\" aria-hidden=\"true\" class=\"wp-block-spacer\"><\/div>\n\n<h4 class=\"has-text-align-center wp-block-heading\">Hl. Johannes Paul II.<\/h4>\n\n<div style=\"height:20px\" aria-hidden=\"true\" class=\"wp-block-spacer\"><\/div>\n\n<p><strong>Santo Domingo, 21.-24. April 1992 \u2013 Anwesend 153 Bisch\u00f6fe<\/strong><\/p>\n\n<p><em>Telegramm von Card. Angelo Sodano, Staatssekret\u00e4r Seiner Heiligkeit Johannes Paul II., an Msgr. Paul Cordes:<\/em><\/p>\n\n<p>Der Heilige Vater, informiert \u00fcber die Begegnung des Neokatechumenalen Weges in Santo Domingo in Vorbereitung auf die Feierlichkeiten zum 500. Jahrestag der Ankunft der Heilsbotschaft in der Neuen Welt, sendet den Organisatoren und allen Teilnehmern seinen herzlichsten Gru\u00df und gibt ein Wort der Ermutigung, damit dieser freudige Anlass eine g\u00fcnstige Gelegenheit wird, dem Engagement f\u00fcr die Neuevangelisierung neue apostolische Kraft zu verleihen. Gleichzeitig dr\u00fcckt er allen seine besondere N\u00e4he aus, insbesondere den anwesenden Br\u00fcdern Bisch\u00f6fen, und dankt Gott f\u00fcr die reichlichen Gaben, mit denen er die geliebten Kirchen Lateinamerikas gesegnet hat. Er spornt diese Kirchen an, so wie gestern, auch heute und immer Jesus Christus zu verk\u00fcnden, damit eine Neuevangelisierung, eine menschliche Entwicklung und eine christliche Kultur gef\u00f6rdert werden k\u00f6nnen, indem stets ein Zeugnis der intensiven kirchlichen Gemeinschaft und der Treue zum Wirken des Geistes abgelegt werden.<\/p>\n\n<p>Dar\u00fcber hinaus l\u00e4dt Seine Heiligkeit alle Mitglieder der neokatechumenalen Gemeinschaften zu einem entschlossenen Engagement im apostolischen Leben ein, das von einer wachsenden christlichen Formation und einer immer t\u00e4tigeren Teilnahme am liturgischen und karitativen Leben der Kirche begleitet wird. So kann man an dem erl\u00f6senden Werk Christi mitwirken, damit sein Wort des Lebens die Menschen, die Familien und die Gesellschaft erleuchtet und verwandelt. Mit diesen W\u00fcnschen und unter dem barmherzigen Blick der Heiligen Jungfrau betet der Papst inbr\u00fcnstig, dass der Herr dieses kirchlichen Treffens sehr fruchtbar macht. Als Zeichen des Wohlwollens und als Garantie der st\u00e4ndigen g\u00f6ttlichen Hilfe, erteilt er den erbetenen apostolischen Segen.<\/p>\n\n<p><em>Kardinal Angelo Sodano, Staatsekret\u00e4r.<\/em><\/p>\n","protected":false},"excerpt":{"rendered":"<p>KONVIVENZ DER BISCH\u00d6FE AUS LATEINAMERIKA ZUR VORBEREITUNG DES 500. JAHRESTAGES DER EVANGELISIERUNG DER NEUEN WELT 21.-24.04.1992 Hl. Johannes Paul II. Santo Domingo, 21.-24. April 1992 \u2013 Anwesend 153 Bisch\u00f6fe Telegramm von Card. Angelo Sodano, Staatssekret\u00e4r Seiner Heiligkeit Johannes Paul II., an Msgr. Paul Cordes: Der Heilige Vater, informiert \u00fcber die Begegnung des Neokatechumenalen Weges in Santo Domingo in Vorbereitung auf die Feierlichkeiten zum 500. Jahrestag der Ankunft der Heilsbotschaft in<\/p>\n<div class=\"read-more\"><a class=\"btn read-more-btn\" href=\"https:\/\/neocatechumenaleiter.org\/de\/worte-der-paepste\/hl-johannes-paul-ii\/konvivenz-der-bischoefe-aus-lateinamerika-zur-vorbereitung-des-500-jahrestages-der-evangelisierung-der-neuen-welt-21-24-04-1992\/\">Mehr lesen<\/a><\/div>\n","protected":false},"author":2,"featured_media":0,"parent":10123,"menu_order":69,"comment_status":"closed","ping_status":"closed","template":"","meta":{"footnotes":""},"class_list":["post-13481","page","type-page","status-publish","hentry"],"_links":{"self":[{"href":"https:\/\/neocatechumenaleiter.org\/de\/wp-json\/wp\/v2\/pages\/13481","targetHints":{"allow":["GET"]}}],"collection":[{"href":"https:\/\/neocatechumenaleiter.org\/de\/wp-json\/wp\/v2\/pages"}],"about":[{"href":"https:\/\/neocatechumenaleiter.org\/de\/wp-json\/wp\/v2\/types\/page"}],"author":[{"embeddable":true,"href":"https:\/\/neocatechumenaleiter.org\/de\/wp-json\/wp\/v2\/users\/2"}],"replies":[{"embeddable":true,"href":"https:\/\/neocatechumenaleiter.org\/de\/wp-json\/wp\/v2\/comments?post=13481"}],"version-history":[{"count":7,"href":"https:\/\/neocatechumenaleiter.org\/de\/wp-json\/wp\/v2\/pages\/13481\/revisions"}],"predecessor-version":[{"id":14769,"href":"https:\/\/neocatechumenaleiter.org\/de\/wp-json\/wp\/v2\/pages\/13481\/revisions\/14769"}],"up":[{"embeddable":true,"href":"https:\/\/neocatechumenaleiter.org\/de\/wp-json\/wp\/v2\/pages\/10123"}],"wp:attachment":[{"href":"https:\/\/neocatechumenaleiter.org\/de\/wp-json\/wp\/v2\/media?parent=13481"}],"curies":[{"name":"wp","href":"https:\/\/api.w.org\/{rel}","templated":true}]}}