{"id":13504,"date":"2020-03-04T00:49:05","date_gmt":"2020-03-03T23:49:05","guid":{"rendered":"https:\/\/neocatechumenaleiter.org\/worte-der-paepste\/hl-johannes-paul-ii\/gruss-an-die-jugendlichen-des-neokatechumenalen-weges-in-macerata-am-20-06-1993\/"},"modified":"2021-08-10T11:03:17","modified_gmt":"2021-08-10T10:03:17","slug":"gruss-an-die-jugendlichen-des-neokatechumenalen-weges-in-macerata-am-20-06-1993","status":"publish","type":"page","link":"https:\/\/neocatechumenaleiter.org\/de\/worte-der-paepste\/hl-johannes-paul-ii\/gruss-an-die-jugendlichen-des-neokatechumenalen-weges-in-macerata-am-20-06-1993\/","title":{"rendered":"GRUSS AN DIE JUGENDLICHEN DES NEOKATECHUMENALEN WEGES IN MACERATA AM 20.06.1993"},"content":{"rendered":"\n<h1 class=\"has-text-align-center wp-block-heading\">GRUSS AN DIE JUGENDLICHEN DES NEOKATECHUMENALEN WEGES IN MACERATA AM 20.06.1993<\/h1>\n\n<div style=\"height:20px\" aria-hidden=\"true\" class=\"wp-block-spacer\"><\/div>\n\n<h4 class=\"has-text-align-center wp-block-heading\">Hl. Johannes Paul II.<\/h4>\n\n<div style=\"height:20px\" aria-hidden=\"true\" class=\"wp-block-spacer\"><\/div>\n\n<p><strong>Macerata, 20. Juni 1993 *<\/strong><\/p>\n\n<p><em>Fr\u00fchmorgens am Sonntag, den 20. Juni, vor der Abfahrt nach Foligno richtete Johannes Paul\u00a0II. von dem Balkon des bisch\u00f6flichen Palastes in Macerata aus einen herzlichen Gru\u00df an die Jugendlichen vom Neokatechumenat, die sich auf dem Platz versammelt hatten und zusammen sangen, um sich so bei dem Papst f\u00fcr sein Kommen zu bedanken. Durch sie hat der Heilige Vater sein Gru\u00dfwort auch an alle Menschen in Macerata gerichtet, welche ihn mit gro\u00dfer Freude empfangen hatten. <\/em><\/p>\n\n<div class=\"wp-block-image\"><figure class=\"alignleft size-large\"><img loading=\"lazy\" decoding=\"async\" width=\"495\" height=\"304\" src=\"https:\/\/neocatechumenaleiter.org\/wp-content\/uploads\/2020\/03\/Camino_Neocatecumenal_Juan_Pablo_II_saludo_jovenes_1993.jpg\" alt=\"\" class=\"wp-image-8209\" srcset=\"https:\/\/neocatechumenaleiter.org\/wp-content\/uploads\/2020\/03\/Camino_Neocatecumenal_Juan_Pablo_II_saludo_jovenes_1993.jpg 495w, https:\/\/neocatechumenaleiter.org\/wp-content\/uploads\/2020\/03\/Camino_Neocatecumenal_Juan_Pablo_II_saludo_jovenes_1993-300x184.jpg 300w\" sizes=\"auto, (max-width: 495px) 100vw, 495px\" \/><\/figure><\/div>\n\n<p>Denkt mal an diese Pilger, die die ganze Nacht lang gelaufen sind, zu Fu\u00df, und die sich jetzt in Loreto treffen \u2013 so der Heilige Vater zu den Jugendlichen. Euren Weg geht ihr mit der Gitarre, mit den Liedern, aber ihr macht es gut, sehr gut. Ich konnte euch so manches Mal zuh\u00f6ren: Gesanglich seid ihr gut, aber auch der Text ist gut, inhaltlich, und das ist der Grund, warum ihr gut singt.<\/p>\n\n<p>Man sollte ein Fernschreiben, ein Telegramm nach Loreto schicken mit der Nachricht, dass hier noch andere Pilger, die die ganze Nacht singen, zusammen mit ihnen gehen. Bei dieser Gelegenheit kann ich auch einen Gru\u00df an alle B\u00fcrger von Macerata richten, da ich nach Foligno weiterreisen muss. Ich z\u00e4hle auf eure Gebete und auf euren Gesang. Ich z\u00e4hle auf alle Einwohner von Macerata, besonders diejenigen, die Gitarren haben, denn wir wissen genau: Wer singt, betet zweimal, \u201equi cantat bis orat\u201c.<br\/><br\/><i>Vgl. \u00abL\u2019Osservatore Romano\u00bb, 21.-22. Juni 1993 (eigene \u00dcbersetzung aus dem Italienischen).<\/i><\/p>\n","protected":false},"excerpt":{"rendered":"<p>GRUSS AN DIE JUGENDLICHEN DES NEOKATECHUMENALEN WEGES IN MACERATA AM 20.06.1993 Hl. Johannes Paul II. Macerata, 20. Juni 1993 * Fr\u00fchmorgens am Sonntag, den 20. Juni, vor der Abfahrt nach Foligno richtete Johannes Paul\u00a0II. von dem Balkon des bisch\u00f6flichen Palastes in Macerata aus einen herzlichen Gru\u00df an die Jugendlichen vom Neokatechumenat, die sich auf dem Platz versammelt hatten und zusammen sangen, um sich so bei dem Papst f\u00fcr sein Kommen<\/p>\n<div class=\"read-more\"><a class=\"btn read-more-btn\" href=\"https:\/\/neocatechumenaleiter.org\/de\/worte-der-paepste\/hl-johannes-paul-ii\/gruss-an-die-jugendlichen-des-neokatechumenalen-weges-in-macerata-am-20-06-1993\/\">Mehr lesen<\/a><\/div>\n","protected":false},"author":2,"featured_media":0,"parent":10123,"menu_order":76,"comment_status":"closed","ping_status":"closed","template":"","meta":{"footnotes":""},"class_list":["post-13504","page","type-page","status-publish","hentry"],"_links":{"self":[{"href":"https:\/\/neocatechumenaleiter.org\/de\/wp-json\/wp\/v2\/pages\/13504","targetHints":{"allow":["GET"]}}],"collection":[{"href":"https:\/\/neocatechumenaleiter.org\/de\/wp-json\/wp\/v2\/pages"}],"about":[{"href":"https:\/\/neocatechumenaleiter.org\/de\/wp-json\/wp\/v2\/types\/page"}],"author":[{"embeddable":true,"href":"https:\/\/neocatechumenaleiter.org\/de\/wp-json\/wp\/v2\/users\/2"}],"replies":[{"embeddable":true,"href":"https:\/\/neocatechumenaleiter.org\/de\/wp-json\/wp\/v2\/comments?post=13504"}],"version-history":[{"count":4,"href":"https:\/\/neocatechumenaleiter.org\/de\/wp-json\/wp\/v2\/pages\/13504\/revisions"}],"predecessor-version":[{"id":24187,"href":"https:\/\/neocatechumenaleiter.org\/de\/wp-json\/wp\/v2\/pages\/13504\/revisions\/24187"}],"up":[{"embeddable":true,"href":"https:\/\/neocatechumenaleiter.org\/de\/wp-json\/wp\/v2\/pages\/10123"}],"wp:attachment":[{"href":"https:\/\/neocatechumenaleiter.org\/de\/wp-json\/wp\/v2\/media?parent=13504"}],"curies":[{"name":"wp","href":"https:\/\/api.w.org\/{rel}","templated":true}]}}