{"id":13510,"date":"2020-03-04T00:53:11","date_gmt":"2020-03-03T23:53:11","guid":{"rendered":"https:\/\/neocatechumenaleiter.org\/worte-der-paepste\/hl-johannes-paul-ii\/homelie-des-heiligen-vaters-bei-der-eucharistie-mit-der-kommunitaet-des-dioezesanen-priesterseminars-redemptoris-mater-rom-vom-31-10-1993-zum-beginn-des-siebten-jahres-seit-dessen-er\/"},"modified":"2021-08-10T11:03:23","modified_gmt":"2021-08-10T10:03:23","slug":"homelie-des-heiligen-vaters-bei-der-eucharistie-mit-der-kommunitaet-des-dioezesanen-priesterseminars-redemptoris-mater-rom-vom-31-10-1993-zum-beginn-des-siebten-jahres-seit-dessen-er","status":"publish","type":"page","link":"https:\/\/neocatechumenaleiter.org\/de\/worte-der-paepste\/hl-johannes-paul-ii\/homelie-des-heiligen-vaters-bei-der-eucharistie-mit-der-kommunitaet-des-dioezesanen-priesterseminars-redemptoris-mater-rom-vom-31-10-1993-zum-beginn-des-siebten-jahres-seit-dessen-er\/","title":{"rendered":"HOMILIE BEI DER EUCHARISTIE MIT DER KOMMUNIT\u00c4T DES DI\u00d6ZESANEN PRIESTERSEMINARS \u201cREDEMPTORIS MATER\u201d ROM VOM 31.10.1993 ZUM BEGINN DES SIEBTEN JAHRES SEIT DESSEN ERRICHTUNG"},"content":{"rendered":"\n<h1 class=\"has-text-align-center wp-block-heading\">HOMILIE BEI DER EUCHARISTIE MIT DER KOMMUNIT\u00c4T DES DI\u00d6ZESANEN PRIESTERSEMINARS \u201cREDEMPTORIS MATER\u201d ROM VOM 31.10.1993 ZUM BEGINN DES SIEBTEN JAHRES SEIT DESSEN ERRICHTUNG<\/h1>\n\n<div style=\"height:20px\" aria-hidden=\"true\" class=\"wp-block-spacer\"><\/div>\n\n<h4 class=\"has-text-align-center wp-block-heading\">Hl. Johannes Paul II.<\/h4>\n\n<div style=\"height:20px\" aria-hidden=\"true\" class=\"wp-block-spacer\"><\/div>\n\n<p><strong>Vatikanstadt \u2013 Kapelle \u201cRedemptoris Mater\u201d, den 31. Oktober 1993 *<\/strong><\/p>\n\n<p><em>\u00abTats\u00e4chlich bildet gerade die Vertiefung des geistlichen Lebens in der \u00dcbernahme des \u201eRadikalismus\u201c des Evangeliums f\u00fcr das Werden einer Berufung das fruchtbare Erdreich\u00bb. So sagte Johannes Paul II. in seiner Homilie am Sonntag, den 31. Oktober, bei der Messe, die er f\u00fcr die Kommunit\u00e4t des r\u00f6mischen Priesterseminars \u00abRedemptoris Mater\u00bb gefeiert hat. Es folgt der Text der Homilie:<\/em><\/p>\n\n<div class=\"wp-block-image\"><figure class=\"alignleft size-medium\"><img loading=\"lazy\" decoding=\"async\" width=\"300\" height=\"248\" src=\"https:\/\/neocatechumenaleiter.org\/wp-content\/uploads\/2020\/03\/Camino_Neocatecumenal_Juan_Pablo_II_homilia_seminario_redemptoris_mater_Roma_1993-300x248.jpg\" alt=\"\" class=\"wp-image-2515\" srcset=\"https:\/\/neocatechumenaleiter.org\/wp-content\/uploads\/2020\/03\/Camino_Neocatecumenal_Juan_Pablo_II_homilia_seminario_redemptoris_mater_Roma_1993-300x248.jpg 300w, https:\/\/neocatechumenaleiter.org\/wp-content\/uploads\/2020\/03\/Camino_Neocatecumenal_Juan_Pablo_II_homilia_seminario_redemptoris_mater_Roma_1993.jpg 689w\" sizes=\"auto, (max-width: 300px) 100vw, 300px\" \/><\/figure><\/div>\n\n<p>1. Verehrte Br\u00fcder im Bischofsamt und Priestertum, liebe Jugendliche!<br\/><br\/>&#13;\n&#13;\n\u201eWir sind euch freundlich begegnet: Wie eine Mutter f\u00fcr ihre Kinder sorgt\u201c (1 <em>Thess <\/em>2,7). Jeder Priester m\u00fcsste sich diese Worte des hl. Paulus zu eigen machen k\u00f6nnen. Das Bild der Mutter, das er auf sich anwendet, ist tats\u00e4chlich eines der eindrucksvollsten, um die Sch\u00f6nheit des Priesterberufes zum Ausdruck zu bringen. Es weist nicht nur auf eine seltene Innigkeit der Zuneigung und Hingabe hin, sondern l\u00e4sst auch an die innere Verbindung zwischen dem apostolischen Dienst und dem Geheimnis der neuen \u201eGeburt\u201c in Christus durch den Heiligen Geist denken (vgl. <em>Joh <\/em>3,5-8).&#13;\n&#13;\nAls Tr\u00e4ger des \u201eg\u00f6ttlichen Wortes der Predigt\u201c versteht sich der Apostel als Werkzeug dieser geistlichen Wiedergeburt. Er inkarniert f\u00fcr seine Mitmenschen die \u201eM\u00fctterlichkeit\u201c der Kirche. Da er berufen ist, sie in Christus durch das Evangelium zu zeugen (vgl. 1 <em>Kor <\/em>4,15), f\u00fchlt er sich ihnen gegen\u00fcber mit gutem Recht als \u201eVater\u201c und \u201eMutter\u201c zugleich und ist bereit, ihnen nicht nur das Evangelium, sondern \u201esogar sein Leben\u201c zu schenken (vgl. 1 <em>Thess <\/em>2,8).<\/p>\n\n<p>2. Welcher Unterschied zwischen diesem Bild vom Apostolat und jenem, das sich aus den beiden anderen Lesungen ergibt, die eindringliche und strenge Mahnungen vortragen! Sie richten sich an die Priester des Alten Bundes, an die Schriftgelehrten und Pharis\u00e4er, doch sie weisen auf Abwege hin, die immer auch in unserem Dienst uns bedrohen.<br\/>\u201eIhr seid abgewichen vom Weg und habt viele zu Fall gebracht durch eure Belehrung\u201c (<em>Mal<\/em> 2,8).&#13;\n&#13;\nDieses Wort des Propheten Maleachi betont die gro\u00dfe Verantwortung der Diener des Altares und des Wortes. Ihre Inkonsequenz wiegt doppelt schwer, weil sich damit das \u00c4rgernis verbindet. Wehe denen, die die Erzieher des Volkes Gottes sein m\u00fcssten, ihm aber statt dessen zum Hindernis werden!&#13;\n&#13;\nNicht weniger hart sind die Worte Jesu f\u00fcr jene, die sich auf die Kathedra des Mose gesetzt haben, nicht als dem\u00fctige Diener des Wortes Gottes, sondern begierig nach dem Beifall der Menschen. Bei ihnen erscheinen Wort und Leben in schreiendem Gegensatz: Sie lehren Dinge, die sie selbst nicht tun, sie legen Lasten auf, die sie selbst nicht zu tragen wagen, sie beanspruchen einen Titel \u2013 den eines \u201erabbi\u201c \u2013 der ihnen nicht zukommt, weil \u201enur einer der Meister ist, n\u00e4mlich Christus\u201c (vgl. <em>Mt<\/em> 23,10).<\/p>\n\n<div class=\"wp-block-image\"><figure class=\"alignright size-large\"><img loading=\"lazy\" decoding=\"async\" width=\"676\" height=\"507\" src=\"https:\/\/neocatechumenaleiter.org\/wp-content\/uploads\/2020\/03\/Camino_Neocatecumenal_Juan_Pablo_II_homilia_seminario_redemptoris_mater_Roma_1993_2.jpg\" alt=\"\" class=\"wp-image-8221\" srcset=\"https:\/\/neocatechumenaleiter.org\/wp-content\/uploads\/2020\/03\/Camino_Neocatecumenal_Juan_Pablo_II_homilia_seminario_redemptoris_mater_Roma_1993_2.jpg 676w, https:\/\/neocatechumenaleiter.org\/wp-content\/uploads\/2020\/03\/Camino_Neocatecumenal_Juan_Pablo_II_homilia_seminario_redemptoris_mater_Roma_1993_2-300x225.jpg 300w\" sizes=\"auto, (max-width: 676px) 100vw, 676px\" \/><\/figure><\/div>\n\n<p>3. Das Wort Gottes zeigt uns damit auf der einen Seite das echte Vorbild der apostolischen und priesterlichen Berufung und auf der anderen die m\u00f6glichen Entgleisungen. Es passt also f\u00fcr diese meine Begegnung mit euch, den Verantwortlichen und den Klerikern des r\u00f6mischen Seminars, das wie diese Kapelle benannt ist, \u201eRedemptoris Mater\u201c. Alles erinnert uns an das Jahr der Erl\u00f6sung, es erinnert uns an die Rundschreiben <em>Redemptor hominis<\/em>, <em>Redemptoris Mater<\/em>, <em>Redemptoris custos<\/em> und auch an <em>Redemptoris missio<\/em>. Ich begr\u00fc\u00dfe euch also, Leiter und Seminaristen von \u201eRedemptoris Mater\u201c, in dieser Kapelle, die der \u201eMutter des Erl\u00f6sers\u201c (<em>Redemptoris Mater<\/em>) geweiht ist.<br\/>&#13;\n&#13;\nIch begr\u00fc\u00dfe Kardinal Camillo Ruini, der in einem gewissen Sinn der Erstverantwortliche f\u00fcr euer Seminar ist, weil dieses zwar eine besondere missionarische Ausrichtung hat, aber doch ein Seminar der Di\u00f6zese Rom bleibt. Ich begr\u00fc\u00dfe den Rektor, Msgr. Giulio Salimei, und den Pater Spiritual, Msgr. Maximino Romero de Lema. Ich danke den beiden, dass sie diese wichtige Aufgabe in der Leitung des \u201eRedemptoris Mater\u201c-Seminars nach so vielen Jahren der Arbeit an der R\u00f6mischen Kurie und im Vikariat \u00fcbernommen haben. Ich begr\u00fc\u00dfe euch alle und jeden einzelnen, liebe Jugendliche, die ihr euch auf das Priesteramt vorbereitet.&#13;\n&#13;\nEs ist bedeutsam und wichtig, dass ihr eure Berufung auf dem Neokatechumenalen Weg entdeckt habt und eurem Bildungsweg weitergeht, indem ihr, wie es eure Pflicht ist, den Weisungen folgt, die die Kirche f\u00fcr alle Priesteramtskandidaten aufstellt. Das Ziel, dem ihr zustrebt, ist eine tiefreichende Verwurzelung in Christus, begleitet von der herzlichen Anh\u00e4nglichkeit an die Kirche. Dies ist die unerl\u00e4ssliche Grundlage f\u00fcr eine echte priesterliche Ausbildung und der Garant f\u00fcr den Segen Gottes auf diesem priesterlichen und neokatechumenalen, missionarischen und apostolischen Weg.<\/p>\n\n<p>Ich erfahre deshalb mit Freude, dass viele andere Berufungen wie eure auf dem Weg eurer Spiritualit\u00e4t erbl\u00fchen, auf dem Neokatechumenalen Weg, nicht nur hier in Rom, sondern in anderen Orten und verschiedenen L\u00e4ndern Europas und der ganzen Welt. Tats\u00e4chlich bildet gerade die Vertiefung des geistlichen Lebens in der \u00dcbernahme des \u201eRadikalismus\u201c des Evangeliums f\u00fcr das Werden einer Berufung das fruchtbare Erdreich. Gott h\u00f6rt nicht auf, zu berufen, doch nur die tiefinnere Verbundenheit mit Christus l\u00e4sst seine Stimme vernehmen und sie annehmen in der Bereitschaft, ihr beharrlich zu folgen.<\/p>\n\n<div class=\"wp-block-image\"><figure class=\"alignleft size-medium\"><img loading=\"lazy\" decoding=\"async\" width=\"300\" height=\"251\" src=\"https:\/\/neocatechumenaleiter.org\/wp-content\/uploads\/2020\/03\/Camino_Neocatecumenal_Juan_Pablo_II_homilia_seminario_redemptoris_mater_Roma_1993_3-300x251.jpg\" alt=\"\" class=\"wp-image-2529\" srcset=\"https:\/\/neocatechumenaleiter.org\/wp-content\/uploads\/2020\/03\/Camino_Neocatecumenal_Juan_Pablo_II_homilia_seminario_redemptoris_mater_Roma_1993_3-300x251.jpg 300w, https:\/\/neocatechumenaleiter.org\/wp-content\/uploads\/2020\/03\/Camino_Neocatecumenal_Juan_Pablo_II_homilia_seminario_redemptoris_mater_Roma_1993_3.jpg 684w\" sizes=\"auto, (max-width: 300px) 100vw, 300px\" \/><\/figure><\/div>\n\n<p>4. Wir m\u00fcssen uns tief bewusst sein, dass wir keinen Glauben \u201ezeugen\u201c k\u00f6nnen, wenn wir nicht selbst zuvor vom Glauben \u201egezeugt\u201c sind. Paulus konnte Christus verk\u00fcnden, auch weil er in aller Wahrheit sagen konnte: \u201eNicht mehr ich lebe, sondern Christus in mir\u201c (<em>Gal<\/em> 2,20). So konnte er Christus verk\u00fcnden, weil er zuvor von Christus gezeugt, von Christus bekehrt, von Christus geformt worden war. Er beanspruchte daher keinen unangemessenen Titel wie den, den das heutige Evangelium verbietet, wenn er sich als \u201eVater\u201c seiner Gemeinde empfand und auch bezeichnete, denn seine Vaterschaft war nichts anderes als die durchschneidende Offenbarung der Vaterschaft Gottes. Und gleichzeitig nannte er sich \u201eMutter\u201c. Ja, er gab sogar der apostolischen \u201eMutterschaft\u201c, die ihm dieser Gemeinde gegen\u00fcber eigen war, einen gewissen Vorzug.&#13;\n&#13;\nDas Geheimnis des Priestertums muss daher in seiner inneren Verbindung mit dem Geheimnis Christi verstanden werden. Es ist Aufgabe der ganzen Kirche, Christus irgendwie in der Geschichte der Menschen \u201esichtbar\u201c zu machen, aber es ist Aufgabe des Priesters, der \u201ein der Person Christi\u201c zu handeln berufen ist, ihn als \u201eHirten\u201c und \u201eHaupt\u201c seines Volkes darzustellen.<br\/>&#13;\n&#13;\nDer Priester muss daher eine von Christus erf\u00fcllte, ja von Christus \u201eergriffene\u201c (vgl. <em>Phil<\/em> 3,12) Person sein. Ihm obliegt ein wirklich \u201egro\u00dfer\u201c Dienst, auch wenn zu dieser Gr\u00f6\u00dfe zugleich die Demut der Dienstbereitschaft geh\u00f6rt: \u201eDer Gr\u00f6\u00dfte unter euch sei eurer Knecht\u201c (<em>Mt<\/em> 23,11).<\/p>\n\n<div class=\"wp-block-image\"><figure class=\"alignright size-large\"><img loading=\"lazy\" decoding=\"async\" width=\"662\" height=\"560\" src=\"https:\/\/neocatechumenaleiter.org\/wp-content\/uploads\/2020\/03\/Camino_Neocatecumenal_Juan_Pablo_II_homilia_seminario_redemptoris_mater_Roma_1993_4.jpg\" alt=\"\" class=\"wp-image-8231\" srcset=\"https:\/\/neocatechumenaleiter.org\/wp-content\/uploads\/2020\/03\/Camino_Neocatecumenal_Juan_Pablo_II_homilia_seminario_redemptoris_mater_Roma_1993_4.jpg 662w, https:\/\/neocatechumenaleiter.org\/wp-content\/uploads\/2020\/03\/Camino_Neocatecumenal_Juan_Pablo_II_homilia_seminario_redemptoris_mater_Roma_1993_4-300x254.jpg 300w\" sizes=\"auto, (max-width: 662px) 100vw, 662px\" \/><\/figure><\/div>\n\n<p>5. Meine Lieben, ich freue mich, dieses g\u00f6ttliche Opfer mit euch feiern zu k\u00f6nnen, und ich opfere es dem Herrn auf f\u00fcr eure Beharrlichkeit. Gott m\u00f6ge euch helfen, auf dem Weg der Heiligkeit und der Freude jenen V\u00f6lkern entgegenzugehen, zu denen seine Vorsehung euch f\u00fchren wird. Es ist gut, dass der Kardinalvikar uns diesen Sonntag freigehalten hat f\u00fcr die Begegnung mit dem \u201eRedemptoris-Mater\u201c-Seminar, das gleichsam eine Pfarrei von Rom ist. Es lohnte sich diesen freien Sonntag mit dem r\u00f6mischen \u201eRedemptoris-Mater\u201c-Seminar zu verbringen.<\/p>\n\n<p>St\u00fctzen m\u00f6ge euch Maria, die heilige Mutter des Erl\u00f6sers. Wenn ihr euch ihr anvertraut, werdet ihr euch wirklich \u201eruhig und froh\u201c f\u00fchlen wie \u201eKinder in den Armen der Mutter\u201c (vgl. Antwortpsalm). Sie erwirke euch die Gnade, euch mit der Glut des Apostels Paulus f\u00fcr das Reich Gottes zu verausgaben in voller Treue und im Gehorsam gegen\u00fcber der Kirche, die auch Mutter ist, wie uns die ganze Tradition und das II. Vatikanum lehren; sie ist auch Mutter nach dem Vorbild der Mutter Christi. Es ist diese Kirche, die uns zeugt, die uns zum Glauben gezeugt hat. In dieser Kirche seid ihr berufen, Priester zu sein und euer ganzes Leben lang zu dienen. Amen.<br\/><br\/><i>(*) Vgl. \u00abL\u2019Osservatore Romano\u00bb, 2.-3. November 1993 (eigene \u00dcbersetzung aus dem Italienischen).<\/i><\/p>\n","protected":false},"excerpt":{"rendered":"<p>HOMILIE BEI DER EUCHARISTIE MIT DER KOMMUNIT\u00c4T DES DI\u00d6ZESANEN PRIESTERSEMINARS \u201cREDEMPTORIS MATER\u201d ROM VOM 31.10.1993 ZUM BEGINN DES SIEBTEN JAHRES SEIT DESSEN ERRICHTUNG Hl. Johannes Paul II. Vatikanstadt \u2013 Kapelle \u201cRedemptoris Mater\u201d, den 31. Oktober 1993 * \u00abTats\u00e4chlich bildet gerade die Vertiefung des geistlichen Lebens in der \u00dcbernahme des \u201eRadikalismus\u201c des Evangeliums f\u00fcr das Werden einer Berufung das fruchtbare Erdreich\u00bb. So sagte Johannes Paul II. in seiner Homilie am Sonntag,<\/p>\n<div class=\"read-more\"><a class=\"btn read-more-btn\" href=\"https:\/\/neocatechumenaleiter.org\/de\/worte-der-paepste\/hl-johannes-paul-ii\/homelie-des-heiligen-vaters-bei-der-eucharistie-mit-der-kommunitaet-des-dioezesanen-priesterseminars-redemptoris-mater-rom-vom-31-10-1993-zum-beginn-des-siebten-jahres-seit-dessen-er\/\">Mehr lesen<\/a><\/div>\n","protected":false},"author":2,"featured_media":0,"parent":10123,"menu_order":77,"comment_status":"closed","ping_status":"closed","template":"","meta":{"footnotes":""},"class_list":["post-13510","page","type-page","status-publish","hentry"],"_links":{"self":[{"href":"https:\/\/neocatechumenaleiter.org\/de\/wp-json\/wp\/v2\/pages\/13510","targetHints":{"allow":["GET"]}}],"collection":[{"href":"https:\/\/neocatechumenaleiter.org\/de\/wp-json\/wp\/v2\/pages"}],"about":[{"href":"https:\/\/neocatechumenaleiter.org\/de\/wp-json\/wp\/v2\/types\/page"}],"author":[{"embeddable":true,"href":"https:\/\/neocatechumenaleiter.org\/de\/wp-json\/wp\/v2\/users\/2"}],"replies":[{"embeddable":true,"href":"https:\/\/neocatechumenaleiter.org\/de\/wp-json\/wp\/v2\/comments?post=13510"}],"version-history":[{"count":6,"href":"https:\/\/neocatechumenaleiter.org\/de\/wp-json\/wp\/v2\/pages\/13510\/revisions"}],"predecessor-version":[{"id":24201,"href":"https:\/\/neocatechumenaleiter.org\/de\/wp-json\/wp\/v2\/pages\/13510\/revisions\/24201"}],"up":[{"embeddable":true,"href":"https:\/\/neocatechumenaleiter.org\/de\/wp-json\/wp\/v2\/pages\/10123"}],"wp:attachment":[{"href":"https:\/\/neocatechumenaleiter.org\/de\/wp-json\/wp\/v2\/media?parent=13510"}],"curies":[{"name":"wp","href":"https:\/\/api.w.org\/{rel}","templated":true}]}}