{"id":13565,"date":"2020-03-04T01:55:08","date_gmt":"2020-03-04T00:55:08","guid":{"rendered":"https:\/\/neocatechumenaleiter.org\/worte-der-paepste\/hl-johannes-paul-ii\/besuch-der-pfarrei-st-franz-von-sales-am-13-03-1994\/"},"modified":"2021-08-10T11:03:41","modified_gmt":"2021-08-10T10:03:41","slug":"besuch-der-pfarrei-st-franz-von-sales-am-13-03-1994","status":"publish","type":"page","link":"https:\/\/neocatechumenaleiter.org\/de\/worte-der-paepste\/hl-johannes-paul-ii\/besuch-der-pfarrei-st-franz-von-sales-am-13-03-1994\/","title":{"rendered":"BESUCH DER PFARREI ST. FRANZ VON SALES AM 13.03.1994"},"content":{"rendered":"\n<h1 class=\"has-text-align-center wp-block-heading\">BESUCH DER PFARREI ST. FRANZ VON SALES AM 13.03.1994<\/h1>\n\n<div style=\"height:20px\" aria-hidden=\"true\" class=\"wp-block-spacer\"><\/div>\n\n<h4 class=\"has-text-align-center wp-block-heading\">Hl. Johannes Paul II.<\/h4>\n\n<div style=\"height:20px\" aria-hidden=\"true\" class=\"wp-block-spacer\"><\/div>\n\n<p><strong>Rom, 13. M\u00e4rz 1994 *<\/strong><\/p>\n\n<p><em>Der Heilige Vater wandte sich an die Kinder und sagte:<\/em><\/p>\n\n<div class=\"wp-block-image\"><figure class=\"alignright size-large\"><img loading=\"lazy\" decoding=\"async\" width=\"684\" height=\"563\" src=\"https:\/\/neocatechumenaleiter.org\/wp-content\/uploads\/2020\/03\/Camino_Neocatecumenal_Juan_Pablo_II_visita_parroquia_San_Francisco_Sales_1994.jpg\" alt=\"\" class=\"wp-image-7436\" srcset=\"https:\/\/neocatechumenaleiter.org\/wp-content\/uploads\/2020\/03\/Camino_Neocatecumenal_Juan_Pablo_II_visita_parroquia_San_Francisco_Sales_1994.jpg 684w, https:\/\/neocatechumenaleiter.org\/wp-content\/uploads\/2020\/03\/Camino_Neocatecumenal_Juan_Pablo_II_visita_parroquia_San_Francisco_Sales_1994-300x247.jpg 300w\" sizes=\"auto, (max-width: 684px) 100vw, 684px\" \/><\/figure><\/div>\n\n<p>Heute habe ich geh\u00f6rt, dass ihr voll Freude singt. Es ist Fastenzeit, aber ihr singt voll Freude. Es ist richtig, dass ihr voll Freude singt, denn dieser 4. Fastensonntag wurde traditionell <em>Laetare<\/em> genannt. <em>Laetare<\/em> bedeutet \u201esich freuen\u201c. Warum freuten sich Christen an diesem Sonntag? Sie freuten sich \u00fcber ihre Taufe. Besonders freuten sich die Katechumenen, die sich auf die Taufe vorbereiteten, und sie erhielten an diesem Tag bereits das Symbol des Glaubens. Dann wurden sie zum Glauben zugelassen. Die Hauptkatechese war dies.<\/p>\n\n<p>Wisst ihr, wer der Katechumene ist? Derjenige, der sich auf die Taufe vorbereitet. Dann gibt es die Neokatechumenen oder Neokatechumenalen in dieser Gemeinde. Die Vorbereitung auf die Taufe war so wichtig in der fr\u00fchen Kirche und es ist immer wichtig in der Kirche. Die Taufe ist ein gro\u00dfes Geheimnis, eine gro\u00dfe christliche Realit\u00e4t. Es ist der Beginn des Lebens in Christus. Und die Katechumenen bereiteten sich darauf vor, das Leben in Christus gut zu beginnen. Heute fehlt das echte Katechumenat f\u00fcr Neugeborene, und daf\u00fcr wird ein Neokatechumenat ben\u00f6tigt, ein sp\u00e4teres Katechumenat, das das vervollst\u00e4ndigt, was dem getauften Neugeborenen fehlt. Dies erkl\u00e4rt die gro\u00dfe Bedeutung der Neokatechumenalen Bewegung.<\/p>\n\n<p>Ich muss sagen, dass die gesamte Fastenzeit, die wir jetzt erleben, uns jedes Jahr an diesen \u201ekatechumenalen Weg\u201c erinnert: Wie sie sich darauf vorbereiteten, das Symbol zu empfangen und dann nach einigen Wochen den Auferstandenen Jesus zu empfangen. Die Taufe bedeutet das neue Leben in Jesus, dieses neue kundmachte Leben, das durch seine Auferstehung nach dem Tod offenbart wird.<br\/><br\/><i>(*) Vgl. \u201eL&#8217;Osservatore Romano\u201c, 14. \u2013 15. M\u00e4rz 1994 (eigene \u00dcbersetzung aus dem Italienischen).<\/i><\/p>\n","protected":false},"excerpt":{"rendered":"<p>BESUCH DER PFARREI ST. FRANZ VON SALES AM 13.03.1994 Hl. Johannes Paul II. Rom, 13. M\u00e4rz 1994 * Der Heilige Vater wandte sich an die Kinder und sagte: Heute habe ich geh\u00f6rt, dass ihr voll Freude singt. Es ist Fastenzeit, aber ihr singt voll Freude. Es ist richtig, dass ihr voll Freude singt, denn dieser 4. Fastensonntag wurde traditionell Laetare genannt. Laetare bedeutet \u201esich freuen\u201c. Warum freuten sich Christen an<\/p>\n<div class=\"read-more\"><a class=\"btn read-more-btn\" href=\"https:\/\/neocatechumenaleiter.org\/de\/worte-der-paepste\/hl-johannes-paul-ii\/besuch-der-pfarrei-st-franz-von-sales-am-13-03-1994\/\">Mehr lesen<\/a><\/div>\n","protected":false},"author":2,"featured_media":0,"parent":10123,"menu_order":80,"comment_status":"closed","ping_status":"closed","template":"","meta":{"footnotes":""},"class_list":["post-13565","page","type-page","status-publish","hentry"],"_links":{"self":[{"href":"https:\/\/neocatechumenaleiter.org\/de\/wp-json\/wp\/v2\/pages\/13565","targetHints":{"allow":["GET"]}}],"collection":[{"href":"https:\/\/neocatechumenaleiter.org\/de\/wp-json\/wp\/v2\/pages"}],"about":[{"href":"https:\/\/neocatechumenaleiter.org\/de\/wp-json\/wp\/v2\/types\/page"}],"author":[{"embeddable":true,"href":"https:\/\/neocatechumenaleiter.org\/de\/wp-json\/wp\/v2\/users\/2"}],"replies":[{"embeddable":true,"href":"https:\/\/neocatechumenaleiter.org\/de\/wp-json\/wp\/v2\/comments?post=13565"}],"version-history":[{"count":6,"href":"https:\/\/neocatechumenaleiter.org\/de\/wp-json\/wp\/v2\/pages\/13565\/revisions"}],"predecessor-version":[{"id":24233,"href":"https:\/\/neocatechumenaleiter.org\/de\/wp-json\/wp\/v2\/pages\/13565\/revisions\/24233"}],"up":[{"embeddable":true,"href":"https:\/\/neocatechumenaleiter.org\/de\/wp-json\/wp\/v2\/pages\/10123"}],"wp:attachment":[{"href":"https:\/\/neocatechumenaleiter.org\/de\/wp-json\/wp\/v2\/media?parent=13565"}],"curies":[{"name":"wp","href":"https:\/\/api.w.org\/{rel}","templated":true}]}}